{"id":219518,"date":"2018-11-30T23:00:55","date_gmt":"2018-12-01T07:00:55","guid":{"rendered":"https:\/\/www.carsondds.com\/atricion-erosion-y-fracturas\/erosion-y-fracturas-del-esmalte-dental-por-morderse-las-unas-rechinar-y-atrincherarse\/"},"modified":"2018-11-30T23:00:55","modified_gmt":"2018-12-01T07:00:55","slug":"erosion-y-fracturas-del-esmalte-dental-por-morderse-las-unas-rechinar-y-atrincherarse","status":"publish","type":"page","link":"https:\/\/www.carsondds.com\/es\/servicios-dentales\/problemas-dentales-comunes\/atricion-erosion-y-fracturas\/erosion-y-fracturas-del-esmalte-dental-por-morderse-las-unas-rechinar-y-atrincherarse\/","title":{"rendered":"Erosi\u00f3n y Fracturas del Esmalte Dental por Morderse las U\u00f1as, Rechinar y Atrincherarse"},"content":{"rendered":"<p><img loading=\"lazy\" decoding=\"async\" class=\"alignnone size-full wp-image-2833\" src=\"https:\/\/www.carsondds.com\/wp-content\/uploads\/Erosion-Tooth-Fracture.jpg\" alt=\"Diente fracturado\" width=\"700\" height=\"332\" srcset=\"https:\/\/www.carsondds.com\/wp-content\/uploads\/Erosion-Tooth-Fracture.jpg 700w, https:\/\/www.carsondds.com\/wp-content\/uploads\/Erosion-Tooth-Fracture-300x142.jpg 300w\" sizes=\"(max-width: 700px) 100vw, 700px\" \/><\/p>\n<p><a href=\"https:\/\/www.carsondds.com\/dental-services\/common-dental-problems\/attrition\/\"><strong>La atrici\u00f3n dental<\/strong><\/a> Es el cambio en la dimensi\u00f3n vertical de tu boca debido a la combinaci\u00f3n de las fuerzas mec\u00e1nicas creadas por los dientes opuestos del paladar y los del fondo al juntarse. Este rechinamiento de los dientes puede ser causado involuntariamente por <a href=\"https:\/\/www.carsondds.com\/dental-services\/common-dental-problems\/bruxism-teeth-grinding\/\">el bruxismo<\/a>, que a menudo se produce durante el sue\u00f1o y puede incluso pasar desapercibido durante a\u00f1os, a menos que otras personas lo hayan notado. Algunos m\u00e9todos para detener esta atrici\u00f3n o erosi\u00f3n involuntaria del esmalte suelen incluir el uso de <strong>protectores nocturnos<\/strong> para toda la boca (como un retenedor sin presi\u00f3n sobre los dientes) o simplemente un peque\u00f1o composite pl\u00e1stico, menos visible y menos intrusivo, que va entre las superficies de contacto de los dientes molares m\u00e1s grandes.  <\/p>\n<p style=\"text-align: center;\"><a class=\"scss3b-button scss3b-button-adobe\" href=\"https:\/\/www.carsondds.com\/contact-us\/\">Contactar con un dentista<\/a><\/p>\n<h2>Sensibilidad dental causada por el desgaste<\/h2>\n<p><img loading=\"lazy\" decoding=\"async\" class=\"alignright size-full wp-image-2835\" src=\"https:\/\/www.carsondds.com\/wp-content\/uploads\/Erosion-Fractured-Tooth.jpg\" alt=\"Fractura dental\" width=\"252\" height=\"360\" srcset=\"https:\/\/www.carsondds.com\/wp-content\/uploads\/Erosion-Fractured-Tooth.jpg 252w, https:\/\/www.carsondds.com\/wp-content\/uploads\/Erosion-Fractured-Tooth-210x300.jpg 210w\" sizes=\"(max-width: 252px) 100vw, 252px\" \/>Las personas con <a href=\"https:\/\/www.carsondds.com\/dental-services\/common-dental-problems\/tooth-sensitivity\/\">dientes sensibles<\/a> suelen tener una combinaci\u00f3n de factores que han desgastado la capa de esmalte de sus dientes. Las bebidas carbonatadas, los refrescos, los \u00e1cidos (como el vinagre o los ali\u00f1os para ensaladas) y todo lo que contenga mucho az\u00facar pueden debilitar el esmalte, que se erosiona a\u00fan m\u00e1s al rechinar los dientes por la noche. Este tipo de desgaste puede hacer que varios dientes necesiten atenci\u00f3n al mismo tiempo con bastante rapidez.  <\/p>\n<h2>Det\u00e9n el desgaste antes de que sea demasiado tarde<\/h2>\n<p>Con el tiempo, el desgaste provocar\u00e1 la erosi\u00f3n del esmalte, lo que podr\u00eda dar lugar a fracturas dentales, <a href=\"https:\/\/www.carsondds.com\/dental-services\/common-dental-problems\/chipped-teeth\/\">dientes astillados<\/a>, agrietados e incluso la posible necesidad de una <a href=\"https:\/\/www.carsondds.com\/dental-services\/rootcanals\/\">endodoncia<\/a> y la instalaci\u00f3n de una <a href=\"https:\/\/www.carsondds.com\/dental-services\/dental-crowns\/\">corona<\/a> dental. La mayor\u00eda de los <a href=\"https:\/\/www.carsondds.com\/dental-services\/dental-crowns\/types-of-crowns\/\">tipos de coronas<\/a> est\u00e1n hechos de material cer\u00e1mico, porcelana, aleaciones de oro u otras aleaciones met\u00e1licas que pueden adherirse a la estructura dental existente despu\u00e9s de que un prostodoncista la prepare cuidadosamente. Se trata de un arreglo relativamente permanente, y las coronas tendr\u00e1n el mismo tacto y aspecto (si no mejor) que los dientes naturales, sin el dolor ni la sensibilidad que pueden acompa\u00f1ar a los dientes naturales desgastados hasta la capa de dentina.  <\/p>\n<h2>Obt\u00e9n ayuda con el desgaste y los dientes sensibles en Carson &amp; Carson, DDS<\/h2>\n<p>Si crees que rechinas los dientes por la noche, o tu salud dental est\u00e1 empeorando debido al desgaste dental, ll\u00e1manos a Carson &amp; Carson, DDS al <a href=\"tel:1-805-983-0717\">1-805-983-0717<\/a> o haz clic en el bot\u00f3n de abajo para ponerte en contacto con nosotros y concertar una cita.<\/p>\n<a class=\"scss3b-button scss3b-button-adobe\" href=\"https:\/\/www.carsondds.com\/contact-us\/\">Pide una cita<\/a>\n","protected":false},"excerpt":{"rendered":"<p>La atrici\u00f3n dental Es el cambio en la dimensi\u00f3n vertical de tu boca debido a la combinaci\u00f3n de las fuerzas mec\u00e1nicas creadas por los dientes opuestos del paladar y los del fondo al juntarse. Este rechinamiento de los dientes puede ser causado involuntariamente por el bruxismo, que a menudo se produce durante el sue\u00f1o y [&hellip;]<\/p>\n","protected":false},"author":2,"featured_media":0,"parent":219403,"menu_order":0,"comment_status":"closed","ping_status":"closed","template":"","meta":{"_et_pb_use_builder":"","_et_pb_old_content":"","_et_gb_content_width":"","footnotes":""},"class_list":["post-219518","page","type-page","status-publish","hentry"],"yoast_head":"<!-- This site is optimized with the Yoast SEO plugin v27.3 - https:\/\/yoast.com\/product\/yoast-seo-wordpress\/ -->\n<title>Erosi\u00f3n dental, fracturas, morderse las u\u00f1as, rechinar - Carson &amp; Carson, DDS<\/title>\n<meta name=\"description\" content=\"Inf\u00f3rmate sobre la erosi\u00f3n dental y las fracturas provocadas por el rechinar de dientes, los h\u00e1bitos de morderse las u\u00f1as, el rechinamiento y un cuidado bucal deficiente. Acude hoy mismo a un dentista para detener el desgaste dental de tu hijo.\" \/>\n<meta name=\"robots\" content=\"index, follow, max-snippet:-1, max-image-preview:large, max-video-preview:-1\" \/>\n<link rel=\"canonical\" href=\"https:\/\/www.carsondds.com\/es\/servicios-dentales\/problemas-dentales-comunes\/atricion-erosion-y-fracturas\/erosion-y-fracturas-del-esmalte-dental-por-morderse-las-unas-rechinar-y-atrincherarse\/\" \/>\n<meta property=\"og:locale\" content=\"es_ES\" \/>\n<meta property=\"og:type\" content=\"article\" \/>\n<meta property=\"og:title\" content=\"Erosi\u00f3n dental, fracturas, morderse las u\u00f1as, rechinar - Carson &amp; Carson, DDS\" \/>\n<meta property=\"og:description\" content=\"Inf\u00f3rmate sobre la erosi\u00f3n dental y las fracturas provocadas por el rechinar de dientes, los h\u00e1bitos de morderse las u\u00f1as, el rechinamiento y un cuidado bucal deficiente. Acude hoy mismo a un dentista para detener el desgaste dental de tu hijo.\" \/>\n<meta property=\"og:url\" content=\"https:\/\/www.carsondds.com\/es\/servicios-dentales\/problemas-dentales-comunes\/atricion-erosion-y-fracturas\/erosion-y-fracturas-del-esmalte-dental-por-morderse-las-unas-rechinar-y-atrincherarse\/\" \/>\n<meta property=\"og:site_name\" content=\"Carson &amp; Carson, DDS\" \/>\n<meta property=\"article:publisher\" content=\"https:\/\/www.facebook.com\/ddscarson\/\" \/>\n<meta property=\"og:image\" content=\"https:\/\/www.carsondds.com\/wp-content\/uploads\/Erosion-Tooth-Fracture.jpg\" \/>\n\t<meta property=\"og:image:width\" content=\"700\" \/>\n\t<meta property=\"og:image:height\" content=\"332\" \/>\n\t<meta property=\"og:image:type\" content=\"image\/jpeg\" \/>\n<meta name=\"twitter:card\" content=\"summary_large_image\" \/>\n<meta name=\"twitter:site\" content=\"@carsondds\" \/>\n<meta name=\"twitter:label1\" content=\"Tiempo de lectura\" \/>\n\t<meta name=\"twitter:data1\" content=\"2 minutos\" \/>\n<script type=\"application\/ld+json\" class=\"yoast-schema-graph\">{\"@context\":\"https:\\\/\\\/schema.org\",\"@graph\":[{\"@type\":\"WebPage\",\"@id\":\"https:\\\/\\\/www.carsondds.com\\\/es\\\/servicios-dentales\\\/problemas-dentales-comunes\\\/atricion-erosion-y-fracturas\\\/erosion-y-fracturas-del-esmalte-dental-por-morderse-las-unas-rechinar-y-atrincherarse\\\/\",\"url\":\"https:\\\/\\\/www.carsondds.com\\\/es\\\/servicios-dentales\\\/problemas-dentales-comunes\\\/atricion-erosion-y-fracturas\\\/erosion-y-fracturas-del-esmalte-dental-por-morderse-las-unas-rechinar-y-atrincherarse\\\/\",\"name\":\"Erosi\u00f3n dental, fracturas, morderse las u\u00f1as, rechinar - Carson &amp; Carson, DDS\",\"isPartOf\":{\"@id\":\"https:\\\/\\\/www.carsondds.com\\\/es\\\/#website\"},\"primaryImageOfPage\":{\"@id\":\"https:\\\/\\\/www.carsondds.com\\\/es\\\/servicios-dentales\\\/problemas-dentales-comunes\\\/atricion-erosion-y-fracturas\\\/erosion-y-fracturas-del-esmalte-dental-por-morderse-las-unas-rechinar-y-atrincherarse\\\/#primaryimage\"},\"image\":{\"@id\":\"https:\\\/\\\/www.carsondds.com\\\/es\\\/servicios-dentales\\\/problemas-dentales-comunes\\\/atricion-erosion-y-fracturas\\\/erosion-y-fracturas-del-esmalte-dental-por-morderse-las-unas-rechinar-y-atrincherarse\\\/#primaryimage\"},\"thumbnailUrl\":\"https:\\\/\\\/www.carsondds.com\\\/wp-content\\\/uploads\\\/Erosion-Tooth-Fracture.jpg\",\"datePublished\":\"2018-12-01T07:00:55+00:00\",\"description\":\"Inf\u00f3rmate sobre la erosi\u00f3n dental y las fracturas provocadas por el rechinar de dientes, los h\u00e1bitos de morderse las u\u00f1as, el rechinamiento y un cuidado bucal deficiente. Acude hoy mismo a un dentista para detener el desgaste dental de tu hijo.\",\"breadcrumb\":{\"@id\":\"https:\\\/\\\/www.carsondds.com\\\/es\\\/servicios-dentales\\\/problemas-dentales-comunes\\\/atricion-erosion-y-fracturas\\\/erosion-y-fracturas-del-esmalte-dental-por-morderse-las-unas-rechinar-y-atrincherarse\\\/#breadcrumb\"},\"inLanguage\":\"es\",\"potentialAction\":[{\"@type\":\"ReadAction\",\"target\":[\"https:\\\/\\\/www.carsondds.com\\\/es\\\/servicios-dentales\\\/problemas-dentales-comunes\\\/atricion-erosion-y-fracturas\\\/erosion-y-fracturas-del-esmalte-dental-por-morderse-las-unas-rechinar-y-atrincherarse\\\/\"]}]},{\"@type\":\"ImageObject\",\"inLanguage\":\"es\",\"@id\":\"https:\\\/\\\/www.carsondds.com\\\/es\\\/servicios-dentales\\\/problemas-dentales-comunes\\\/atricion-erosion-y-fracturas\\\/erosion-y-fracturas-del-esmalte-dental-por-morderse-las-unas-rechinar-y-atrincherarse\\\/#primaryimage\",\"url\":\"https:\\\/\\\/www.carsondds.com\\\/wp-content\\\/uploads\\\/Erosion-Tooth-Fracture.jpg\",\"contentUrl\":\"https:\\\/\\\/www.carsondds.com\\\/wp-content\\\/uploads\\\/Erosion-Tooth-Fracture.jpg\"},{\"@type\":\"BreadcrumbList\",\"@id\":\"https:\\\/\\\/www.carsondds.com\\\/es\\\/servicios-dentales\\\/problemas-dentales-comunes\\\/atricion-erosion-y-fracturas\\\/erosion-y-fracturas-del-esmalte-dental-por-morderse-las-unas-rechinar-y-atrincherarse\\\/#breadcrumb\",\"itemListElement\":[{\"@type\":\"ListItem\",\"position\":1,\"name\":\"Home\",\"item\":\"https:\\\/\\\/www.carsondds.com\\\/es\\\/carson-carson-dds\\\/\"},{\"@type\":\"ListItem\",\"position\":2,\"name\":\"Servicios dentales\",\"item\":\"https:\\\/\\\/www.carsondds.com\\\/es\\\/servicios-dentales\\\/\"},{\"@type\":\"ListItem\",\"position\":3,\"name\":\"Problemas dentales comunes\",\"item\":\"https:\\\/\\\/www.carsondds.com\\\/es\\\/servicios-dentales\\\/problemas-dentales-comunes\\\/\"},{\"@type\":\"ListItem\",\"position\":4,\"name\":\"Atrici\u00f3n, erosi\u00f3n y fracturas\",\"item\":\"https:\\\/\\\/www.carsondds.com\\\/es\\\/servicios-dentales\\\/problemas-dentales-comunes\\\/atricion-erosion-y-fracturas\\\/\"},{\"@type\":\"ListItem\",\"position\":5,\"name\":\"Erosi\u00f3n y Fracturas del Esmalte Dental por Morderse las U\u00f1as, Rechinar y Atrincherarse\"}]},{\"@type\":\"WebSite\",\"@id\":\"https:\\\/\\\/www.carsondds.com\\\/es\\\/#website\",\"url\":\"https:\\\/\\\/www.carsondds.com\\\/es\\\/\",\"name\":\"Carson &amp; Carson, DDS\",\"description\":\"\",\"publisher\":{\"@id\":\"https:\\\/\\\/www.carsondds.com\\\/es\\\/#organization\"},\"potentialAction\":[{\"@type\":\"SearchAction\",\"target\":{\"@type\":\"EntryPoint\",\"urlTemplate\":\"https:\\\/\\\/www.carsondds.com\\\/es\\\/?s={search_term_string}\"},\"query-input\":{\"@type\":\"PropertyValueSpecification\",\"valueRequired\":true,\"valueName\":\"search_term_string\"}}],\"inLanguage\":\"es\"},{\"@type\":\"Organization\",\"@id\":\"https:\\\/\\\/www.carsondds.com\\\/es\\\/#organization\",\"name\":\"Carson & Carson DDS, Inc.\",\"url\":\"https:\\\/\\\/www.carsondds.com\\\/es\\\/\",\"logo\":{\"@type\":\"ImageObject\",\"inLanguage\":\"es\",\"@id\":\"https:\\\/\\\/www.carsondds.com\\\/es\\\/#\\\/schema\\\/logo\\\/image\\\/\",\"url\":\"https:\\\/\\\/www.carsondds.com\\\/wp-content\\\/uploads\\\/logo-icon.gif\",\"contentUrl\":\"https:\\\/\\\/www.carsondds.com\\\/wp-content\\\/uploads\\\/logo-icon.gif\",\"width\":51,\"height\":51,\"caption\":\"Carson & Carson DDS, Inc.\"},\"image\":{\"@id\":\"https:\\\/\\\/www.carsondds.com\\\/es\\\/#\\\/schema\\\/logo\\\/image\\\/\"},\"sameAs\":[\"https:\\\/\\\/www.facebook.com\\\/ddscarson\\\/\",\"https:\\\/\\\/x.com\\\/carsondds\",\"https:\\\/\\\/www.instagram.com\\\/carson_dentistry126\\\/\",\"https:\\\/\\\/www.youtube.com\\\/user\\\/DrCarson805\\\/\"]}]}<\/script>\n<!-- \/ Yoast SEO plugin. -->","yoast_head_json":{"title":"Erosi\u00f3n dental, fracturas, morderse las u\u00f1as, rechinar - Carson &amp; Carson, DDS","description":"Inf\u00f3rmate sobre la erosi\u00f3n dental y las fracturas provocadas por el rechinar de dientes, los h\u00e1bitos de morderse las u\u00f1as, el rechinamiento y un cuidado bucal deficiente. Acude hoy mismo a un dentista para detener el desgaste dental de tu hijo.","robots":{"index":"index","follow":"follow","max-snippet":"max-snippet:-1","max-image-preview":"max-image-preview:large","max-video-preview":"max-video-preview:-1"},"canonical":"https:\/\/www.carsondds.com\/es\/servicios-dentales\/problemas-dentales-comunes\/atricion-erosion-y-fracturas\/erosion-y-fracturas-del-esmalte-dental-por-morderse-las-unas-rechinar-y-atrincherarse\/","og_locale":"es_ES","og_type":"article","og_title":"Erosi\u00f3n dental, fracturas, morderse las u\u00f1as, rechinar - Carson &amp; Carson, DDS","og_description":"Inf\u00f3rmate sobre la erosi\u00f3n dental y las fracturas provocadas por el rechinar de dientes, los h\u00e1bitos de morderse las u\u00f1as, el rechinamiento y un cuidado bucal deficiente. Acude hoy mismo a un dentista para detener el desgaste dental de tu hijo.","og_url":"https:\/\/www.carsondds.com\/es\/servicios-dentales\/problemas-dentales-comunes\/atricion-erosion-y-fracturas\/erosion-y-fracturas-del-esmalte-dental-por-morderse-las-unas-rechinar-y-atrincherarse\/","og_site_name":"Carson &amp; Carson, DDS","article_publisher":"https:\/\/www.facebook.com\/ddscarson\/","og_image":[{"width":700,"height":332,"url":"https:\/\/www.carsondds.com\/wp-content\/uploads\/Erosion-Tooth-Fracture.jpg","type":"image\/jpeg"}],"twitter_card":"summary_large_image","twitter_site":"@carsondds","twitter_misc":{"Tiempo de lectura":"2 minutos"},"schema":{"@context":"https:\/\/schema.org","@graph":[{"@type":"WebPage","@id":"https:\/\/www.carsondds.com\/es\/servicios-dentales\/problemas-dentales-comunes\/atricion-erosion-y-fracturas\/erosion-y-fracturas-del-esmalte-dental-por-morderse-las-unas-rechinar-y-atrincherarse\/","url":"https:\/\/www.carsondds.com\/es\/servicios-dentales\/problemas-dentales-comunes\/atricion-erosion-y-fracturas\/erosion-y-fracturas-del-esmalte-dental-por-morderse-las-unas-rechinar-y-atrincherarse\/","name":"Erosi\u00f3n dental, fracturas, morderse las u\u00f1as, rechinar - Carson &amp; Carson, DDS","isPartOf":{"@id":"https:\/\/www.carsondds.com\/es\/#website"},"primaryImageOfPage":{"@id":"https:\/\/www.carsondds.com\/es\/servicios-dentales\/problemas-dentales-comunes\/atricion-erosion-y-fracturas\/erosion-y-fracturas-del-esmalte-dental-por-morderse-las-unas-rechinar-y-atrincherarse\/#primaryimage"},"image":{"@id":"https:\/\/www.carsondds.com\/es\/servicios-dentales\/problemas-dentales-comunes\/atricion-erosion-y-fracturas\/erosion-y-fracturas-del-esmalte-dental-por-morderse-las-unas-rechinar-y-atrincherarse\/#primaryimage"},"thumbnailUrl":"https:\/\/www.carsondds.com\/wp-content\/uploads\/Erosion-Tooth-Fracture.jpg","datePublished":"2018-12-01T07:00:55+00:00","description":"Inf\u00f3rmate sobre la erosi\u00f3n dental y las fracturas provocadas por el rechinar de dientes, los h\u00e1bitos de morderse las u\u00f1as, el rechinamiento y un cuidado bucal deficiente. Acude hoy mismo a un dentista para detener el desgaste dental de tu hijo.","breadcrumb":{"@id":"https:\/\/www.carsondds.com\/es\/servicios-dentales\/problemas-dentales-comunes\/atricion-erosion-y-fracturas\/erosion-y-fracturas-del-esmalte-dental-por-morderse-las-unas-rechinar-y-atrincherarse\/#breadcrumb"},"inLanguage":"es","potentialAction":[{"@type":"ReadAction","target":["https:\/\/www.carsondds.com\/es\/servicios-dentales\/problemas-dentales-comunes\/atricion-erosion-y-fracturas\/erosion-y-fracturas-del-esmalte-dental-por-morderse-las-unas-rechinar-y-atrincherarse\/"]}]},{"@type":"ImageObject","inLanguage":"es","@id":"https:\/\/www.carsondds.com\/es\/servicios-dentales\/problemas-dentales-comunes\/atricion-erosion-y-fracturas\/erosion-y-fracturas-del-esmalte-dental-por-morderse-las-unas-rechinar-y-atrincherarse\/#primaryimage","url":"https:\/\/www.carsondds.com\/wp-content\/uploads\/Erosion-Tooth-Fracture.jpg","contentUrl":"https:\/\/www.carsondds.com\/wp-content\/uploads\/Erosion-Tooth-Fracture.jpg"},{"@type":"BreadcrumbList","@id":"https:\/\/www.carsondds.com\/es\/servicios-dentales\/problemas-dentales-comunes\/atricion-erosion-y-fracturas\/erosion-y-fracturas-del-esmalte-dental-por-morderse-las-unas-rechinar-y-atrincherarse\/#breadcrumb","itemListElement":[{"@type":"ListItem","position":1,"name":"Home","item":"https:\/\/www.carsondds.com\/es\/carson-carson-dds\/"},{"@type":"ListItem","position":2,"name":"Servicios dentales","item":"https:\/\/www.carsondds.com\/es\/servicios-dentales\/"},{"@type":"ListItem","position":3,"name":"Problemas dentales comunes","item":"https:\/\/www.carsondds.com\/es\/servicios-dentales\/problemas-dentales-comunes\/"},{"@type":"ListItem","position":4,"name":"Atrici\u00f3n, erosi\u00f3n y fracturas","item":"https:\/\/www.carsondds.com\/es\/servicios-dentales\/problemas-dentales-comunes\/atricion-erosion-y-fracturas\/"},{"@type":"ListItem","position":5,"name":"Erosi\u00f3n y Fracturas del Esmalte Dental por Morderse las U\u00f1as, Rechinar y Atrincherarse"}]},{"@type":"WebSite","@id":"https:\/\/www.carsondds.com\/es\/#website","url":"https:\/\/www.carsondds.com\/es\/","name":"Carson &amp; Carson, DDS","description":"","publisher":{"@id":"https:\/\/www.carsondds.com\/es\/#organization"},"potentialAction":[{"@type":"SearchAction","target":{"@type":"EntryPoint","urlTemplate":"https:\/\/www.carsondds.com\/es\/?s={search_term_string}"},"query-input":{"@type":"PropertyValueSpecification","valueRequired":true,"valueName":"search_term_string"}}],"inLanguage":"es"},{"@type":"Organization","@id":"https:\/\/www.carsondds.com\/es\/#organization","name":"Carson & Carson DDS, Inc.","url":"https:\/\/www.carsondds.com\/es\/","logo":{"@type":"ImageObject","inLanguage":"es","@id":"https:\/\/www.carsondds.com\/es\/#\/schema\/logo\/image\/","url":"https:\/\/www.carsondds.com\/wp-content\/uploads\/logo-icon.gif","contentUrl":"https:\/\/www.carsondds.com\/wp-content\/uploads\/logo-icon.gif","width":51,"height":51,"caption":"Carson & Carson DDS, Inc."},"image":{"@id":"https:\/\/www.carsondds.com\/es\/#\/schema\/logo\/image\/"},"sameAs":["https:\/\/www.facebook.com\/ddscarson\/","https:\/\/x.com\/carsondds","https:\/\/www.instagram.com\/carson_dentistry126\/","https:\/\/www.youtube.com\/user\/DrCarson805\/"]}]}},"_links":{"self":[{"href":"https:\/\/www.carsondds.com\/es\/wp-json\/wp\/v2\/pages\/219518","targetHints":{"allow":["GET"]}}],"collection":[{"href":"https:\/\/www.carsondds.com\/es\/wp-json\/wp\/v2\/pages"}],"about":[{"href":"https:\/\/www.carsondds.com\/es\/wp-json\/wp\/v2\/types\/page"}],"author":[{"embeddable":true,"href":"https:\/\/www.carsondds.com\/es\/wp-json\/wp\/v2\/users\/2"}],"replies":[{"embeddable":true,"href":"https:\/\/www.carsondds.com\/es\/wp-json\/wp\/v2\/comments?post=219518"}],"version-history":[{"count":0,"href":"https:\/\/www.carsondds.com\/es\/wp-json\/wp\/v2\/pages\/219518\/revisions"}],"up":[{"embeddable":true,"href":"https:\/\/www.carsondds.com\/es\/wp-json\/wp\/v2\/pages\/219403"}],"wp:attachment":[{"href":"https:\/\/www.carsondds.com\/es\/wp-json\/wp\/v2\/media?parent=219518"}],"curies":[{"name":"wp","href":"https:\/\/api.w.org\/{rel}","templated":true}]}}