{"id":219516,"date":"2018-12-01T00:06:53","date_gmt":"2018-12-01T08:06:53","guid":{"rendered":"https:\/\/www.carsondds.com\/servicios-dentales\/dentaduras-postizas\/tipos-de-protesis-dentales\/"},"modified":"2018-12-01T00:06:53","modified_gmt":"2018-12-01T08:06:53","slug":"tipos-de-protesis-dentales","status":"publish","type":"page","link":"https:\/\/www.carsondds.com\/es\/servicios-dentales\/dentaduras-postizas\/tipos-de-protesis-dentales\/","title":{"rendered":"Tipos de pr\u00f3tesis dentales"},"content":{"rendered":"<p><img loading=\"lazy\" decoding=\"async\" class=\"alignnone size-full wp-image-2844\" src=\"https:\/\/www.carsondds.com\/wp-content\/uploads\/Types-Of-Dentures-Full.jpg\" alt=\"Juego de dentaduras completas\" width=\"903\" height=\"546\" srcset=\"https:\/\/www.carsondds.com\/wp-content\/uploads\/Types-Of-Dentures-Full.jpg 903w, https:\/\/www.carsondds.com\/wp-content\/uploads\/Types-Of-Dentures-Full-300x181.jpg 300w\" sizes=\"(max-width: 903px) 100vw, 903px\" \/><\/p>\n<p>Aunque hay muchos procedimientos dentales nuevos, como <a href=\"https:\/\/www.carsondds.com\/dental-services\/implantdentistry\/\">los implantes<\/a> o las <a href=\"https:\/\/www.carsondds.com\/dental-services\/dental-crowns\/\">coronas<\/a>, que pueden utilizarse para mejorar est\u00e9ticamente tu sonrisa y tu comodidad, las pr\u00f3tesis dentales son una soluci\u00f3n dental probada y verdadera que puede ser viable para quienes han perdido los dientes con el tiempo por un mal cuidado dental, la edad, la dieta o incluso enfermedades hereditarias.<\/p>\n<h2>Dos tipos principales de pr\u00f3tesis dentales<\/h2>\n<p><img loading=\"lazy\" decoding=\"async\" class=\"alignright wp-image-2845 size-medium\" src=\"https:\/\/www.carsondds.com\/wp-content\/uploads\/Types-Of-Dentures-Partial-300x210.jpg\" alt=\"Juego de pr\u00f3tesis parciales\" width=\"300\" height=\"210\" srcset=\"https:\/\/www.carsondds.com\/wp-content\/uploads\/Types-Of-Dentures-Partial-300x210.jpg 300w, https:\/\/www.carsondds.com\/wp-content\/uploads\/Types-Of-Dentures-Partial.jpg 572w\" sizes=\"(max-width: 300px) 100vw, 300px\" \/>Los distintos tipos de <strong>pr\u00f3tesis<\/strong> disponibles incluyen <a href=\"https:\/\/www.carsondds.com\/dental-services\/dentures\/\">pr\u00f3tesis completas<\/a> y <a href=\"https:\/\/www.carsondds.com\/dental-services\/partial-denture\/\">pr\u00f3tesis parciales<\/a> que pueden ser superiores o inferiores. Dependiendo de las necesidades del paciente, se pueden conseguir resultados extraordinarios, devolviendo la sonrisa a quienes se han acostumbrado a una boca triste e infeliz que les mira todos los d\u00edas en el espejo. El t\u00e9rmino \u00abdentadura postiza\u00bb se ha asociado a menudo con las pr\u00f3tesis dentales, pero nunca antes hab\u00eda sido tan f\u00e1cil fabricarlas, colocarlas y tenerlas listas para usar en el mismo d\u00eda. Siempre que es posible, ofrecemos servicios en el mismo d\u00eda para que puedas reincorporarte a tu ajetreada vida. Gracias a nuestro laboratorio dental est\u00e9tico in situ, a menudo todo puede hacerse muy r\u00e1pidamente, con ajustes in situ e incluso el mismo d\u00eda. Ya no tendr\u00e1s que \u00abesperar 2 semanas a que el laboratorio te devuelva las coronas\u00bb. La verdadera ventaja de los ajustes in situ es que eliminan la necesidad de m\u00faltiples visitas a la cl\u00ednica dental para problemas menores, y tu dentadura postiza puede ajustarse en cuesti\u00f3n de horas hasta que est\u00e9 perfectamente c\u00f3moda. Volver\u00e1s a sentirte t\u00fa mismo en un abrir y cerrar de ojos.   <\/p>\n<h2>Otros tipos de pr\u00f3tesis<\/h2>\n<p>Dentro de las categor\u00edas de pr\u00f3tesis totales y parciales, tambi\u00e9n hay muchos otros tipos de pr\u00f3tesis que pueden funcionar para tu boca dependiendo de tu situaci\u00f3n.<\/p>\n<p><strong><img loading=\"lazy\" decoding=\"async\" class=\"alignright size-full wp-image-2851\" src=\"https:\/\/www.carsondds.com\/wp-content\/uploads\/Types-Of-Dentures-Acrylic.jpg\" alt=\"Juego de pr\u00f3tesis acr\u00edlicas\" width=\"275\" height=\"228\">Otros tipos de pr\u00f3tesis:<\/strong><\/p>\n<ul>\n<li>Pr\u00f3tesis fijas implantosoportadas<\/li>\n<li>Pr\u00f3tesis removibles implantosoportadas<\/li>\n<li>Dentaduras postizas de metal colado (armaz\u00f3n met\u00e1lico)<\/li>\n<li>Pr\u00f3tesis acr\u00edlicas (de pl\u00e1stico)<\/li>\n<li>Pr\u00f3tesis Acr\u00edlicas Flexibles (Cierres de Pl\u00e1stico Flexible)<\/li>\n<\/ul>\n<h2>Dentaduras postizas de alta calidad en Carson &amp; Carson, DDS<\/h2>\n<p>Ponte en contacto con nosotros en Carson &amp; Carson, DDS hoy mismo para una consulta sobre si las dentaduras postizas son adecuadas para ti. Consigue un par de dentaduras postizas de alta calidad hechas el mismo d\u00eda por un dentista de Oxnard con m\u00e1s de 45 a\u00f1os de experiencia creando sonrisas bonitas. Ll\u00e1manos al 1-805-983-0717 o haz clic en el bot\u00f3n de abajo para concertar una cita online.  <\/p>\n<a class=\"scss3b-button scss3b-button-adobe\" href=\"https:\/\/www.carsondds.com\/contact-us\/\">Contacta con nosotros para concertar una cita<\/a>\n","protected":false},"excerpt":{"rendered":"<p>Aunque hay muchos procedimientos dentales nuevos, como los implantes o las coronas, que pueden utilizarse para mejorar est\u00e9ticamente tu sonrisa y tu comodidad, las pr\u00f3tesis dentales son una soluci\u00f3n dental probada y verdadera que puede ser viable para quienes han perdido los dientes con el tiempo por un mal cuidado dental, la edad, la dieta [&hellip;]<\/p>\n","protected":false},"author":2,"featured_media":0,"parent":219402,"menu_order":0,"comment_status":"closed","ping_status":"closed","template":"","meta":{"_et_pb_use_builder":"","_et_pb_old_content":"","_et_gb_content_width":"","footnotes":""},"class_list":["post-219516","page","type-page","status-publish","hentry"],"yoast_head":"<!-- This site is optimized with the Yoast SEO plugin v27.5 - https:\/\/yoast.com\/product\/yoast-seo-wordpress\/ -->\n<title>Tipos de pr\u00f3tesis - Dentista Oxnard - Carson &amp; Carson, DDS<\/title>\n<meta name=\"description\" content=\"Inf\u00f3rmate sobre los distintos tipos de pr\u00f3tesis dentales y las opciones disponibles en Carson &amp; Carson, DDS. Consigue pr\u00f3tesis dentales de alta calidad el mismo d\u00eda con un dentista experimentado de Oxnard.\" \/>\n<meta name=\"robots\" content=\"index, follow, max-snippet:-1, max-image-preview:large, max-video-preview:-1\" \/>\n<link rel=\"canonical\" href=\"https:\/\/www.carsondds.com\/es\/servicios-dentales\/dentaduras-postizas\/tipos-de-protesis-dentales\/\" \/>\n<meta property=\"og:locale\" content=\"es_ES\" \/>\n<meta property=\"og:type\" content=\"article\" \/>\n<meta property=\"og:title\" content=\"Tipos de pr\u00f3tesis - Dentista Oxnard - Carson &amp; Carson, DDS\" \/>\n<meta property=\"og:description\" content=\"Inf\u00f3rmate sobre los distintos tipos de pr\u00f3tesis dentales y las opciones disponibles en Carson &amp; Carson, DDS. Consigue pr\u00f3tesis dentales de alta calidad el mismo d\u00eda con un dentista experimentado de Oxnard.\" \/>\n<meta property=\"og:url\" content=\"https:\/\/www.carsondds.com\/es\/servicios-dentales\/dentaduras-postizas\/tipos-de-protesis-dentales\/\" \/>\n<meta property=\"og:site_name\" content=\"Carson &amp; Carson, DDS\" \/>\n<meta property=\"article:publisher\" content=\"https:\/\/www.facebook.com\/ddscarson\/\" \/>\n<meta property=\"og:image\" content=\"https:\/\/www.carsondds.com\/wp-content\/uploads\/Types-Of-Dentures-Full.jpg\" \/>\n\t<meta property=\"og:image:width\" content=\"903\" \/>\n\t<meta property=\"og:image:height\" content=\"546\" \/>\n\t<meta property=\"og:image:type\" content=\"image\/jpeg\" \/>\n<meta name=\"twitter:card\" content=\"summary_large_image\" \/>\n<meta name=\"twitter:site\" content=\"@carsondds\" \/>\n<meta name=\"twitter:label1\" content=\"Tiempo de lectura\" \/>\n\t<meta name=\"twitter:data1\" content=\"2 minutos\" \/>\n<script type=\"application\/ld+json\" class=\"yoast-schema-graph\">{\"@context\":\"https:\\\/\\\/schema.org\",\"@graph\":[{\"@type\":\"WebPage\",\"@id\":\"https:\\\/\\\/www.carsondds.com\\\/es\\\/servicios-dentales\\\/dentaduras-postizas\\\/tipos-de-protesis-dentales\\\/\",\"url\":\"https:\\\/\\\/www.carsondds.com\\\/es\\\/servicios-dentales\\\/dentaduras-postizas\\\/tipos-de-protesis-dentales\\\/\",\"name\":\"Tipos de pr\u00f3tesis - Dentista Oxnard - Carson & Carson, DDS\",\"isPartOf\":{\"@id\":\"https:\\\/\\\/www.carsondds.com\\\/es\\\/#website\"},\"primaryImageOfPage\":{\"@id\":\"https:\\\/\\\/www.carsondds.com\\\/es\\\/servicios-dentales\\\/dentaduras-postizas\\\/tipos-de-protesis-dentales\\\/#primaryimage\"},\"image\":{\"@id\":\"https:\\\/\\\/www.carsondds.com\\\/es\\\/servicios-dentales\\\/dentaduras-postizas\\\/tipos-de-protesis-dentales\\\/#primaryimage\"},\"thumbnailUrl\":\"https:\\\/\\\/www.carsondds.com\\\/wp-content\\\/uploads\\\/Types-Of-Dentures-Full.jpg\",\"datePublished\":\"2018-12-01T08:06:53+00:00\",\"description\":\"Inf\u00f3rmate sobre los distintos tipos de pr\u00f3tesis dentales y las opciones disponibles en Carson & Carson, DDS. Consigue pr\u00f3tesis dentales de alta calidad el mismo d\u00eda con un dentista experimentado de Oxnard.\",\"breadcrumb\":{\"@id\":\"https:\\\/\\\/www.carsondds.com\\\/es\\\/servicios-dentales\\\/dentaduras-postizas\\\/tipos-de-protesis-dentales\\\/#breadcrumb\"},\"inLanguage\":\"es\",\"potentialAction\":[{\"@type\":\"ReadAction\",\"target\":[\"https:\\\/\\\/www.carsondds.com\\\/es\\\/servicios-dentales\\\/dentaduras-postizas\\\/tipos-de-protesis-dentales\\\/\"]}]},{\"@type\":\"ImageObject\",\"inLanguage\":\"es\",\"@id\":\"https:\\\/\\\/www.carsondds.com\\\/es\\\/servicios-dentales\\\/dentaduras-postizas\\\/tipos-de-protesis-dentales\\\/#primaryimage\",\"url\":\"https:\\\/\\\/www.carsondds.com\\\/wp-content\\\/uploads\\\/Types-Of-Dentures-Full.jpg\",\"contentUrl\":\"https:\\\/\\\/www.carsondds.com\\\/wp-content\\\/uploads\\\/Types-Of-Dentures-Full.jpg\"},{\"@type\":\"BreadcrumbList\",\"@id\":\"https:\\\/\\\/www.carsondds.com\\\/es\\\/servicios-dentales\\\/dentaduras-postizas\\\/tipos-de-protesis-dentales\\\/#breadcrumb\",\"itemListElement\":[{\"@type\":\"ListItem\",\"position\":1,\"name\":\"Home\",\"item\":\"https:\\\/\\\/www.carsondds.com\\\/es\\\/carson-carson-dds\\\/\"},{\"@type\":\"ListItem\",\"position\":2,\"name\":\"Servicios dentales\",\"item\":\"https:\\\/\\\/www.carsondds.com\\\/es\\\/servicios-dentales\\\/\"},{\"@type\":\"ListItem\",\"position\":3,\"name\":\"Dentaduras postizas\",\"item\":\"https:\\\/\\\/www.carsondds.com\\\/es\\\/servicios-dentales\\\/dentaduras-postizas\\\/\"},{\"@type\":\"ListItem\",\"position\":4,\"name\":\"Tipos de pr\u00f3tesis dentales\"}]},{\"@type\":\"WebSite\",\"@id\":\"https:\\\/\\\/www.carsondds.com\\\/es\\\/#website\",\"url\":\"https:\\\/\\\/www.carsondds.com\\\/es\\\/\",\"name\":\"Carson &amp; Carson, DDS\",\"description\":\"\",\"publisher\":{\"@id\":\"https:\\\/\\\/www.carsondds.com\\\/es\\\/#organization\"},\"potentialAction\":[{\"@type\":\"SearchAction\",\"target\":{\"@type\":\"EntryPoint\",\"urlTemplate\":\"https:\\\/\\\/www.carsondds.com\\\/es\\\/?s={search_term_string}\"},\"query-input\":{\"@type\":\"PropertyValueSpecification\",\"valueRequired\":true,\"valueName\":\"search_term_string\"}}],\"inLanguage\":\"es\"},{\"@type\":\"Organization\",\"@id\":\"https:\\\/\\\/www.carsondds.com\\\/es\\\/#organization\",\"name\":\"Carson & Carson DDS, Inc.\",\"url\":\"https:\\\/\\\/www.carsondds.com\\\/es\\\/\",\"logo\":{\"@type\":\"ImageObject\",\"inLanguage\":\"es\",\"@id\":\"https:\\\/\\\/www.carsondds.com\\\/es\\\/#\\\/schema\\\/logo\\\/image\\\/\",\"url\":\"https:\\\/\\\/www.carsondds.com\\\/wp-content\\\/uploads\\\/logo-icon.gif\",\"contentUrl\":\"https:\\\/\\\/www.carsondds.com\\\/wp-content\\\/uploads\\\/logo-icon.gif\",\"width\":51,\"height\":51,\"caption\":\"Carson & Carson DDS, Inc.\"},\"image\":{\"@id\":\"https:\\\/\\\/www.carsondds.com\\\/es\\\/#\\\/schema\\\/logo\\\/image\\\/\"},\"sameAs\":[\"https:\\\/\\\/www.facebook.com\\\/ddscarson\\\/\",\"https:\\\/\\\/x.com\\\/carsondds\",\"https:\\\/\\\/www.instagram.com\\\/carson_dentistry126\\\/\",\"https:\\\/\\\/www.youtube.com\\\/user\\\/DrCarson805\\\/\"]}]}<\/script>\n<!-- \/ Yoast SEO plugin. -->","yoast_head_json":{"title":"Tipos de pr\u00f3tesis - Dentista Oxnard - Carson & Carson, DDS","description":"Inf\u00f3rmate sobre los distintos tipos de pr\u00f3tesis dentales y las opciones disponibles en Carson & Carson, DDS. Consigue pr\u00f3tesis dentales de alta calidad el mismo d\u00eda con un dentista experimentado de Oxnard.","robots":{"index":"index","follow":"follow","max-snippet":"max-snippet:-1","max-image-preview":"max-image-preview:large","max-video-preview":"max-video-preview:-1"},"canonical":"https:\/\/www.carsondds.com\/es\/servicios-dentales\/dentaduras-postizas\/tipos-de-protesis-dentales\/","og_locale":"es_ES","og_type":"article","og_title":"Tipos de pr\u00f3tesis - Dentista Oxnard - Carson & Carson, DDS","og_description":"Inf\u00f3rmate sobre los distintos tipos de pr\u00f3tesis dentales y las opciones disponibles en Carson & Carson, DDS. Consigue pr\u00f3tesis dentales de alta calidad el mismo d\u00eda con un dentista experimentado de Oxnard.","og_url":"https:\/\/www.carsondds.com\/es\/servicios-dentales\/dentaduras-postizas\/tipos-de-protesis-dentales\/","og_site_name":"Carson &amp; Carson, DDS","article_publisher":"https:\/\/www.facebook.com\/ddscarson\/","og_image":[{"width":903,"height":546,"url":"https:\/\/www.carsondds.com\/wp-content\/uploads\/Types-Of-Dentures-Full.jpg","type":"image\/jpeg"}],"twitter_card":"summary_large_image","twitter_site":"@carsondds","twitter_misc":{"Tiempo de lectura":"2 minutos"},"schema":{"@context":"https:\/\/schema.org","@graph":[{"@type":"WebPage","@id":"https:\/\/www.carsondds.com\/es\/servicios-dentales\/dentaduras-postizas\/tipos-de-protesis-dentales\/","url":"https:\/\/www.carsondds.com\/es\/servicios-dentales\/dentaduras-postizas\/tipos-de-protesis-dentales\/","name":"Tipos de pr\u00f3tesis - Dentista Oxnard - Carson & Carson, DDS","isPartOf":{"@id":"https:\/\/www.carsondds.com\/es\/#website"},"primaryImageOfPage":{"@id":"https:\/\/www.carsondds.com\/es\/servicios-dentales\/dentaduras-postizas\/tipos-de-protesis-dentales\/#primaryimage"},"image":{"@id":"https:\/\/www.carsondds.com\/es\/servicios-dentales\/dentaduras-postizas\/tipos-de-protesis-dentales\/#primaryimage"},"thumbnailUrl":"https:\/\/www.carsondds.com\/wp-content\/uploads\/Types-Of-Dentures-Full.jpg","datePublished":"2018-12-01T08:06:53+00:00","description":"Inf\u00f3rmate sobre los distintos tipos de pr\u00f3tesis dentales y las opciones disponibles en Carson & Carson, DDS. Consigue pr\u00f3tesis dentales de alta calidad el mismo d\u00eda con un dentista experimentado de Oxnard.","breadcrumb":{"@id":"https:\/\/www.carsondds.com\/es\/servicios-dentales\/dentaduras-postizas\/tipos-de-protesis-dentales\/#breadcrumb"},"inLanguage":"es","potentialAction":[{"@type":"ReadAction","target":["https:\/\/www.carsondds.com\/es\/servicios-dentales\/dentaduras-postizas\/tipos-de-protesis-dentales\/"]}]},{"@type":"ImageObject","inLanguage":"es","@id":"https:\/\/www.carsondds.com\/es\/servicios-dentales\/dentaduras-postizas\/tipos-de-protesis-dentales\/#primaryimage","url":"https:\/\/www.carsondds.com\/wp-content\/uploads\/Types-Of-Dentures-Full.jpg","contentUrl":"https:\/\/www.carsondds.com\/wp-content\/uploads\/Types-Of-Dentures-Full.jpg"},{"@type":"BreadcrumbList","@id":"https:\/\/www.carsondds.com\/es\/servicios-dentales\/dentaduras-postizas\/tipos-de-protesis-dentales\/#breadcrumb","itemListElement":[{"@type":"ListItem","position":1,"name":"Home","item":"https:\/\/www.carsondds.com\/es\/carson-carson-dds\/"},{"@type":"ListItem","position":2,"name":"Servicios dentales","item":"https:\/\/www.carsondds.com\/es\/servicios-dentales\/"},{"@type":"ListItem","position":3,"name":"Dentaduras postizas","item":"https:\/\/www.carsondds.com\/es\/servicios-dentales\/dentaduras-postizas\/"},{"@type":"ListItem","position":4,"name":"Tipos de pr\u00f3tesis dentales"}]},{"@type":"WebSite","@id":"https:\/\/www.carsondds.com\/es\/#website","url":"https:\/\/www.carsondds.com\/es\/","name":"Carson &amp; Carson, DDS","description":"","publisher":{"@id":"https:\/\/www.carsondds.com\/es\/#organization"},"potentialAction":[{"@type":"SearchAction","target":{"@type":"EntryPoint","urlTemplate":"https:\/\/www.carsondds.com\/es\/?s={search_term_string}"},"query-input":{"@type":"PropertyValueSpecification","valueRequired":true,"valueName":"search_term_string"}}],"inLanguage":"es"},{"@type":"Organization","@id":"https:\/\/www.carsondds.com\/es\/#organization","name":"Carson & Carson DDS, Inc.","url":"https:\/\/www.carsondds.com\/es\/","logo":{"@type":"ImageObject","inLanguage":"es","@id":"https:\/\/www.carsondds.com\/es\/#\/schema\/logo\/image\/","url":"https:\/\/www.carsondds.com\/wp-content\/uploads\/logo-icon.gif","contentUrl":"https:\/\/www.carsondds.com\/wp-content\/uploads\/logo-icon.gif","width":51,"height":51,"caption":"Carson & Carson DDS, Inc."},"image":{"@id":"https:\/\/www.carsondds.com\/es\/#\/schema\/logo\/image\/"},"sameAs":["https:\/\/www.facebook.com\/ddscarson\/","https:\/\/x.com\/carsondds","https:\/\/www.instagram.com\/carson_dentistry126\/","https:\/\/www.youtube.com\/user\/DrCarson805\/"]}]}},"_links":{"self":[{"href":"https:\/\/www.carsondds.com\/es\/wp-json\/wp\/v2\/pages\/219516","targetHints":{"allow":["GET"]}}],"collection":[{"href":"https:\/\/www.carsondds.com\/es\/wp-json\/wp\/v2\/pages"}],"about":[{"href":"https:\/\/www.carsondds.com\/es\/wp-json\/wp\/v2\/types\/page"}],"author":[{"embeddable":true,"href":"https:\/\/www.carsondds.com\/es\/wp-json\/wp\/v2\/users\/2"}],"replies":[{"embeddable":true,"href":"https:\/\/www.carsondds.com\/es\/wp-json\/wp\/v2\/comments?post=219516"}],"version-history":[{"count":0,"href":"https:\/\/www.carsondds.com\/es\/wp-json\/wp\/v2\/pages\/219516\/revisions"}],"up":[{"embeddable":true,"href":"https:\/\/www.carsondds.com\/es\/wp-json\/wp\/v2\/pages\/219402"}],"wp:attachment":[{"href":"https:\/\/www.carsondds.com\/es\/wp-json\/wp\/v2\/media?parent=219516"}],"curies":[{"name":"wp","href":"https:\/\/api.w.org\/{rel}","templated":true}]}}