{"id":219515,"date":"2019-01-03T20:30:06","date_gmt":"2019-01-04T04:30:06","guid":{"rendered":"https:\/\/www.carsondds.com\/servicios-dentales\/carillas-dentales\/coste-medio-de-las-carillas\/"},"modified":"2019-01-03T20:30:06","modified_gmt":"2019-01-04T04:30:06","slug":"coste-medio-de-las-carillas","status":"publish","type":"page","link":"https:\/\/www.carsondds.com\/es\/servicios-dentales\/carillas-dentales\/coste-medio-de-las-carillas\/","title":{"rendered":"Coste medio de las carillas"},"content":{"rendered":"<p><img loading=\"lazy\" decoding=\"async\" class=\"alignnone size-full wp-image-2902\" src=\"https:\/\/www.carsondds.com\/wp-content\/uploads\/Cost-of-Veneers-3.jpg\" alt=\"Instalaci\u00f3n de chapas\" width=\"635\" height=\"400\" srcset=\"https:\/\/www.carsondds.com\/wp-content\/uploads\/Cost-of-Veneers-3.jpg 635w, https:\/\/www.carsondds.com\/wp-content\/uploads\/Cost-of-Veneers-3-300x189.jpg 300w\" sizes=\"(max-width: 635px) 100vw, 635px\" \/><\/p>\n<p><a href=\"https:\/\/www.carsondds.com\/dental-services\/veneers\/\">Las carillas<\/a> dentales y las <a href=\"https:\/\/www.carsondds.com\/dental-services\/lumineers\/\">lumineers<\/a> son carillas de aspecto natural que se adhieren a los dientes para mejorar su aspecto est\u00e9tico. Suelen estar hechas de materiales como porcelana y resina compuesta, que pueden ofrecer m\u00e1s capacidad blanqueadora que los tratamientos tradicionales de blanqueamiento dental. <\/p>\n<p style=\"text-align: center;\"><a class=\"scss3b-button scss3b-button-adobe\" href=\"https:\/\/www.carsondds.com\/contact-us\/\">Contacta con nosotros Acerca de las carillas<\/a><\/p>\n<h2>Coste de las carillas dentales<\/h2>\n<p>Como tratamiento dental est\u00e9tico opcional, las carillas y las luminarias no suelen estar cubiertas por los seguros dentales y su coste suele pagarse de tu bolsillo. Entonces, \u00bfson asequibles? <\/p>\n<h3>Tipos de materiales de chapa<\/h3>\n<p><img loading=\"lazy\" decoding=\"async\" class=\"alignright size-full wp-image-2900\" src=\"https:\/\/www.carsondds.com\/wp-content\/uploads\/Cost-of-Veneers-2.jpg\" alt=\"Gr\u00e1fico de instalaci\u00f3n de chapas\" width=\"350\" height=\"350\" srcset=\"https:\/\/www.carsondds.com\/wp-content\/uploads\/Cost-of-Veneers-2.jpg 350w, https:\/\/www.carsondds.com\/wp-content\/uploads\/Cost-of-Veneers-2-150x150.jpg 150w, https:\/\/www.carsondds.com\/wp-content\/uploads\/Cost-of-Veneers-2-300x300.jpg 300w\" sizes=\"(max-width: 350px) 100vw, 350px\" \/>El coste medio de las carillas var\u00eda seg\u00fan el tipo de material utilizado en su construcci\u00f3n.<\/p>\n<ul>\n<li> <strong>Las carillas de porcelana<\/strong> son el tipo de carilla m\u00e1s com\u00fan en odontolog\u00eda est\u00e9tica. Por t\u00e9rmino medio, este tipo de material de carilla cuesta <strong> entre 600 y 1.800 $ por diente<\/strong> y tiene una vida \u00fatil de entre 10 y 20 a\u00f1os. El inconveniente es que la construcci\u00f3n de las carillas de porcelana lleva m\u00e1s tiempo que la de las luminarias o la resina compuesta.  <\/li>\n<li><strong>Las carillas de resina compuesta<\/strong> son otro tipo de carilla habitual. Este tipo de carillas suele costar <strong> entre 500 y 1.500 $ por diente<\/strong>, pero tambi\u00e9n son menos duraderas que el material de porcelana, con una vida media de 5-10 a\u00f1os. La comodidad es que las carillas de resina compuesta se pueden construir y a\u00f1adir a tu sonrisa en el mismo d\u00eda.  <\/li>\n<li><strong>Las Lumineers<\/strong> son una forma mucho m\u00e1s fina de carillas que requieren menos eliminaci\u00f3n de la capa de esmalte para ser instaladas. Esta nueva tecnolog\u00eda es m\u00e1s f\u00e1cil de instalar y cuesta lo mismo o un poco m\u00e1s que las carillas normales, <strong> entre 600 y 2.000 $ por diente<\/strong>, pero tambi\u00e9n tiene una vida media m\u00e1s corta, entre 5 y 10 a\u00f1os. <\/li>\n<li><strong>Las carillas Clip-On<\/strong> ofrecen una soluci\u00f3n asequible con pares removibles que cuestan entre <strong> 300 y 700 $<\/strong> de media.<\/li>\n<\/ul>\n<h2>Programa una consulta para carillas en Carson &amp; Carson, DDS<\/h2>\n<p>\u00bfBuscas carillas asequibles en California? Programa una visita con un experto <a href=\"https:\/\/www.carsondds.com\/dental-services\/cosmeticdentistry\/\">dentista est\u00e9tico<\/a> con m\u00e1s de 45 a\u00f1os de experiencia en Carson &amp; Carson, DDS en <a href=\"https:\/\/www.carsondds.com\/dentist\/oxnard\/\">Oxnard<\/a> o <a href=\"https:\/\/www.carsondds.com\/dentist\/camarillo\/\">Camarillo<\/a>. Consigue hoy una sonrisa m\u00e1s brillante por una fracci\u00f3n del coste de lo que pagar\u00edas por <a href=\"https:\/\/www.carsondds.com\/dental-services\/dental-crowns\/\">coronas<\/a>, <a href=\"https:\/\/www.carsondds.com\/dental-services\/bridges\/\">puentes<\/a>, <a href=\"https:\/\/www.carsondds.com\/dental-services\/implantdentistry\/\">implantes<\/a> o <a href=\"https:\/\/www.carsondds.com\/dental-services\/dentures\/\">dentaduras postizas<\/a>. Ll\u00e1manos al <a href=\"tel:805-983-0717\">(805) 983-0717<\/a> o utiliza el siguiente formulario para ponerte en contacto con nosotros online.   <\/p>\n<a class=\"scss3b-button scss3b-button-adobe\" href=\"https:\/\/www.carsondds.com\/contact-us\/\">Pide una cita<\/a>\n","protected":false},"excerpt":{"rendered":"<p>Las carillas dentales y las lumineers son carillas de aspecto natural que se adhieren a los dientes para mejorar su aspecto est\u00e9tico. Suelen estar hechas de materiales como porcelana y resina compuesta, que pueden ofrecer m\u00e1s capacidad blanqueadora que los tratamientos tradicionales de blanqueamiento dental. Coste de las carillas dentales Como tratamiento dental est\u00e9tico opcional, [&hellip;]<\/p>\n","protected":false},"author":2,"featured_media":0,"parent":219435,"menu_order":0,"comment_status":"closed","ping_status":"closed","template":"","meta":{"_et_pb_use_builder":"","_et_pb_old_content":"","_et_gb_content_width":"","footnotes":""},"class_list":["post-219515","page","type-page","status-publish","hentry"],"yoast_head":"<!-- This site is optimized with the Yoast SEO plugin v27.5 - https:\/\/yoast.com\/product\/yoast-seo-wordpress\/ -->\n<title>Coste medio de las carillas - Odontolog\u00eda Oxnard - Carson &amp; Carson, DDS<\/title>\n<meta name=\"description\" content=\"Inf\u00f3rmate sobre el coste medio de las carillas y las luminarias en Carson &amp; Carson, DDS. Inf\u00f3rmate sobre los tipos de materiales utilizados para las carillas y c\u00f3mo afectan al coste y la duraci\u00f3n del tratamiento.\" \/>\n<meta name=\"robots\" content=\"index, follow, max-snippet:-1, max-image-preview:large, max-video-preview:-1\" \/>\n<link rel=\"canonical\" href=\"https:\/\/www.carsondds.com\/es\/servicios-dentales\/carillas-dentales\/coste-medio-de-las-carillas\/\" \/>\n<meta property=\"og:locale\" content=\"es_ES\" \/>\n<meta property=\"og:type\" content=\"article\" \/>\n<meta property=\"og:title\" content=\"Coste medio de las carillas - Odontolog\u00eda Oxnard - Carson &amp; Carson, DDS\" \/>\n<meta property=\"og:description\" content=\"Inf\u00f3rmate sobre el coste medio de las carillas y las luminarias en Carson &amp; Carson, DDS. Inf\u00f3rmate sobre los tipos de materiales utilizados para las carillas y c\u00f3mo afectan al coste y la duraci\u00f3n del tratamiento.\" \/>\n<meta property=\"og:url\" content=\"https:\/\/www.carsondds.com\/es\/servicios-dentales\/carillas-dentales\/coste-medio-de-las-carillas\/\" \/>\n<meta property=\"og:site_name\" content=\"Carson &amp; Carson, DDS\" \/>\n<meta property=\"article:publisher\" content=\"https:\/\/www.facebook.com\/ddscarson\/\" \/>\n<meta property=\"og:image\" content=\"https:\/\/www.carsondds.com\/wp-content\/uploads\/Cost-of-Veneers-3.jpg\" \/>\n\t<meta property=\"og:image:width\" content=\"635\" \/>\n\t<meta property=\"og:image:height\" content=\"400\" \/>\n\t<meta property=\"og:image:type\" content=\"image\/jpeg\" \/>\n<meta name=\"twitter:card\" content=\"summary_large_image\" \/>\n<meta name=\"twitter:site\" content=\"@carsondds\" \/>\n<meta name=\"twitter:label1\" content=\"Tiempo de lectura\" \/>\n\t<meta name=\"twitter:data1\" content=\"2 minutos\" \/>\n<script type=\"application\/ld+json\" class=\"yoast-schema-graph\">{\"@context\":\"https:\\\/\\\/schema.org\",\"@graph\":[{\"@type\":\"WebPage\",\"@id\":\"https:\\\/\\\/www.carsondds.com\\\/es\\\/servicios-dentales\\\/carillas-dentales\\\/coste-medio-de-las-carillas\\\/\",\"url\":\"https:\\\/\\\/www.carsondds.com\\\/es\\\/servicios-dentales\\\/carillas-dentales\\\/coste-medio-de-las-carillas\\\/\",\"name\":\"Coste medio de las carillas - Odontolog\u00eda Oxnard - Carson & Carson, DDS\",\"isPartOf\":{\"@id\":\"https:\\\/\\\/www.carsondds.com\\\/es\\\/#website\"},\"primaryImageOfPage\":{\"@id\":\"https:\\\/\\\/www.carsondds.com\\\/es\\\/servicios-dentales\\\/carillas-dentales\\\/coste-medio-de-las-carillas\\\/#primaryimage\"},\"image\":{\"@id\":\"https:\\\/\\\/www.carsondds.com\\\/es\\\/servicios-dentales\\\/carillas-dentales\\\/coste-medio-de-las-carillas\\\/#primaryimage\"},\"thumbnailUrl\":\"https:\\\/\\\/www.carsondds.com\\\/wp-content\\\/uploads\\\/Cost-of-Veneers-3.jpg\",\"datePublished\":\"2019-01-04T04:30:06+00:00\",\"description\":\"Inf\u00f3rmate sobre el coste medio de las carillas y las luminarias en Carson & Carson, DDS. Inf\u00f3rmate sobre los tipos de materiales utilizados para las carillas y c\u00f3mo afectan al coste y la duraci\u00f3n del tratamiento.\",\"breadcrumb\":{\"@id\":\"https:\\\/\\\/www.carsondds.com\\\/es\\\/servicios-dentales\\\/carillas-dentales\\\/coste-medio-de-las-carillas\\\/#breadcrumb\"},\"inLanguage\":\"es\",\"potentialAction\":[{\"@type\":\"ReadAction\",\"target\":[\"https:\\\/\\\/www.carsondds.com\\\/es\\\/servicios-dentales\\\/carillas-dentales\\\/coste-medio-de-las-carillas\\\/\"]}]},{\"@type\":\"ImageObject\",\"inLanguage\":\"es\",\"@id\":\"https:\\\/\\\/www.carsondds.com\\\/es\\\/servicios-dentales\\\/carillas-dentales\\\/coste-medio-de-las-carillas\\\/#primaryimage\",\"url\":\"https:\\\/\\\/www.carsondds.com\\\/wp-content\\\/uploads\\\/Cost-of-Veneers-3.jpg\",\"contentUrl\":\"https:\\\/\\\/www.carsondds.com\\\/wp-content\\\/uploads\\\/Cost-of-Veneers-3.jpg\"},{\"@type\":\"BreadcrumbList\",\"@id\":\"https:\\\/\\\/www.carsondds.com\\\/es\\\/servicios-dentales\\\/carillas-dentales\\\/coste-medio-de-las-carillas\\\/#breadcrumb\",\"itemListElement\":[{\"@type\":\"ListItem\",\"position\":1,\"name\":\"Home\",\"item\":\"https:\\\/\\\/www.carsondds.com\\\/es\\\/carson-carson-dds\\\/\"},{\"@type\":\"ListItem\",\"position\":2,\"name\":\"Servicios dentales\",\"item\":\"https:\\\/\\\/www.carsondds.com\\\/es\\\/servicios-dentales\\\/\"},{\"@type\":\"ListItem\",\"position\":3,\"name\":\"Carillas dentales\",\"item\":\"https:\\\/\\\/www.carsondds.com\\\/es\\\/servicios-dentales\\\/carillas-dentales\\\/\"},{\"@type\":\"ListItem\",\"position\":4,\"name\":\"Coste medio de las carillas\"}]},{\"@type\":\"WebSite\",\"@id\":\"https:\\\/\\\/www.carsondds.com\\\/es\\\/#website\",\"url\":\"https:\\\/\\\/www.carsondds.com\\\/es\\\/\",\"name\":\"Carson &amp; Carson, DDS\",\"description\":\"\",\"publisher\":{\"@id\":\"https:\\\/\\\/www.carsondds.com\\\/es\\\/#organization\"},\"potentialAction\":[{\"@type\":\"SearchAction\",\"target\":{\"@type\":\"EntryPoint\",\"urlTemplate\":\"https:\\\/\\\/www.carsondds.com\\\/es\\\/?s={search_term_string}\"},\"query-input\":{\"@type\":\"PropertyValueSpecification\",\"valueRequired\":true,\"valueName\":\"search_term_string\"}}],\"inLanguage\":\"es\"},{\"@type\":\"Organization\",\"@id\":\"https:\\\/\\\/www.carsondds.com\\\/es\\\/#organization\",\"name\":\"Carson & Carson DDS, Inc.\",\"url\":\"https:\\\/\\\/www.carsondds.com\\\/es\\\/\",\"logo\":{\"@type\":\"ImageObject\",\"inLanguage\":\"es\",\"@id\":\"https:\\\/\\\/www.carsondds.com\\\/es\\\/#\\\/schema\\\/logo\\\/image\\\/\",\"url\":\"https:\\\/\\\/www.carsondds.com\\\/wp-content\\\/uploads\\\/logo-icon.gif\",\"contentUrl\":\"https:\\\/\\\/www.carsondds.com\\\/wp-content\\\/uploads\\\/logo-icon.gif\",\"width\":51,\"height\":51,\"caption\":\"Carson & Carson DDS, Inc.\"},\"image\":{\"@id\":\"https:\\\/\\\/www.carsondds.com\\\/es\\\/#\\\/schema\\\/logo\\\/image\\\/\"},\"sameAs\":[\"https:\\\/\\\/www.facebook.com\\\/ddscarson\\\/\",\"https:\\\/\\\/x.com\\\/carsondds\",\"https:\\\/\\\/www.instagram.com\\\/carson_dentistry126\\\/\",\"https:\\\/\\\/www.youtube.com\\\/user\\\/DrCarson805\\\/\"]}]}<\/script>\n<!-- \/ Yoast SEO plugin. -->","yoast_head_json":{"title":"Coste medio de las carillas - Odontolog\u00eda Oxnard - Carson & Carson, DDS","description":"Inf\u00f3rmate sobre el coste medio de las carillas y las luminarias en Carson & Carson, DDS. Inf\u00f3rmate sobre los tipos de materiales utilizados para las carillas y c\u00f3mo afectan al coste y la duraci\u00f3n del tratamiento.","robots":{"index":"index","follow":"follow","max-snippet":"max-snippet:-1","max-image-preview":"max-image-preview:large","max-video-preview":"max-video-preview:-1"},"canonical":"https:\/\/www.carsondds.com\/es\/servicios-dentales\/carillas-dentales\/coste-medio-de-las-carillas\/","og_locale":"es_ES","og_type":"article","og_title":"Coste medio de las carillas - Odontolog\u00eda Oxnard - Carson & Carson, DDS","og_description":"Inf\u00f3rmate sobre el coste medio de las carillas y las luminarias en Carson & Carson, DDS. Inf\u00f3rmate sobre los tipos de materiales utilizados para las carillas y c\u00f3mo afectan al coste y la duraci\u00f3n del tratamiento.","og_url":"https:\/\/www.carsondds.com\/es\/servicios-dentales\/carillas-dentales\/coste-medio-de-las-carillas\/","og_site_name":"Carson &amp; Carson, DDS","article_publisher":"https:\/\/www.facebook.com\/ddscarson\/","og_image":[{"width":635,"height":400,"url":"https:\/\/www.carsondds.com\/wp-content\/uploads\/Cost-of-Veneers-3.jpg","type":"image\/jpeg"}],"twitter_card":"summary_large_image","twitter_site":"@carsondds","twitter_misc":{"Tiempo de lectura":"2 minutos"},"schema":{"@context":"https:\/\/schema.org","@graph":[{"@type":"WebPage","@id":"https:\/\/www.carsondds.com\/es\/servicios-dentales\/carillas-dentales\/coste-medio-de-las-carillas\/","url":"https:\/\/www.carsondds.com\/es\/servicios-dentales\/carillas-dentales\/coste-medio-de-las-carillas\/","name":"Coste medio de las carillas - Odontolog\u00eda Oxnard - Carson & Carson, DDS","isPartOf":{"@id":"https:\/\/www.carsondds.com\/es\/#website"},"primaryImageOfPage":{"@id":"https:\/\/www.carsondds.com\/es\/servicios-dentales\/carillas-dentales\/coste-medio-de-las-carillas\/#primaryimage"},"image":{"@id":"https:\/\/www.carsondds.com\/es\/servicios-dentales\/carillas-dentales\/coste-medio-de-las-carillas\/#primaryimage"},"thumbnailUrl":"https:\/\/www.carsondds.com\/wp-content\/uploads\/Cost-of-Veneers-3.jpg","datePublished":"2019-01-04T04:30:06+00:00","description":"Inf\u00f3rmate sobre el coste medio de las carillas y las luminarias en Carson & Carson, DDS. Inf\u00f3rmate sobre los tipos de materiales utilizados para las carillas y c\u00f3mo afectan al coste y la duraci\u00f3n del tratamiento.","breadcrumb":{"@id":"https:\/\/www.carsondds.com\/es\/servicios-dentales\/carillas-dentales\/coste-medio-de-las-carillas\/#breadcrumb"},"inLanguage":"es","potentialAction":[{"@type":"ReadAction","target":["https:\/\/www.carsondds.com\/es\/servicios-dentales\/carillas-dentales\/coste-medio-de-las-carillas\/"]}]},{"@type":"ImageObject","inLanguage":"es","@id":"https:\/\/www.carsondds.com\/es\/servicios-dentales\/carillas-dentales\/coste-medio-de-las-carillas\/#primaryimage","url":"https:\/\/www.carsondds.com\/wp-content\/uploads\/Cost-of-Veneers-3.jpg","contentUrl":"https:\/\/www.carsondds.com\/wp-content\/uploads\/Cost-of-Veneers-3.jpg"},{"@type":"BreadcrumbList","@id":"https:\/\/www.carsondds.com\/es\/servicios-dentales\/carillas-dentales\/coste-medio-de-las-carillas\/#breadcrumb","itemListElement":[{"@type":"ListItem","position":1,"name":"Home","item":"https:\/\/www.carsondds.com\/es\/carson-carson-dds\/"},{"@type":"ListItem","position":2,"name":"Servicios dentales","item":"https:\/\/www.carsondds.com\/es\/servicios-dentales\/"},{"@type":"ListItem","position":3,"name":"Carillas dentales","item":"https:\/\/www.carsondds.com\/es\/servicios-dentales\/carillas-dentales\/"},{"@type":"ListItem","position":4,"name":"Coste medio de las carillas"}]},{"@type":"WebSite","@id":"https:\/\/www.carsondds.com\/es\/#website","url":"https:\/\/www.carsondds.com\/es\/","name":"Carson &amp; Carson, DDS","description":"","publisher":{"@id":"https:\/\/www.carsondds.com\/es\/#organization"},"potentialAction":[{"@type":"SearchAction","target":{"@type":"EntryPoint","urlTemplate":"https:\/\/www.carsondds.com\/es\/?s={search_term_string}"},"query-input":{"@type":"PropertyValueSpecification","valueRequired":true,"valueName":"search_term_string"}}],"inLanguage":"es"},{"@type":"Organization","@id":"https:\/\/www.carsondds.com\/es\/#organization","name":"Carson & Carson DDS, Inc.","url":"https:\/\/www.carsondds.com\/es\/","logo":{"@type":"ImageObject","inLanguage":"es","@id":"https:\/\/www.carsondds.com\/es\/#\/schema\/logo\/image\/","url":"https:\/\/www.carsondds.com\/wp-content\/uploads\/logo-icon.gif","contentUrl":"https:\/\/www.carsondds.com\/wp-content\/uploads\/logo-icon.gif","width":51,"height":51,"caption":"Carson & Carson DDS, Inc."},"image":{"@id":"https:\/\/www.carsondds.com\/es\/#\/schema\/logo\/image\/"},"sameAs":["https:\/\/www.facebook.com\/ddscarson\/","https:\/\/x.com\/carsondds","https:\/\/www.instagram.com\/carson_dentistry126\/","https:\/\/www.youtube.com\/user\/DrCarson805\/"]}]}},"_links":{"self":[{"href":"https:\/\/www.carsondds.com\/es\/wp-json\/wp\/v2\/pages\/219515","targetHints":{"allow":["GET"]}}],"collection":[{"href":"https:\/\/www.carsondds.com\/es\/wp-json\/wp\/v2\/pages"}],"about":[{"href":"https:\/\/www.carsondds.com\/es\/wp-json\/wp\/v2\/types\/page"}],"author":[{"embeddable":true,"href":"https:\/\/www.carsondds.com\/es\/wp-json\/wp\/v2\/users\/2"}],"replies":[{"embeddable":true,"href":"https:\/\/www.carsondds.com\/es\/wp-json\/wp\/v2\/comments?post=219515"}],"version-history":[{"count":0,"href":"https:\/\/www.carsondds.com\/es\/wp-json\/wp\/v2\/pages\/219515\/revisions"}],"up":[{"embeddable":true,"href":"https:\/\/www.carsondds.com\/es\/wp-json\/wp\/v2\/pages\/219435"}],"wp:attachment":[{"href":"https:\/\/www.carsondds.com\/es\/wp-json\/wp\/v2\/media?parent=219515"}],"curies":[{"name":"wp","href":"https:\/\/api.w.org\/{rel}","templated":true}]}}