{"id":219513,"date":"2019-01-07T23:58:11","date_gmt":"2019-01-08T07:58:11","guid":{"rendered":"https:\/\/www.carsondds.com\/historia-dental-en-carsondds\/historial-dental-del-dr-michael-acasio\/"},"modified":"2019-01-07T23:58:11","modified_gmt":"2019-01-08T07:58:11","slug":"historial-dental-del-dr-michael-acasio","status":"publish","type":"page","link":"https:\/\/www.carsondds.com\/es\/historia-dental-en-carsondds\/historial-dental-del-dr-michael-acasio\/","title":{"rendered":"Historial dental del Dr. Michael Acasio"},"content":{"rendered":"<p><img loading=\"lazy\" decoding=\"async\" class=\"alignnone size-full wp-image-2921\" src=\"https:\/\/www.carsondds.com\/wp-content\/uploads\/Dr-Acasio-2.jpg\" alt=\"Dr. Acasio, dentista asociado en Carson &amp; Carson\" width=\"375\" height=\"500\" srcset=\"https:\/\/www.carsondds.com\/wp-content\/uploads\/Dr-Acasio-2.jpg 375w, https:\/\/www.carsondds.com\/wp-content\/uploads\/Dr-Acasio-2-225x300.jpg 225w\" sizes=\"(max-width: 375px) 100vw, 375px\" \/><\/p>\n<h2>Formaci\u00f3n acad\u00e9mica y t\u00edtulos obtenidos<\/h2>\n<p>El Dr. Michael Acasio naci\u00f3 y se cri\u00f3 en el condado de Ventura, donde asisti\u00f3 al instituto Channel Islands High School y se gradu\u00f3 como Cum Laude. Asisti\u00f3 a la UCLA y se especializ\u00f3 en Microbiolog\u00eda , Inmunolog\u00eda y Gen\u00e9tica, gradu\u00e1ndose en su clase con los m\u00e1ximos honores. Despu\u00e9s de la universidad, el Dr. Acasio complet\u00f3 su formaci\u00f3n en odontolog\u00eda en el centro de Boston, en la Universidad de Tufts, donde recibi\u00f3 su t\u00edtulo de DMD. Deseoso de ampliar su educaci\u00f3n y formaci\u00f3n, complet\u00f3 su Residencia de Educaci\u00f3n Avanzada en Odontolog\u00eda General en NYU Langone. Desde entonces, el Dr. Acasio ha regresado a California, donde ejerce tanto en <a href=\"https:\/\/www.carsondds.com\/dentist\/los-angeles\/\">Los \u00c1ngeles<\/a> como en <a href=\"https:\/\/www.carsondds.com\/dentist\/ventura\/\">el condado de Ventura<\/a>. Es miembro de la Asociaci\u00f3n Dental Americana, la Asociaci\u00f3n Dental de California y la Sociedad Dental del Condado de Ventura\/Santa B\u00e1rbara. <\/p>\n<h2>Objetivos como dentista<\/h2>\n<p>El objetivo del Dr. Acasio es proporcionar una atenci\u00f3n de calidad a todos sus pacientes. Es un \u00e1vido aprendiz y sigue realizando cursos de CE para ampliar sus intereses especiales en implantes dentales, endodoncia y odontolog\u00eda cosm\u00e9tica. Ha estado con el equipo del Dr. Carson y Carson durante m\u00e1s de 3 a\u00f1os. El Dr. Acasio quer\u00eda volver y ejercer en la ciudad que tanto le ha dado. \u00abMi m\u00e1xima prioridad es siempre escuchar las preocupaciones de mis pacientes y proporcionarles la mejor atenci\u00f3n posible utilizando la tecnolog\u00eda y las t\u00e9cnicas m\u00e1s novedosas\u00bb.  <\/p>\n<p><img loading=\"lazy\" decoding=\"async\" class=\"alignnone size-full wp-image-2923\" src=\"https:\/\/www.carsondds.com\/wp-content\/uploads\/Dr-Acasio-9.jpg\" alt=\"El Dr. Acasio y el Dr. Carson delante de la fuente de la oficina.\" width=\"550\" height=\"450\" srcset=\"https:\/\/www.carsondds.com\/wp-content\/uploads\/Dr-Acasio-9.jpg 550w, https:\/\/www.carsondds.com\/wp-content\/uploads\/Dr-Acasio-9-300x245.jpg 300w\" sizes=\"(max-width: 550px) 100vw, 550px\" \/><\/p>\n<h2>Aficiones en el tiempo libre<\/h2>\n<p>En su tiempo libre, el Dr. Acasio disfruta al aire libre, practicando actividades como trail running y snowboard. Tambi\u00e9n le gusta ver deportes y a menudo se le puede encontrar llevando a su perro a correr. En general, es una persona atenta con una magn\u00edfica experiencia en la atenci\u00f3n dental y nos alegramos de que haya decidido formar parte de nuestro equipo en Carson &amp; Carson, DDS. <\/p>\n<p>&nbsp;<\/p>\n<p>\u00bfTienes una pregunta para el Dr. Acasio? Rellena nuestro formulario de contacto. <\/p>\n<div class=\"frm_forms  with_frm_style frm_style_formidable-style\" id=\"frm_form_7_container\" >\n<form enctype=\"multipart\/form-data\" method=\"post\" class=\"frm-show-form  frm_pro_form \" id=\"form_dlp9ll\" >\n<div class=\"frm_form_fields \">\n<fieldset>\n\r\n<div class=\"frm_fields_container\">\n<input type=\"hidden\" name=\"frm_action\" value=\"create\" \/>\n<input type=\"hidden\" name=\"form_id\" value=\"7\" \/>\n<input type=\"hidden\" name=\"frm_hide_fields_7\" id=\"frm_hide_fields_7\" value=\"\" \/>\n<input type=\"hidden\" name=\"form_key\" value=\"dlp9ll\" \/>\n<input type=\"hidden\" name=\"item_meta[0]\" value=\"\" \/>\n<input type=\"hidden\" id=\"frm_submit_entry_7\" name=\"frm_submit_entry_7\" value=\"6bc87299d0\" \/><input type=\"hidden\" name=\"_wp_http_referer\" value=\"\/es\/wp-json\/wp\/v2\/pages\/219513\" \/><div id=\"frm_field_92_container\" class=\"frm_form_field form-field  frm_required_field frm_top_container frm_left_half\">\r\n    <label for=\"field_vodp3d\" class=\"frm_primary_label\">Name\r\n        <span class=\"frm_required\">*<\/span>\r\n    <\/label>\r\n    <input  type=\"text\" id=\"field_vodp3d\" name=\"item_meta[92]\" value=\"\"  maxlength=\"35\" data-reqmsg=\"Name cannot be blank.\" aria-required=\"true\" data-invmsg=\"Name is invalid\" aria-invalid=\"false\"   \/>\r\n    \r\n    \r\n<\/div>\n<div id=\"frm_field_94_container\" class=\"frm_form_field form-field  frm_required_field frm_top_container frm_full\">\r\n    <label for=\"field_uhhby2\" class=\"frm_primary_label\">Email\r\n        <span class=\"frm_required\">*<\/span>\r\n    <\/label>\r\n    <input type=\"email\" id=\"field_uhhby2\" name=\"item_meta[94]\" value=\"\"  style=\"width:50px\" maxlength=\"50\" data-reqmsg=\"Email cannot be blank.\" aria-required=\"true\" data-invmsg=\"Please enter a valid email address\" class=\"auto_width\" aria-invalid=\"false\"  \/>\r\n    \r\n    \r\n<\/div>\n<div id=\"frm_field_95_container\" class=\"frm_form_field form-field  frm_required_field frm_top_container\">\r\n    <label for=\"field_phonenumver\" class=\"frm_primary_label\">Phone Number\r\n        <span class=\"frm_required\">*<\/span>\r\n    <\/label>\r\n    <input type=\"tel\" id=\"field_phonenumver\" name=\"item_meta[95]\" value=\"\"  maxlength=\"25\" data-reqmsg=\"Phone Number cannot be blank.\" aria-required=\"true\" data-invmsg=\"Phone Number is invalid\" aria-invalid=\"false\" pattern=\"((\\+\\d{1,3}(-|.| )?\\(?\\d\\)?(-| |.)?\\d{1,5})|(\\(?\\d{2,6}\\)?))(-|.| )?(\\d{3,4})(-|.| )?(\\d{4})(( x| ext)\\d{1,5}){0,1}$\"  \/>\r\n    \r\n    \r\n<\/div>\n<div id=\"frm_field_96_container\" class=\"frm_form_field form-field  frm_required_field frm_top_container frm_full\">\r\n    <label for=\"field_auw265\" class=\"frm_primary_label\">Questions \/ Comments \/ Setup an Appointment\r\n        <span class=\"frm_required\">*<\/span>\r\n    <\/label>\r\n    <textarea name=\"item_meta[96]\" id=\"field_auw265\" rows=\"5\"  data-reqmsg=\"Questions \/ Comments \/ Setup an Appointment cannot be blank.\" aria-required=\"true\" data-invmsg=\"Questions \/ Comments \/ Setup an Appointment no es v\u00e1lido\" aria-invalid=\"false\"  ><\/textarea>\r\n    \r\n    \r\n<\/div>\n<div id=\"frm_field_97_container\" class=\"frm_form_field form-field  frm_none_container\">\r\n    <label for=\"g-recaptcha-response\" class=\"frm_primary_label\">Captcha\r\n        <span class=\"frm_required\"><\/span>\r\n    <\/label>\r\n    <div  id=\"field_s4ztkg\" class=\"g-recaptcha\" data-sitekey=\"6LcffD8cAAAAAHtZTSGpcFsqQkzQs7--Tcd5NCFM\" data-size=\"invisible\" data-theme=\"light\" data-callback=\"frmAfterRecaptcha\"><\/div>\r\n    \r\n    \r\n<\/div>\n\t<input type=\"hidden\" name=\"item_key\" value=\"\" \/>\n\t\t\t<div id=\"frm_field_116_container\">\n\t\t\t<label for=\"field_p6kmb\" >\n\t\t\t\tSi eres humano, deja este campo en blanco.\t\t\t<\/label>\n\t\t\t<input  id=\"field_p6kmb\" type=\"text\" class=\"frm_form_field form-field frm_verify\" name=\"item_meta[116]\" value=\"\"  \/>\n\t\t<\/div>\n\t\t<input name=\"frm_state\" type=\"hidden\" value=\"NSssU\/bObRB9\/ANLdk6s22b1Q9pgKLDeLrHS0VbooVDMna3Z7wmR54NC\/3sN4Xdh\" \/><div class=\"frm_submit\">\r\n\r\n<input type=\"submit\" value=\"Submit Form\"  class=\"frm_final_submit\" formnovalidate=\"formnovalidate\" \/>\r\n<img decoding=\"async\" class=\"frm_ajax_loading\" src=\"https:\/\/www.carsondds.com\/wp-content\/plugins\/formidable\/images\/ajax_loader.gif\" alt=\"Sending\"\/>\r\n\r\n<\/div><\/div>\n<\/fieldset>\n<\/div>\n\n<\/form>\n<\/div>\n\n","protected":false},"excerpt":{"rendered":"<p>Formaci\u00f3n acad\u00e9mica y t\u00edtulos obtenidos El Dr. Michael Acasio naci\u00f3 y se cri\u00f3 en el condado de Ventura, donde asisti\u00f3 al instituto Channel Islands High School y se gradu\u00f3 como Cum Laude. Asisti\u00f3 a la UCLA y se especializ\u00f3 en Microbiolog\u00eda , Inmunolog\u00eda y Gen\u00e9tica, gradu\u00e1ndose en su clase con los m\u00e1ximos honores. Despu\u00e9s de [&hellip;]<\/p>\n","protected":false},"author":2,"featured_media":0,"parent":219395,"menu_order":2,"comment_status":"closed","ping_status":"closed","template":"","meta":{"_et_pb_use_builder":"","_et_pb_old_content":"","_et_gb_content_width":"","footnotes":""},"class_list":["post-219513","page","type-page","status-publish","hentry"],"yoast_head":"<!-- This site is optimized with the Yoast SEO plugin v27.3 - https:\/\/yoast.com\/product\/yoast-seo-wordpress\/ -->\n<title>Historial dental del Dr. Michael Acasio - Carson &amp; Carson, DDS<\/title>\n<meta name=\"description\" content=\"Biograf\u00eda del Dr. Michael Acasio - Lee el historial dental del Dr. Michael Acasio en Carson &amp; Carson, DDS Oxnard Dentists. Averigua m\u00e1s sobre su historial educativo, sus objetivos como dentista y sus aficiones de tiempo libre.\" \/>\n<meta name=\"robots\" content=\"index, follow, max-snippet:-1, max-image-preview:large, max-video-preview:-1\" \/>\n<link rel=\"canonical\" href=\"https:\/\/www.carsondds.com\/es\/historia-dental-en-carsondds\/historial-dental-del-dr-michael-acasio\/\" \/>\n<meta property=\"og:locale\" content=\"es_ES\" \/>\n<meta property=\"og:type\" content=\"article\" \/>\n<meta property=\"og:title\" content=\"Historial dental del Dr. Michael Acasio - Carson &amp; Carson, DDS\" \/>\n<meta property=\"og:description\" content=\"Biograf\u00eda del Dr. Michael Acasio - Lee el historial dental del Dr. Michael Acasio en Carson &amp; Carson, DDS Oxnard Dentists. Averigua m\u00e1s sobre su historial educativo, sus objetivos como dentista y sus aficiones de tiempo libre.\" \/>\n<meta property=\"og:url\" content=\"https:\/\/www.carsondds.com\/es\/historia-dental-en-carsondds\/historial-dental-del-dr-michael-acasio\/\" \/>\n<meta property=\"og:site_name\" content=\"Carson &amp; Carson, DDS\" \/>\n<meta property=\"article:publisher\" content=\"https:\/\/www.facebook.com\/ddscarson\/\" \/>\n<meta property=\"og:image\" content=\"https:\/\/www.carsondds.com\/wp-content\/uploads\/Dr-Acasio-2.jpg\" \/>\n\t<meta property=\"og:image:width\" content=\"375\" \/>\n\t<meta property=\"og:image:height\" content=\"500\" \/>\n\t<meta property=\"og:image:type\" content=\"image\/jpeg\" \/>\n<meta name=\"twitter:card\" content=\"summary_large_image\" \/>\n<meta name=\"twitter:site\" content=\"@carsondds\" \/>\n<meta name=\"twitter:label1\" content=\"Tiempo de lectura\" \/>\n\t<meta name=\"twitter:data1\" content=\"2 minutos\" \/>\n<script type=\"application\/ld+json\" class=\"yoast-schema-graph\">{\"@context\":\"https:\\\/\\\/schema.org\",\"@graph\":[{\"@type\":\"WebPage\",\"@id\":\"https:\\\/\\\/www.carsondds.com\\\/es\\\/historia-dental-en-carsondds\\\/historial-dental-del-dr-michael-acasio\\\/\",\"url\":\"https:\\\/\\\/www.carsondds.com\\\/es\\\/historia-dental-en-carsondds\\\/historial-dental-del-dr-michael-acasio\\\/\",\"name\":\"Historial dental del Dr. Michael Acasio - Carson & Carson, DDS\",\"isPartOf\":{\"@id\":\"https:\\\/\\\/www.carsondds.com\\\/es\\\/#website\"},\"primaryImageOfPage\":{\"@id\":\"https:\\\/\\\/www.carsondds.com\\\/es\\\/historia-dental-en-carsondds\\\/historial-dental-del-dr-michael-acasio\\\/#primaryimage\"},\"image\":{\"@id\":\"https:\\\/\\\/www.carsondds.com\\\/es\\\/historia-dental-en-carsondds\\\/historial-dental-del-dr-michael-acasio\\\/#primaryimage\"},\"thumbnailUrl\":\"https:\\\/\\\/www.carsondds.com\\\/wp-content\\\/uploads\\\/Dr-Acasio-2.jpg\",\"datePublished\":\"2019-01-08T07:58:11+00:00\",\"description\":\"Biograf\u00eda del Dr. Michael Acasio - Lee el historial dental del Dr. Michael Acasio en Carson & Carson, DDS Oxnard Dentists. Averigua m\u00e1s sobre su historial educativo, sus objetivos como dentista y sus aficiones de tiempo libre.\",\"breadcrumb\":{\"@id\":\"https:\\\/\\\/www.carsondds.com\\\/es\\\/historia-dental-en-carsondds\\\/historial-dental-del-dr-michael-acasio\\\/#breadcrumb\"},\"inLanguage\":\"es\",\"potentialAction\":[{\"@type\":\"ReadAction\",\"target\":[\"https:\\\/\\\/www.carsondds.com\\\/es\\\/historia-dental-en-carsondds\\\/historial-dental-del-dr-michael-acasio\\\/\"]}]},{\"@type\":\"ImageObject\",\"inLanguage\":\"es\",\"@id\":\"https:\\\/\\\/www.carsondds.com\\\/es\\\/historia-dental-en-carsondds\\\/historial-dental-del-dr-michael-acasio\\\/#primaryimage\",\"url\":\"https:\\\/\\\/www.carsondds.com\\\/wp-content\\\/uploads\\\/Dr-Acasio-2.jpg\",\"contentUrl\":\"https:\\\/\\\/www.carsondds.com\\\/wp-content\\\/uploads\\\/Dr-Acasio-2.jpg\"},{\"@type\":\"BreadcrumbList\",\"@id\":\"https:\\\/\\\/www.carsondds.com\\\/es\\\/historia-dental-en-carsondds\\\/historial-dental-del-dr-michael-acasio\\\/#breadcrumb\",\"itemListElement\":[{\"@type\":\"ListItem\",\"position\":1,\"name\":\"Home\",\"item\":\"https:\\\/\\\/www.carsondds.com\\\/es\\\/carson-carson-dds\\\/\"},{\"@type\":\"ListItem\",\"position\":2,\"name\":\"Historia Dental en CarsonDDS\",\"item\":\"https:\\\/\\\/www.carsondds.com\\\/es\\\/historia-dental-en-carsondds\\\/\"},{\"@type\":\"ListItem\",\"position\":3,\"name\":\"Historial dental del Dr. Michael Acasio\"}]},{\"@type\":\"WebSite\",\"@id\":\"https:\\\/\\\/www.carsondds.com\\\/es\\\/#website\",\"url\":\"https:\\\/\\\/www.carsondds.com\\\/es\\\/\",\"name\":\"Carson &amp; Carson, DDS\",\"description\":\"\",\"publisher\":{\"@id\":\"https:\\\/\\\/www.carsondds.com\\\/es\\\/#organization\"},\"potentialAction\":[{\"@type\":\"SearchAction\",\"target\":{\"@type\":\"EntryPoint\",\"urlTemplate\":\"https:\\\/\\\/www.carsondds.com\\\/es\\\/?s={search_term_string}\"},\"query-input\":{\"@type\":\"PropertyValueSpecification\",\"valueRequired\":true,\"valueName\":\"search_term_string\"}}],\"inLanguage\":\"es\"},{\"@type\":\"Organization\",\"@id\":\"https:\\\/\\\/www.carsondds.com\\\/es\\\/#organization\",\"name\":\"Carson & Carson DDS, Inc.\",\"url\":\"https:\\\/\\\/www.carsondds.com\\\/es\\\/\",\"logo\":{\"@type\":\"ImageObject\",\"inLanguage\":\"es\",\"@id\":\"https:\\\/\\\/www.carsondds.com\\\/es\\\/#\\\/schema\\\/logo\\\/image\\\/\",\"url\":\"https:\\\/\\\/www.carsondds.com\\\/wp-content\\\/uploads\\\/logo-icon.gif\",\"contentUrl\":\"https:\\\/\\\/www.carsondds.com\\\/wp-content\\\/uploads\\\/logo-icon.gif\",\"width\":51,\"height\":51,\"caption\":\"Carson & Carson DDS, Inc.\"},\"image\":{\"@id\":\"https:\\\/\\\/www.carsondds.com\\\/es\\\/#\\\/schema\\\/logo\\\/image\\\/\"},\"sameAs\":[\"https:\\\/\\\/www.facebook.com\\\/ddscarson\\\/\",\"https:\\\/\\\/x.com\\\/carsondds\",\"https:\\\/\\\/www.instagram.com\\\/carson_dentistry126\\\/\",\"https:\\\/\\\/www.youtube.com\\\/user\\\/DrCarson805\\\/\"]}]}<\/script>\n<!-- \/ Yoast SEO plugin. -->","yoast_head_json":{"title":"Historial dental del Dr. Michael Acasio - Carson & Carson, DDS","description":"Biograf\u00eda del Dr. Michael Acasio - Lee el historial dental del Dr. Michael Acasio en Carson & Carson, DDS Oxnard Dentists. Averigua m\u00e1s sobre su historial educativo, sus objetivos como dentista y sus aficiones de tiempo libre.","robots":{"index":"index","follow":"follow","max-snippet":"max-snippet:-1","max-image-preview":"max-image-preview:large","max-video-preview":"max-video-preview:-1"},"canonical":"https:\/\/www.carsondds.com\/es\/historia-dental-en-carsondds\/historial-dental-del-dr-michael-acasio\/","og_locale":"es_ES","og_type":"article","og_title":"Historial dental del Dr. Michael Acasio - Carson & Carson, DDS","og_description":"Biograf\u00eda del Dr. Michael Acasio - Lee el historial dental del Dr. Michael Acasio en Carson & Carson, DDS Oxnard Dentists. Averigua m\u00e1s sobre su historial educativo, sus objetivos como dentista y sus aficiones de tiempo libre.","og_url":"https:\/\/www.carsondds.com\/es\/historia-dental-en-carsondds\/historial-dental-del-dr-michael-acasio\/","og_site_name":"Carson &amp; Carson, DDS","article_publisher":"https:\/\/www.facebook.com\/ddscarson\/","og_image":[{"width":375,"height":500,"url":"https:\/\/www.carsondds.com\/wp-content\/uploads\/Dr-Acasio-2.jpg","type":"image\/jpeg"}],"twitter_card":"summary_large_image","twitter_site":"@carsondds","twitter_misc":{"Tiempo de lectura":"2 minutos"},"schema":{"@context":"https:\/\/schema.org","@graph":[{"@type":"WebPage","@id":"https:\/\/www.carsondds.com\/es\/historia-dental-en-carsondds\/historial-dental-del-dr-michael-acasio\/","url":"https:\/\/www.carsondds.com\/es\/historia-dental-en-carsondds\/historial-dental-del-dr-michael-acasio\/","name":"Historial dental del Dr. Michael Acasio - Carson & Carson, DDS","isPartOf":{"@id":"https:\/\/www.carsondds.com\/es\/#website"},"primaryImageOfPage":{"@id":"https:\/\/www.carsondds.com\/es\/historia-dental-en-carsondds\/historial-dental-del-dr-michael-acasio\/#primaryimage"},"image":{"@id":"https:\/\/www.carsondds.com\/es\/historia-dental-en-carsondds\/historial-dental-del-dr-michael-acasio\/#primaryimage"},"thumbnailUrl":"https:\/\/www.carsondds.com\/wp-content\/uploads\/Dr-Acasio-2.jpg","datePublished":"2019-01-08T07:58:11+00:00","description":"Biograf\u00eda del Dr. Michael Acasio - Lee el historial dental del Dr. Michael Acasio en Carson & Carson, DDS Oxnard Dentists. Averigua m\u00e1s sobre su historial educativo, sus objetivos como dentista y sus aficiones de tiempo libre.","breadcrumb":{"@id":"https:\/\/www.carsondds.com\/es\/historia-dental-en-carsondds\/historial-dental-del-dr-michael-acasio\/#breadcrumb"},"inLanguage":"es","potentialAction":[{"@type":"ReadAction","target":["https:\/\/www.carsondds.com\/es\/historia-dental-en-carsondds\/historial-dental-del-dr-michael-acasio\/"]}]},{"@type":"ImageObject","inLanguage":"es","@id":"https:\/\/www.carsondds.com\/es\/historia-dental-en-carsondds\/historial-dental-del-dr-michael-acasio\/#primaryimage","url":"https:\/\/www.carsondds.com\/wp-content\/uploads\/Dr-Acasio-2.jpg","contentUrl":"https:\/\/www.carsondds.com\/wp-content\/uploads\/Dr-Acasio-2.jpg"},{"@type":"BreadcrumbList","@id":"https:\/\/www.carsondds.com\/es\/historia-dental-en-carsondds\/historial-dental-del-dr-michael-acasio\/#breadcrumb","itemListElement":[{"@type":"ListItem","position":1,"name":"Home","item":"https:\/\/www.carsondds.com\/es\/carson-carson-dds\/"},{"@type":"ListItem","position":2,"name":"Historia Dental en CarsonDDS","item":"https:\/\/www.carsondds.com\/es\/historia-dental-en-carsondds\/"},{"@type":"ListItem","position":3,"name":"Historial dental del Dr. Michael Acasio"}]},{"@type":"WebSite","@id":"https:\/\/www.carsondds.com\/es\/#website","url":"https:\/\/www.carsondds.com\/es\/","name":"Carson &amp; Carson, DDS","description":"","publisher":{"@id":"https:\/\/www.carsondds.com\/es\/#organization"},"potentialAction":[{"@type":"SearchAction","target":{"@type":"EntryPoint","urlTemplate":"https:\/\/www.carsondds.com\/es\/?s={search_term_string}"},"query-input":{"@type":"PropertyValueSpecification","valueRequired":true,"valueName":"search_term_string"}}],"inLanguage":"es"},{"@type":"Organization","@id":"https:\/\/www.carsondds.com\/es\/#organization","name":"Carson & Carson DDS, Inc.","url":"https:\/\/www.carsondds.com\/es\/","logo":{"@type":"ImageObject","inLanguage":"es","@id":"https:\/\/www.carsondds.com\/es\/#\/schema\/logo\/image\/","url":"https:\/\/www.carsondds.com\/wp-content\/uploads\/logo-icon.gif","contentUrl":"https:\/\/www.carsondds.com\/wp-content\/uploads\/logo-icon.gif","width":51,"height":51,"caption":"Carson & Carson DDS, Inc."},"image":{"@id":"https:\/\/www.carsondds.com\/es\/#\/schema\/logo\/image\/"},"sameAs":["https:\/\/www.facebook.com\/ddscarson\/","https:\/\/x.com\/carsondds","https:\/\/www.instagram.com\/carson_dentistry126\/","https:\/\/www.youtube.com\/user\/DrCarson805\/"]}]}},"_links":{"self":[{"href":"https:\/\/www.carsondds.com\/es\/wp-json\/wp\/v2\/pages\/219513","targetHints":{"allow":["GET"]}}],"collection":[{"href":"https:\/\/www.carsondds.com\/es\/wp-json\/wp\/v2\/pages"}],"about":[{"href":"https:\/\/www.carsondds.com\/es\/wp-json\/wp\/v2\/types\/page"}],"author":[{"embeddable":true,"href":"https:\/\/www.carsondds.com\/es\/wp-json\/wp\/v2\/users\/2"}],"replies":[{"embeddable":true,"href":"https:\/\/www.carsondds.com\/es\/wp-json\/wp\/v2\/comments?post=219513"}],"version-history":[{"count":0,"href":"https:\/\/www.carsondds.com\/es\/wp-json\/wp\/v2\/pages\/219513\/revisions"}],"up":[{"embeddable":true,"href":"https:\/\/www.carsondds.com\/es\/wp-json\/wp\/v2\/pages\/219395"}],"wp:attachment":[{"href":"https:\/\/www.carsondds.com\/es\/wp-json\/wp\/v2\/media?parent=219513"}],"curies":[{"name":"wp","href":"https:\/\/api.w.org\/{rel}","templated":true}]}}