{"id":219512,"date":"2018-07-09T23:46:03","date_gmt":"2018-07-10T06:46:03","guid":{"rendered":"https:\/\/www.carsondds.com\/nuevos-pacientes\/primera-visita-al-dentista\/"},"modified":"2018-07-09T23:46:03","modified_gmt":"2018-07-10T06:46:03","slug":"primera-visita-al-dentista","status":"publish","type":"page","link":"https:\/\/www.carsondds.com\/es\/nuevos-pacientes\/primera-visita-al-dentista\/","title":{"rendered":"Primera visita al dentista"},"content":{"rendered":"<h2>Qu\u00e9 esperar de tu consulta de nuevo paciente<\/h2>\n<p>Nuestra primera prioridad es siempre tu seguridad y comodidad al recibir atenci\u00f3n. Durante tu primera cita, nuestro equipo revisar\u00e1 tu historial m\u00e9dico y dental antes de realizar una evaluaci\u00f3n inicial para determinar tu salud dental general. La mayor\u00eda de las veces, tambi\u00e9n realizamos un <a href=\"https:\/\/www.carsondds.com\/dental-services\/ct-scan-digital-radiography\/\">TAC dental o una radiograf\u00eda<\/a> durante esta primera visita, ya que nos permite profundizar a\u00fan m\u00e1s en el estado de tu salud bucodental. Nuestros dentistas son <strong>examinadores y evaluadores certificados en sedaci\u00f3n consciente <\/strong>y pueden ofrecer la <a href=\"https:\/\/www.carsondds.com\/dental-services\/ivsedation\/\">sedaci\u00f3n dental<\/a> como opci\u00f3n para muchos tratamientos. Tambi\u00e9n estamos orgullosos de ofrecer <a href=\"https:\/\/www.carsondds.com\/dental-services\/emergency-dentist\/\">atenci\u00f3n dental de urgencia 24 horas al d\u00eda, 7 d\u00edas a la semana<\/a>, a todos nuestros pacientes. Puedes ver im\u00e1genes de antes y despu\u00e9s de algunos de nuestros casos dentales recientes en la <a href=\"https:\/\/www.carsondds.com\/smile-gallery\/\">Galer\u00eda de Sonrisas<\/a>.  <\/p>\n<a class=\"scss3b-button scss3b-button-adobe\" href=\"https:\/\/www.carsondds.com\/contact-us\/\">Contacta con nosotros<\/a>\n<h2>Calidad de la atenci\u00f3n en Carson &amp; Carson, DDS<\/h2>\n<p><img loading=\"lazy\" decoding=\"async\" class=\"alignnone size-full wp-image-1048\" src=\"https:\/\/www.carsondds.com\/wp-content\/uploads\/Review-Pic.jpg\" alt=\"45 a\u00f1os de experiencia Carson y Carson Dental oficinas en Oxnard y Camarillo\" width=\"797\" height=\"314\" srcset=\"https:\/\/www.carsondds.com\/wp-content\/uploads\/Review-Pic.jpg 797w, https:\/\/www.carsondds.com\/wp-content\/uploads\/Review-Pic-300x118.jpg 300w\" sizes=\"(max-width: 797px) 100vw, 797px\" \/><\/p>\n<p>Las cl\u00ednicas dentales Carson &amp; Carson, DDS llevan m\u00e1s de 45 a\u00f1os proporcionando cuidados dentales suaves <a href=\"https:\/\/www.carsondds.com\/dentist\/ventura\/\">al condado de Ventura<\/a> y al <a href=\"https:\/\/www.carsondds.com\/dentist\/southern-california\/\">sur de California<\/a>. Fuimos una de las primeras cl\u00ednicas dentales del condado en ofrecer <a href=\"https:\/\/www.carsondds.com\/dental-services\/ct-scan-digital-radiography\/\">tomograf\u00edas computarizadas dentales<\/a> a nuestros pacientes. Desde 1970, nuestro objetivo ha sido proporcionar atenci\u00f3n dental de alta calidad y conocimientos sobre c\u00f3mo mantener una excelente salud dental para todos nuestros pacientes. Nuestros <a href=\"https:\/\/www.carsondds.com\/history\/drleroycarson\/\">expertos dentales<\/a> se alegran de poder ofrecer una atenci\u00f3n dental de primera a precios competitivos. Siempre estamos abiertos a las segundas opiniones de otros dentistas y ofrecemos igualaci\u00f3n de precios en la mayor\u00eda de nuestros <a href=\"https:\/\/www.carsondds.com\/dental-services\/\">servicios dentales<\/a>.  <\/p>\n<p style=\"text-align: center;\">\n<p>&nbsp;<\/p>\n<h2>Formularios para pacientes nuevos<\/h2>\n<p>Haz clic en el bot\u00f3n PDF de abajo para obtener una versi\u00f3n imprimible del formulario para pacientes en PDF. Si quieres, puedes traerlo cumplimentado en la primera visita. <\/p>\n<p><a href=\"https:\/\/www.carsondds.com\/wp-content\/uploads\/NP-FORMS-CarsonDDS.pdf\" target=\"_blank\" rel=\"noopener noreferrer\"><img loading=\"lazy\" decoding=\"async\" class=\"alignnone wp-image-2228 size-full\" style=\"display: block; margin-left: auto; margin-right: auto;\" src=\"https:\/\/www.carsondds.com\/wp-content\/uploads\/pdf-form-icon.png\" alt=\"Formularios dentales PDF para nuevos pacientes\" width=\"300\" height=\"180\"><\/a><\/p>\n<h2><strong><span style=\"color: #333333;\">Resultados recientes de Antes y Despu\u00e9s<\/span><br \/>\n<\/strong><\/h2>\n<p><a href=\"https:\/\/www.carsondds.com\/smile-gallery\/\" target=\"_blank\" rel=\"noopener noreferrer\"><img loading=\"lazy\" decoding=\"async\" class=\"alignnone size-full wp-image-2264\" src=\"https:\/\/www.carsondds.com\/wp-content\/uploads\/BA-Bridges-2.jpg\" alt=\"Puente dental antes y despu\u00e9s del trabajo\" width=\"660\" height=\"230\" srcset=\"https:\/\/www.carsondds.com\/wp-content\/uploads\/BA-Bridges-2.jpg 660w, https:\/\/www.carsondds.com\/wp-content\/uploads\/BA-Bridges-2-300x105.jpg 300w\" sizes=\"(max-width: 660px) 100vw, 660px\" \/><\/a><br \/>\n<a href=\"https:\/\/www.carsondds.com\/smile-gallery\/\" target=\"_blank\" rel=\"noopener noreferrer\"><img loading=\"lazy\" decoding=\"async\" class=\"alignnone size-full wp-image-2257\" src=\"https:\/\/www.carsondds.com\/wp-content\/uploads\/BA-Crowns-2.jpg\" alt=\"Empaste dental antes y despu\u00e9s\" width=\"660\" height=\"229\" srcset=\"https:\/\/www.carsondds.com\/wp-content\/uploads\/BA-Crowns-2.jpg 660w, https:\/\/www.carsondds.com\/wp-content\/uploads\/BA-Crowns-2-300x104.jpg 300w\" sizes=\"(max-width: 660px) 100vw, 660px\" \/><\/a><\/p>\n<h2><span style=\"color: #333333;\">Se aceptan la mayor\u00eda de los seguros dentales<br \/>\n<\/span><\/h2>\n<p>Nuestras dos <a href=\"https:\/\/www.carsondds.com\/dentist\/\">cl\u00ednicas<\/a> aceptan una amplia variedad de <a href=\"https:\/\/www.carsondds.com\/dental-insurance\/\">seguros dentales<\/a> y ofrecen financiaci\u00f3n a trav\u00e9s de Care Credit. Puedes averiguar si eres elegible para un plan de pago Care Credit antes de recibir tratamiento rellenando la <a href=\"https:\/\/www.carecredit.com\/apply\/confirm.html?encm=UjMLMgdlUzYAPARgVWFZMAU_VTYFa1hpUTICOwRtAzc\">solicitud de financiaci\u00f3n aqu\u00ed<\/a>. <\/p>\n<table width=\"1393\">\n<tbody>\n<tr>\n<td width=\"243\"><a href=\"https:\/\/www.carsondds.com\/dental-insurance\/delta-dentist\/\"><img loading=\"lazy\" decoding=\"async\" class=\"size-full wp-image-217226 aligncenter\" src=\"https:\/\/www.carsondds.com\/wp-content\/uploads\/Delta-1.jpg\" alt=\"Logotipo de Delta Dental\" width=\"231\" height=\"153\"><\/a><\/td>\n<td width=\"365\"><img loading=\"lazy\" decoding=\"async\" class=\"size-full wp-image-217221 aligncenter\" src=\"https:\/\/www.carsondds.com\/wp-content\/uploads\/aetna_416x416.jpg\" alt=\"Logotipo de Aetna\" width=\"416\" height=\"160\" srcset=\"https:\/\/www.carsondds.com\/wp-content\/uploads\/aetna_416x416.jpg 416w, https:\/\/www.carsondds.com\/wp-content\/uploads\/aetna_416x416-300x115.jpg 300w\" sizes=\"(max-width: 416px) 100vw, 416px\" \/><\/td>\n<td width=\"365\"><img loading=\"lazy\" decoding=\"async\" class=\"size-full wp-image-217229 aligncenter\" src=\"https:\/\/www.carsondds.com\/wp-content\/uploads\/logo_anthem_blue_cross_450x300.png\" alt=\"Logotipo de Anthem Blue Cross\" width=\"450\" height=\"162\" srcset=\"https:\/\/www.carsondds.com\/wp-content\/uploads\/logo_anthem_blue_cross_450x300.png 450w, https:\/\/www.carsondds.com\/wp-content\/uploads\/logo_anthem_blue_cross_450x300-300x108.png 300w\" sizes=\"(max-width: 450px) 100vw, 450px\" \/><\/td>\n<td width=\"420\"><img loading=\"lazy\" decoding=\"async\" class=\"size-full wp-image-217230 aligncenter\" src=\"https:\/\/www.carsondds.com\/wp-content\/uploads\/MetLife-Dental-Insurance.png\" alt=\"Logotipo de MetLife\" width=\"354\" height=\"80\" srcset=\"https:\/\/www.carsondds.com\/wp-content\/uploads\/MetLife-Dental-Insurance.png 354w, https:\/\/www.carsondds.com\/wp-content\/uploads\/MetLife-Dental-Insurance-300x68.png 300w\" sizes=\"(max-width: 354px) 100vw, 354px\" \/><\/td>\n<\/tr>\n<tr>\n<td><img loading=\"lazy\" decoding=\"async\" class=\"size-full wp-image-217224 aligncenter\" src=\"https:\/\/www.carsondds.com\/wp-content\/uploads\/ci-cigna-takeover.jpg\" alt=\"Logotipo de Cigna\" width=\"620\" height=\"350\" srcset=\"https:\/\/www.carsondds.com\/wp-content\/uploads\/ci-cigna-takeover.jpg 620w, https:\/\/www.carsondds.com\/wp-content\/uploads\/ci-cigna-takeover-300x169.jpg 300w\" sizes=\"(max-width: 620px) 100vw, 620px\" \/><\/td>\n<td><img loading=\"lazy\" decoding=\"async\" class=\"size-full wp-image-217231 aligncenter\" src=\"https:\/\/www.carsondds.com\/wp-content\/uploads\/New_Humana_Logo_2012.jpg\" alt=\"Logotipo de Humana\" width=\"544\" height=\"139\" srcset=\"https:\/\/www.carsondds.com\/wp-content\/uploads\/New_Humana_Logo_2012.jpg 544w, https:\/\/www.carsondds.com\/wp-content\/uploads\/New_Humana_Logo_2012-300x77.jpg 300w\" sizes=\"(max-width: 544px) 100vw, 544px\" \/><\/td>\n<td><img loading=\"lazy\" decoding=\"async\" class=\"size-full wp-image-217227 aligncenter\" src=\"https:\/\/www.carsondds.com\/wp-content\/uploads\/dmx-logo-home.png\" alt=\"Logotipo de DenteMax\" width=\"271\" height=\"156\"><\/td>\n<td><img loading=\"lazy\" decoding=\"async\" class=\"size-full wp-image-217220 aligncenter\" src=\"https:\/\/www.carsondds.com\/wp-content\/uploads\/1162_UHCLogo.png\" alt=\"Logotipo de United Healthcare\" width=\"459\" height=\"103\" srcset=\"https:\/\/www.carsondds.com\/wp-content\/uploads\/1162_UHCLogo.png 459w, https:\/\/www.carsondds.com\/wp-content\/uploads\/1162_UHCLogo-300x67.png 300w\" sizes=\"(max-width: 459px) 100vw, 459px\" \/><\/td>\n<\/tr>\n<tr>\n<td><img loading=\"lazy\" decoding=\"async\" class=\"size-full wp-image-217228 aligncenter\" src=\"https:\/\/www.carsondds.com\/wp-content\/uploads\/guardian-logo.jpg\" alt=\"Logo Guardian\" width=\"463\" height=\"252\" srcset=\"https:\/\/www.carsondds.com\/wp-content\/uploads\/guardian-logo.jpg 463w, https:\/\/www.carsondds.com\/wp-content\/uploads\/guardian-logo-300x163.jpg 300w\" sizes=\"(max-width: 463px) 100vw, 463px\" \/><\/td>\n<td><img loading=\"lazy\" decoding=\"async\" class=\"size-full wp-image-217232 aligncenter\" src=\"https:\/\/www.carsondds.com\/wp-content\/uploads\/Premier-Access-Color1.jpg\" alt=\"Logotipo de Acceso Premier\" width=\"300\" height=\"144\"><\/td>\n<td><img loading=\"lazy\" decoding=\"async\" class=\"size-full wp-image-217225 aligncenter\" src=\"https:\/\/www.carsondds.com\/wp-content\/uploads\/Connection-Dental-Provider.png\" alt=\"Logotipo de Connection Dental\" width=\"344\" height=\"139\" srcset=\"https:\/\/www.carsondds.com\/wp-content\/uploads\/Connection-Dental-Provider.png 344w, https:\/\/www.carsondds.com\/wp-content\/uploads\/Connection-Dental-Provider-300x121.png 300w\" sizes=\"(max-width: 344px) 100vw, 344px\" \/><\/td>\n<td><img loading=\"lazy\" decoding=\"async\" class=\"alignnone size-full wp-image-217233\" src=\"https:\/\/www.carsondds.com\/wp-content\/uploads\/united-concordia.png\" alt=\"Logotipo de United Concordia\" width=\"832\" height=\"99\" data-wp-editing=\"1\" srcset=\"https:\/\/www.carsondds.com\/wp-content\/uploads\/united-concordia.png 832w, https:\/\/www.carsondds.com\/wp-content\/uploads\/united-concordia-300x36.png 300w\" sizes=\"(max-width: 832px) 100vw, 832px\" \/><\/td>\n<\/tr>\n<\/tbody>\n<\/table>\n<h2>Programa hoy una visita a Carson &amp; Carson, DDS<\/h2>\n<p>\u00a1Recibe tratamiento de dentistas con m\u00e1s de 4 d\u00e9cadas de experiencia en Carson &amp; Carson, DDS hoy mismo! Estamos orgullosos de servir a los pacientes de todo el <a href=\"https:\/\/www.carsondds.com\/dentist\/ventura\/\">condado de Ventura<\/a> y m\u00e1s all\u00e1, incluyendo: <a href=\"https:\/\/www.carsondds.com\/dentist\/oxnard\/\">Oxnard<\/a>, <a href=\"https:\/\/www.carsondds.com\/dentist\/camarillo\/\">Camarillo<\/a>, <a href=\"https:\/\/www.carsondds.com\/dentist\/agoura-hills\/\">Agoura Hills<\/a>, <a href=\"https:\/\/www.carsondds.com\/dentist\/carpinteria\/\">Carpinter\u00eda<\/a>, <a href=\"https:\/\/www.carsondds.com\/dentist\/port-hueneme\/\">Port Hueneme<\/a>, <a href=\"https:\/\/www.carsondds.com\/dentist\/santa-paula\/\">Santa Paula<\/a>, <a href=\"https:\/\/www.carsondds.com\/dentist\/santa-barbara\/\">Santa B\u00e1rbara<\/a>, <a href=\"https:\/\/www.carsondds.com\/dentist\/thousand-oaks\/\">Thousand Oaks<\/a>, <a href=\"https:\/\/www.carsondds.com\/dentist\/westlake-village\/\">Westlake Village<\/a>, <a href=\"https:\/\/www.carsondds.com\/dentist\/malibu\/\">Malib\u00fa<\/a> y <a href=\"https:\/\/www.carsondds.com\/dentist\/los-angeles\/\">Los \u00c1ngeles<\/a>. <\/p>\n<p>&nbsp;<\/p>\n<a class=\"scss3b-button scss3b-button-adobe\" href=\"https:\/\/www.carsondds.com\/contact-us\/\">Programar una consulta<\/a>\n","protected":false},"excerpt":{"rendered":"<p>Qu\u00e9 esperar de tu consulta de nuevo paciente Nuestra primera prioridad es siempre tu seguridad y comodidad al recibir atenci\u00f3n. Durante tu primera cita, nuestro equipo revisar\u00e1 tu historial m\u00e9dico y dental antes de realizar una evaluaci\u00f3n inicial para determinar tu salud dental general. La mayor\u00eda de las veces, tambi\u00e9n realizamos un TAC dental o [&hellip;]<\/p>\n","protected":false},"author":2,"featured_media":0,"parent":219476,"menu_order":0,"comment_status":"closed","ping_status":"closed","template":"","meta":{"_et_pb_use_builder":"","_et_pb_old_content":"","_et_gb_content_width":"","footnotes":""},"class_list":["post-219512","page","type-page","status-publish","hentry"],"yoast_head":"<!-- This site is optimized with the Yoast SEO plugin v27.4 - https:\/\/yoast.com\/product\/yoast-seo-wordpress\/ -->\n<title>Primera visita y evaluaci\u00f3n dental de un paciente nuevo - Carson &amp; Carson, DDS<\/title>\n<meta name=\"description\" content=\"Inf\u00f3rmate sobre lo que puedes esperar de tu primera visita al dentista como paciente nuevo en Carson &amp; Carson, DDS. Recibe tratamiento de dentistas con m\u00e1s de 45 a\u00f1os de experiencia\" \/>\n<meta name=\"robots\" content=\"index, follow, max-snippet:-1, max-image-preview:large, max-video-preview:-1\" \/>\n<link rel=\"canonical\" href=\"https:\/\/www.carsondds.com\/es\/nuevos-pacientes\/primera-visita-al-dentista\/\" \/>\n<meta property=\"og:locale\" content=\"es_ES\" \/>\n<meta property=\"og:type\" content=\"article\" \/>\n<meta property=\"og:title\" content=\"Primera visita y evaluaci\u00f3n dental de un paciente nuevo - Carson &amp; Carson, DDS\" \/>\n<meta property=\"og:description\" content=\"Inf\u00f3rmate sobre lo que puedes esperar de tu primera visita al dentista como paciente nuevo en Carson &amp; Carson, DDS. Recibe tratamiento de dentistas con m\u00e1s de 45 a\u00f1os de experiencia\" \/>\n<meta property=\"og:url\" content=\"https:\/\/www.carsondds.com\/es\/nuevos-pacientes\/primera-visita-al-dentista\/\" \/>\n<meta property=\"og:site_name\" content=\"Carson &amp; Carson, DDS\" \/>\n<meta property=\"article:publisher\" content=\"https:\/\/www.facebook.com\/ddscarson\/\" \/>\n<meta property=\"og:image\" content=\"https:\/\/www.carsondds.com\/wp-content\/uploads\/Review-Pic.jpg\" \/>\n\t<meta property=\"og:image:width\" content=\"797\" \/>\n\t<meta property=\"og:image:height\" content=\"314\" \/>\n\t<meta property=\"og:image:type\" content=\"image\/jpeg\" \/>\n<meta name=\"twitter:card\" content=\"summary_large_image\" \/>\n<meta name=\"twitter:site\" content=\"@carsondds\" \/>\n<meta name=\"twitter:label1\" content=\"Tiempo de lectura\" \/>\n\t<meta name=\"twitter:data1\" content=\"2 minutos\" \/>\n<script type=\"application\/ld+json\" class=\"yoast-schema-graph\">{\"@context\":\"https:\\\/\\\/schema.org\",\"@graph\":[{\"@type\":\"WebPage\",\"@id\":\"https:\\\/\\\/www.carsondds.com\\\/es\\\/nuevos-pacientes\\\/primera-visita-al-dentista\\\/\",\"url\":\"https:\\\/\\\/www.carsondds.com\\\/es\\\/nuevos-pacientes\\\/primera-visita-al-dentista\\\/\",\"name\":\"Primera visita y evaluaci\u00f3n dental de un paciente nuevo - Carson & Carson, DDS\",\"isPartOf\":{\"@id\":\"https:\\\/\\\/www.carsondds.com\\\/es\\\/#website\"},\"primaryImageOfPage\":{\"@id\":\"https:\\\/\\\/www.carsondds.com\\\/es\\\/nuevos-pacientes\\\/primera-visita-al-dentista\\\/#primaryimage\"},\"image\":{\"@id\":\"https:\\\/\\\/www.carsondds.com\\\/es\\\/nuevos-pacientes\\\/primera-visita-al-dentista\\\/#primaryimage\"},\"thumbnailUrl\":\"https:\\\/\\\/www.carsondds.com\\\/wp-content\\\/uploads\\\/Review-Pic.jpg\",\"datePublished\":\"2018-07-10T06:46:03+00:00\",\"description\":\"Inf\u00f3rmate sobre lo que puedes esperar de tu primera visita al dentista como paciente nuevo en Carson & Carson, DDS. Recibe tratamiento de dentistas con m\u00e1s de 45 a\u00f1os de experiencia\",\"breadcrumb\":{\"@id\":\"https:\\\/\\\/www.carsondds.com\\\/es\\\/nuevos-pacientes\\\/primera-visita-al-dentista\\\/#breadcrumb\"},\"inLanguage\":\"es\",\"potentialAction\":[{\"@type\":\"ReadAction\",\"target\":[\"https:\\\/\\\/www.carsondds.com\\\/es\\\/nuevos-pacientes\\\/primera-visita-al-dentista\\\/\"]}]},{\"@type\":\"ImageObject\",\"inLanguage\":\"es\",\"@id\":\"https:\\\/\\\/www.carsondds.com\\\/es\\\/nuevos-pacientes\\\/primera-visita-al-dentista\\\/#primaryimage\",\"url\":\"https:\\\/\\\/www.carsondds.com\\\/wp-content\\\/uploads\\\/Review-Pic.jpg\",\"contentUrl\":\"https:\\\/\\\/www.carsondds.com\\\/wp-content\\\/uploads\\\/Review-Pic.jpg\"},{\"@type\":\"BreadcrumbList\",\"@id\":\"https:\\\/\\\/www.carsondds.com\\\/es\\\/nuevos-pacientes\\\/primera-visita-al-dentista\\\/#breadcrumb\",\"itemListElement\":[{\"@type\":\"ListItem\",\"position\":1,\"name\":\"Home\",\"item\":\"https:\\\/\\\/www.carsondds.com\\\/es\\\/carson-carson-dds\\\/\"},{\"@type\":\"ListItem\",\"position\":2,\"name\":\"Nuevos pacientes\",\"item\":\"https:\\\/\\\/www.carsondds.com\\\/es\\\/nuevos-pacientes\\\/\"},{\"@type\":\"ListItem\",\"position\":3,\"name\":\"Primera visita al dentista\"}]},{\"@type\":\"WebSite\",\"@id\":\"https:\\\/\\\/www.carsondds.com\\\/es\\\/#website\",\"url\":\"https:\\\/\\\/www.carsondds.com\\\/es\\\/\",\"name\":\"Carson &amp; Carson, DDS\",\"description\":\"\",\"publisher\":{\"@id\":\"https:\\\/\\\/www.carsondds.com\\\/es\\\/#organization\"},\"potentialAction\":[{\"@type\":\"SearchAction\",\"target\":{\"@type\":\"EntryPoint\",\"urlTemplate\":\"https:\\\/\\\/www.carsondds.com\\\/es\\\/?s={search_term_string}\"},\"query-input\":{\"@type\":\"PropertyValueSpecification\",\"valueRequired\":true,\"valueName\":\"search_term_string\"}}],\"inLanguage\":\"es\"},{\"@type\":\"Organization\",\"@id\":\"https:\\\/\\\/www.carsondds.com\\\/es\\\/#organization\",\"name\":\"Carson & Carson DDS, Inc.\",\"url\":\"https:\\\/\\\/www.carsondds.com\\\/es\\\/\",\"logo\":{\"@type\":\"ImageObject\",\"inLanguage\":\"es\",\"@id\":\"https:\\\/\\\/www.carsondds.com\\\/es\\\/#\\\/schema\\\/logo\\\/image\\\/\",\"url\":\"https:\\\/\\\/www.carsondds.com\\\/wp-content\\\/uploads\\\/logo-icon.gif\",\"contentUrl\":\"https:\\\/\\\/www.carsondds.com\\\/wp-content\\\/uploads\\\/logo-icon.gif\",\"width\":51,\"height\":51,\"caption\":\"Carson & Carson DDS, Inc.\"},\"image\":{\"@id\":\"https:\\\/\\\/www.carsondds.com\\\/es\\\/#\\\/schema\\\/logo\\\/image\\\/\"},\"sameAs\":[\"https:\\\/\\\/www.facebook.com\\\/ddscarson\\\/\",\"https:\\\/\\\/x.com\\\/carsondds\",\"https:\\\/\\\/www.instagram.com\\\/carson_dentistry126\\\/\",\"https:\\\/\\\/www.youtube.com\\\/user\\\/DrCarson805\\\/\"]}]}<\/script>\n<!-- \/ Yoast SEO plugin. -->","yoast_head_json":{"title":"Primera visita y evaluaci\u00f3n dental de un paciente nuevo - Carson & Carson, DDS","description":"Inf\u00f3rmate sobre lo que puedes esperar de tu primera visita al dentista como paciente nuevo en Carson & Carson, DDS. Recibe tratamiento de dentistas con m\u00e1s de 45 a\u00f1os de experiencia","robots":{"index":"index","follow":"follow","max-snippet":"max-snippet:-1","max-image-preview":"max-image-preview:large","max-video-preview":"max-video-preview:-1"},"canonical":"https:\/\/www.carsondds.com\/es\/nuevos-pacientes\/primera-visita-al-dentista\/","og_locale":"es_ES","og_type":"article","og_title":"Primera visita y evaluaci\u00f3n dental de un paciente nuevo - Carson & Carson, DDS","og_description":"Inf\u00f3rmate sobre lo que puedes esperar de tu primera visita al dentista como paciente nuevo en Carson & Carson, DDS. Recibe tratamiento de dentistas con m\u00e1s de 45 a\u00f1os de experiencia","og_url":"https:\/\/www.carsondds.com\/es\/nuevos-pacientes\/primera-visita-al-dentista\/","og_site_name":"Carson &amp; Carson, DDS","article_publisher":"https:\/\/www.facebook.com\/ddscarson\/","og_image":[{"width":797,"height":314,"url":"https:\/\/www.carsondds.com\/wp-content\/uploads\/Review-Pic.jpg","type":"image\/jpeg"}],"twitter_card":"summary_large_image","twitter_site":"@carsondds","twitter_misc":{"Tiempo de lectura":"2 minutos"},"schema":{"@context":"https:\/\/schema.org","@graph":[{"@type":"WebPage","@id":"https:\/\/www.carsondds.com\/es\/nuevos-pacientes\/primera-visita-al-dentista\/","url":"https:\/\/www.carsondds.com\/es\/nuevos-pacientes\/primera-visita-al-dentista\/","name":"Primera visita y evaluaci\u00f3n dental de un paciente nuevo - Carson & Carson, DDS","isPartOf":{"@id":"https:\/\/www.carsondds.com\/es\/#website"},"primaryImageOfPage":{"@id":"https:\/\/www.carsondds.com\/es\/nuevos-pacientes\/primera-visita-al-dentista\/#primaryimage"},"image":{"@id":"https:\/\/www.carsondds.com\/es\/nuevos-pacientes\/primera-visita-al-dentista\/#primaryimage"},"thumbnailUrl":"https:\/\/www.carsondds.com\/wp-content\/uploads\/Review-Pic.jpg","datePublished":"2018-07-10T06:46:03+00:00","description":"Inf\u00f3rmate sobre lo que puedes esperar de tu primera visita al dentista como paciente nuevo en Carson & Carson, DDS. Recibe tratamiento de dentistas con m\u00e1s de 45 a\u00f1os de experiencia","breadcrumb":{"@id":"https:\/\/www.carsondds.com\/es\/nuevos-pacientes\/primera-visita-al-dentista\/#breadcrumb"},"inLanguage":"es","potentialAction":[{"@type":"ReadAction","target":["https:\/\/www.carsondds.com\/es\/nuevos-pacientes\/primera-visita-al-dentista\/"]}]},{"@type":"ImageObject","inLanguage":"es","@id":"https:\/\/www.carsondds.com\/es\/nuevos-pacientes\/primera-visita-al-dentista\/#primaryimage","url":"https:\/\/www.carsondds.com\/wp-content\/uploads\/Review-Pic.jpg","contentUrl":"https:\/\/www.carsondds.com\/wp-content\/uploads\/Review-Pic.jpg"},{"@type":"BreadcrumbList","@id":"https:\/\/www.carsondds.com\/es\/nuevos-pacientes\/primera-visita-al-dentista\/#breadcrumb","itemListElement":[{"@type":"ListItem","position":1,"name":"Home","item":"https:\/\/www.carsondds.com\/es\/carson-carson-dds\/"},{"@type":"ListItem","position":2,"name":"Nuevos pacientes","item":"https:\/\/www.carsondds.com\/es\/nuevos-pacientes\/"},{"@type":"ListItem","position":3,"name":"Primera visita al dentista"}]},{"@type":"WebSite","@id":"https:\/\/www.carsondds.com\/es\/#website","url":"https:\/\/www.carsondds.com\/es\/","name":"Carson &amp; Carson, DDS","description":"","publisher":{"@id":"https:\/\/www.carsondds.com\/es\/#organization"},"potentialAction":[{"@type":"SearchAction","target":{"@type":"EntryPoint","urlTemplate":"https:\/\/www.carsondds.com\/es\/?s={search_term_string}"},"query-input":{"@type":"PropertyValueSpecification","valueRequired":true,"valueName":"search_term_string"}}],"inLanguage":"es"},{"@type":"Organization","@id":"https:\/\/www.carsondds.com\/es\/#organization","name":"Carson & Carson DDS, Inc.","url":"https:\/\/www.carsondds.com\/es\/","logo":{"@type":"ImageObject","inLanguage":"es","@id":"https:\/\/www.carsondds.com\/es\/#\/schema\/logo\/image\/","url":"https:\/\/www.carsondds.com\/wp-content\/uploads\/logo-icon.gif","contentUrl":"https:\/\/www.carsondds.com\/wp-content\/uploads\/logo-icon.gif","width":51,"height":51,"caption":"Carson & Carson DDS, Inc."},"image":{"@id":"https:\/\/www.carsondds.com\/es\/#\/schema\/logo\/image\/"},"sameAs":["https:\/\/www.facebook.com\/ddscarson\/","https:\/\/x.com\/carsondds","https:\/\/www.instagram.com\/carson_dentistry126\/","https:\/\/www.youtube.com\/user\/DrCarson805\/"]}]}},"_links":{"self":[{"href":"https:\/\/www.carsondds.com\/es\/wp-json\/wp\/v2\/pages\/219512","targetHints":{"allow":["GET"]}}],"collection":[{"href":"https:\/\/www.carsondds.com\/es\/wp-json\/wp\/v2\/pages"}],"about":[{"href":"https:\/\/www.carsondds.com\/es\/wp-json\/wp\/v2\/types\/page"}],"author":[{"embeddable":true,"href":"https:\/\/www.carsondds.com\/es\/wp-json\/wp\/v2\/users\/2"}],"replies":[{"embeddable":true,"href":"https:\/\/www.carsondds.com\/es\/wp-json\/wp\/v2\/comments?post=219512"}],"version-history":[{"count":0,"href":"https:\/\/www.carsondds.com\/es\/wp-json\/wp\/v2\/pages\/219512\/revisions"}],"up":[{"embeddable":true,"href":"https:\/\/www.carsondds.com\/es\/wp-json\/wp\/v2\/pages\/219476"}],"wp:attachment":[{"href":"https:\/\/www.carsondds.com\/es\/wp-json\/wp\/v2\/media?parent=219512"}],"curies":[{"name":"wp","href":"https:\/\/api.w.org\/{rel}","templated":true}]}}