{"id":219509,"date":"2019-01-30T21:21:50","date_gmt":"2019-01-31T05:21:50","guid":{"rendered":"https:\/\/www.carsondds.com\/boca-seca\/"},"modified":"2024-12-27T15:12:03","modified_gmt":"2024-12-27T23:12:03","slug":"boca-seca","status":"publish","type":"page","link":"https:\/\/www.carsondds.com\/es\/servicios-dentales\/problemas-dentales-comunes\/boca-seca\/","title":{"rendered":"Boca seca"},"content":{"rendered":"<p>La saliva es un factor importante para mantener la boca sana y funcionando correctamente. Su presencia ayuda a: <\/p>\n<ul>\n<li>proteger, lubricar e higienizar la capa mucosa de la cavidad bucal<\/li>\n<li>mejorar la funci\u00f3n de masticar, tragar y hablar<\/li>\n<li>protege tus dientes contra <a href=\"https:\/\/www.carsondds.com\/dental-services\/common-dental-problems\/cavities-tooth-decay\/\">las caries<\/a><\/li>\n<li>protegen la boca, los dientes y la garganta de <a href=\"https:\/\/www.carsondds.com\/dental-services\/infections\/\">las infecciones<\/a> por bacterias, levaduras y virus<\/li>\n<li>fomentan nuestro sentido del gusto<\/li>\n<\/ul>\n<p>Cuando la producci\u00f3n de saliva es demasiado baja, la <strong>sequedad bucal<\/strong> (tambi\u00e9n conocida como <strong>xerostom\u00eda<\/strong>) puede afectar negativamente a muchos aspectos de tu salud general.<\/p>\n<h2>Causas de la boca seca<\/h2>\n<p><img loading=\"lazy\" decoding=\"async\" class=\"alignright size-full wp-image-2982\" src=\"https:\/\/www.carsondds.com\/wp-content\/uploads\/Dry-Mouth.jpg\" alt=\"Boca seca Lengua\" width=\"349\" height=\"374\" srcset=\"https:\/\/www.carsondds.com\/wp-content\/uploads\/Dry-Mouth.jpg 349w, https:\/\/www.carsondds.com\/wp-content\/uploads\/Dry-Mouth-280x300.jpg 280w\" sizes=\"(max-width: 349px) 100vw, 349px\" \/><\/p>\n<p>Muchas cosas diferentes pueden provocar la sequedad de boca. Algunas de estas causas pueden ser <\/p>\n<ul>\n<li><strong>Enfermedad o infecci\u00f3n<\/strong>. La sequedad bucal puede deberse a determinadas afecciones m\u00e9dicas, como: VIH\/sida, hipertensi\u00f3n, Parkinson, s\u00edndrome de Sj\u00f6gren, diabetes, linfoma, c\u00e1ncer oral, fibrosis qu\u00edstica, Alzheimer y paperas. <\/li>\n<li><strong>Efectos secundarios de los medicamentos<\/strong>. Muchos medicamentos utilizados para tratar el dolor, las alergias, la ansiedad, la depresi\u00f3n, la epilepsia, la psicosis, el Parkinson, el asma, la obesidad y la diarrea pueden causar sequedad de boca como efecto secundario. <\/li>\n<li><strong>Efectos secundarios del tratamiento m\u00e9dico<\/strong>. Determinados medicamentos de quimioterapia y radioterapia en la cabeza y el cuello (utilizados para tratar el c\u00e1ncer) pueden provocar sequedad bucal al da\u00f1ar los medios de producci\u00f3n salival del organismo. <\/li>\n<li><strong>Envejecimiento<\/strong>. Muchas personas mayores experimentan sequedad bucal a medida que envejecen, pero esto se debe sobre todo a cambios en la capacidad del organismo para procesar los medicamentos y a la desnutrici\u00f3n. <\/li>\n<li><strong>Alcohol y tabaco<\/strong>. Consumir alcohol y tabaco puede da\u00f1ar la salud de tu boca y empeorar los s\u00edntomas de la boca seca, entre otros problemas. <\/li>\n<li><strong>Deshidrataci\u00f3n<\/strong>. Las afecciones que provocan falta de hidrataci\u00f3n, como fiebre, v\u00f3mitos, diarrea, lesiones por quemaduras, p\u00e9rdida de sangre y sudoraci\u00f3n excesiva, pueden causar sequedad de boca. <\/li>\n<\/ul>\n<h2>S\u00edntomas de la boca seca<\/h2>\n<p>La sequedad bucal puede provocar muchos s\u00edntomas perceptibles, como:<\/p>\n<ul>\n<li>Sequedad o pegajosidad excesiva en la boca<\/li>\n<li>Saliva espesa, fibrosa o m\u00e1s viscosa de lo normal<\/li>\n<li><a href=\"https:\/\/www.carsondds.com\/dental-services\/common-dental-problems\/halitosis-bad-breath\/\">Halitosis (mal aliento)<\/a><\/li>\n<li>Dolor de garganta o ronquera<\/li>\n<li>Lengua seca que puede contener surcos<\/li>\n<li>Sentido del gusto disminuido\/diferente<\/li>\n<li>Dificultades para hablar y masticar<\/li>\n<\/ul>\n<p>Aunque los s\u00edntomas de la boca seca pueden parecer en s\u00ed mismos molestias menores, los efectos a largo plazo de esta afecci\u00f3n pueden ser mucho m\u00e1s graves para tu salud general. La sequedad bucal aumenta el riesgo de padecer <a href=\"https:\/\/www.carsondds.com\/dental-services\/common-dental-problems\/gingivitis-periodontal-disease\/\">gingivitis (enfermedad de las enc\u00edas)<\/a>, hace que tus dientes sean m\u00e1s vulnerables a las caries y las infecciones, y puede dificultar enormemente el uso correcto de <a href=\"https:\/\/www.carsondds.com\/dental-services\/dentures\/\">las pr\u00f3tesis dentales<\/a>. <\/p>\n<h2>Tratamientos para la boca seca<\/h2>\n<p>El tratamiento de la boca seca depende de la causa de la afecci\u00f3n. Si la boca seca es un efecto secundario de un medicamento, el dentista puede recomendarte que dejes de tomarlo, si es posible. Si la causa de tu boca seca no es algo que pueda eliminarse directamente, como una medicaci\u00f3n o un h\u00e1bito de vida, entonces tu dentista puede recomendarte la prescripci\u00f3n de un humectante oral o un medicamento para estimular la producci\u00f3n de saliva. Estos tratamientos pueden incluir: <strong>saliva artificial<\/strong>, <strong>humectantes para lubricar la boca<\/strong> o <strong>enjuague bucal para los que tienen la boca seca (contiene xilitol)<\/strong>.   <\/p>\n<h2>Ayuda experimentada a s\u00f3lo una llamada de distancia<\/h2>\n<p>\u00bfSufres sequedad bucal? Un experimentado equipo de expertos dentales est\u00e1 aqu\u00ed para ayudarte. <a href=\"https:\/\/www.carsondds.com\/contact-us\/\">Ponte en contacto con nosotros<\/a> hoy mismo para concertar una visita. <\/p>\n","protected":false},"excerpt":{"rendered":"<p>La saliva es un factor importante para mantener la boca sana y funcionando correctamente. Su presencia ayuda a: proteger, lubricar e higienizar la capa mucosa de la cavidad bucal mejorar la funci\u00f3n de masticar, tragar y hablar protege tus dientes contra las caries protegen la boca, los dientes y la garganta de las infecciones por [&hellip;]<\/p>\n","protected":false},"author":2,"featured_media":0,"parent":219531,"menu_order":0,"comment_status":"closed","ping_status":"closed","template":"","meta":{"_et_pb_use_builder":"","_et_pb_old_content":"","_et_gb_content_width":"","footnotes":""},"class_list":["post-219509","page","type-page","status-publish","hentry"],"yoast_head":"<!-- This site is optimized with the Yoast SEO plugin v27.5 - https:\/\/yoast.com\/product\/yoast-seo-wordpress\/ -->\n<title>Boca seca - Carson &amp; Carson, DDS<\/title>\n<meta name=\"description\" content=\"Boca seca (Xerostemia): la boca no produce suficiente saliva para mantenerse h\u00fameda. Lee sobre las causas, s\u00edntomas y tratamientos de la boca seca en CarsonDDS.\" \/>\n<meta name=\"robots\" content=\"index, follow, max-snippet:-1, max-image-preview:large, max-video-preview:-1\" \/>\n<link rel=\"canonical\" href=\"https:\/\/www.carsondds.com\/es\/servicios-dentales\/problemas-dentales-comunes\/boca-seca\/\" \/>\n<meta property=\"og:locale\" content=\"es_ES\" \/>\n<meta property=\"og:type\" content=\"article\" \/>\n<meta property=\"og:title\" content=\"Boca seca - Carson &amp; Carson, DDS\" \/>\n<meta property=\"og:description\" content=\"Boca seca (Xerostemia): la boca no produce suficiente saliva para mantenerse h\u00fameda. Lee sobre las causas, s\u00edntomas y tratamientos de la boca seca en CarsonDDS.\" \/>\n<meta property=\"og:url\" content=\"https:\/\/www.carsondds.com\/es\/servicios-dentales\/problemas-dentales-comunes\/boca-seca\/\" \/>\n<meta property=\"og:site_name\" content=\"Carson &amp; Carson, DDS\" \/>\n<meta property=\"article:publisher\" content=\"https:\/\/www.facebook.com\/ddscarson\/\" \/>\n<meta property=\"article:modified_time\" content=\"2024-12-27T23:12:03+00:00\" \/>\n<meta property=\"og:image\" content=\"https:\/\/www.carsondds.com\/wp-content\/uploads\/Dry-Mouth.jpg\" \/>\n\t<meta property=\"og:image:width\" content=\"349\" \/>\n\t<meta property=\"og:image:height\" content=\"374\" \/>\n\t<meta property=\"og:image:type\" content=\"image\/jpeg\" \/>\n<meta name=\"twitter:card\" content=\"summary_large_image\" \/>\n<meta name=\"twitter:site\" content=\"@carsondds\" \/>\n<meta name=\"twitter:label1\" content=\"Tiempo de lectura\" \/>\n\t<meta name=\"twitter:data1\" content=\"3 minutos\" \/>\n<script type=\"application\/ld+json\" class=\"yoast-schema-graph\">{\"@context\":\"https:\\\/\\\/schema.org\",\"@graph\":[{\"@type\":\"WebPage\",\"@id\":\"https:\\\/\\\/www.carsondds.com\\\/es\\\/servicios-dentales\\\/problemas-dentales-comunes\\\/boca-seca\\\/\",\"url\":\"https:\\\/\\\/www.carsondds.com\\\/es\\\/servicios-dentales\\\/problemas-dentales-comunes\\\/boca-seca\\\/\",\"name\":\"Boca seca - Carson &amp; Carson, DDS\",\"isPartOf\":{\"@id\":\"https:\\\/\\\/www.carsondds.com\\\/es\\\/#website\"},\"primaryImageOfPage\":{\"@id\":\"https:\\\/\\\/www.carsondds.com\\\/es\\\/servicios-dentales\\\/problemas-dentales-comunes\\\/boca-seca\\\/#primaryimage\"},\"image\":{\"@id\":\"https:\\\/\\\/www.carsondds.com\\\/es\\\/servicios-dentales\\\/problemas-dentales-comunes\\\/boca-seca\\\/#primaryimage\"},\"thumbnailUrl\":\"https:\\\/\\\/www.carsondds.com\\\/wp-content\\\/uploads\\\/Dry-Mouth.jpg\",\"datePublished\":\"2019-01-31T05:21:50+00:00\",\"dateModified\":\"2024-12-27T23:12:03+00:00\",\"description\":\"Boca seca (Xerostemia): la boca no produce suficiente saliva para mantenerse h\u00fameda. Lee sobre las causas, s\u00edntomas y tratamientos de la boca seca en CarsonDDS.\",\"breadcrumb\":{\"@id\":\"https:\\\/\\\/www.carsondds.com\\\/es\\\/servicios-dentales\\\/problemas-dentales-comunes\\\/boca-seca\\\/#breadcrumb\"},\"inLanguage\":\"es\",\"potentialAction\":[{\"@type\":\"ReadAction\",\"target\":[\"https:\\\/\\\/www.carsondds.com\\\/es\\\/servicios-dentales\\\/problemas-dentales-comunes\\\/boca-seca\\\/\"]}]},{\"@type\":\"ImageObject\",\"inLanguage\":\"es\",\"@id\":\"https:\\\/\\\/www.carsondds.com\\\/es\\\/servicios-dentales\\\/problemas-dentales-comunes\\\/boca-seca\\\/#primaryimage\",\"url\":\"https:\\\/\\\/www.carsondds.com\\\/wp-content\\\/uploads\\\/Dry-Mouth.jpg\",\"contentUrl\":\"https:\\\/\\\/www.carsondds.com\\\/wp-content\\\/uploads\\\/Dry-Mouth.jpg\"},{\"@type\":\"BreadcrumbList\",\"@id\":\"https:\\\/\\\/www.carsondds.com\\\/es\\\/servicios-dentales\\\/problemas-dentales-comunes\\\/boca-seca\\\/#breadcrumb\",\"itemListElement\":[{\"@type\":\"ListItem\",\"position\":1,\"name\":\"Home\",\"item\":\"https:\\\/\\\/www.carsondds.com\\\/es\\\/carson-carson-dds\\\/\"},{\"@type\":\"ListItem\",\"position\":2,\"name\":\"Servicios dentales\",\"item\":\"https:\\\/\\\/www.carsondds.com\\\/es\\\/servicios-dentales\\\/\"},{\"@type\":\"ListItem\",\"position\":3,\"name\":\"Problemas dentales comunes\",\"item\":\"https:\\\/\\\/www.carsondds.com\\\/es\\\/servicios-dentales\\\/problemas-dentales-comunes\\\/\"},{\"@type\":\"ListItem\",\"position\":4,\"name\":\"Boca seca\"}]},{\"@type\":\"WebSite\",\"@id\":\"https:\\\/\\\/www.carsondds.com\\\/es\\\/#website\",\"url\":\"https:\\\/\\\/www.carsondds.com\\\/es\\\/\",\"name\":\"Carson &amp; Carson, DDS\",\"description\":\"\",\"publisher\":{\"@id\":\"https:\\\/\\\/www.carsondds.com\\\/es\\\/#organization\"},\"potentialAction\":[{\"@type\":\"SearchAction\",\"target\":{\"@type\":\"EntryPoint\",\"urlTemplate\":\"https:\\\/\\\/www.carsondds.com\\\/es\\\/?s={search_term_string}\"},\"query-input\":{\"@type\":\"PropertyValueSpecification\",\"valueRequired\":true,\"valueName\":\"search_term_string\"}}],\"inLanguage\":\"es\"},{\"@type\":\"Organization\",\"@id\":\"https:\\\/\\\/www.carsondds.com\\\/es\\\/#organization\",\"name\":\"Carson & Carson DDS, Inc.\",\"url\":\"https:\\\/\\\/www.carsondds.com\\\/es\\\/\",\"logo\":{\"@type\":\"ImageObject\",\"inLanguage\":\"es\",\"@id\":\"https:\\\/\\\/www.carsondds.com\\\/es\\\/#\\\/schema\\\/logo\\\/image\\\/\",\"url\":\"https:\\\/\\\/www.carsondds.com\\\/wp-content\\\/uploads\\\/logo-icon.gif\",\"contentUrl\":\"https:\\\/\\\/www.carsondds.com\\\/wp-content\\\/uploads\\\/logo-icon.gif\",\"width\":51,\"height\":51,\"caption\":\"Carson & Carson DDS, Inc.\"},\"image\":{\"@id\":\"https:\\\/\\\/www.carsondds.com\\\/es\\\/#\\\/schema\\\/logo\\\/image\\\/\"},\"sameAs\":[\"https:\\\/\\\/www.facebook.com\\\/ddscarson\\\/\",\"https:\\\/\\\/x.com\\\/carsondds\",\"https:\\\/\\\/www.instagram.com\\\/carson_dentistry126\\\/\",\"https:\\\/\\\/www.youtube.com\\\/user\\\/DrCarson805\\\/\"]}]}<\/script>\n<!-- \/ Yoast SEO plugin. -->","yoast_head_json":{"title":"Boca seca - Carson &amp; Carson, DDS","description":"Boca seca (Xerostemia): la boca no produce suficiente saliva para mantenerse h\u00fameda. Lee sobre las causas, s\u00edntomas y tratamientos de la boca seca en CarsonDDS.","robots":{"index":"index","follow":"follow","max-snippet":"max-snippet:-1","max-image-preview":"max-image-preview:large","max-video-preview":"max-video-preview:-1"},"canonical":"https:\/\/www.carsondds.com\/es\/servicios-dentales\/problemas-dentales-comunes\/boca-seca\/","og_locale":"es_ES","og_type":"article","og_title":"Boca seca - Carson &amp; Carson, DDS","og_description":"Boca seca (Xerostemia): la boca no produce suficiente saliva para mantenerse h\u00fameda. Lee sobre las causas, s\u00edntomas y tratamientos de la boca seca en CarsonDDS.","og_url":"https:\/\/www.carsondds.com\/es\/servicios-dentales\/problemas-dentales-comunes\/boca-seca\/","og_site_name":"Carson &amp; Carson, DDS","article_publisher":"https:\/\/www.facebook.com\/ddscarson\/","article_modified_time":"2024-12-27T23:12:03+00:00","og_image":[{"width":349,"height":374,"url":"https:\/\/www.carsondds.com\/wp-content\/uploads\/Dry-Mouth.jpg","type":"image\/jpeg"}],"twitter_card":"summary_large_image","twitter_site":"@carsondds","twitter_misc":{"Tiempo de lectura":"3 minutos"},"schema":{"@context":"https:\/\/schema.org","@graph":[{"@type":"WebPage","@id":"https:\/\/www.carsondds.com\/es\/servicios-dentales\/problemas-dentales-comunes\/boca-seca\/","url":"https:\/\/www.carsondds.com\/es\/servicios-dentales\/problemas-dentales-comunes\/boca-seca\/","name":"Boca seca - Carson &amp; Carson, DDS","isPartOf":{"@id":"https:\/\/www.carsondds.com\/es\/#website"},"primaryImageOfPage":{"@id":"https:\/\/www.carsondds.com\/es\/servicios-dentales\/problemas-dentales-comunes\/boca-seca\/#primaryimage"},"image":{"@id":"https:\/\/www.carsondds.com\/es\/servicios-dentales\/problemas-dentales-comunes\/boca-seca\/#primaryimage"},"thumbnailUrl":"https:\/\/www.carsondds.com\/wp-content\/uploads\/Dry-Mouth.jpg","datePublished":"2019-01-31T05:21:50+00:00","dateModified":"2024-12-27T23:12:03+00:00","description":"Boca seca (Xerostemia): la boca no produce suficiente saliva para mantenerse h\u00fameda. Lee sobre las causas, s\u00edntomas y tratamientos de la boca seca en CarsonDDS.","breadcrumb":{"@id":"https:\/\/www.carsondds.com\/es\/servicios-dentales\/problemas-dentales-comunes\/boca-seca\/#breadcrumb"},"inLanguage":"es","potentialAction":[{"@type":"ReadAction","target":["https:\/\/www.carsondds.com\/es\/servicios-dentales\/problemas-dentales-comunes\/boca-seca\/"]}]},{"@type":"ImageObject","inLanguage":"es","@id":"https:\/\/www.carsondds.com\/es\/servicios-dentales\/problemas-dentales-comunes\/boca-seca\/#primaryimage","url":"https:\/\/www.carsondds.com\/wp-content\/uploads\/Dry-Mouth.jpg","contentUrl":"https:\/\/www.carsondds.com\/wp-content\/uploads\/Dry-Mouth.jpg"},{"@type":"BreadcrumbList","@id":"https:\/\/www.carsondds.com\/es\/servicios-dentales\/problemas-dentales-comunes\/boca-seca\/#breadcrumb","itemListElement":[{"@type":"ListItem","position":1,"name":"Home","item":"https:\/\/www.carsondds.com\/es\/carson-carson-dds\/"},{"@type":"ListItem","position":2,"name":"Servicios dentales","item":"https:\/\/www.carsondds.com\/es\/servicios-dentales\/"},{"@type":"ListItem","position":3,"name":"Problemas dentales comunes","item":"https:\/\/www.carsondds.com\/es\/servicios-dentales\/problemas-dentales-comunes\/"},{"@type":"ListItem","position":4,"name":"Boca seca"}]},{"@type":"WebSite","@id":"https:\/\/www.carsondds.com\/es\/#website","url":"https:\/\/www.carsondds.com\/es\/","name":"Carson &amp; Carson, DDS","description":"","publisher":{"@id":"https:\/\/www.carsondds.com\/es\/#organization"},"potentialAction":[{"@type":"SearchAction","target":{"@type":"EntryPoint","urlTemplate":"https:\/\/www.carsondds.com\/es\/?s={search_term_string}"},"query-input":{"@type":"PropertyValueSpecification","valueRequired":true,"valueName":"search_term_string"}}],"inLanguage":"es"},{"@type":"Organization","@id":"https:\/\/www.carsondds.com\/es\/#organization","name":"Carson & Carson DDS, Inc.","url":"https:\/\/www.carsondds.com\/es\/","logo":{"@type":"ImageObject","inLanguage":"es","@id":"https:\/\/www.carsondds.com\/es\/#\/schema\/logo\/image\/","url":"https:\/\/www.carsondds.com\/wp-content\/uploads\/logo-icon.gif","contentUrl":"https:\/\/www.carsondds.com\/wp-content\/uploads\/logo-icon.gif","width":51,"height":51,"caption":"Carson & Carson DDS, Inc."},"image":{"@id":"https:\/\/www.carsondds.com\/es\/#\/schema\/logo\/image\/"},"sameAs":["https:\/\/www.facebook.com\/ddscarson\/","https:\/\/x.com\/carsondds","https:\/\/www.instagram.com\/carson_dentistry126\/","https:\/\/www.youtube.com\/user\/DrCarson805\/"]}]}},"_links":{"self":[{"href":"https:\/\/www.carsondds.com\/es\/wp-json\/wp\/v2\/pages\/219509","targetHints":{"allow":["GET"]}}],"collection":[{"href":"https:\/\/www.carsondds.com\/es\/wp-json\/wp\/v2\/pages"}],"about":[{"href":"https:\/\/www.carsondds.com\/es\/wp-json\/wp\/v2\/types\/page"}],"author":[{"embeddable":true,"href":"https:\/\/www.carsondds.com\/es\/wp-json\/wp\/v2\/users\/2"}],"replies":[{"embeddable":true,"href":"https:\/\/www.carsondds.com\/es\/wp-json\/wp\/v2\/comments?post=219509"}],"version-history":[{"count":1,"href":"https:\/\/www.carsondds.com\/es\/wp-json\/wp\/v2\/pages\/219509\/revisions"}],"predecessor-version":[{"id":219542,"href":"https:\/\/www.carsondds.com\/es\/wp-json\/wp\/v2\/pages\/219509\/revisions\/219542"}],"up":[{"embeddable":true,"href":"https:\/\/www.carsondds.com\/es\/wp-json\/wp\/v2\/pages\/219531"}],"wp:attachment":[{"href":"https:\/\/www.carsondds.com\/es\/wp-json\/wp\/v2\/media?parent=219509"}],"curies":[{"name":"wp","href":"https:\/\/api.w.org\/{rel}","templated":true}]}}