{"id":219508,"date":"2019-02-07T23:41:51","date_gmt":"2019-02-08T07:41:51","guid":{"rendered":"https:\/\/www.carsondds.com\/servicios-dentales\/anatomia-dental\/"},"modified":"2019-02-07T23:41:51","modified_gmt":"2019-02-08T07:41:51","slug":"anatomia-dental","status":"publish","type":"page","link":"https:\/\/www.carsondds.com\/es\/servicios-dentales\/anatomia-dental\/","title":{"rendered":"Anatom\u00eda dental"},"content":{"rendered":"<p><img loading=\"lazy\" decoding=\"async\" class=\"aligncenter size-full wp-image-217785\" src=\"https:\/\/www.carsondds.com\/wp-content\/uploads\/Anatomy-of-the-Tooth.jpg\" alt=\"Antom\u00eda etiquetada de un diente\" width=\"600\" height=\"504\" srcset=\"https:\/\/www.carsondds.com\/wp-content\/uploads\/Anatomy-of-the-Tooth.jpg 600w, https:\/\/www.carsondds.com\/wp-content\/uploads\/Anatomy-of-the-Tooth-480x403.jpg 480w\" sizes=\"(min-width: 0px) and (max-width: 480px) 480px, (min-width: 481px) 600px, 100vw\" \/><\/p>\n<h2>Partes de la estructura dental y sus funciones<\/h2>\n<p>La anatom\u00eda del diente humano puede dividirse en 3 secciones distintas: la Corona, el Cuello y la Ra\u00edz. Aunque hay distintos tipos de dientes, los 32 dientes permanentes del adulto humano sano tienen estas 3 partes. <\/p>\n<h3><strong>Corona<\/strong><\/h3>\n<p>La <strong>corona anat\u00f3mica<\/strong> es la parte superior visible del diente. En la anatom\u00eda de un diente sano, la corona est\u00e1 cubierta por la capa de esmalte. <\/p>\n<ul>\n<li><strong>Esmalte<\/strong>. La capa m\u00e1s fuerte y externa de la corona del diente. Este tejido calcificado es la sustancia m\u00e1s dura del cuerpo humano y constituye la primera capa de protecci\u00f3n contra la caries.  <\/li>\n<li><strong>Dentina<\/strong>. La capa de tejido amarillento subyacente bajo la capa de esmalte o cemento del diente. Cuando el esmalte se rompe con el tiempo por el envejecimiento o la <a href=\"https:\/\/www.carsondds.com\/dental-services\/common-dental-problems\/cavities-tooth-decay\/\">caries<\/a>, la capa de dentina se convierte en la capa de la corona que queda expuesta, creando un tinte m\u00e1s amarillento en el color del diente.  <\/li>\n<\/ul>\n<h3><strong>Cuello<\/strong><\/h3>\n<p>El<strong> cuello (c\u00e9rvix dental)<\/strong> es la porci\u00f3n del diente que descansa entre la corona y la ra\u00edz del diente. Conecta la capa m\u00e1s externa de la corona (esmalte) de la capa m\u00e1s externa de la ra\u00edz (cemento) en la uni\u00f3n dentonoesmalte. <\/p>\n<ul>\n<li><strong>Enc\u00edas (gingiva)<\/strong>. Tejidos blandos que soportan y mantienen en su sitio la ra\u00edz del diente. Los tejidos gingivales anclan la ra\u00edz y el cuello del diente al <strong>hueso alveolar <\/strong>(hueso subyacente de la mand\u00edbula que sostiene la estructura y el desarrollo del diente) a trav\u00e9s del <strong>ligamento periodontal<\/strong>.  <\/li>\n<li><strong>C\u00e1mara pulpar<\/strong>. Esta c\u00e1mara se encuentra en la parte m\u00e1s interna del cuello del diente, debajo de la capa de dentina, y alberga la pulpa del diente. <\/li>\n<li><strong>Pulpa<\/strong>. Tejido nervioso y vasos sangu\u00edneos que recorren la c\u00e1mara pulpar del diente. Es fundamental para suministrar ox\u00edgeno y dar sensaci\u00f3n de tacto a los tejidos del diente.  <\/li>\n<\/ul>\n<h3><strong>Ra\u00edz<\/strong><\/h3>\n<p>La<strong> ra\u00edz del diente<\/strong> es la secci\u00f3n que est\u00e1 incrustada bajo la l\u00ednea de la enc\u00eda y puede comprender aproximadamente 2\/3 del tejido dental total. Las partes de esta secci\u00f3n incluyen: <\/p>\n<ul>\n<li><strong>Cemento<\/strong>. Tejido duro que recubre la ra\u00edz del diente y lo une a las enc\u00edas. En comparaci\u00f3n con el esmalte, esta capa es mucho m\u00e1s fina y delicada, pero sigue siendo casi tan dura como los huesos.  <\/li>\n<li><strong>Conducto radicular<\/strong>. Es el conducto central que discurre verticalmente a lo largo de la ra\u00edz del diente. Este conducto aloja los nervios y vasos sangu\u00edneos del diente y conecta la enc\u00eda con la c\u00e1mara pulpar.  <\/li>\n<li><strong>Ligamento periodontal<\/strong>. Capa de transici\u00f3n que conecta y separa la capa de cemento de los huesos alveolares de los maxilares superior e inferior. Al igual que la pulpa, esta secci\u00f3n del diente tambi\u00e9n contiene vasos sangu\u00edneos y nervios.  <\/li>\n<\/ul>\n<h2>Diferentes tipos de dientes<\/h2>\n<p><img loading=\"lazy\" decoding=\"async\" class=\"alignright size-full wp-image-3002\" src=\"https:\/\/www.carsondds.com\/wp-content\/uploads\/Types-Of-Teeth.jpg\" alt=\"Tipos de dientes en la boca\" width=\"242\" height=\"242\" srcset=\"https:\/\/www.carsondds.com\/wp-content\/uploads\/Types-Of-Teeth.jpg 242w, https:\/\/www.carsondds.com\/wp-content\/uploads\/Types-Of-Teeth-150x150.jpg 150w\" sizes=\"(max-width: 242px) 100vw, 242px\" \/>En la anatom\u00eda normal de la boca humana adulta hay aproximadamente 32 dientes, 16 de ellos en la mand\u00edbula superior e inferior. Entre estos 32 dientes, hay 5 tipos, cada uno de los cuales tiene una funci\u00f3n distinta y est\u00e1 situado en una zona diferente de la boca. <\/p>\n<ul>\n<li><strong>Molares (8 en boca)<\/strong>. Dientes posteriores que son en su mayor\u00eda planos y se utilizan mejor para triturar mec\u00e1nicamente los alimentos. Suelen salir de las enc\u00edas a los 6-8 a\u00f1os de edad.  <\/li>\n<li><strong>Incisivos (8 en boca)<\/strong>. Dientes frontales afilados <\/li>\n<li><strong>Caninos (4 en boca)<\/strong>.<\/li>\n<li><strong>Premolares (8 en boca)<\/strong>.<\/li>\n<li><strong>Muelas del juicio (4 en boca)<\/strong>. Tambi\u00e9n conocidas como terceros molares, estas molestas muelas est\u00e1n situadas en la parte posterior de la boca y a menudo <a href=\"https:\/\/www.carsondds.com\/dental-services\/toothextraction\/\">se extraen quir\u00fargicamente<\/a> en la adolescencia para evitar complicaciones derivadas de su presencia. <\/li>\n<\/ul>\n","protected":false},"excerpt":{"rendered":"<p>Partes de la estructura dental y sus funciones La anatom\u00eda del diente humano puede dividirse en 3 secciones distintas: la Corona, el Cuello y la Ra\u00edz. Aunque hay distintos tipos de dientes, los 32 dientes permanentes del adulto humano sano tienen estas 3 partes. Corona La corona anat\u00f3mica es la parte superior visible del diente. [&hellip;]<\/p>\n","protected":false},"author":2,"featured_media":0,"parent":219417,"menu_order":20,"comment_status":"closed","ping_status":"closed","template":"","meta":{"_et_pb_use_builder":"","_et_pb_old_content":"","_et_gb_content_width":"","footnotes":""},"class_list":["post-219508","page","type-page","status-publish","hentry"],"yoast_head":"<!-- This site is optimized with the Yoast SEO plugin v27.3 - https:\/\/yoast.com\/product\/yoast-seo-wordpress\/ -->\n<title>Anatom\u00eda dental - Carson &amp; Carson, DDS<\/title>\n<meta name=\"description\" content=\"Inf\u00f3rmate sobre la anatom\u00eda dental, incluyendo la corona, el cuello y la ra\u00edz del diente en CarsonDDS. Lee sobre los tipos de dientes, las partes del diente y sus funciones.\" \/>\n<meta name=\"robots\" content=\"index, follow, max-snippet:-1, max-image-preview:large, max-video-preview:-1\" \/>\n<link rel=\"canonical\" href=\"https:\/\/www.carsondds.com\/es\/servicios-dentales\/anatomia-dental\/\" \/>\n<meta property=\"og:locale\" content=\"es_ES\" \/>\n<meta property=\"og:type\" content=\"article\" \/>\n<meta property=\"og:title\" content=\"Anatom\u00eda dental - Carson &amp; Carson, DDS\" \/>\n<meta property=\"og:description\" content=\"Inf\u00f3rmate sobre la anatom\u00eda dental, incluyendo la corona, el cuello y la ra\u00edz del diente en CarsonDDS. Lee sobre los tipos de dientes, las partes del diente y sus funciones.\" \/>\n<meta property=\"og:url\" content=\"https:\/\/www.carsondds.com\/es\/servicios-dentales\/anatomia-dental\/\" \/>\n<meta property=\"og:site_name\" content=\"Carson &amp; Carson, DDS\" \/>\n<meta property=\"article:publisher\" content=\"https:\/\/www.facebook.com\/ddscarson\/\" \/>\n<meta property=\"og:image\" content=\"https:\/\/www.carsondds.com\/wp-content\/uploads\/Anatomy-of-the-Tooth.jpg\" \/>\n\t<meta property=\"og:image:width\" content=\"600\" \/>\n\t<meta property=\"og:image:height\" content=\"504\" \/>\n\t<meta property=\"og:image:type\" content=\"image\/jpeg\" \/>\n<meta name=\"twitter:card\" content=\"summary_large_image\" \/>\n<meta name=\"twitter:site\" content=\"@carsondds\" \/>\n<meta name=\"twitter:label1\" content=\"Tiempo de lectura\" \/>\n\t<meta name=\"twitter:data1\" content=\"3 minutos\" \/>\n<script type=\"application\/ld+json\" class=\"yoast-schema-graph\">{\"@context\":\"https:\\\/\\\/schema.org\",\"@graph\":[{\"@type\":\"WebPage\",\"@id\":\"https:\\\/\\\/www.carsondds.com\\\/es\\\/servicios-dentales\\\/anatomia-dental\\\/\",\"url\":\"https:\\\/\\\/www.carsondds.com\\\/es\\\/servicios-dentales\\\/anatomia-dental\\\/\",\"name\":\"Anatom\u00eda dental - Carson &amp; Carson, DDS\",\"isPartOf\":{\"@id\":\"https:\\\/\\\/www.carsondds.com\\\/es\\\/#website\"},\"primaryImageOfPage\":{\"@id\":\"https:\\\/\\\/www.carsondds.com\\\/es\\\/servicios-dentales\\\/anatomia-dental\\\/#primaryimage\"},\"image\":{\"@id\":\"https:\\\/\\\/www.carsondds.com\\\/es\\\/servicios-dentales\\\/anatomia-dental\\\/#primaryimage\"},\"thumbnailUrl\":\"https:\\\/\\\/www.carsondds.com\\\/wp-content\\\/uploads\\\/Anatomy-of-the-Tooth.jpg\",\"datePublished\":\"2019-02-08T07:41:51+00:00\",\"description\":\"Inf\u00f3rmate sobre la anatom\u00eda dental, incluyendo la corona, el cuello y la ra\u00edz del diente en CarsonDDS. Lee sobre los tipos de dientes, las partes del diente y sus funciones.\",\"breadcrumb\":{\"@id\":\"https:\\\/\\\/www.carsondds.com\\\/es\\\/servicios-dentales\\\/anatomia-dental\\\/#breadcrumb\"},\"inLanguage\":\"es\",\"potentialAction\":[{\"@type\":\"ReadAction\",\"target\":[\"https:\\\/\\\/www.carsondds.com\\\/es\\\/servicios-dentales\\\/anatomia-dental\\\/\"]}]},{\"@type\":\"ImageObject\",\"inLanguage\":\"es\",\"@id\":\"https:\\\/\\\/www.carsondds.com\\\/es\\\/servicios-dentales\\\/anatomia-dental\\\/#primaryimage\",\"url\":\"https:\\\/\\\/www.carsondds.com\\\/wp-content\\\/uploads\\\/Anatomy-of-the-Tooth.jpg\",\"contentUrl\":\"https:\\\/\\\/www.carsondds.com\\\/wp-content\\\/uploads\\\/Anatomy-of-the-Tooth.jpg\"},{\"@type\":\"BreadcrumbList\",\"@id\":\"https:\\\/\\\/www.carsondds.com\\\/es\\\/servicios-dentales\\\/anatomia-dental\\\/#breadcrumb\",\"itemListElement\":[{\"@type\":\"ListItem\",\"position\":1,\"name\":\"Home\",\"item\":\"https:\\\/\\\/www.carsondds.com\\\/es\\\/carson-carson-dds\\\/\"},{\"@type\":\"ListItem\",\"position\":2,\"name\":\"Servicios dentales\",\"item\":\"https:\\\/\\\/www.carsondds.com\\\/es\\\/servicios-dentales\\\/\"},{\"@type\":\"ListItem\",\"position\":3,\"name\":\"Anatom\u00eda dental\"}]},{\"@type\":\"WebSite\",\"@id\":\"https:\\\/\\\/www.carsondds.com\\\/es\\\/#website\",\"url\":\"https:\\\/\\\/www.carsondds.com\\\/es\\\/\",\"name\":\"Carson &amp; Carson, DDS\",\"description\":\"\",\"publisher\":{\"@id\":\"https:\\\/\\\/www.carsondds.com\\\/es\\\/#organization\"},\"potentialAction\":[{\"@type\":\"SearchAction\",\"target\":{\"@type\":\"EntryPoint\",\"urlTemplate\":\"https:\\\/\\\/www.carsondds.com\\\/es\\\/?s={search_term_string}\"},\"query-input\":{\"@type\":\"PropertyValueSpecification\",\"valueRequired\":true,\"valueName\":\"search_term_string\"}}],\"inLanguage\":\"es\"},{\"@type\":\"Organization\",\"@id\":\"https:\\\/\\\/www.carsondds.com\\\/es\\\/#organization\",\"name\":\"Carson & Carson DDS, Inc.\",\"url\":\"https:\\\/\\\/www.carsondds.com\\\/es\\\/\",\"logo\":{\"@type\":\"ImageObject\",\"inLanguage\":\"es\",\"@id\":\"https:\\\/\\\/www.carsondds.com\\\/es\\\/#\\\/schema\\\/logo\\\/image\\\/\",\"url\":\"https:\\\/\\\/www.carsondds.com\\\/wp-content\\\/uploads\\\/logo-icon.gif\",\"contentUrl\":\"https:\\\/\\\/www.carsondds.com\\\/wp-content\\\/uploads\\\/logo-icon.gif\",\"width\":51,\"height\":51,\"caption\":\"Carson & Carson DDS, Inc.\"},\"image\":{\"@id\":\"https:\\\/\\\/www.carsondds.com\\\/es\\\/#\\\/schema\\\/logo\\\/image\\\/\"},\"sameAs\":[\"https:\\\/\\\/www.facebook.com\\\/ddscarson\\\/\",\"https:\\\/\\\/x.com\\\/carsondds\",\"https:\\\/\\\/www.instagram.com\\\/carson_dentistry126\\\/\",\"https:\\\/\\\/www.youtube.com\\\/user\\\/DrCarson805\\\/\"]}]}<\/script>\n<!-- \/ Yoast SEO plugin. -->","yoast_head_json":{"title":"Anatom\u00eda dental - Carson &amp; Carson, DDS","description":"Inf\u00f3rmate sobre la anatom\u00eda dental, incluyendo la corona, el cuello y la ra\u00edz del diente en CarsonDDS. Lee sobre los tipos de dientes, las partes del diente y sus funciones.","robots":{"index":"index","follow":"follow","max-snippet":"max-snippet:-1","max-image-preview":"max-image-preview:large","max-video-preview":"max-video-preview:-1"},"canonical":"https:\/\/www.carsondds.com\/es\/servicios-dentales\/anatomia-dental\/","og_locale":"es_ES","og_type":"article","og_title":"Anatom\u00eda dental - Carson &amp; Carson, DDS","og_description":"Inf\u00f3rmate sobre la anatom\u00eda dental, incluyendo la corona, el cuello y la ra\u00edz del diente en CarsonDDS. Lee sobre los tipos de dientes, las partes del diente y sus funciones.","og_url":"https:\/\/www.carsondds.com\/es\/servicios-dentales\/anatomia-dental\/","og_site_name":"Carson &amp; Carson, DDS","article_publisher":"https:\/\/www.facebook.com\/ddscarson\/","og_image":[{"width":600,"height":504,"url":"https:\/\/www.carsondds.com\/wp-content\/uploads\/Anatomy-of-the-Tooth.jpg","type":"image\/jpeg"}],"twitter_card":"summary_large_image","twitter_site":"@carsondds","twitter_misc":{"Tiempo de lectura":"3 minutos"},"schema":{"@context":"https:\/\/schema.org","@graph":[{"@type":"WebPage","@id":"https:\/\/www.carsondds.com\/es\/servicios-dentales\/anatomia-dental\/","url":"https:\/\/www.carsondds.com\/es\/servicios-dentales\/anatomia-dental\/","name":"Anatom\u00eda dental - Carson &amp; Carson, DDS","isPartOf":{"@id":"https:\/\/www.carsondds.com\/es\/#website"},"primaryImageOfPage":{"@id":"https:\/\/www.carsondds.com\/es\/servicios-dentales\/anatomia-dental\/#primaryimage"},"image":{"@id":"https:\/\/www.carsondds.com\/es\/servicios-dentales\/anatomia-dental\/#primaryimage"},"thumbnailUrl":"https:\/\/www.carsondds.com\/wp-content\/uploads\/Anatomy-of-the-Tooth.jpg","datePublished":"2019-02-08T07:41:51+00:00","description":"Inf\u00f3rmate sobre la anatom\u00eda dental, incluyendo la corona, el cuello y la ra\u00edz del diente en CarsonDDS. Lee sobre los tipos de dientes, las partes del diente y sus funciones.","breadcrumb":{"@id":"https:\/\/www.carsondds.com\/es\/servicios-dentales\/anatomia-dental\/#breadcrumb"},"inLanguage":"es","potentialAction":[{"@type":"ReadAction","target":["https:\/\/www.carsondds.com\/es\/servicios-dentales\/anatomia-dental\/"]}]},{"@type":"ImageObject","inLanguage":"es","@id":"https:\/\/www.carsondds.com\/es\/servicios-dentales\/anatomia-dental\/#primaryimage","url":"https:\/\/www.carsondds.com\/wp-content\/uploads\/Anatomy-of-the-Tooth.jpg","contentUrl":"https:\/\/www.carsondds.com\/wp-content\/uploads\/Anatomy-of-the-Tooth.jpg"},{"@type":"BreadcrumbList","@id":"https:\/\/www.carsondds.com\/es\/servicios-dentales\/anatomia-dental\/#breadcrumb","itemListElement":[{"@type":"ListItem","position":1,"name":"Home","item":"https:\/\/www.carsondds.com\/es\/carson-carson-dds\/"},{"@type":"ListItem","position":2,"name":"Servicios dentales","item":"https:\/\/www.carsondds.com\/es\/servicios-dentales\/"},{"@type":"ListItem","position":3,"name":"Anatom\u00eda dental"}]},{"@type":"WebSite","@id":"https:\/\/www.carsondds.com\/es\/#website","url":"https:\/\/www.carsondds.com\/es\/","name":"Carson &amp; Carson, DDS","description":"","publisher":{"@id":"https:\/\/www.carsondds.com\/es\/#organization"},"potentialAction":[{"@type":"SearchAction","target":{"@type":"EntryPoint","urlTemplate":"https:\/\/www.carsondds.com\/es\/?s={search_term_string}"},"query-input":{"@type":"PropertyValueSpecification","valueRequired":true,"valueName":"search_term_string"}}],"inLanguage":"es"},{"@type":"Organization","@id":"https:\/\/www.carsondds.com\/es\/#organization","name":"Carson & Carson DDS, Inc.","url":"https:\/\/www.carsondds.com\/es\/","logo":{"@type":"ImageObject","inLanguage":"es","@id":"https:\/\/www.carsondds.com\/es\/#\/schema\/logo\/image\/","url":"https:\/\/www.carsondds.com\/wp-content\/uploads\/logo-icon.gif","contentUrl":"https:\/\/www.carsondds.com\/wp-content\/uploads\/logo-icon.gif","width":51,"height":51,"caption":"Carson & Carson DDS, Inc."},"image":{"@id":"https:\/\/www.carsondds.com\/es\/#\/schema\/logo\/image\/"},"sameAs":["https:\/\/www.facebook.com\/ddscarson\/","https:\/\/x.com\/carsondds","https:\/\/www.instagram.com\/carson_dentistry126\/","https:\/\/www.youtube.com\/user\/DrCarson805\/"]}]}},"_links":{"self":[{"href":"https:\/\/www.carsondds.com\/es\/wp-json\/wp\/v2\/pages\/219508","targetHints":{"allow":["GET"]}}],"collection":[{"href":"https:\/\/www.carsondds.com\/es\/wp-json\/wp\/v2\/pages"}],"about":[{"href":"https:\/\/www.carsondds.com\/es\/wp-json\/wp\/v2\/types\/page"}],"author":[{"embeddable":true,"href":"https:\/\/www.carsondds.com\/es\/wp-json\/wp\/v2\/users\/2"}],"replies":[{"embeddable":true,"href":"https:\/\/www.carsondds.com\/es\/wp-json\/wp\/v2\/comments?post=219508"}],"version-history":[{"count":0,"href":"https:\/\/www.carsondds.com\/es\/wp-json\/wp\/v2\/pages\/219508\/revisions"}],"up":[{"embeddable":true,"href":"https:\/\/www.carsondds.com\/es\/wp-json\/wp\/v2\/pages\/219417"}],"wp:attachment":[{"href":"https:\/\/www.carsondds.com\/es\/wp-json\/wp\/v2\/media?parent=219508"}],"curies":[{"name":"wp","href":"https:\/\/api.w.org\/{rel}","templated":true}]}}