{"id":219506,"date":"2019-02-14T20:29:05","date_gmt":"2019-02-15T04:29:05","guid":{"rendered":"https:\/\/www.carsondds.com\/servicios-dentales\/dentaduras-parciales\/casos-practicos-de-protesis-parciales\/"},"modified":"2019-02-14T20:29:05","modified_gmt":"2019-02-15T04:29:05","slug":"casos-practicos-de-protesis-parciales","status":"publish","type":"page","link":"https:\/\/www.carsondds.com\/es\/servicios-dentales\/dentaduras-parciales\/casos-practicos-de-protesis-parciales\/","title":{"rendered":"Casos pr\u00e1cticos de pr\u00f3tesis parciales"},"content":{"rendered":"<p>Estos son algunos de los casos en los que se utilizaron <a href=\"https:\/\/www.carsondds.com\/dental-services\/partial-denture\/\">pr\u00f3tesis parciales<\/a> para restaurar la est\u00e9tica y la funci\u00f3n de la sonrisa de un paciente.<\/p>\n<h2>Caso pr\u00e1ctico 1: Restauraci\u00f3n funcional y est\u00e9tica<\/h2>\n<p><img loading=\"lazy\" decoding=\"async\" class=\"alignnone\" src=\"\/wp-content\/uploads\/partial1.jpg\" alt=\"Fabricaci\u00f3n de pr\u00f3tesis parciales superiores e inferiores\" width=\"400\" height=\"544\"><br \/>\nEste paciente s\u00f3lo conserv\u00f3 los dos dientes frontales, en lugar de llevar una dentadura completa. De este modo, pudo masticar todos los alimentos duros con los que los portadores de dentadura completa s\u00f3lo pueden so\u00f1ar, es decir, zanahorias. <\/p>\n<h2>Caso pr\u00e1ctico 2: Pr\u00f3tesis parcial fija preexistente<\/h2>\n<p>&nbsp;<\/p>\n<p><img loading=\"lazy\" decoding=\"async\" class=\"size-full wp-image-510 alignnone\" src=\"https:\/\/www.carsondds.com\/wp-content\/uploads\/partial2.jpg\" alt=\"Antes y despu\u00e9s de pr\u00f3tesis parciales\" width=\"185\" height=\"600\"><\/p>\n<p>Esta paciente ten\u00eda una dentadura parcial preexistente, que le daba un mal contorno a los labios, una l\u00ednea de sonrisa y un plano de oclusi\u00f3n anormales. Corregimos estos problemas con un nuevo juego de pr\u00f3tesis parciales. <\/p>\n<h2>Caso pr\u00e1ctico 3: Sonrisa restaurada con pr\u00f3tesis parciales<\/h2>\n<p>&nbsp;<\/p>\n<p><img loading=\"lazy\" decoding=\"async\" class=\"size-full wp-image-511 alignnone\" src=\"https:\/\/www.carsondds.com\/wp-content\/uploads\/partial5.jpg\" alt=\"Pr\u00f3tesis parciales de cromo-cobalto\" width=\"500\" height=\"637\" srcset=\"https:\/\/www.carsondds.com\/wp-content\/uploads\/partial5.jpg 500w, https:\/\/www.carsondds.com\/wp-content\/uploads\/partial5-235x300.jpg 235w\" sizes=\"(max-width: 500px) 100vw, 500px\" \/><\/p>\n<p>Este se\u00f1or ten\u00eda un juego de parciales indetectable. Fue muy paciente y me permiti\u00f3 hacer mi mejor esfuerzo. Muchos pacientes tienen prisa y, como resultado, se hacen concesiones. Pudimos proporcionarle un c\u00f3modo par de pr\u00f3tesis parciales que no ten\u00edan ganchos visibles. Visita nuestra p\u00e1gina sobre <a href=\"https:\/\/www.carsondds.com\/dental-services\/partial-denture\/\">pr\u00f3tesis parciales<\/a> para saber m\u00e1s sobre lo que puedes esperar de un nuevo par de pr\u00f3tesis parciales.   <\/p>\n<a class=\"scss3b-button scss3b-button-adobe\" href=\"https:\/\/www.carsondds.com\/contact-us\/\">Solicitar una consulta<\/a>\n<h3>Comentarios<\/h3>\n<div class=\"wp-gr wpac\"  style=\"\">        <style>    .wp-gr .wp-google-grid {        display: -webkit-flex!important;        display: -ms-flexbox!important;        display: flex!important;        -webkit-flex-flow: row wrap!important;        -ms-flex-flow: row wrap!important;        flex-flow: row wrap!important;        margin: 0 auto!important;        -webkit-align-items: stretch!important;        -ms-flex-align: stretch!important;        align-items: stretch!important;    }    @media (min-width: 840px) {        .wp-gr .wp-google-grid {            padding: 8px!important;        }    }    .wp-gr .wp-google-col {        box-sizing: border-box!important;    }    @media (min-width: 840px) {        .wp-gr .wp-google-col-4 {            margin: 8px!important;            width: calc(33.3333333333% - 16px)!important;        }    }    @media (max-width: 839px) and (min-width: 480px) {        .wp-gr .wp-google-col-4 {            margin: 8px!important;            width: calc(50% - 16px)!important;        }    }    @media (max-width: 479px) {        .wp-gr .wp-google-col-4 {            margin: 8px!important;            width: calc(100% - 16px)!important;        }    }    .wp-gr .wp-google-col-6 {        margin: 8px!important;        width: calc(50% - 16px)!important;    }    <\/style>    <div class=\"wp-google-grid\">                    <div class=\"wp-google-col wp-google-col-4\">                    <div class=\"wp-google-review \">                <div class=\"wp-google-right\">            <div class=\"wp-google-name\">Lamont Yvon<\/div>            <div class=\"wp-google-time\" data-time=\"1521154234\">22:50 15 Mar 18<\/div>            <div class=\"wp-google-feedback\">                <span class=\"wp-google-stars\"><span class=\"wp-stars\"><span class=\"wp-star\"><svg xmlns=\"http:\/\/www.w3.org\/2000\/svg\" version=\"1.1\" width=\"17\" height=\"17\" viewBox=\"0 0 1792 1792\"><path d=\"M1728 647q0 22-26 48l-363 354 86 500q1 7 1 20 0 21-10.5 35.5t-30.5 14.5q-19 0-40-12l-449-236-449 236q-22 12-40 12-21 0-31.5-14.5t-10.5-35.5q0-6 2-20l86-500-364-354q-25-27-25-48 0-37 56-46l502-73 225-455q19-41 49-41t49 41l225 455 502 73q56 9 56 46z\" fill=\"#e7711b\"><\/path><\/svg><\/span><span class=\"wp-star\"><svg xmlns=\"http:\/\/www.w3.org\/2000\/svg\" version=\"1.1\" width=\"17\" height=\"17\" viewBox=\"0 0 1792 1792\"><path d=\"M1728 647q0 22-26 48l-363 354 86 500q1 7 1 20 0 21-10.5 35.5t-30.5 14.5q-19 0-40-12l-449-236-449 236q-22 12-40 12-21 0-31.5-14.5t-10.5-35.5q0-6 2-20l86-500-364-354q-25-27-25-48 0-37 56-46l502-73 225-455q19-41 49-41t49 41l225 455 502 73q56 9 56 46z\" fill=\"#e7711b\"><\/path><\/svg><\/span><span class=\"wp-star\"><svg xmlns=\"http:\/\/www.w3.org\/2000\/svg\" version=\"1.1\" width=\"17\" height=\"17\" viewBox=\"0 0 1792 1792\"><path d=\"M1728 647q0 22-26 48l-363 354 86 500q1 7 1 20 0 21-10.5 35.5t-30.5 14.5q-19 0-40-12l-449-236-449 236q-22 12-40 12-21 0-31.5-14.5t-10.5-35.5q0-6 2-20l86-500-364-354q-25-27-25-48 0-37 56-46l502-73 225-455q19-41 49-41t49 41l225 455 502 73q56 9 56 46z\" fill=\"#e7711b\"><\/path><\/svg><\/span><span class=\"wp-star\"><svg xmlns=\"http:\/\/www.w3.org\/2000\/svg\" version=\"1.1\" width=\"17\" height=\"17\" viewBox=\"0 0 1792 1792\"><path d=\"M1728 647q0 22-26 48l-363 354 86 500q1 7 1 20 0 21-10.5 35.5t-30.5 14.5q-19 0-40-12l-449-236-449 236q-22 12-40 12-21 0-31.5-14.5t-10.5-35.5q0-6 2-20l86-500-364-354q-25-27-25-48 0-37 56-46l502-73 225-455q19-41 49-41t49 41l225 455 502 73q56 9 56 46z\" fill=\"#e7711b\"><\/path><\/svg><\/span><span class=\"wp-star\"><svg xmlns=\"http:\/\/www.w3.org\/2000\/svg\" version=\"1.1\" width=\"17\" height=\"17\" viewBox=\"0 0 1792 1792\"><path d=\"M1728 647q0 22-26 48l-363 354 86 500q1 7 1 20 0 21-10.5 35.5t-30.5 14.5q-19 0-40-12l-449-236-449 236q-22 12-40 12-21 0-31.5-14.5t-10.5-35.5q0-6 2-20l86-500-364-354q-25-27-25-48 0-37 56-46l502-73 225-455q19-41 49-41t49 41l225 455 502 73q56 9 56 46z\" fill=\"#e7711b\"><\/path><\/svg><\/span><\/span><\/span>                <span class=\"wp-google-text\">I have had a lot of procedures including 8 implants.  There is no better dentist office than Carson and Carson.  Dr. Derek Carson (the son of Dr. Leroy Carson) is FANTASTIC!  He has learned well from his father (who still works there).  Papa is the MAN!, and has been for years.  Insane amount of knowledge.  The Doctors are THE BEST!  The support staff is fun and professional always. I will never go anywhere else.<\/span>            <\/div>        <\/div>    <\/div>                <\/div>                    <div class=\"wp-google-col wp-google-col-4\">                    <div class=\"wp-google-review \">                <div class=\"wp-google-right\">            <div class=\"wp-google-name\">Laura Lassiter<\/div>            <div class=\"wp-google-time\" data-time=\"1521138759\">18:32 15 Mar 18<\/div>            <div class=\"wp-google-feedback\">                <span class=\"wp-google-stars\"><span class=\"wp-stars\"><span class=\"wp-star\"><svg xmlns=\"http:\/\/www.w3.org\/2000\/svg\" version=\"1.1\" width=\"17\" height=\"17\" viewBox=\"0 0 1792 1792\"><path d=\"M1728 647q0 22-26 48l-363 354 86 500q1 7 1 20 0 21-10.5 35.5t-30.5 14.5q-19 0-40-12l-449-236-449 236q-22 12-40 12-21 0-31.5-14.5t-10.5-35.5q0-6 2-20l86-500-364-354q-25-27-25-48 0-37 56-46l502-73 225-455q19-41 49-41t49 41l225 455 502 73q56 9 56 46z\" fill=\"#e7711b\"><\/path><\/svg><\/span><span class=\"wp-star\"><svg xmlns=\"http:\/\/www.w3.org\/2000\/svg\" version=\"1.1\" width=\"17\" height=\"17\" viewBox=\"0 0 1792 1792\"><path d=\"M1728 647q0 22-26 48l-363 354 86 500q1 7 1 20 0 21-10.5 35.5t-30.5 14.5q-19 0-40-12l-449-236-449 236q-22 12-40 12-21 0-31.5-14.5t-10.5-35.5q0-6 2-20l86-500-364-354q-25-27-25-48 0-37 56-46l502-73 225-455q19-41 49-41t49 41l225 455 502 73q56 9 56 46z\" fill=\"#e7711b\"><\/path><\/svg><\/span><span class=\"wp-star\"><svg xmlns=\"http:\/\/www.w3.org\/2000\/svg\" version=\"1.1\" width=\"17\" height=\"17\" viewBox=\"0 0 1792 1792\"><path d=\"M1728 647q0 22-26 48l-363 354 86 500q1 7 1 20 0 21-10.5 35.5t-30.5 14.5q-19 0-40-12l-449-236-449 236q-22 12-40 12-21 0-31.5-14.5t-10.5-35.5q0-6 2-20l86-500-364-354q-25-27-25-48 0-37 56-46l502-73 225-455q19-41 49-41t49 41l225 455 502 73q56 9 56 46z\" fill=\"#e7711b\"><\/path><\/svg><\/span><span class=\"wp-star\"><svg xmlns=\"http:\/\/www.w3.org\/2000\/svg\" version=\"1.1\" width=\"17\" height=\"17\" viewBox=\"0 0 1792 1792\"><path d=\"M1728 647q0 22-26 48l-363 354 86 500q1 7 1 20 0 21-10.5 35.5t-30.5 14.5q-19 0-40-12l-449-236-449 236q-22 12-40 12-21 0-31.5-14.5t-10.5-35.5q0-6 2-20l86-500-364-354q-25-27-25-48 0-37 56-46l502-73 225-455q19-41 49-41t49 41l225 455 502 73q56 9 56 46z\" fill=\"#e7711b\"><\/path><\/svg><\/span><span class=\"wp-star\"><svg xmlns=\"http:\/\/www.w3.org\/2000\/svg\" version=\"1.1\" width=\"17\" height=\"17\" viewBox=\"0 0 1792 1792\"><path d=\"M1728 647q0 22-26 48l-363 354 86 500q1 7 1 20 0 21-10.5 35.5t-30.5 14.5q-19 0-40-12l-449-236-449 236q-22 12-40 12-21 0-31.5-14.5t-10.5-35.5q0-6 2-20l86-500-364-354q-25-27-25-48 0-37 56-46l502-73 225-455q19-41 49-41t49 41l225 455 502 73q56 9 56 46z\" fill=\"#e7711b\"><\/path><\/svg><\/span><\/span><\/span>                <span class=\"wp-google-text\">The BEST dental office in Ventura County!! Super friendly staff, easy to schedule appts, no issues with insurance processing, and Dr. Carson makes sure you are always comfortable and pain-free when getting any work done.  I've been a patient for over 7 years now and I couldn't be happier! I highly recommend!<\/span>            <\/div>        <\/div>    <\/div>                <\/div>                    <div class=\"wp-google-col wp-google-col-4\">                    <div class=\"wp-google-review \">                <div class=\"wp-google-right\">            <div class=\"wp-google-name\">Ivon valdez<\/div>            <div class=\"wp-google-time\" data-time=\"1521396788\">18:13 18 Mar 18<\/div>            <div class=\"wp-google-feedback\">                <span class=\"wp-google-stars\"><span class=\"wp-stars\"><span class=\"wp-star\"><svg xmlns=\"http:\/\/www.w3.org\/2000\/svg\" version=\"1.1\" width=\"17\" height=\"17\" viewBox=\"0 0 1792 1792\"><path d=\"M1728 647q0 22-26 48l-363 354 86 500q1 7 1 20 0 21-10.5 35.5t-30.5 14.5q-19 0-40-12l-449-236-449 236q-22 12-40 12-21 0-31.5-14.5t-10.5-35.5q0-6 2-20l86-500-364-354q-25-27-25-48 0-37 56-46l502-73 225-455q19-41 49-41t49 41l225 455 502 73q56 9 56 46z\" fill=\"#e7711b\"><\/path><\/svg><\/span><span class=\"wp-star\"><svg xmlns=\"http:\/\/www.w3.org\/2000\/svg\" version=\"1.1\" width=\"17\" height=\"17\" viewBox=\"0 0 1792 1792\"><path d=\"M1728 647q0 22-26 48l-363 354 86 500q1 7 1 20 0 21-10.5 35.5t-30.5 14.5q-19 0-40-12l-449-236-449 236q-22 12-40 12-21 0-31.5-14.5t-10.5-35.5q0-6 2-20l86-500-364-354q-25-27-25-48 0-37 56-46l502-73 225-455q19-41 49-41t49 41l225 455 502 73q56 9 56 46z\" fill=\"#e7711b\"><\/path><\/svg><\/span><span class=\"wp-star\"><svg xmlns=\"http:\/\/www.w3.org\/2000\/svg\" version=\"1.1\" width=\"17\" height=\"17\" viewBox=\"0 0 1792 1792\"><path d=\"M1728 647q0 22-26 48l-363 354 86 500q1 7 1 20 0 21-10.5 35.5t-30.5 14.5q-19 0-40-12l-449-236-449 236q-22 12-40 12-21 0-31.5-14.5t-10.5-35.5q0-6 2-20l86-500-364-354q-25-27-25-48 0-37 56-46l502-73 225-455q19-41 49-41t49 41l225 455 502 73q56 9 56 46z\" fill=\"#e7711b\"><\/path><\/svg><\/span><span class=\"wp-star\"><svg xmlns=\"http:\/\/www.w3.org\/2000\/svg\" version=\"1.1\" width=\"17\" height=\"17\" viewBox=\"0 0 1792 1792\"><path d=\"M1728 647q0 22-26 48l-363 354 86 500q1 7 1 20 0 21-10.5 35.5t-30.5 14.5q-19 0-40-12l-449-236-449 236q-22 12-40 12-21 0-31.5-14.5t-10.5-35.5q0-6 2-20l86-500-364-354q-25-27-25-48 0-37 56-46l502-73 225-455q19-41 49-41t49 41l225 455 502 73q56 9 56 46z\" fill=\"#e7711b\"><\/path><\/svg><\/span><span class=\"wp-star\"><svg xmlns=\"http:\/\/www.w3.org\/2000\/svg\" version=\"1.1\" width=\"17\" height=\"17\" viewBox=\"0 0 1792 1792\"><path d=\"M1728 647q0 22-26 48l-363 354 86 500q1 7 1 20 0 21-10.5 35.5t-30.5 14.5q-19 0-40-12l-449-236-449 236q-22 12-40 12-21 0-31.5-14.5t-10.5-35.5q0-6 2-20l86-500-364-354q-25-27-25-48 0-37 56-46l502-73 225-455q19-41 49-41t49 41l225 455 502 73q56 9 56 46z\" fill=\"#e7711b\"><\/path><\/svg><\/span><\/span><\/span>                <span class=\"wp-google-text\">Great office...great dentist ....great staff...very kind and helpful .....<\/span>            <\/div>        <\/div>    <\/div>                <\/div>            <\/div>    <\/div>\n","protected":false},"excerpt":{"rendered":"<p>Estos son algunos de los casos en los que se utilizaron pr\u00f3tesis parciales para restaurar la est\u00e9tica y la funci\u00f3n de la sonrisa de un paciente. Caso pr\u00e1ctico 1: Restauraci\u00f3n funcional y est\u00e9tica Este paciente s\u00f3lo conserv\u00f3 los dos dientes frontales, en lugar de llevar una dentadura completa. De este modo, pudo masticar todos los [&hellip;]<\/p>\n","protected":false},"author":2,"featured_media":0,"parent":219453,"menu_order":0,"comment_status":"closed","ping_status":"closed","template":"","meta":{"_et_pb_use_builder":"","_et_pb_old_content":"","_et_gb_content_width":"","footnotes":""},"class_list":["post-219506","page","type-page","status-publish","hentry"],"yoast_head":"<!-- This site is optimized with the Yoast SEO plugin v27.4 - https:\/\/yoast.com\/product\/yoast-seo-wordpress\/ -->\n<title>Casos pr\u00e1cticos de pr\u00f3tesis parciales - Carson &amp; Carson, DDS<\/title>\n<meta name=\"description\" content=\"Casos pr\u00e1cticos de pr\u00f3tesis parciales en Carson &amp; Carson, DDS. Echa un vistazo a algunas de las sonrisas que hemos mejorado a lo largo de los a\u00f1os con nuestros casos pr\u00e1cticos de dentaduras postizas.\" \/>\n<meta name=\"robots\" content=\"index, follow, max-snippet:-1, max-image-preview:large, max-video-preview:-1\" \/>\n<link rel=\"canonical\" href=\"https:\/\/www.carsondds.com\/es\/servicios-dentales\/dentaduras-parciales\/casos-practicos-de-protesis-parciales\/\" \/>\n<meta property=\"og:locale\" content=\"es_ES\" \/>\n<meta property=\"og:type\" content=\"article\" \/>\n<meta property=\"og:title\" content=\"Casos pr\u00e1cticos de pr\u00f3tesis parciales - Carson &amp; Carson, DDS\" \/>\n<meta property=\"og:description\" content=\"Casos pr\u00e1cticos de pr\u00f3tesis parciales en Carson &amp; Carson, DDS. Echa un vistazo a algunas de las sonrisas que hemos mejorado a lo largo de los a\u00f1os con nuestros casos pr\u00e1cticos de dentaduras postizas.\" \/>\n<meta property=\"og:url\" content=\"https:\/\/www.carsondds.com\/es\/servicios-dentales\/dentaduras-parciales\/casos-practicos-de-protesis-parciales\/\" \/>\n<meta property=\"og:site_name\" content=\"Carson &amp; Carson, DDS\" \/>\n<meta property=\"article:publisher\" content=\"https:\/\/www.facebook.com\/ddscarson\/\" \/>\n<meta property=\"og:image\" content=\"https:\/\/www.carsondds.com\/wp-content\/uploads\/partial2.jpg\" \/>\n<meta name=\"twitter:card\" content=\"summary_large_image\" \/>\n<meta name=\"twitter:site\" content=\"@carsondds\" \/>\n<meta name=\"twitter:label1\" content=\"Tiempo de lectura\" \/>\n\t<meta name=\"twitter:data1\" content=\"1 minuto\" \/>\n<script type=\"application\/ld+json\" class=\"yoast-schema-graph\">{\"@context\":\"https:\\\/\\\/schema.org\",\"@graph\":[{\"@type\":\"WebPage\",\"@id\":\"https:\\\/\\\/www.carsondds.com\\\/es\\\/servicios-dentales\\\/dentaduras-parciales\\\/casos-practicos-de-protesis-parciales\\\/\",\"url\":\"https:\\\/\\\/www.carsondds.com\\\/es\\\/servicios-dentales\\\/dentaduras-parciales\\\/casos-practicos-de-protesis-parciales\\\/\",\"name\":\"Casos pr\u00e1cticos de pr\u00f3tesis parciales - Carson &amp; Carson, DDS\",\"isPartOf\":{\"@id\":\"https:\\\/\\\/www.carsondds.com\\\/es\\\/#website\"},\"primaryImageOfPage\":{\"@id\":\"https:\\\/\\\/www.carsondds.com\\\/es\\\/servicios-dentales\\\/dentaduras-parciales\\\/casos-practicos-de-protesis-parciales\\\/#primaryimage\"},\"image\":{\"@id\":\"https:\\\/\\\/www.carsondds.com\\\/es\\\/servicios-dentales\\\/dentaduras-parciales\\\/casos-practicos-de-protesis-parciales\\\/#primaryimage\"},\"thumbnailUrl\":\"https:\\\/\\\/www.carsondds.com\\\/wp-content\\\/uploads\\\/partial2.jpg\",\"datePublished\":\"2019-02-15T04:29:05+00:00\",\"description\":\"Casos pr\u00e1cticos de pr\u00f3tesis parciales en Carson & Carson, DDS. Echa un vistazo a algunas de las sonrisas que hemos mejorado a lo largo de los a\u00f1os con nuestros casos pr\u00e1cticos de dentaduras postizas.\",\"breadcrumb\":{\"@id\":\"https:\\\/\\\/www.carsondds.com\\\/es\\\/servicios-dentales\\\/dentaduras-parciales\\\/casos-practicos-de-protesis-parciales\\\/#breadcrumb\"},\"inLanguage\":\"es\",\"potentialAction\":[{\"@type\":\"ReadAction\",\"target\":[\"https:\\\/\\\/www.carsondds.com\\\/es\\\/servicios-dentales\\\/dentaduras-parciales\\\/casos-practicos-de-protesis-parciales\\\/\"]}]},{\"@type\":\"ImageObject\",\"inLanguage\":\"es\",\"@id\":\"https:\\\/\\\/www.carsondds.com\\\/es\\\/servicios-dentales\\\/dentaduras-parciales\\\/casos-practicos-de-protesis-parciales\\\/#primaryimage\",\"url\":\"https:\\\/\\\/www.carsondds.com\\\/wp-content\\\/uploads\\\/partial2.jpg\",\"contentUrl\":\"https:\\\/\\\/www.carsondds.com\\\/wp-content\\\/uploads\\\/partial2.jpg\"},{\"@type\":\"BreadcrumbList\",\"@id\":\"https:\\\/\\\/www.carsondds.com\\\/es\\\/servicios-dentales\\\/dentaduras-parciales\\\/casos-practicos-de-protesis-parciales\\\/#breadcrumb\",\"itemListElement\":[{\"@type\":\"ListItem\",\"position\":1,\"name\":\"Home\",\"item\":\"https:\\\/\\\/www.carsondds.com\\\/es\\\/carson-carson-dds\\\/\"},{\"@type\":\"ListItem\",\"position\":2,\"name\":\"Servicios dentales\",\"item\":\"https:\\\/\\\/www.carsondds.com\\\/es\\\/servicios-dentales\\\/\"},{\"@type\":\"ListItem\",\"position\":3,\"name\":\"Dentaduras parciales\",\"item\":\"https:\\\/\\\/www.carsondds.com\\\/es\\\/servicios-dentales\\\/dentaduras-parciales\\\/\"},{\"@type\":\"ListItem\",\"position\":4,\"name\":\"Casos pr\u00e1cticos de pr\u00f3tesis parciales\"}]},{\"@type\":\"WebSite\",\"@id\":\"https:\\\/\\\/www.carsondds.com\\\/es\\\/#website\",\"url\":\"https:\\\/\\\/www.carsondds.com\\\/es\\\/\",\"name\":\"Carson &amp; Carson, DDS\",\"description\":\"\",\"publisher\":{\"@id\":\"https:\\\/\\\/www.carsondds.com\\\/es\\\/#organization\"},\"potentialAction\":[{\"@type\":\"SearchAction\",\"target\":{\"@type\":\"EntryPoint\",\"urlTemplate\":\"https:\\\/\\\/www.carsondds.com\\\/es\\\/?s={search_term_string}\"},\"query-input\":{\"@type\":\"PropertyValueSpecification\",\"valueRequired\":true,\"valueName\":\"search_term_string\"}}],\"inLanguage\":\"es\"},{\"@type\":\"Organization\",\"@id\":\"https:\\\/\\\/www.carsondds.com\\\/es\\\/#organization\",\"name\":\"Carson & Carson DDS, Inc.\",\"url\":\"https:\\\/\\\/www.carsondds.com\\\/es\\\/\",\"logo\":{\"@type\":\"ImageObject\",\"inLanguage\":\"es\",\"@id\":\"https:\\\/\\\/www.carsondds.com\\\/es\\\/#\\\/schema\\\/logo\\\/image\\\/\",\"url\":\"https:\\\/\\\/www.carsondds.com\\\/wp-content\\\/uploads\\\/logo-icon.gif\",\"contentUrl\":\"https:\\\/\\\/www.carsondds.com\\\/wp-content\\\/uploads\\\/logo-icon.gif\",\"width\":51,\"height\":51,\"caption\":\"Carson & Carson DDS, Inc.\"},\"image\":{\"@id\":\"https:\\\/\\\/www.carsondds.com\\\/es\\\/#\\\/schema\\\/logo\\\/image\\\/\"},\"sameAs\":[\"https:\\\/\\\/www.facebook.com\\\/ddscarson\\\/\",\"https:\\\/\\\/x.com\\\/carsondds\",\"https:\\\/\\\/www.instagram.com\\\/carson_dentistry126\\\/\",\"https:\\\/\\\/www.youtube.com\\\/user\\\/DrCarson805\\\/\"]}]}<\/script>\n<!-- \/ Yoast SEO plugin. -->","yoast_head_json":{"title":"Casos pr\u00e1cticos de pr\u00f3tesis parciales - Carson &amp; Carson, DDS","description":"Casos pr\u00e1cticos de pr\u00f3tesis parciales en Carson & Carson, DDS. Echa un vistazo a algunas de las sonrisas que hemos mejorado a lo largo de los a\u00f1os con nuestros casos pr\u00e1cticos de dentaduras postizas.","robots":{"index":"index","follow":"follow","max-snippet":"max-snippet:-1","max-image-preview":"max-image-preview:large","max-video-preview":"max-video-preview:-1"},"canonical":"https:\/\/www.carsondds.com\/es\/servicios-dentales\/dentaduras-parciales\/casos-practicos-de-protesis-parciales\/","og_locale":"es_ES","og_type":"article","og_title":"Casos pr\u00e1cticos de pr\u00f3tesis parciales - Carson &amp; Carson, DDS","og_description":"Casos pr\u00e1cticos de pr\u00f3tesis parciales en Carson & Carson, DDS. Echa un vistazo a algunas de las sonrisas que hemos mejorado a lo largo de los a\u00f1os con nuestros casos pr\u00e1cticos de dentaduras postizas.","og_url":"https:\/\/www.carsondds.com\/es\/servicios-dentales\/dentaduras-parciales\/casos-practicos-de-protesis-parciales\/","og_site_name":"Carson &amp; Carson, DDS","article_publisher":"https:\/\/www.facebook.com\/ddscarson\/","og_image":[{"url":"https:\/\/www.carsondds.com\/wp-content\/uploads\/partial2.jpg","type":"","width":"","height":""}],"twitter_card":"summary_large_image","twitter_site":"@carsondds","twitter_misc":{"Tiempo de lectura":"1 minuto"},"schema":{"@context":"https:\/\/schema.org","@graph":[{"@type":"WebPage","@id":"https:\/\/www.carsondds.com\/es\/servicios-dentales\/dentaduras-parciales\/casos-practicos-de-protesis-parciales\/","url":"https:\/\/www.carsondds.com\/es\/servicios-dentales\/dentaduras-parciales\/casos-practicos-de-protesis-parciales\/","name":"Casos pr\u00e1cticos de pr\u00f3tesis parciales - Carson &amp; Carson, DDS","isPartOf":{"@id":"https:\/\/www.carsondds.com\/es\/#website"},"primaryImageOfPage":{"@id":"https:\/\/www.carsondds.com\/es\/servicios-dentales\/dentaduras-parciales\/casos-practicos-de-protesis-parciales\/#primaryimage"},"image":{"@id":"https:\/\/www.carsondds.com\/es\/servicios-dentales\/dentaduras-parciales\/casos-practicos-de-protesis-parciales\/#primaryimage"},"thumbnailUrl":"https:\/\/www.carsondds.com\/wp-content\/uploads\/partial2.jpg","datePublished":"2019-02-15T04:29:05+00:00","description":"Casos pr\u00e1cticos de pr\u00f3tesis parciales en Carson & Carson, DDS. Echa un vistazo a algunas de las sonrisas que hemos mejorado a lo largo de los a\u00f1os con nuestros casos pr\u00e1cticos de dentaduras postizas.","breadcrumb":{"@id":"https:\/\/www.carsondds.com\/es\/servicios-dentales\/dentaduras-parciales\/casos-practicos-de-protesis-parciales\/#breadcrumb"},"inLanguage":"es","potentialAction":[{"@type":"ReadAction","target":["https:\/\/www.carsondds.com\/es\/servicios-dentales\/dentaduras-parciales\/casos-practicos-de-protesis-parciales\/"]}]},{"@type":"ImageObject","inLanguage":"es","@id":"https:\/\/www.carsondds.com\/es\/servicios-dentales\/dentaduras-parciales\/casos-practicos-de-protesis-parciales\/#primaryimage","url":"https:\/\/www.carsondds.com\/wp-content\/uploads\/partial2.jpg","contentUrl":"https:\/\/www.carsondds.com\/wp-content\/uploads\/partial2.jpg"},{"@type":"BreadcrumbList","@id":"https:\/\/www.carsondds.com\/es\/servicios-dentales\/dentaduras-parciales\/casos-practicos-de-protesis-parciales\/#breadcrumb","itemListElement":[{"@type":"ListItem","position":1,"name":"Home","item":"https:\/\/www.carsondds.com\/es\/carson-carson-dds\/"},{"@type":"ListItem","position":2,"name":"Servicios dentales","item":"https:\/\/www.carsondds.com\/es\/servicios-dentales\/"},{"@type":"ListItem","position":3,"name":"Dentaduras parciales","item":"https:\/\/www.carsondds.com\/es\/servicios-dentales\/dentaduras-parciales\/"},{"@type":"ListItem","position":4,"name":"Casos pr\u00e1cticos de pr\u00f3tesis parciales"}]},{"@type":"WebSite","@id":"https:\/\/www.carsondds.com\/es\/#website","url":"https:\/\/www.carsondds.com\/es\/","name":"Carson &amp; Carson, DDS","description":"","publisher":{"@id":"https:\/\/www.carsondds.com\/es\/#organization"},"potentialAction":[{"@type":"SearchAction","target":{"@type":"EntryPoint","urlTemplate":"https:\/\/www.carsondds.com\/es\/?s={search_term_string}"},"query-input":{"@type":"PropertyValueSpecification","valueRequired":true,"valueName":"search_term_string"}}],"inLanguage":"es"},{"@type":"Organization","@id":"https:\/\/www.carsondds.com\/es\/#organization","name":"Carson & Carson DDS, Inc.","url":"https:\/\/www.carsondds.com\/es\/","logo":{"@type":"ImageObject","inLanguage":"es","@id":"https:\/\/www.carsondds.com\/es\/#\/schema\/logo\/image\/","url":"https:\/\/www.carsondds.com\/wp-content\/uploads\/logo-icon.gif","contentUrl":"https:\/\/www.carsondds.com\/wp-content\/uploads\/logo-icon.gif","width":51,"height":51,"caption":"Carson & Carson DDS, Inc."},"image":{"@id":"https:\/\/www.carsondds.com\/es\/#\/schema\/logo\/image\/"},"sameAs":["https:\/\/www.facebook.com\/ddscarson\/","https:\/\/x.com\/carsondds","https:\/\/www.instagram.com\/carson_dentistry126\/","https:\/\/www.youtube.com\/user\/DrCarson805\/"]}]}},"_links":{"self":[{"href":"https:\/\/www.carsondds.com\/es\/wp-json\/wp\/v2\/pages\/219506","targetHints":{"allow":["GET"]}}],"collection":[{"href":"https:\/\/www.carsondds.com\/es\/wp-json\/wp\/v2\/pages"}],"about":[{"href":"https:\/\/www.carsondds.com\/es\/wp-json\/wp\/v2\/types\/page"}],"author":[{"embeddable":true,"href":"https:\/\/www.carsondds.com\/es\/wp-json\/wp\/v2\/users\/2"}],"replies":[{"embeddable":true,"href":"https:\/\/www.carsondds.com\/es\/wp-json\/wp\/v2\/comments?post=219506"}],"version-history":[{"count":0,"href":"https:\/\/www.carsondds.com\/es\/wp-json\/wp\/v2\/pages\/219506\/revisions"}],"up":[{"embeddable":true,"href":"https:\/\/www.carsondds.com\/es\/wp-json\/wp\/v2\/pages\/219453"}],"wp:attachment":[{"href":"https:\/\/www.carsondds.com\/es\/wp-json\/wp\/v2\/media?parent=219506"}],"curies":[{"name":"wp","href":"https:\/\/api.w.org\/{rel}","templated":true}]}}