{"id":219505,"date":"2019-02-15T01:00:15","date_gmt":"2019-02-15T09:00:15","guid":{"rendered":"https:\/\/www.carsondds.com\/servicios-dentales\/blanqueamiento-dental\/casos-practicos-de-blanqueamiento-dental\/"},"modified":"2019-02-15T01:00:15","modified_gmt":"2019-02-15T09:00:15","slug":"casos-practicos-de-blanqueamiento-dental","status":"publish","type":"page","link":"https:\/\/www.carsondds.com\/es\/servicios-dentales\/blanqueamiento-dental\/casos-practicos-de-blanqueamiento-dental\/","title":{"rendered":"Casos pr\u00e1cticos de blanqueamiento dental"},"content":{"rendered":"<p>Aqu\u00ed tienes algunos casos pr\u00e1cticos de tratamientos de <a href=\"https:\/\/www.carsondds.com\/dental-services\/teethwhitening\/\">blanqueamiento<\/a> dental en nuestra <a href=\"https:\/\/www.carsondds.com\/office\/oxnard-dentistry\/\">cl\u00ednica dental de Oxnard<\/a>.<\/p>\n<h2>Caso pr\u00e1ctico 1<\/h2>\n<p><img loading=\"lazy\" decoding=\"async\" class=\"alignnone\" src=\"\/wp-content\/uploads\/teethwhitening1.jpg\" alt=\"Antes y despu\u00e9s del blanqueamiento dental\" width=\"500\" height=\"711\"><br \/>\nA esta paciente le blanquearon los dientes varios tonos m\u00e1s blancos que al principio. El color habla por s\u00ed solo. <\/p>\n<h2>Caso pr\u00e1ctico 2<\/h2>\n<p><img loading=\"lazy\" decoding=\"async\" class=\"alignnone\" src=\"\/wp-content\/uploads\/teethwhitening2.jpg\" alt=\"Resultados del blanqueamiento dental individual\" width=\"368\" height=\"500\"><\/p>\n<p>El Dr. Carson blanque\u00f3 el diente de este joven como caso de prueba para ver si pod\u00eda eliminar las manchas marrones moteadas del esmalte y blanquearlo. Como puedes ver, tuve \u00e9xito en el \u00fanico diente que trat\u00e9. <\/p>\n<h2>Caso pr\u00e1ctico 3<\/h2>\n<p><img loading=\"lazy\" decoding=\"async\" class=\"alignnone\" src=\"\/wp-content\/uploads\/teethwhitening3.jpg\" alt=\"Blanqueamiento dental interno\" width=\"500\" height=\"707\"><\/p>\n<p>Este paciente ten\u00eda una <a href=\"https:\/\/www.carsondds.com\/dental-services\/rootcanals\/\">endodoncia<\/a> en el diente frontal y se hab\u00eda oscurecido. Pude blanquear internamente el diente hasta devolverle el mismo tono que ten\u00edan los dientes adyacentes. <\/p>\n<a class=\"scss3b-button scss3b-button-adobe\" href=\"https:\/\/www.carsondds.com\/contact-us\/\">Contacta con nosotros sobre el blanqueamiento<\/a>\n","protected":false},"excerpt":{"rendered":"<p>Aqu\u00ed tienes algunos casos pr\u00e1cticos de tratamientos de blanqueamiento dental en nuestra cl\u00ednica dental de Oxnard. Caso pr\u00e1ctico 1 A esta paciente le blanquearon los dientes varios tonos m\u00e1s blancos que al principio. El color habla por s\u00ed solo. Caso pr\u00e1ctico 2 El Dr. Carson blanque\u00f3 el diente de este joven como caso de prueba [&hellip;]<\/p>\n","protected":false},"author":2,"featured_media":0,"parent":219410,"menu_order":0,"comment_status":"closed","ping_status":"closed","template":"","meta":{"_et_pb_use_builder":"","_et_pb_old_content":"","_et_gb_content_width":"","footnotes":""},"class_list":["post-219505","page","type-page","status-publish","hentry"],"yoast_head":"<!-- This site is optimized with the Yoast SEO plugin v27.4 - https:\/\/yoast.com\/product\/yoast-seo-wordpress\/ -->\n<title>Casos pr\u00e1cticos de blanqueamiento dental - Carson &amp; Carson, DDS<\/title>\n<meta name=\"description\" content=\"Casos pr\u00e1cticos de blanqueamiento dental de las consultas dentales de Carsno &amp; Carson, DDS, en Oxnard. Mira lo que nuestros tratamientos de blanqueamiento dental han conseguido en pacientes anteriores.\" \/>\n<meta name=\"robots\" content=\"index, follow, max-snippet:-1, max-image-preview:large, max-video-preview:-1\" \/>\n<link rel=\"canonical\" href=\"https:\/\/www.carsondds.com\/es\/servicios-dentales\/blanqueamiento-dental\/casos-practicos-de-blanqueamiento-dental\/\" \/>\n<meta property=\"og:locale\" content=\"es_ES\" \/>\n<meta property=\"og:type\" content=\"article\" \/>\n<meta property=\"og:title\" content=\"Casos pr\u00e1cticos de blanqueamiento dental - Carson &amp; Carson, DDS\" \/>\n<meta property=\"og:description\" content=\"Casos pr\u00e1cticos de blanqueamiento dental de las consultas dentales de Carsno &amp; Carson, DDS, en Oxnard. Mira lo que nuestros tratamientos de blanqueamiento dental han conseguido en pacientes anteriores.\" \/>\n<meta property=\"og:url\" content=\"https:\/\/www.carsondds.com\/es\/servicios-dentales\/blanqueamiento-dental\/casos-practicos-de-blanqueamiento-dental\/\" \/>\n<meta property=\"og:site_name\" content=\"Carson &amp; Carson, DDS\" \/>\n<meta property=\"article:publisher\" content=\"https:\/\/www.facebook.com\/ddscarson\/\" \/>\n<meta property=\"og:image\" content=\"https:\/\/www.carsondds.com\/wp-content\/uploads\/2.png\" \/>\n\t<meta property=\"og:image:width\" content=\"1700\" \/>\n\t<meta property=\"og:image:height\" content=\"785\" \/>\n\t<meta property=\"og:image:type\" content=\"image\/png\" \/>\n<meta name=\"twitter:card\" content=\"summary_large_image\" \/>\n<meta name=\"twitter:site\" content=\"@carsondds\" \/>\n<meta name=\"twitter:label1\" content=\"Tiempo de lectura\" \/>\n\t<meta name=\"twitter:data1\" content=\"1 minuto\" \/>\n<script type=\"application\/ld+json\" class=\"yoast-schema-graph\">{\"@context\":\"https:\\\/\\\/schema.org\",\"@graph\":[{\"@type\":\"WebPage\",\"@id\":\"https:\\\/\\\/www.carsondds.com\\\/es\\\/servicios-dentales\\\/blanqueamiento-dental\\\/casos-practicos-de-blanqueamiento-dental\\\/\",\"url\":\"https:\\\/\\\/www.carsondds.com\\\/es\\\/servicios-dentales\\\/blanqueamiento-dental\\\/casos-practicos-de-blanqueamiento-dental\\\/\",\"name\":\"Casos pr\u00e1cticos de blanqueamiento dental - Carson &amp; Carson, DDS\",\"isPartOf\":{\"@id\":\"https:\\\/\\\/www.carsondds.com\\\/es\\\/#website\"},\"datePublished\":\"2019-02-15T09:00:15+00:00\",\"description\":\"Casos pr\u00e1cticos de blanqueamiento dental de las consultas dentales de Carsno & Carson, DDS, en Oxnard. Mira lo que nuestros tratamientos de blanqueamiento dental han conseguido en pacientes anteriores.\",\"breadcrumb\":{\"@id\":\"https:\\\/\\\/www.carsondds.com\\\/es\\\/servicios-dentales\\\/blanqueamiento-dental\\\/casos-practicos-de-blanqueamiento-dental\\\/#breadcrumb\"},\"inLanguage\":\"es\",\"potentialAction\":[{\"@type\":\"ReadAction\",\"target\":[\"https:\\\/\\\/www.carsondds.com\\\/es\\\/servicios-dentales\\\/blanqueamiento-dental\\\/casos-practicos-de-blanqueamiento-dental\\\/\"]}]},{\"@type\":\"BreadcrumbList\",\"@id\":\"https:\\\/\\\/www.carsondds.com\\\/es\\\/servicios-dentales\\\/blanqueamiento-dental\\\/casos-practicos-de-blanqueamiento-dental\\\/#breadcrumb\",\"itemListElement\":[{\"@type\":\"ListItem\",\"position\":1,\"name\":\"Home\",\"item\":\"https:\\\/\\\/www.carsondds.com\\\/es\\\/carson-carson-dds\\\/\"},{\"@type\":\"ListItem\",\"position\":2,\"name\":\"Servicios dentales\",\"item\":\"https:\\\/\\\/www.carsondds.com\\\/es\\\/servicios-dentales\\\/\"},{\"@type\":\"ListItem\",\"position\":3,\"name\":\"Blanqueamiento dental\",\"item\":\"https:\\\/\\\/www.carsondds.com\\\/es\\\/servicios-dentales\\\/blanqueamiento-dental\\\/\"},{\"@type\":\"ListItem\",\"position\":4,\"name\":\"Casos pr\u00e1cticos de blanqueamiento dental\"}]},{\"@type\":\"WebSite\",\"@id\":\"https:\\\/\\\/www.carsondds.com\\\/es\\\/#website\",\"url\":\"https:\\\/\\\/www.carsondds.com\\\/es\\\/\",\"name\":\"Carson &amp; Carson, DDS\",\"description\":\"\",\"publisher\":{\"@id\":\"https:\\\/\\\/www.carsondds.com\\\/es\\\/#organization\"},\"potentialAction\":[{\"@type\":\"SearchAction\",\"target\":{\"@type\":\"EntryPoint\",\"urlTemplate\":\"https:\\\/\\\/www.carsondds.com\\\/es\\\/?s={search_term_string}\"},\"query-input\":{\"@type\":\"PropertyValueSpecification\",\"valueRequired\":true,\"valueName\":\"search_term_string\"}}],\"inLanguage\":\"es\"},{\"@type\":\"Organization\",\"@id\":\"https:\\\/\\\/www.carsondds.com\\\/es\\\/#organization\",\"name\":\"Carson & Carson DDS, Inc.\",\"url\":\"https:\\\/\\\/www.carsondds.com\\\/es\\\/\",\"logo\":{\"@type\":\"ImageObject\",\"inLanguage\":\"es\",\"@id\":\"https:\\\/\\\/www.carsondds.com\\\/es\\\/#\\\/schema\\\/logo\\\/image\\\/\",\"url\":\"https:\\\/\\\/www.carsondds.com\\\/wp-content\\\/uploads\\\/logo-icon.gif\",\"contentUrl\":\"https:\\\/\\\/www.carsondds.com\\\/wp-content\\\/uploads\\\/logo-icon.gif\",\"width\":51,\"height\":51,\"caption\":\"Carson & Carson DDS, Inc.\"},\"image\":{\"@id\":\"https:\\\/\\\/www.carsondds.com\\\/es\\\/#\\\/schema\\\/logo\\\/image\\\/\"},\"sameAs\":[\"https:\\\/\\\/www.facebook.com\\\/ddscarson\\\/\",\"https:\\\/\\\/x.com\\\/carsondds\",\"https:\\\/\\\/www.instagram.com\\\/carson_dentistry126\\\/\",\"https:\\\/\\\/www.youtube.com\\\/user\\\/DrCarson805\\\/\"]}]}<\/script>\n<!-- \/ Yoast SEO plugin. -->","yoast_head_json":{"title":"Casos pr\u00e1cticos de blanqueamiento dental - Carson &amp; Carson, DDS","description":"Casos pr\u00e1cticos de blanqueamiento dental de las consultas dentales de Carsno & Carson, DDS, en Oxnard. Mira lo que nuestros tratamientos de blanqueamiento dental han conseguido en pacientes anteriores.","robots":{"index":"index","follow":"follow","max-snippet":"max-snippet:-1","max-image-preview":"max-image-preview:large","max-video-preview":"max-video-preview:-1"},"canonical":"https:\/\/www.carsondds.com\/es\/servicios-dentales\/blanqueamiento-dental\/casos-practicos-de-blanqueamiento-dental\/","og_locale":"es_ES","og_type":"article","og_title":"Casos pr\u00e1cticos de blanqueamiento dental - Carson &amp; Carson, DDS","og_description":"Casos pr\u00e1cticos de blanqueamiento dental de las consultas dentales de Carsno & Carson, DDS, en Oxnard. Mira lo que nuestros tratamientos de blanqueamiento dental han conseguido en pacientes anteriores.","og_url":"https:\/\/www.carsondds.com\/es\/servicios-dentales\/blanqueamiento-dental\/casos-practicos-de-blanqueamiento-dental\/","og_site_name":"Carson &amp; Carson, DDS","article_publisher":"https:\/\/www.facebook.com\/ddscarson\/","og_image":[{"width":1700,"height":785,"url":"https:\/\/www.carsondds.com\/wp-content\/uploads\/2.png","type":"image\/png"}],"twitter_card":"summary_large_image","twitter_site":"@carsondds","twitter_misc":{"Tiempo de lectura":"1 minuto"},"schema":{"@context":"https:\/\/schema.org","@graph":[{"@type":"WebPage","@id":"https:\/\/www.carsondds.com\/es\/servicios-dentales\/blanqueamiento-dental\/casos-practicos-de-blanqueamiento-dental\/","url":"https:\/\/www.carsondds.com\/es\/servicios-dentales\/blanqueamiento-dental\/casos-practicos-de-blanqueamiento-dental\/","name":"Casos pr\u00e1cticos de blanqueamiento dental - Carson &amp; Carson, DDS","isPartOf":{"@id":"https:\/\/www.carsondds.com\/es\/#website"},"datePublished":"2019-02-15T09:00:15+00:00","description":"Casos pr\u00e1cticos de blanqueamiento dental de las consultas dentales de Carsno & Carson, DDS, en Oxnard. Mira lo que nuestros tratamientos de blanqueamiento dental han conseguido en pacientes anteriores.","breadcrumb":{"@id":"https:\/\/www.carsondds.com\/es\/servicios-dentales\/blanqueamiento-dental\/casos-practicos-de-blanqueamiento-dental\/#breadcrumb"},"inLanguage":"es","potentialAction":[{"@type":"ReadAction","target":["https:\/\/www.carsondds.com\/es\/servicios-dentales\/blanqueamiento-dental\/casos-practicos-de-blanqueamiento-dental\/"]}]},{"@type":"BreadcrumbList","@id":"https:\/\/www.carsondds.com\/es\/servicios-dentales\/blanqueamiento-dental\/casos-practicos-de-blanqueamiento-dental\/#breadcrumb","itemListElement":[{"@type":"ListItem","position":1,"name":"Home","item":"https:\/\/www.carsondds.com\/es\/carson-carson-dds\/"},{"@type":"ListItem","position":2,"name":"Servicios dentales","item":"https:\/\/www.carsondds.com\/es\/servicios-dentales\/"},{"@type":"ListItem","position":3,"name":"Blanqueamiento dental","item":"https:\/\/www.carsondds.com\/es\/servicios-dentales\/blanqueamiento-dental\/"},{"@type":"ListItem","position":4,"name":"Casos pr\u00e1cticos de blanqueamiento dental"}]},{"@type":"WebSite","@id":"https:\/\/www.carsondds.com\/es\/#website","url":"https:\/\/www.carsondds.com\/es\/","name":"Carson &amp; Carson, DDS","description":"","publisher":{"@id":"https:\/\/www.carsondds.com\/es\/#organization"},"potentialAction":[{"@type":"SearchAction","target":{"@type":"EntryPoint","urlTemplate":"https:\/\/www.carsondds.com\/es\/?s={search_term_string}"},"query-input":{"@type":"PropertyValueSpecification","valueRequired":true,"valueName":"search_term_string"}}],"inLanguage":"es"},{"@type":"Organization","@id":"https:\/\/www.carsondds.com\/es\/#organization","name":"Carson & Carson DDS, Inc.","url":"https:\/\/www.carsondds.com\/es\/","logo":{"@type":"ImageObject","inLanguage":"es","@id":"https:\/\/www.carsondds.com\/es\/#\/schema\/logo\/image\/","url":"https:\/\/www.carsondds.com\/wp-content\/uploads\/logo-icon.gif","contentUrl":"https:\/\/www.carsondds.com\/wp-content\/uploads\/logo-icon.gif","width":51,"height":51,"caption":"Carson & Carson DDS, Inc."},"image":{"@id":"https:\/\/www.carsondds.com\/es\/#\/schema\/logo\/image\/"},"sameAs":["https:\/\/www.facebook.com\/ddscarson\/","https:\/\/x.com\/carsondds","https:\/\/www.instagram.com\/carson_dentistry126\/","https:\/\/www.youtube.com\/user\/DrCarson805\/"]}]}},"_links":{"self":[{"href":"https:\/\/www.carsondds.com\/es\/wp-json\/wp\/v2\/pages\/219505","targetHints":{"allow":["GET"]}}],"collection":[{"href":"https:\/\/www.carsondds.com\/es\/wp-json\/wp\/v2\/pages"}],"about":[{"href":"https:\/\/www.carsondds.com\/es\/wp-json\/wp\/v2\/types\/page"}],"author":[{"embeddable":true,"href":"https:\/\/www.carsondds.com\/es\/wp-json\/wp\/v2\/users\/2"}],"replies":[{"embeddable":true,"href":"https:\/\/www.carsondds.com\/es\/wp-json\/wp\/v2\/comments?post=219505"}],"version-history":[{"count":0,"href":"https:\/\/www.carsondds.com\/es\/wp-json\/wp\/v2\/pages\/219505\/revisions"}],"up":[{"embeddable":true,"href":"https:\/\/www.carsondds.com\/es\/wp-json\/wp\/v2\/pages\/219410"}],"wp:attachment":[{"href":"https:\/\/www.carsondds.com\/es\/wp-json\/wp\/v2\/media?parent=219505"}],"curies":[{"name":"wp","href":"https:\/\/api.w.org\/{rel}","templated":true}]}}