{"id":219502,"date":"2019-02-15T01:34:34","date_gmt":"2019-02-15T09:34:34","guid":{"rendered":"https:\/\/www.carsondds.com\/servicios-dentales\/odontopediatria\/casos-practicos-de-odontopediatria\/"},"modified":"2019-02-15T01:34:34","modified_gmt":"2019-02-15T09:34:34","slug":"casos-practicos-de-odontopediatria","status":"publish","type":"page","link":"https:\/\/www.carsondds.com\/es\/servicios-dentales\/odontopediatria\/casos-practicos-de-odontopediatria\/","title":{"rendered":"Casos pr\u00e1cticos de odontopediatr\u00eda"},"content":{"rendered":"<p>Estos son algunos de los estudios de casos que hemos realizado sobre <a href=\"https:\/\/www.carsondds.com\/dental-services\/pediatric\/\">atenci\u00f3n dental pedi\u00e1trica<\/a> en Carson &amp; Carson, DDS.<\/p>\n<h2>Caso pr\u00e1ctico pedi\u00e1trico 1<\/h2>\n<p><img loading=\"lazy\" decoding=\"async\" class=\"alignnone\" src=\"\/wp-content\/uploads\/pedo1.jpg\" alt=\"Caries dental pedi\u00e1trica grave\" width=\"400\" height=\"588\"><\/p>\n<p>Todos estos ni\u00f1os padecen caries del biber\u00f3n, caries de la leche. Una vez que los dientes delanteros entran en la boca, un ni\u00f1o que duerme con leche en los dientes padecer\u00e1 caries. He visto desarrollar esta patolog\u00eda dental tanto a ni\u00f1os alimentados con leche materna como con biber\u00f3n.  <\/p>\n<h2>Caso pr\u00e1ctico pedi\u00e1trico 2<\/h2>\n<p><img loading=\"lazy\" decoding=\"async\" class=\"alignnone\" src=\"\/wp-content\/uploads\/pedo2.jpg\" alt=\"Caries dental por consumo de leche\" width=\"400\" height=\"543\"><\/p>\n<p>Esta ni\u00f1a padec\u00eda una caries del biber\u00f3n que le hab\u00eda cariado por completo los dientes delanteros.<\/p>\n<h2>Caso pr\u00e1ctico pedi\u00e1trico 3<\/h2>\n<p><img loading=\"lazy\" decoding=\"async\" class=\"alignnone\" src=\"\/wp-content\/uploads\/pedo3.jpg\" alt=\"Coronas dentales pedi\u00e1tricas\" width=\"400\" height=\"620\"><\/p>\n<p>Se trata de una ni\u00f1a a la que se trat\u00f3 la caries del biber\u00f3n con fundas met\u00e1licas del color del diente. La sedaron amn\u00e9sicamente y nunca record\u00f3 la cita. <\/p>\n<h2>Caso pr\u00e1ctico pedi\u00e1trico 4<\/h2>\n<p><img loading=\"lazy\" decoding=\"async\" class=\"alignnone\" src=\"\/wp-content\/uploads\/pedo4.jpg\" alt=\"Extracci\u00f3n de dientes mal posicionados en caso pedi\u00e1trico\" width=\"400\" height=\"537\"><\/p>\n<p>Estas fotos son de ni\u00f1os con dientes de leche retenidos en exceso, que requieren una <a href=\"https:\/\/www.carsondds.com\/dental-services\/toothextraction\/\">extracci\u00f3n dental<\/a> inmediata. Si no se hace, puede producirse una erupci\u00f3n ect\u00f3pica de los dientes permanentes, lo que puede dar lugar a que tu hijo tenga un aspecto facial malformado o bobalic\u00f3n. <\/p>\n<h2>Caso pr\u00e1ctico pedi\u00e1trico 5<\/h2>\n<p><img loading=\"lazy\" decoding=\"async\" class=\"alignnone\" src=\"\/wp-content\/uploads\/pedo6.jpg\" alt=\"Odontolog\u00eda Cosm\u00e9tica Pedi\u00e1trica\" width=\"436\" height=\"600\"><\/p>\n<p>Estos casos de caries de botella o caries de leche recibieron coronas de acero inoxidable del color del diente recubiertas de resina compuesta.<\/p>\n<h2>Caso pr\u00e1ctico pedi\u00e1trico 6<\/h2>\n<p><img loading=\"lazy\" decoding=\"async\" class=\"alignnone\" src=\"\/wp-content\/uploads\/pedo7.jpg\" alt=\"Empastes de pl\u00e1stico y tres coronas en Odontopediatr\u00eda\" width=\"309\" height=\"600\"><\/p>\n<p>A esta ni\u00f1a le pusieron coronas de acero inoxidable de resina compuesta del color del diente. Fue sedada amn\u00e9sicamente para su cita. <\/p>\n<a class=\"scss3b-button scss3b-button-adobe\" href=\"https:\/\/www.carsondds.com\/contact-us\/\">Contacta hoy mismo con un odontopediatra<\/a>\n","protected":false},"excerpt":{"rendered":"<p>Estos son algunos de los estudios de casos que hemos realizado sobre atenci\u00f3n dental pedi\u00e1trica en Carson &amp; Carson, DDS. Caso pr\u00e1ctico pedi\u00e1trico 1 Todos estos ni\u00f1os padecen caries del biber\u00f3n, caries de la leche. Una vez que los dientes delanteros entran en la boca, un ni\u00f1o que duerme con leche en los dientes padecer\u00e1 [&hellip;]<\/p>\n","protected":false},"author":2,"featured_media":0,"parent":219415,"menu_order":0,"comment_status":"closed","ping_status":"closed","template":"","meta":{"_et_pb_use_builder":"","_et_pb_old_content":"","_et_gb_content_width":"","footnotes":""},"class_list":["post-219502","page","type-page","status-publish","hentry"],"yoast_head":"<!-- This site is optimized with the Yoast SEO plugin v27.3 - https:\/\/yoast.com\/product\/yoast-seo-wordpress\/ -->\n<title>Casos pr\u00e1cticos de odontopediatr\u00eda - Carson &amp; Carson, DDS<\/title>\n<meta name=\"description\" content=\"Casos pr\u00e1cticos de Odontopediatr\u00eda de las experimentadas consultas dentales de Carson &amp; Carson, DDS. Ver fotos de tratamientos odontopedi\u00e1tricos con \u00e9xito.\" \/>\n<meta name=\"robots\" content=\"index, follow, max-snippet:-1, max-image-preview:large, max-video-preview:-1\" \/>\n<link rel=\"canonical\" href=\"https:\/\/www.carsondds.com\/es\/servicios-dentales\/odontopediatria\/casos-practicos-de-odontopediatria\/\" \/>\n<meta property=\"og:locale\" content=\"es_ES\" \/>\n<meta property=\"og:type\" content=\"article\" \/>\n<meta property=\"og:title\" content=\"Casos pr\u00e1cticos de odontopediatr\u00eda - Carson &amp; Carson, DDS\" \/>\n<meta property=\"og:description\" content=\"Casos pr\u00e1cticos de Odontopediatr\u00eda de las experimentadas consultas dentales de Carson &amp; Carson, DDS. Ver fotos de tratamientos odontopedi\u00e1tricos con \u00e9xito.\" \/>\n<meta property=\"og:url\" content=\"https:\/\/www.carsondds.com\/es\/servicios-dentales\/odontopediatria\/casos-practicos-de-odontopediatria\/\" \/>\n<meta property=\"og:site_name\" content=\"Carson &amp; Carson, DDS\" \/>\n<meta property=\"article:publisher\" content=\"https:\/\/www.facebook.com\/ddscarson\/\" \/>\n<meta property=\"og:image\" content=\"https:\/\/www.carsondds.com\/wp-content\/uploads\/2.png\" \/>\n\t<meta property=\"og:image:width\" content=\"1700\" \/>\n\t<meta property=\"og:image:height\" content=\"785\" \/>\n\t<meta property=\"og:image:type\" content=\"image\/png\" \/>\n<meta name=\"twitter:card\" content=\"summary_large_image\" \/>\n<meta name=\"twitter:site\" content=\"@carsondds\" \/>\n<meta name=\"twitter:label1\" content=\"Tiempo de lectura\" \/>\n\t<meta name=\"twitter:data1\" content=\"1 minuto\" \/>\n<script type=\"application\/ld+json\" class=\"yoast-schema-graph\">{\"@context\":\"https:\\\/\\\/schema.org\",\"@graph\":[{\"@type\":\"WebPage\",\"@id\":\"https:\\\/\\\/www.carsondds.com\\\/es\\\/servicios-dentales\\\/odontopediatria\\\/casos-practicos-de-odontopediatria\\\/\",\"url\":\"https:\\\/\\\/www.carsondds.com\\\/es\\\/servicios-dentales\\\/odontopediatria\\\/casos-practicos-de-odontopediatria\\\/\",\"name\":\"Casos pr\u00e1cticos de odontopediatr\u00eda - Carson &amp; Carson, DDS\",\"isPartOf\":{\"@id\":\"https:\\\/\\\/www.carsondds.com\\\/es\\\/#website\"},\"datePublished\":\"2019-02-15T09:34:34+00:00\",\"description\":\"Casos pr\u00e1cticos de Odontopediatr\u00eda de las experimentadas consultas dentales de Carson & Carson, DDS. Ver fotos de tratamientos odontopedi\u00e1tricos con \u00e9xito.\",\"breadcrumb\":{\"@id\":\"https:\\\/\\\/www.carsondds.com\\\/es\\\/servicios-dentales\\\/odontopediatria\\\/casos-practicos-de-odontopediatria\\\/#breadcrumb\"},\"inLanguage\":\"es\",\"potentialAction\":[{\"@type\":\"ReadAction\",\"target\":[\"https:\\\/\\\/www.carsondds.com\\\/es\\\/servicios-dentales\\\/odontopediatria\\\/casos-practicos-de-odontopediatria\\\/\"]}]},{\"@type\":\"BreadcrumbList\",\"@id\":\"https:\\\/\\\/www.carsondds.com\\\/es\\\/servicios-dentales\\\/odontopediatria\\\/casos-practicos-de-odontopediatria\\\/#breadcrumb\",\"itemListElement\":[{\"@type\":\"ListItem\",\"position\":1,\"name\":\"Home\",\"item\":\"https:\\\/\\\/www.carsondds.com\\\/es\\\/carson-carson-dds\\\/\"},{\"@type\":\"ListItem\",\"position\":2,\"name\":\"Servicios dentales\",\"item\":\"https:\\\/\\\/www.carsondds.com\\\/es\\\/servicios-dentales\\\/\"},{\"@type\":\"ListItem\",\"position\":3,\"name\":\"Odontopediatr\u00eda\",\"item\":\"https:\\\/\\\/www.carsondds.com\\\/es\\\/servicios-dentales\\\/odontopediatria\\\/\"},{\"@type\":\"ListItem\",\"position\":4,\"name\":\"Casos pr\u00e1cticos de odontopediatr\u00eda\"}]},{\"@type\":\"WebSite\",\"@id\":\"https:\\\/\\\/www.carsondds.com\\\/es\\\/#website\",\"url\":\"https:\\\/\\\/www.carsondds.com\\\/es\\\/\",\"name\":\"Carson &amp; Carson, DDS\",\"description\":\"\",\"publisher\":{\"@id\":\"https:\\\/\\\/www.carsondds.com\\\/es\\\/#organization\"},\"potentialAction\":[{\"@type\":\"SearchAction\",\"target\":{\"@type\":\"EntryPoint\",\"urlTemplate\":\"https:\\\/\\\/www.carsondds.com\\\/es\\\/?s={search_term_string}\"},\"query-input\":{\"@type\":\"PropertyValueSpecification\",\"valueRequired\":true,\"valueName\":\"search_term_string\"}}],\"inLanguage\":\"es\"},{\"@type\":\"Organization\",\"@id\":\"https:\\\/\\\/www.carsondds.com\\\/es\\\/#organization\",\"name\":\"Carson & Carson DDS, Inc.\",\"url\":\"https:\\\/\\\/www.carsondds.com\\\/es\\\/\",\"logo\":{\"@type\":\"ImageObject\",\"inLanguage\":\"es\",\"@id\":\"https:\\\/\\\/www.carsondds.com\\\/es\\\/#\\\/schema\\\/logo\\\/image\\\/\",\"url\":\"https:\\\/\\\/www.carsondds.com\\\/wp-content\\\/uploads\\\/logo-icon.gif\",\"contentUrl\":\"https:\\\/\\\/www.carsondds.com\\\/wp-content\\\/uploads\\\/logo-icon.gif\",\"width\":51,\"height\":51,\"caption\":\"Carson & Carson DDS, Inc.\"},\"image\":{\"@id\":\"https:\\\/\\\/www.carsondds.com\\\/es\\\/#\\\/schema\\\/logo\\\/image\\\/\"},\"sameAs\":[\"https:\\\/\\\/www.facebook.com\\\/ddscarson\\\/\",\"https:\\\/\\\/x.com\\\/carsondds\",\"https:\\\/\\\/www.instagram.com\\\/carson_dentistry126\\\/\",\"https:\\\/\\\/www.youtube.com\\\/user\\\/DrCarson805\\\/\"]}]}<\/script>\n<!-- \/ Yoast SEO plugin. -->","yoast_head_json":{"title":"Casos pr\u00e1cticos de odontopediatr\u00eda - Carson &amp; Carson, DDS","description":"Casos pr\u00e1cticos de Odontopediatr\u00eda de las experimentadas consultas dentales de Carson & Carson, DDS. Ver fotos de tratamientos odontopedi\u00e1tricos con \u00e9xito.","robots":{"index":"index","follow":"follow","max-snippet":"max-snippet:-1","max-image-preview":"max-image-preview:large","max-video-preview":"max-video-preview:-1"},"canonical":"https:\/\/www.carsondds.com\/es\/servicios-dentales\/odontopediatria\/casos-practicos-de-odontopediatria\/","og_locale":"es_ES","og_type":"article","og_title":"Casos pr\u00e1cticos de odontopediatr\u00eda - Carson &amp; Carson, DDS","og_description":"Casos pr\u00e1cticos de Odontopediatr\u00eda de las experimentadas consultas dentales de Carson & Carson, DDS. Ver fotos de tratamientos odontopedi\u00e1tricos con \u00e9xito.","og_url":"https:\/\/www.carsondds.com\/es\/servicios-dentales\/odontopediatria\/casos-practicos-de-odontopediatria\/","og_site_name":"Carson &amp; Carson, DDS","article_publisher":"https:\/\/www.facebook.com\/ddscarson\/","og_image":[{"width":1700,"height":785,"url":"https:\/\/www.carsondds.com\/wp-content\/uploads\/2.png","type":"image\/png"}],"twitter_card":"summary_large_image","twitter_site":"@carsondds","twitter_misc":{"Tiempo de lectura":"1 minuto"},"schema":{"@context":"https:\/\/schema.org","@graph":[{"@type":"WebPage","@id":"https:\/\/www.carsondds.com\/es\/servicios-dentales\/odontopediatria\/casos-practicos-de-odontopediatria\/","url":"https:\/\/www.carsondds.com\/es\/servicios-dentales\/odontopediatria\/casos-practicos-de-odontopediatria\/","name":"Casos pr\u00e1cticos de odontopediatr\u00eda - Carson &amp; Carson, DDS","isPartOf":{"@id":"https:\/\/www.carsondds.com\/es\/#website"},"datePublished":"2019-02-15T09:34:34+00:00","description":"Casos pr\u00e1cticos de Odontopediatr\u00eda de las experimentadas consultas dentales de Carson & Carson, DDS. Ver fotos de tratamientos odontopedi\u00e1tricos con \u00e9xito.","breadcrumb":{"@id":"https:\/\/www.carsondds.com\/es\/servicios-dentales\/odontopediatria\/casos-practicos-de-odontopediatria\/#breadcrumb"},"inLanguage":"es","potentialAction":[{"@type":"ReadAction","target":["https:\/\/www.carsondds.com\/es\/servicios-dentales\/odontopediatria\/casos-practicos-de-odontopediatria\/"]}]},{"@type":"BreadcrumbList","@id":"https:\/\/www.carsondds.com\/es\/servicios-dentales\/odontopediatria\/casos-practicos-de-odontopediatria\/#breadcrumb","itemListElement":[{"@type":"ListItem","position":1,"name":"Home","item":"https:\/\/www.carsondds.com\/es\/carson-carson-dds\/"},{"@type":"ListItem","position":2,"name":"Servicios dentales","item":"https:\/\/www.carsondds.com\/es\/servicios-dentales\/"},{"@type":"ListItem","position":3,"name":"Odontopediatr\u00eda","item":"https:\/\/www.carsondds.com\/es\/servicios-dentales\/odontopediatria\/"},{"@type":"ListItem","position":4,"name":"Casos pr\u00e1cticos de odontopediatr\u00eda"}]},{"@type":"WebSite","@id":"https:\/\/www.carsondds.com\/es\/#website","url":"https:\/\/www.carsondds.com\/es\/","name":"Carson &amp; Carson, DDS","description":"","publisher":{"@id":"https:\/\/www.carsondds.com\/es\/#organization"},"potentialAction":[{"@type":"SearchAction","target":{"@type":"EntryPoint","urlTemplate":"https:\/\/www.carsondds.com\/es\/?s={search_term_string}"},"query-input":{"@type":"PropertyValueSpecification","valueRequired":true,"valueName":"search_term_string"}}],"inLanguage":"es"},{"@type":"Organization","@id":"https:\/\/www.carsondds.com\/es\/#organization","name":"Carson & Carson DDS, Inc.","url":"https:\/\/www.carsondds.com\/es\/","logo":{"@type":"ImageObject","inLanguage":"es","@id":"https:\/\/www.carsondds.com\/es\/#\/schema\/logo\/image\/","url":"https:\/\/www.carsondds.com\/wp-content\/uploads\/logo-icon.gif","contentUrl":"https:\/\/www.carsondds.com\/wp-content\/uploads\/logo-icon.gif","width":51,"height":51,"caption":"Carson & Carson DDS, Inc."},"image":{"@id":"https:\/\/www.carsondds.com\/es\/#\/schema\/logo\/image\/"},"sameAs":["https:\/\/www.facebook.com\/ddscarson\/","https:\/\/x.com\/carsondds","https:\/\/www.instagram.com\/carson_dentistry126\/","https:\/\/www.youtube.com\/user\/DrCarson805\/"]}]}},"_links":{"self":[{"href":"https:\/\/www.carsondds.com\/es\/wp-json\/wp\/v2\/pages\/219502","targetHints":{"allow":["GET"]}}],"collection":[{"href":"https:\/\/www.carsondds.com\/es\/wp-json\/wp\/v2\/pages"}],"about":[{"href":"https:\/\/www.carsondds.com\/es\/wp-json\/wp\/v2\/types\/page"}],"author":[{"embeddable":true,"href":"https:\/\/www.carsondds.com\/es\/wp-json\/wp\/v2\/users\/2"}],"replies":[{"embeddable":true,"href":"https:\/\/www.carsondds.com\/es\/wp-json\/wp\/v2\/comments?post=219502"}],"version-history":[{"count":0,"href":"https:\/\/www.carsondds.com\/es\/wp-json\/wp\/v2\/pages\/219502\/revisions"}],"up":[{"embeddable":true,"href":"https:\/\/www.carsondds.com\/es\/wp-json\/wp\/v2\/pages\/219415"}],"wp:attachment":[{"href":"https:\/\/www.carsondds.com\/es\/wp-json\/wp\/v2\/media?parent=219502"}],"curies":[{"name":"wp","href":"https:\/\/api.w.org\/{rel}","templated":true}]}}