{"id":219500,"date":"2019-02-15T21:39:35","date_gmt":"2019-02-16T05:39:35","guid":{"rendered":"https:\/\/www.carsondds.com\/atricion-erosion-y-fracturas\/casos-practicos-de-bajas\/"},"modified":"2019-02-15T21:39:35","modified_gmt":"2019-02-16T05:39:35","slug":"casos-practicos-de-bajas","status":"publish","type":"page","link":"https:\/\/www.carsondds.com\/es\/servicios-dentales\/problemas-dentales-comunes\/atricion-erosion-y-fracturas\/casos-practicos-de-bajas\/","title":{"rendered":"Casos pr\u00e1cticos de bajas"},"content":{"rendered":"<p>A continuaci\u00f3n te presentamos algunos estudios de casos <a href=\"https:\/\/www.carsondds.com\/dental-services\/common-dental-problems\/attrition\/\">de desgaste<\/a> que hemos visto en nuestros 45 a\u00f1os prestando atenci\u00f3n dental a las comunidades de <a href=\"https:\/\/www.carsondds.com\/dentist\/oxnard\/\">Oxnard<\/a> y <a href=\"https:\/\/www.carsondds.com\/dentist\/camarillo\/\">Camarillo<\/a>.<\/p>\n<h2>Caso pr\u00e1ctico 1<\/h2>\n<p><img loading=\"lazy\" decoding=\"async\" class=\"alignnone\" src=\"\/wp-content\/uploads\/attritionlemon.jpg\" alt=\"Desgaste Temprano, Desgaste Avanzado, Desgaste Lim\u00f3n\" width=\"430\" height=\"550\"><br \/>\nEl \u00e1cido c\u00edtrico de los limones es un problema dental frecuente y destruye completamente los dientes a una edad temprana. He visto casos de adolescentes que se han estropeado los dientes delanteros por chupar limones todo el tiempo. <\/p>\n<h2>Caso pr\u00e1ctico 2<\/h2>\n<p><a href=\"\/wp-content\/uploads\/attritionnailbite.jpg\" target=\"_blank\" rel=\"noopener noreferrer\" data-rel=\"lightbox-image-0\" data-rl_title=\"\" data-rl_caption=\"\" title=\"\"><img loading=\"lazy\" decoding=\"async\" class=\"alignnone\" src=\"\/wp-content\/uploads\/attritionnailbite.jpg\" alt=\"Erosi\u00f3n avanzada, desgaste por morderse las u\u00f1as\" width=\"444\" height=\"550\"><\/a><\/p>\n<p>El desgaste de los dientes por desgaste dental se acelera al morderse las u\u00f1as. Por favor, det\u00e9n el h\u00e1bito de morderse las u\u00f1as en tu hijo antes de que llegue a la secundaria o nunca lo har\u00e1 y provocar\u00e1 que sus dientes se desgasten prematuramente. <\/p>\n<h2>Caso pr\u00e1ctico 3<\/h2>\n<p><a href=\"\/wp-content\/uploads\/attrition2.jpg\" target=\"_blank\" rel=\"noopener noreferrer\" data-rel=\"lightbox-image-1\" data-rl_title=\"\" data-rl_caption=\"\" title=\"\"><img loading=\"lazy\" decoding=\"async\" class=\"alignnone\" src=\"\/wp-content\/uploads\/fracture1.jpg\" alt=\"Extracci\u00f3n de fragmentos de dientes fracturados\" width=\"416\" height=\"550\"><\/a><\/p>\n<p>Muchos dientes se parten y fracturan por masticar hielo, caramelos duros como piedras y trozos de hueso en la comida. Para evitarlo, los empastes grandes deben sustituirse por coronas m\u00e1s resistentes. <\/p>\n<h2>Caso pr\u00e1ctico 4<\/h2>\n<p><a href=\"\/wp-content\/uploads\/rootfracture1.jpg\" target=\"_blank\" rel=\"noopener noreferrer\" data-rel=\"lightbox-image-2\" data-rl_title=\"\" data-rl_caption=\"\" title=\"\"><img loading=\"lazy\" decoding=\"async\" class=\"alignnone\" src=\"\/wp-content\/uploads\/rootfracture1.jpg\" alt=\"Extracci\u00f3n de dientes muy da\u00f1ados por atrici\u00f3n\" width=\"390\" height=\"550\"><\/a><\/p>\n<p>Las fracturas radiculares hicieron que este diente necesitara <a href=\"https:\/\/www.carsondds.com\/dental-services\/toothextraction\/\">una extracci\u00f3n<\/a>. Era insalvable despu\u00e9s de extraer la mitad del diente. Este diente ten\u00eda una endodoncia que se complet\u00f3 recientemente, pero se parti\u00f3 antes de que se pudiera coronar. Corona siempre un diente justo despu\u00e9s de una endodoncia, no esperes y dejes vulnerable el diente expuesto.   <\/p>\n<a class=\"scss3b-button scss3b-button-adobe\" href=\"https:\/\/www.carsondds.com\/contact-us\/\">Contactar con un higienista dental<\/a>\n","protected":false},"excerpt":{"rendered":"<p>A continuaci\u00f3n te presentamos algunos estudios de casos de desgaste que hemos visto en nuestros 45 a\u00f1os prestando atenci\u00f3n dental a las comunidades de Oxnard y Camarillo. Caso pr\u00e1ctico 1 El \u00e1cido c\u00edtrico de los limones es un problema dental frecuente y destruye completamente los dientes a una edad temprana. He visto casos de adolescentes [&hellip;]<\/p>\n","protected":false},"author":2,"featured_media":0,"parent":219403,"menu_order":0,"comment_status":"closed","ping_status":"closed","template":"","meta":{"_et_pb_use_builder":"","_et_pb_old_content":"","_et_gb_content_width":"","footnotes":""},"class_list":["post-219500","page","type-page","status-publish","hentry"],"yoast_head":"<!-- This site is optimized with the Yoast SEO plugin v27.3 - https:\/\/yoast.com\/product\/yoast-seo-wordpress\/ -->\n<title>Casos pr\u00e1cticos de bajas - Carson &amp; Carson, DDS<\/title>\n<meta name=\"description\" content=\"Casos pr\u00e1cticos de desgaste en Carson &amp; Carson, DDS. Echa un vistazo a las fotos de nuestros trabajos anteriores para devolver los dientes a un estado sano tras a\u00f1os de desgaste.\" \/>\n<meta name=\"robots\" content=\"index, follow, max-snippet:-1, max-image-preview:large, max-video-preview:-1\" \/>\n<link rel=\"canonical\" href=\"https:\/\/www.carsondds.com\/es\/servicios-dentales\/problemas-dentales-comunes\/atricion-erosion-y-fracturas\/casos-practicos-de-bajas\/\" \/>\n<meta property=\"og:locale\" content=\"es_ES\" \/>\n<meta property=\"og:type\" content=\"article\" \/>\n<meta property=\"og:title\" content=\"Casos pr\u00e1cticos de bajas - Carson &amp; Carson, DDS\" \/>\n<meta property=\"og:description\" content=\"Casos pr\u00e1cticos de desgaste en Carson &amp; Carson, DDS. Echa un vistazo a las fotos de nuestros trabajos anteriores para devolver los dientes a un estado sano tras a\u00f1os de desgaste.\" \/>\n<meta property=\"og:url\" content=\"https:\/\/www.carsondds.com\/es\/servicios-dentales\/problemas-dentales-comunes\/atricion-erosion-y-fracturas\/casos-practicos-de-bajas\/\" \/>\n<meta property=\"og:site_name\" content=\"Carson &amp; Carson, DDS\" \/>\n<meta property=\"article:publisher\" content=\"https:\/\/www.facebook.com\/ddscarson\/\" \/>\n<meta property=\"og:image\" content=\"https:\/\/www.carsondds.com\/wp-content\/uploads\/2.png\" \/>\n\t<meta property=\"og:image:width\" content=\"1700\" \/>\n\t<meta property=\"og:image:height\" content=\"785\" \/>\n\t<meta property=\"og:image:type\" content=\"image\/png\" \/>\n<meta name=\"twitter:card\" content=\"summary_large_image\" \/>\n<meta name=\"twitter:site\" content=\"@carsondds\" \/>\n<meta name=\"twitter:label1\" content=\"Tiempo de lectura\" \/>\n\t<meta name=\"twitter:data1\" content=\"1 minuto\" \/>\n<script type=\"application\/ld+json\" class=\"yoast-schema-graph\">{\"@context\":\"https:\\\/\\\/schema.org\",\"@graph\":[{\"@type\":\"WebPage\",\"@id\":\"https:\\\/\\\/www.carsondds.com\\\/es\\\/servicios-dentales\\\/problemas-dentales-comunes\\\/atricion-erosion-y-fracturas\\\/casos-practicos-de-bajas\\\/\",\"url\":\"https:\\\/\\\/www.carsondds.com\\\/es\\\/servicios-dentales\\\/problemas-dentales-comunes\\\/atricion-erosion-y-fracturas\\\/casos-practicos-de-bajas\\\/\",\"name\":\"Casos pr\u00e1cticos de bajas - Carson &amp; Carson, DDS\",\"isPartOf\":{\"@id\":\"https:\\\/\\\/www.carsondds.com\\\/es\\\/#website\"},\"datePublished\":\"2019-02-16T05:39:35+00:00\",\"description\":\"Casos pr\u00e1cticos de desgaste en Carson & Carson, DDS. Echa un vistazo a las fotos de nuestros trabajos anteriores para devolver los dientes a un estado sano tras a\u00f1os de desgaste.\",\"breadcrumb\":{\"@id\":\"https:\\\/\\\/www.carsondds.com\\\/es\\\/servicios-dentales\\\/problemas-dentales-comunes\\\/atricion-erosion-y-fracturas\\\/casos-practicos-de-bajas\\\/#breadcrumb\"},\"inLanguage\":\"es\",\"potentialAction\":[{\"@type\":\"ReadAction\",\"target\":[\"https:\\\/\\\/www.carsondds.com\\\/es\\\/servicios-dentales\\\/problemas-dentales-comunes\\\/atricion-erosion-y-fracturas\\\/casos-practicos-de-bajas\\\/\"]}]},{\"@type\":\"BreadcrumbList\",\"@id\":\"https:\\\/\\\/www.carsondds.com\\\/es\\\/servicios-dentales\\\/problemas-dentales-comunes\\\/atricion-erosion-y-fracturas\\\/casos-practicos-de-bajas\\\/#breadcrumb\",\"itemListElement\":[{\"@type\":\"ListItem\",\"position\":1,\"name\":\"Home\",\"item\":\"https:\\\/\\\/www.carsondds.com\\\/es\\\/carson-carson-dds\\\/\"},{\"@type\":\"ListItem\",\"position\":2,\"name\":\"Servicios dentales\",\"item\":\"https:\\\/\\\/www.carsondds.com\\\/es\\\/servicios-dentales\\\/\"},{\"@type\":\"ListItem\",\"position\":3,\"name\":\"Problemas dentales comunes\",\"item\":\"https:\\\/\\\/www.carsondds.com\\\/es\\\/servicios-dentales\\\/problemas-dentales-comunes\\\/\"},{\"@type\":\"ListItem\",\"position\":4,\"name\":\"Atrici\u00f3n, erosi\u00f3n y fracturas\",\"item\":\"https:\\\/\\\/www.carsondds.com\\\/es\\\/servicios-dentales\\\/problemas-dentales-comunes\\\/atricion-erosion-y-fracturas\\\/\"},{\"@type\":\"ListItem\",\"position\":5,\"name\":\"Casos pr\u00e1cticos de bajas\"}]},{\"@type\":\"WebSite\",\"@id\":\"https:\\\/\\\/www.carsondds.com\\\/es\\\/#website\",\"url\":\"https:\\\/\\\/www.carsondds.com\\\/es\\\/\",\"name\":\"Carson &amp; Carson, DDS\",\"description\":\"\",\"publisher\":{\"@id\":\"https:\\\/\\\/www.carsondds.com\\\/es\\\/#organization\"},\"potentialAction\":[{\"@type\":\"SearchAction\",\"target\":{\"@type\":\"EntryPoint\",\"urlTemplate\":\"https:\\\/\\\/www.carsondds.com\\\/es\\\/?s={search_term_string}\"},\"query-input\":{\"@type\":\"PropertyValueSpecification\",\"valueRequired\":true,\"valueName\":\"search_term_string\"}}],\"inLanguage\":\"es\"},{\"@type\":\"Organization\",\"@id\":\"https:\\\/\\\/www.carsondds.com\\\/es\\\/#organization\",\"name\":\"Carson & Carson DDS, Inc.\",\"url\":\"https:\\\/\\\/www.carsondds.com\\\/es\\\/\",\"logo\":{\"@type\":\"ImageObject\",\"inLanguage\":\"es\",\"@id\":\"https:\\\/\\\/www.carsondds.com\\\/es\\\/#\\\/schema\\\/logo\\\/image\\\/\",\"url\":\"https:\\\/\\\/www.carsondds.com\\\/wp-content\\\/uploads\\\/logo-icon.gif\",\"contentUrl\":\"https:\\\/\\\/www.carsondds.com\\\/wp-content\\\/uploads\\\/logo-icon.gif\",\"width\":51,\"height\":51,\"caption\":\"Carson & Carson DDS, Inc.\"},\"image\":{\"@id\":\"https:\\\/\\\/www.carsondds.com\\\/es\\\/#\\\/schema\\\/logo\\\/image\\\/\"},\"sameAs\":[\"https:\\\/\\\/www.facebook.com\\\/ddscarson\\\/\",\"https:\\\/\\\/x.com\\\/carsondds\",\"https:\\\/\\\/www.instagram.com\\\/carson_dentistry126\\\/\",\"https:\\\/\\\/www.youtube.com\\\/user\\\/DrCarson805\\\/\"]}]}<\/script>\n<!-- \/ Yoast SEO plugin. -->","yoast_head_json":{"title":"Casos pr\u00e1cticos de bajas - Carson &amp; Carson, DDS","description":"Casos pr\u00e1cticos de desgaste en Carson & Carson, DDS. Echa un vistazo a las fotos de nuestros trabajos anteriores para devolver los dientes a un estado sano tras a\u00f1os de desgaste.","robots":{"index":"index","follow":"follow","max-snippet":"max-snippet:-1","max-image-preview":"max-image-preview:large","max-video-preview":"max-video-preview:-1"},"canonical":"https:\/\/www.carsondds.com\/es\/servicios-dentales\/problemas-dentales-comunes\/atricion-erosion-y-fracturas\/casos-practicos-de-bajas\/","og_locale":"es_ES","og_type":"article","og_title":"Casos pr\u00e1cticos de bajas - Carson &amp; Carson, DDS","og_description":"Casos pr\u00e1cticos de desgaste en Carson & Carson, DDS. Echa un vistazo a las fotos de nuestros trabajos anteriores para devolver los dientes a un estado sano tras a\u00f1os de desgaste.","og_url":"https:\/\/www.carsondds.com\/es\/servicios-dentales\/problemas-dentales-comunes\/atricion-erosion-y-fracturas\/casos-practicos-de-bajas\/","og_site_name":"Carson &amp; Carson, DDS","article_publisher":"https:\/\/www.facebook.com\/ddscarson\/","og_image":[{"width":1700,"height":785,"url":"https:\/\/www.carsondds.com\/wp-content\/uploads\/2.png","type":"image\/png"}],"twitter_card":"summary_large_image","twitter_site":"@carsondds","twitter_misc":{"Tiempo de lectura":"1 minuto"},"schema":{"@context":"https:\/\/schema.org","@graph":[{"@type":"WebPage","@id":"https:\/\/www.carsondds.com\/es\/servicios-dentales\/problemas-dentales-comunes\/atricion-erosion-y-fracturas\/casos-practicos-de-bajas\/","url":"https:\/\/www.carsondds.com\/es\/servicios-dentales\/problemas-dentales-comunes\/atricion-erosion-y-fracturas\/casos-practicos-de-bajas\/","name":"Casos pr\u00e1cticos de bajas - Carson &amp; Carson, DDS","isPartOf":{"@id":"https:\/\/www.carsondds.com\/es\/#website"},"datePublished":"2019-02-16T05:39:35+00:00","description":"Casos pr\u00e1cticos de desgaste en Carson & Carson, DDS. Echa un vistazo a las fotos de nuestros trabajos anteriores para devolver los dientes a un estado sano tras a\u00f1os de desgaste.","breadcrumb":{"@id":"https:\/\/www.carsondds.com\/es\/servicios-dentales\/problemas-dentales-comunes\/atricion-erosion-y-fracturas\/casos-practicos-de-bajas\/#breadcrumb"},"inLanguage":"es","potentialAction":[{"@type":"ReadAction","target":["https:\/\/www.carsondds.com\/es\/servicios-dentales\/problemas-dentales-comunes\/atricion-erosion-y-fracturas\/casos-practicos-de-bajas\/"]}]},{"@type":"BreadcrumbList","@id":"https:\/\/www.carsondds.com\/es\/servicios-dentales\/problemas-dentales-comunes\/atricion-erosion-y-fracturas\/casos-practicos-de-bajas\/#breadcrumb","itemListElement":[{"@type":"ListItem","position":1,"name":"Home","item":"https:\/\/www.carsondds.com\/es\/carson-carson-dds\/"},{"@type":"ListItem","position":2,"name":"Servicios dentales","item":"https:\/\/www.carsondds.com\/es\/servicios-dentales\/"},{"@type":"ListItem","position":3,"name":"Problemas dentales comunes","item":"https:\/\/www.carsondds.com\/es\/servicios-dentales\/problemas-dentales-comunes\/"},{"@type":"ListItem","position":4,"name":"Atrici\u00f3n, erosi\u00f3n y fracturas","item":"https:\/\/www.carsondds.com\/es\/servicios-dentales\/problemas-dentales-comunes\/atricion-erosion-y-fracturas\/"},{"@type":"ListItem","position":5,"name":"Casos pr\u00e1cticos de bajas"}]},{"@type":"WebSite","@id":"https:\/\/www.carsondds.com\/es\/#website","url":"https:\/\/www.carsondds.com\/es\/","name":"Carson &amp; Carson, DDS","description":"","publisher":{"@id":"https:\/\/www.carsondds.com\/es\/#organization"},"potentialAction":[{"@type":"SearchAction","target":{"@type":"EntryPoint","urlTemplate":"https:\/\/www.carsondds.com\/es\/?s={search_term_string}"},"query-input":{"@type":"PropertyValueSpecification","valueRequired":true,"valueName":"search_term_string"}}],"inLanguage":"es"},{"@type":"Organization","@id":"https:\/\/www.carsondds.com\/es\/#organization","name":"Carson & Carson DDS, Inc.","url":"https:\/\/www.carsondds.com\/es\/","logo":{"@type":"ImageObject","inLanguage":"es","@id":"https:\/\/www.carsondds.com\/es\/#\/schema\/logo\/image\/","url":"https:\/\/www.carsondds.com\/wp-content\/uploads\/logo-icon.gif","contentUrl":"https:\/\/www.carsondds.com\/wp-content\/uploads\/logo-icon.gif","width":51,"height":51,"caption":"Carson & Carson DDS, Inc."},"image":{"@id":"https:\/\/www.carsondds.com\/es\/#\/schema\/logo\/image\/"},"sameAs":["https:\/\/www.facebook.com\/ddscarson\/","https:\/\/x.com\/carsondds","https:\/\/www.instagram.com\/carson_dentistry126\/","https:\/\/www.youtube.com\/user\/DrCarson805\/"]}]}},"_links":{"self":[{"href":"https:\/\/www.carsondds.com\/es\/wp-json\/wp\/v2\/pages\/219500","targetHints":{"allow":["GET"]}}],"collection":[{"href":"https:\/\/www.carsondds.com\/es\/wp-json\/wp\/v2\/pages"}],"about":[{"href":"https:\/\/www.carsondds.com\/es\/wp-json\/wp\/v2\/types\/page"}],"author":[{"embeddable":true,"href":"https:\/\/www.carsondds.com\/es\/wp-json\/wp\/v2\/users\/2"}],"replies":[{"embeddable":true,"href":"https:\/\/www.carsondds.com\/es\/wp-json\/wp\/v2\/comments?post=219500"}],"version-history":[{"count":0,"href":"https:\/\/www.carsondds.com\/es\/wp-json\/wp\/v2\/pages\/219500\/revisions"}],"up":[{"embeddable":true,"href":"https:\/\/www.carsondds.com\/es\/wp-json\/wp\/v2\/pages\/219403"}],"wp:attachment":[{"href":"https:\/\/www.carsondds.com\/es\/wp-json\/wp\/v2\/media?parent=219500"}],"curies":[{"name":"wp","href":"https:\/\/api.w.org\/{rel}","templated":true}]}}