{"id":219499,"date":"2019-03-14T23:40:20","date_gmt":"2019-03-15T06:40:20","guid":{"rendered":"https:\/\/www.carsondds.com\/servicios-dentales\/implantes-dentales\/casos-practicos-de-implantes-dentales\/"},"modified":"2019-03-14T23:40:20","modified_gmt":"2019-03-15T06:40:20","slug":"casos-practicos-de-implantes-dentales","status":"publish","type":"page","link":"https:\/\/www.carsondds.com\/es\/servicios-dentales\/implantes-dentales\/casos-practicos-de-implantes-dentales\/","title":{"rendered":"Casos pr\u00e1cticos de implantes dentales"},"content":{"rendered":"<p>\u00c9stos son algunos m\u00e1s de los casos <a href=\"https:\/\/www.carsondds.com\/dental-services\/implantdentistry\/\">de implantes dentales<\/a> que hemos tratado a lo largo de nuestros 45 a\u00f1os como <a href=\"https:\/\/www.carsondds.com\/dentist\/oxnard\/\">dentistas de Oxnard<\/a>.<\/p>\n<h2>Estudio de caso de implante dental 1<\/h2>\n<p><img loading=\"lazy\" decoding=\"async\" class=\"alignnone\" src=\"\/wp-content\/uploads\/implant1a.jpg\" alt=\"Sustituci\u00f3n de puente por implantes dentales\" width=\"400\" height=\"522\"><br \/>\nEsta paciente ten\u00eda un puente preexistente de tramo largo en el que fall\u00f3 el \u00faltimo molar y hubo que cortar el puente. S\u00f3lo quedaron las dos coronas de los pilares delanteros. Se colocaron tres implantes dentales, que sustituyeron a su premolar y dos molares. Tras cuatro meses de osteointegraci\u00f3n de los implantes, el caso est\u00e1 coronado. Mira las siguientes fotos para ver las coronas.    <\/p>\n<p><img loading=\"lazy\" decoding=\"async\" class=\"alignnone\" src=\"\/wp-content\/uploads\/implant1b.jpg\" alt=\"Despu\u00e9s de colocar los implantes\" width=\"400\" height=\"505\"><br \/>\n\u00c9ste es el caso despu\u00e9s de haber sido restaurado. Los tres implantes se han integrado al cabo de cuatro meses. Ahora est\u00e1n coronados. Las coronas de los implantes tienen mejor aspecto que los dientes reales con coronas.   <\/p>\n<h2>Estudio de caso de implante dental 2<\/h2>\n<p><img loading=\"lazy\" decoding=\"async\" class=\"size-full wp-image-494 alignnone\" src=\"https:\/\/www.carsondds.com\/wp-content\/uploads\/implant2a.jpg\" alt=\"A una mujer de Elederly le colocan 4 implantes en la fila inferior\" width=\"400\" height=\"489\" srcset=\"https:\/\/www.carsondds.com\/wp-content\/uploads\/implant2a.jpg 400w, https:\/\/www.carsondds.com\/wp-content\/uploads\/implant2a-245x300.jpg 245w\" sizes=\"(max-width: 400px) 100vw, 400px\" \/><\/p>\n<p>Esta se\u00f1ora vivi\u00f3 toda su vida con dentadura postiza y estaba sumida en la miseria. Le colocaron cuatro implantes dentales en el maxilar inferior. Estos implantes dentales se colocaron quir\u00fargicamente hace 8 a\u00f1os y segu\u00edan funcionando hasta hoy.  <\/p>\n<p><img loading=\"lazy\" decoding=\"async\" class=\"size-full wp-image-495 alignnone\" src=\"https:\/\/www.carsondds.com\/wp-content\/uploads\/implant2b.jpg\" alt=\"Antes y despu\u00e9s 2 a\u00f1os despu\u00e9s de los implantes dentales\" width=\"400\" height=\"558\" srcset=\"https:\/\/www.carsondds.com\/wp-content\/uploads\/implant2b.jpg 400w, https:\/\/www.carsondds.com\/wp-content\/uploads\/implant2b-215x300.jpg 215w\" sizes=\"(max-width: 400px) 100vw, 400px\" \/><\/p>\n<p>Despu\u00e9s de cuatro meses, le modificaron la dentadura inferior existente para que se enganchara al sistema de implantes dentales para estabilizarla. Mira c\u00f3mo se sujeta el labio inferior. Ahora estaba c\u00f3moda y hab\u00eda dejado de sufrir con la dentadura inferior flotante.  <\/p>\n<a class=\"scss3b-button scss3b-button-adobe\" href=\"https:\/\/www.carsondds.com\/contact-us\/\">Contacta con un especialista en implantes<\/a>\n<h2>Caso pr\u00e1ctico de implante dental 3<\/h2>\n<p><img loading=\"lazy\" decoding=\"async\" class=\"alignnone size-full wp-image-496\" src=\"https:\/\/www.carsondds.com\/wp-content\/uploads\/implant3a.jpg\" alt=\"Base para implantes colocados en las enc\u00edas para 2 dientes delanteros\" width=\"400\" height=\"499\" srcset=\"https:\/\/www.carsondds.com\/wp-content\/uploads\/implant3a.jpg 400w, https:\/\/www.carsondds.com\/wp-content\/uploads\/implant3a-240x300.jpg 240w\" sizes=\"(max-width: 400px) 100vw, 400px\" \/><\/p>\n<p>En este caso se extrajeron dos dientes <a href=\"https:\/\/www.carsondds.com\/dental-services\/rootcanals\/\">endodonciados<\/a> que hab\u00edan fracasado. Observa la ra\u00edz fracturada en la radiograf\u00eda superior. Fue dormido y recibi\u00f3 ox\u00edgeno puro durante el tratamiento. Puedes ver los implantes dentales en la radiograf\u00eda y en la boca. El paciente llev\u00f3 una aleta de cicatrizaci\u00f3n durante cuatro meses.    <\/p>\n<p><img loading=\"lazy\" decoding=\"async\" class=\"alignnone size-full wp-image-497\" src=\"https:\/\/www.carsondds.com\/wp-content\/uploads\/implant3b.jpg\" alt=\"fotos de implantes copletos para 2 dientes frontales\" width=\"400\" height=\"515\" srcset=\"https:\/\/www.carsondds.com\/wp-content\/uploads\/implant3b.jpg 400w, https:\/\/www.carsondds.com\/wp-content\/uploads\/implant3b-233x300.jpg 233w\" sizes=\"(max-width: 400px) 100vw, 400px\" \/><\/p>\n<p>Este es el aspecto que pueden tener los implantes dentales. Al cabo de cuatro meses, coloqu\u00e9 los mu\u00f1ones y prepar\u00e9 los dientes para la corona. <\/p>\n<p><img loading=\"lazy\" decoding=\"async\" class=\"alignnone size-full wp-image-498\" src=\"https:\/\/www.carsondds.com\/wp-content\/uploads\/implant3c.jpg\" alt=\"Implantes dentales para dientes frontales\" width=\"400\" height=\"549\" srcset=\"https:\/\/www.carsondds.com\/wp-content\/uploads\/implant3c.jpg 400w, https:\/\/www.carsondds.com\/wp-content\/uploads\/implant3c-219x300.jpg 219w\" sizes=\"(max-width: 400px) 100vw, 400px\" \/><\/p>\n<p>En estas fotos, las fundas de porcelana est\u00e1n ahora cementadas sobre los dos implantes. El caso se ha completado con \u00e9xito. <\/p>\n<h2>Coste medio de los implantes dentales<\/h2>\n<p>\u00bfQuieres saber m\u00e1s sobre el coste de los implantes dentales? Consulta nuestra p\u00e1gina sobre el <a href=\"https:\/\/www.carsondds.com\/dental-services\/implantdentistry\/average-cost-dental-implant\/\">coste medio de un implante<\/a> dental en Carson &amp; Carson, DDS. <\/p>\n<h2>Caso pr\u00e1ctico de implante dental 4<\/h2>\n<p><img loading=\"lazy\" decoding=\"async\" class=\"alignnone size-full wp-image-499\" src=\"https:\/\/www.carsondds.com\/wp-content\/uploads\/implant4a.jpg\" alt=\"Preparaci\u00f3n de las enc\u00edas para la colocaci\u00f3n de implantes dentales\" width=\"400\" height=\"495\" srcset=\"https:\/\/www.carsondds.com\/wp-content\/uploads\/implant4a.jpg 400w, https:\/\/www.carsondds.com\/wp-content\/uploads\/implant4a-242x300.jpg 242w\" sizes=\"(max-width: 400px) 100vw, 400px\" \/><\/p>\n<p>Este paciente perdi\u00f3 los dientes debido a una enfermedad periodontal de las enc\u00edas. Necesitaba tres implantes dentales. Fue dormido con sedaci\u00f3n intravenosa para la cirug\u00eda.  <\/p>\n<p><img loading=\"lazy\" decoding=\"async\" class=\"alignnone size-full wp-image-500\" src=\"https:\/\/www.carsondds.com\/wp-content\/uploads\/implant4b.jpg\" alt=\"Tratamiento con implantes dentales de principio a fin\" width=\"400\" height=\"490\" srcset=\"https:\/\/www.carsondds.com\/wp-content\/uploads\/implant4b.jpg 400w, https:\/\/www.carsondds.com\/wp-content\/uploads\/implant4b-245x300.jpg 245w\" sizes=\"(max-width: 400px) 100vw, 400px\" \/><\/p>\n<p>Al cabo de cuatro meses, los implantes dentales reciben sus pilares centrales y se fabrican las coronas.<\/p>\n<p><img loading=\"lazy\" decoding=\"async\" class=\"alignnone size-full wp-image-501\" src=\"https:\/\/www.carsondds.com\/wp-content\/uploads\/implant4c.jpg\" alt=\"Efectos de los implantes dentales\" width=\"400\" height=\"472\" srcset=\"https:\/\/www.carsondds.com\/wp-content\/uploads\/implant4c.jpg 400w, https:\/\/www.carsondds.com\/wp-content\/uploads\/implant4c-254x300.jpg 254w\" sizes=\"(max-width: 400px) 100vw, 400px\" \/><\/p>\n<p>Las coronas est\u00e1n cementadas. Caso terminado. No se nota que lleva implantes dentales y coronas. Sonrisa restaurada y mordida restaurada.   <\/p>\n<p style=\"text-align: center;\"><a class=\"scss3b-button scss3b-button-adobe\" href=\"https:\/\/www.carsondds.com\/contact-us\/\">Programar una consulta<\/a><\/p>\n","protected":false},"excerpt":{"rendered":"<p>\u00c9stos son algunos m\u00e1s de los casos de implantes dentales que hemos tratado a lo largo de nuestros 45 a\u00f1os como dentistas de Oxnard. Estudio de caso de implante dental 1 Esta paciente ten\u00eda un puente preexistente de tramo largo en el que fall\u00f3 el \u00faltimo molar y hubo que cortar el puente. S\u00f3lo quedaron [&hellip;]<\/p>\n","protected":false},"author":2,"featured_media":0,"parent":219452,"menu_order":0,"comment_status":"closed","ping_status":"closed","template":"","meta":{"_et_pb_use_builder":"","_et_pb_old_content":"","_et_gb_content_width":"","footnotes":""},"class_list":["post-219499","page","type-page","status-publish","hentry"],"yoast_head":"<!-- This site is optimized with the Yoast SEO plugin v27.4 - https:\/\/yoast.com\/product\/yoast-seo-wordpress\/ -->\n<title>Casos pr\u00e1cticos de implantes dentales - Carson &amp; Carson, DDS<\/title>\n<meta name=\"description\" content=\"Ver casos pr\u00e1cticos de implantes dentales de Oxnard Dentistry of Carson &amp; Carson, DDS. Consulta casos de implantes dentales realizados por especialistas en implantes del condado de Ventura.\" \/>\n<meta name=\"robots\" content=\"index, follow, max-snippet:-1, max-image-preview:large, max-video-preview:-1\" \/>\n<link rel=\"canonical\" href=\"https:\/\/www.carsondds.com\/es\/servicios-dentales\/implantes-dentales\/casos-practicos-de-implantes-dentales\/\" \/>\n<meta property=\"og:locale\" content=\"es_ES\" \/>\n<meta property=\"og:type\" content=\"article\" \/>\n<meta property=\"og:title\" content=\"Casos pr\u00e1cticos de implantes dentales - Carson &amp; Carson, DDS\" \/>\n<meta property=\"og:description\" content=\"Ver casos pr\u00e1cticos de implantes dentales de Oxnard Dentistry of Carson &amp; Carson, DDS. Consulta casos de implantes dentales realizados por especialistas en implantes del condado de Ventura.\" \/>\n<meta property=\"og:url\" content=\"https:\/\/www.carsondds.com\/es\/servicios-dentales\/implantes-dentales\/casos-practicos-de-implantes-dentales\/\" \/>\n<meta property=\"og:site_name\" content=\"Carson &amp; Carson, DDS\" \/>\n<meta property=\"article:publisher\" content=\"https:\/\/www.facebook.com\/ddscarson\/\" \/>\n<meta property=\"og:image\" content=\"https:\/\/www.carsondds.com\/wp-content\/uploads\/implant2a.jpg\" \/>\n<meta name=\"twitter:card\" content=\"summary_large_image\" \/>\n<meta name=\"twitter:site\" content=\"@carsondds\" \/>\n<meta name=\"twitter:label1\" content=\"Tiempo de lectura\" \/>\n\t<meta name=\"twitter:data1\" content=\"2 minutos\" \/>\n<script type=\"application\/ld+json\" class=\"yoast-schema-graph\">{\"@context\":\"https:\\\/\\\/schema.org\",\"@graph\":[{\"@type\":\"WebPage\",\"@id\":\"https:\\\/\\\/www.carsondds.com\\\/es\\\/servicios-dentales\\\/implantes-dentales\\\/casos-practicos-de-implantes-dentales\\\/\",\"url\":\"https:\\\/\\\/www.carsondds.com\\\/es\\\/servicios-dentales\\\/implantes-dentales\\\/casos-practicos-de-implantes-dentales\\\/\",\"name\":\"Casos pr\u00e1cticos de implantes dentales - Carson &amp; Carson, DDS\",\"isPartOf\":{\"@id\":\"https:\\\/\\\/www.carsondds.com\\\/es\\\/#website\"},\"primaryImageOfPage\":{\"@id\":\"https:\\\/\\\/www.carsondds.com\\\/es\\\/servicios-dentales\\\/implantes-dentales\\\/casos-practicos-de-implantes-dentales\\\/#primaryimage\"},\"image\":{\"@id\":\"https:\\\/\\\/www.carsondds.com\\\/es\\\/servicios-dentales\\\/implantes-dentales\\\/casos-practicos-de-implantes-dentales\\\/#primaryimage\"},\"thumbnailUrl\":\"https:\\\/\\\/www.carsondds.com\\\/wp-content\\\/uploads\\\/implant2a.jpg\",\"datePublished\":\"2019-03-15T06:40:20+00:00\",\"description\":\"Ver casos pr\u00e1cticos de implantes dentales de Oxnard Dentistry of Carson & Carson, DDS. Consulta casos de implantes dentales realizados por especialistas en implantes del condado de Ventura.\",\"breadcrumb\":{\"@id\":\"https:\\\/\\\/www.carsondds.com\\\/es\\\/servicios-dentales\\\/implantes-dentales\\\/casos-practicos-de-implantes-dentales\\\/#breadcrumb\"},\"inLanguage\":\"es\",\"potentialAction\":[{\"@type\":\"ReadAction\",\"target\":[\"https:\\\/\\\/www.carsondds.com\\\/es\\\/servicios-dentales\\\/implantes-dentales\\\/casos-practicos-de-implantes-dentales\\\/\"]}]},{\"@type\":\"ImageObject\",\"inLanguage\":\"es\",\"@id\":\"https:\\\/\\\/www.carsondds.com\\\/es\\\/servicios-dentales\\\/implantes-dentales\\\/casos-practicos-de-implantes-dentales\\\/#primaryimage\",\"url\":\"https:\\\/\\\/www.carsondds.com\\\/wp-content\\\/uploads\\\/implant2a.jpg\",\"contentUrl\":\"https:\\\/\\\/www.carsondds.com\\\/wp-content\\\/uploads\\\/implant2a.jpg\"},{\"@type\":\"BreadcrumbList\",\"@id\":\"https:\\\/\\\/www.carsondds.com\\\/es\\\/servicios-dentales\\\/implantes-dentales\\\/casos-practicos-de-implantes-dentales\\\/#breadcrumb\",\"itemListElement\":[{\"@type\":\"ListItem\",\"position\":1,\"name\":\"Home\",\"item\":\"https:\\\/\\\/www.carsondds.com\\\/es\\\/carson-carson-dds\\\/\"},{\"@type\":\"ListItem\",\"position\":2,\"name\":\"Servicios dentales\",\"item\":\"https:\\\/\\\/www.carsondds.com\\\/es\\\/servicios-dentales\\\/\"},{\"@type\":\"ListItem\",\"position\":3,\"name\":\"Implantes dentales\",\"item\":\"https:\\\/\\\/www.carsondds.com\\\/es\\\/servicios-dentales\\\/implantes-dentales\\\/\"},{\"@type\":\"ListItem\",\"position\":4,\"name\":\"Casos pr\u00e1cticos de implantes dentales\"}]},{\"@type\":\"WebSite\",\"@id\":\"https:\\\/\\\/www.carsondds.com\\\/es\\\/#website\",\"url\":\"https:\\\/\\\/www.carsondds.com\\\/es\\\/\",\"name\":\"Carson &amp; Carson, DDS\",\"description\":\"\",\"publisher\":{\"@id\":\"https:\\\/\\\/www.carsondds.com\\\/es\\\/#organization\"},\"potentialAction\":[{\"@type\":\"SearchAction\",\"target\":{\"@type\":\"EntryPoint\",\"urlTemplate\":\"https:\\\/\\\/www.carsondds.com\\\/es\\\/?s={search_term_string}\"},\"query-input\":{\"@type\":\"PropertyValueSpecification\",\"valueRequired\":true,\"valueName\":\"search_term_string\"}}],\"inLanguage\":\"es\"},{\"@type\":\"Organization\",\"@id\":\"https:\\\/\\\/www.carsondds.com\\\/es\\\/#organization\",\"name\":\"Carson & Carson DDS, Inc.\",\"url\":\"https:\\\/\\\/www.carsondds.com\\\/es\\\/\",\"logo\":{\"@type\":\"ImageObject\",\"inLanguage\":\"es\",\"@id\":\"https:\\\/\\\/www.carsondds.com\\\/es\\\/#\\\/schema\\\/logo\\\/image\\\/\",\"url\":\"https:\\\/\\\/www.carsondds.com\\\/wp-content\\\/uploads\\\/logo-icon.gif\",\"contentUrl\":\"https:\\\/\\\/www.carsondds.com\\\/wp-content\\\/uploads\\\/logo-icon.gif\",\"width\":51,\"height\":51,\"caption\":\"Carson & Carson DDS, Inc.\"},\"image\":{\"@id\":\"https:\\\/\\\/www.carsondds.com\\\/es\\\/#\\\/schema\\\/logo\\\/image\\\/\"},\"sameAs\":[\"https:\\\/\\\/www.facebook.com\\\/ddscarson\\\/\",\"https:\\\/\\\/x.com\\\/carsondds\",\"https:\\\/\\\/www.instagram.com\\\/carson_dentistry126\\\/\",\"https:\\\/\\\/www.youtube.com\\\/user\\\/DrCarson805\\\/\"]}]}<\/script>\n<!-- \/ Yoast SEO plugin. -->","yoast_head_json":{"title":"Casos pr\u00e1cticos de implantes dentales - Carson &amp; Carson, DDS","description":"Ver casos pr\u00e1cticos de implantes dentales de Oxnard Dentistry of Carson & Carson, DDS. Consulta casos de implantes dentales realizados por especialistas en implantes del condado de Ventura.","robots":{"index":"index","follow":"follow","max-snippet":"max-snippet:-1","max-image-preview":"max-image-preview:large","max-video-preview":"max-video-preview:-1"},"canonical":"https:\/\/www.carsondds.com\/es\/servicios-dentales\/implantes-dentales\/casos-practicos-de-implantes-dentales\/","og_locale":"es_ES","og_type":"article","og_title":"Casos pr\u00e1cticos de implantes dentales - Carson &amp; Carson, DDS","og_description":"Ver casos pr\u00e1cticos de implantes dentales de Oxnard Dentistry of Carson & Carson, DDS. Consulta casos de implantes dentales realizados por especialistas en implantes del condado de Ventura.","og_url":"https:\/\/www.carsondds.com\/es\/servicios-dentales\/implantes-dentales\/casos-practicos-de-implantes-dentales\/","og_site_name":"Carson &amp; Carson, DDS","article_publisher":"https:\/\/www.facebook.com\/ddscarson\/","og_image":[{"url":"https:\/\/www.carsondds.com\/wp-content\/uploads\/implant2a.jpg","type":"","width":"","height":""}],"twitter_card":"summary_large_image","twitter_site":"@carsondds","twitter_misc":{"Tiempo de lectura":"2 minutos"},"schema":{"@context":"https:\/\/schema.org","@graph":[{"@type":"WebPage","@id":"https:\/\/www.carsondds.com\/es\/servicios-dentales\/implantes-dentales\/casos-practicos-de-implantes-dentales\/","url":"https:\/\/www.carsondds.com\/es\/servicios-dentales\/implantes-dentales\/casos-practicos-de-implantes-dentales\/","name":"Casos pr\u00e1cticos de implantes dentales - Carson &amp; Carson, DDS","isPartOf":{"@id":"https:\/\/www.carsondds.com\/es\/#website"},"primaryImageOfPage":{"@id":"https:\/\/www.carsondds.com\/es\/servicios-dentales\/implantes-dentales\/casos-practicos-de-implantes-dentales\/#primaryimage"},"image":{"@id":"https:\/\/www.carsondds.com\/es\/servicios-dentales\/implantes-dentales\/casos-practicos-de-implantes-dentales\/#primaryimage"},"thumbnailUrl":"https:\/\/www.carsondds.com\/wp-content\/uploads\/implant2a.jpg","datePublished":"2019-03-15T06:40:20+00:00","description":"Ver casos pr\u00e1cticos de implantes dentales de Oxnard Dentistry of Carson & Carson, DDS. Consulta casos de implantes dentales realizados por especialistas en implantes del condado de Ventura.","breadcrumb":{"@id":"https:\/\/www.carsondds.com\/es\/servicios-dentales\/implantes-dentales\/casos-practicos-de-implantes-dentales\/#breadcrumb"},"inLanguage":"es","potentialAction":[{"@type":"ReadAction","target":["https:\/\/www.carsondds.com\/es\/servicios-dentales\/implantes-dentales\/casos-practicos-de-implantes-dentales\/"]}]},{"@type":"ImageObject","inLanguage":"es","@id":"https:\/\/www.carsondds.com\/es\/servicios-dentales\/implantes-dentales\/casos-practicos-de-implantes-dentales\/#primaryimage","url":"https:\/\/www.carsondds.com\/wp-content\/uploads\/implant2a.jpg","contentUrl":"https:\/\/www.carsondds.com\/wp-content\/uploads\/implant2a.jpg"},{"@type":"BreadcrumbList","@id":"https:\/\/www.carsondds.com\/es\/servicios-dentales\/implantes-dentales\/casos-practicos-de-implantes-dentales\/#breadcrumb","itemListElement":[{"@type":"ListItem","position":1,"name":"Home","item":"https:\/\/www.carsondds.com\/es\/carson-carson-dds\/"},{"@type":"ListItem","position":2,"name":"Servicios dentales","item":"https:\/\/www.carsondds.com\/es\/servicios-dentales\/"},{"@type":"ListItem","position":3,"name":"Implantes dentales","item":"https:\/\/www.carsondds.com\/es\/servicios-dentales\/implantes-dentales\/"},{"@type":"ListItem","position":4,"name":"Casos pr\u00e1cticos de implantes dentales"}]},{"@type":"WebSite","@id":"https:\/\/www.carsondds.com\/es\/#website","url":"https:\/\/www.carsondds.com\/es\/","name":"Carson &amp; Carson, DDS","description":"","publisher":{"@id":"https:\/\/www.carsondds.com\/es\/#organization"},"potentialAction":[{"@type":"SearchAction","target":{"@type":"EntryPoint","urlTemplate":"https:\/\/www.carsondds.com\/es\/?s={search_term_string}"},"query-input":{"@type":"PropertyValueSpecification","valueRequired":true,"valueName":"search_term_string"}}],"inLanguage":"es"},{"@type":"Organization","@id":"https:\/\/www.carsondds.com\/es\/#organization","name":"Carson & Carson DDS, Inc.","url":"https:\/\/www.carsondds.com\/es\/","logo":{"@type":"ImageObject","inLanguage":"es","@id":"https:\/\/www.carsondds.com\/es\/#\/schema\/logo\/image\/","url":"https:\/\/www.carsondds.com\/wp-content\/uploads\/logo-icon.gif","contentUrl":"https:\/\/www.carsondds.com\/wp-content\/uploads\/logo-icon.gif","width":51,"height":51,"caption":"Carson & Carson DDS, Inc."},"image":{"@id":"https:\/\/www.carsondds.com\/es\/#\/schema\/logo\/image\/"},"sameAs":["https:\/\/www.facebook.com\/ddscarson\/","https:\/\/x.com\/carsondds","https:\/\/www.instagram.com\/carson_dentistry126\/","https:\/\/www.youtube.com\/user\/DrCarson805\/"]}]}},"_links":{"self":[{"href":"https:\/\/www.carsondds.com\/es\/wp-json\/wp\/v2\/pages\/219499","targetHints":{"allow":["GET"]}}],"collection":[{"href":"https:\/\/www.carsondds.com\/es\/wp-json\/wp\/v2\/pages"}],"about":[{"href":"https:\/\/www.carsondds.com\/es\/wp-json\/wp\/v2\/types\/page"}],"author":[{"embeddable":true,"href":"https:\/\/www.carsondds.com\/es\/wp-json\/wp\/v2\/users\/2"}],"replies":[{"embeddable":true,"href":"https:\/\/www.carsondds.com\/es\/wp-json\/wp\/v2\/comments?post=219499"}],"version-history":[{"count":0,"href":"https:\/\/www.carsondds.com\/es\/wp-json\/wp\/v2\/pages\/219499\/revisions"}],"up":[{"embeddable":true,"href":"https:\/\/www.carsondds.com\/es\/wp-json\/wp\/v2\/pages\/219452"}],"wp:attachment":[{"href":"https:\/\/www.carsondds.com\/es\/wp-json\/wp\/v2\/media?parent=219499"}],"curies":[{"name":"wp","href":"https:\/\/api.w.org\/{rel}","templated":true}]}}