{"id":219496,"date":"2020-04-22T21:51:30","date_gmt":"2020-04-23T04:51:30","guid":{"rendered":"https:\/\/www.carsondds.com\/tecnologia-dental\/"},"modified":"2020-04-22T21:51:30","modified_gmt":"2020-04-23T04:51:30","slug":"tecnologia-dental","status":"publish","type":"page","link":"https:\/\/www.carsondds.com\/es\/tecnologia-dental\/","title":{"rendered":"Tecnolog\u00eda dental"},"content":{"rendered":"<p><img loading=\"lazy\" decoding=\"async\" class=\"size-full wp-image-217875 alignnone\" src=\"https:\/\/www.carsondds.com\/wp-content\/uploads\/Dental-Technologies.jpg\" alt=\"La tecnolog\u00eda construye dientes en 3D\" width=\"650\" height=\"317\" srcset=\"https:\/\/www.carsondds.com\/wp-content\/uploads\/Dental-Technologies.jpg 650w, https:\/\/www.carsondds.com\/wp-content\/uploads\/Dental-Technologies-480x234.jpg 480w\" sizes=\"(min-width: 0px) and (max-width: 480px) 480px, (min-width: 481px) 650px, 100vw\" \/><\/p>\n<p>En Carson &amp; Carson, DDS, empleamos tecnolog\u00eda dental de vanguardia para ofrecer la mejor atenci\u00f3n posible a nuestros pacientes. El avance de estas tecnolog\u00edas nos permite garantizar una experiencia m\u00e1s eficiente, m\u00e1s eficaz y m\u00e1s c\u00f3moda para nuestros pacientes. <\/p>\n<h2>CAD\/CAM<\/h2>\n<p><img loading=\"lazy\" decoding=\"async\" class=\"size-full wp-image-218265 alignnone\" src=\"https:\/\/www.carsondds.com\/wp-content\/uploads\/CarsonDDS-CAD-CAM-Crown-Creation.jpg\" alt=\"CAD CAM m\u00e1quina dental asistida por ordenador\" width=\"400\" height=\"267\" srcset=\"https:\/\/www.carsondds.com\/wp-content\/uploads\/CarsonDDS-CAD-CAM-Crown-Creation.jpg 400w, https:\/\/www.carsondds.com\/wp-content\/uploads\/CarsonDDS-CAD-CAM-Crown-Creation-300x200.jpg 300w\" sizes=\"(max-width: 400px) 100vw, 400px\" \/><\/p>\n<p>La tecnolog\u00eda de dise\u00f1o asistido por ordenador (CAD) o fabricaci\u00f3n asistida por ordenador (CAM) permite a los dentistas utilizar la potencia inform\u00e1tica para crear restauraciones dentales eficientes y bien ajustadas en una sola visita. El CAD\/CAM mejora el proceso de dise\u00f1o y fabricaci\u00f3n para hacerlo m\u00e1s eficaz y mucho m\u00e1s r\u00e1pido. Esta es la tecnolog\u00eda que utilizamos para poder ofrecer coronas dentales en el mismo d\u00eda, pero tambi\u00e9n se pueden utilizar otros trabajos como: <a href=\"https:\/\/www.carsondds.com\/dental-services\/veneers\/\">carillas<\/a>, <a href=\"https:\/\/www.carsondds.com\/dental-services\/bridges\/\">puentes<\/a>, onlays e inlays.  <\/p>\n<h2>TAC y RMN<\/h2>\n<p><img loading=\"lazy\" decoding=\"async\" class=\"alignnone size-full wp-image-218267\" src=\"https:\/\/www.carsondds.com\/wp-content\/uploads\/CarsonDDS-Dental-MRI-Scanner.jpg\" alt=\"Paciente en un esc\u00e1ner de resonancia magn\u00e9tica dental\" width=\"400\" height=\"267\" srcset=\"https:\/\/www.carsondds.com\/wp-content\/uploads\/CarsonDDS-Dental-MRI-Scanner.jpg 400w, https:\/\/www.carsondds.com\/wp-content\/uploads\/CarsonDDS-Dental-MRI-Scanner-300x200.jpg 300w\" sizes=\"(max-width: 400px) 100vw, 400px\" \/><\/p>\n<p>La informaci\u00f3n sobre la salud dental de un paciente es una de las herramientas m\u00e1s valiosas de la <a href=\"https:\/\/www.carsondds.com\/dental-services\/preventative\/\">odontolog\u00eda preventiva<\/a>. Nuestra consulta est\u00e1 equipada con <a href=\"https:\/\/www.carsondds.com\/dental-services\/ct-scan-digital-radiography\/\">m\u00e1quinas de resonancia magn\u00e9tica dental de alta gama<\/a>, que nos permiten obtener mucha mejor informaci\u00f3n sobre el estado de un paciente que la que obtendr\u00edamos con las radiograf\u00edas normales. Esta tecnolog\u00eda tambi\u00e9n es muy \u00fatil para detectar c\u00e1nceres, quistes y otros problemas dentales subyacentes que pueden no ser tan evidentes en una radiograf\u00eda normal.  <\/p>\n<h2>Detecci\u00f3n de Cavidades L\u00edquidas<\/h2>\n<p><img loading=\"lazy\" decoding=\"async\" class=\"alignnone size-full wp-image-218268\" src=\"https:\/\/www.carsondds.com\/wp-content\/uploads\/CarsonDDS-Liquid-Cavity-Detection.jpg\" alt=\"Soluci\u00f3n de detecci\u00f3n de cavidades l\u00edquidas\" width=\"400\" height=\"230\" srcset=\"https:\/\/www.carsondds.com\/wp-content\/uploads\/CarsonDDS-Liquid-Cavity-Detection.jpg 400w, https:\/\/www.carsondds.com\/wp-content\/uploads\/CarsonDDS-Liquid-Cavity-Detection-300x173.jpg 300w\" sizes=\"(max-width: 400px) 100vw, 400px\" \/><\/p>\n<p>Sin necesidad de radiograf\u00edas ni resonancias magn\u00e9ticas, ahora los dentistas pueden utilizar una soluci\u00f3n <strong>l\u00edquida de detecci\u00f3n de c<\/strong> aries que cambia a un color espec\u00edfico si detecta la caries de un diente en cuesti\u00f3n de segundos. Esta tecnolog\u00eda es muy \u00fatil para ayudar al dentista a detectar si a\u00fan quedan partes cariadas del diente. <\/p>\n<h2>Diagnodent<\/h2>\n<p><img loading=\"lazy\" decoding=\"async\" class=\"alignnone wp-image-218270 size-full\" src=\"https:\/\/www.carsondds.com\/wp-content\/uploads\/CarsonDDS-Diagnodent.jpg\" alt=\"Herramienta de tratamiento periodontal\" width=\"400\" height=\"267\" srcset=\"https:\/\/www.carsondds.com\/wp-content\/uploads\/CarsonDDS-Diagnodent.jpg 400w, https:\/\/www.carsondds.com\/wp-content\/uploads\/CarsonDDS-Diagnodent-300x200.jpg 300w\" sizes=\"(max-width: 400px) 100vw, 400px\" \/><\/p>\n<p>Para la detecci\u00f3n precoz de caries, un sistema Diagnodent utiliza ondas sonoras y l\u00e1ser para encontrar caries mucho antes de lo que pueden hacerlo los m\u00e9todos tradicionales. Esto puede dar lugar a un tratamiento mucho m\u00e1s precoz de la caries y a una enorme reducci\u00f3n de la gravedad que \u00e9sta puede causar. En general, la detecci\u00f3n precoz puede salvar muchos dientes de la destrucci\u00f3n y ayudar a muchos pacientes a conservar su sonrisa natural sin necesidad de <a href=\"https:\/\/www.carsondds.com\/dental-services\/implantdentistry\/\">implantes<\/a> o coronas.  <\/p>\n<h2>Preguntas frecuentes sobre tecnolog\u00eda dental<\/h2>\n<h3>\u00bfC\u00f3mo ha cambiado la tecnolog\u00eda dental durante la pandemia?<\/h3>\n<p>Al verse obligados a cerrar muchos consultorios dentales durante el inicio de la pandemia de Covid-19, los dentistas adoptaron ampliamente las tecnolog\u00edas de <strong>teledentister\u00eda<\/strong> para poder realizar ex\u00e1menes b\u00e1sicos y consultas dentales a distancia. La teledentister\u00eda ayuda a minimizar la exposici\u00f3n del paciente a otras personas, a mitigar el estr\u00e9s relacionado con el viaje que supone tener que acudir al propio consultorio, y a proporcionar a los pacientes un examen r\u00e1pido para determinar si necesitan ser vistos en persona para recibir tratamiento. <\/p>\n<h3>\u00bfC\u00f3mo se utiliza la tecnolog\u00eda de realidad virtual (RV) en odontolog\u00eda?<\/h3>\n<p>El uso de cascos de realidad virtual en odontolog\u00eda se ha hecho mucho m\u00e1s com\u00fan en los \u00faltimos a\u00f1os. Algunos dentistas ofrecen cascos de RV a los pacientes durante el tratamiento para entretenerlos y distraerlos de las posibles molestias del tratamiento. La RV tambi\u00e9n se utiliza en la formaci\u00f3n odontol\u00f3gica para que los estudiantes puedan ver y experimentar los procedimientos digitalmente.  <\/p>\n","protected":false},"excerpt":{"rendered":"<p>En Carson &amp; Carson, DDS, empleamos tecnolog\u00eda dental de vanguardia para ofrecer la mejor atenci\u00f3n posible a nuestros pacientes. El avance de estas tecnolog\u00edas nos permite garantizar una experiencia m\u00e1s eficiente, m\u00e1s eficaz y m\u00e1s c\u00f3moda para nuestros pacientes. CAD\/CAM La tecnolog\u00eda de dise\u00f1o asistido por ordenador (CAD) o fabricaci\u00f3n asistida por ordenador (CAM) permite [&hellip;]<\/p>\n","protected":false},"author":2,"featured_media":0,"parent":0,"menu_order":0,"comment_status":"closed","ping_status":"closed","template":"","meta":{"_et_pb_use_builder":"","_et_pb_old_content":"","_et_gb_content_width":"","footnotes":""},"class_list":["post-219496","page","type-page","status-publish","hentry"],"yoast_head":"<!-- This site is optimized with the Yoast SEO plugin v27.6 - https:\/\/yoast.com\/product\/yoast-seo-wordpress\/ -->\n<title>Tecnolog\u00eda dental - Carson &amp; Carson, DDS<\/title>\n<meta name=\"description\" content=\"Comprueba lo que la tecnolog\u00eda dental moderna puede hacer por tu sonrisa. Inf\u00f3rmate sobre la tecnolog\u00eda dental de vanguardia utilizada en los consultorios dentales de Carson &amp; Carson, DDS.\" \/>\n<meta name=\"robots\" content=\"index, follow, max-snippet:-1, max-image-preview:large, max-video-preview:-1\" \/>\n<link rel=\"canonical\" href=\"https:\/\/www.carsondds.com\/es\/tecnologia-dental\/\" \/>\n<meta property=\"og:locale\" content=\"es_ES\" \/>\n<meta property=\"og:type\" content=\"article\" \/>\n<meta property=\"og:title\" content=\"Tecnolog\u00eda dental - Carson &amp; Carson, DDS\" \/>\n<meta property=\"og:description\" content=\"Comprueba lo que la tecnolog\u00eda dental moderna puede hacer por tu sonrisa. Inf\u00f3rmate sobre la tecnolog\u00eda dental de vanguardia utilizada en los consultorios dentales de Carson &amp; Carson, DDS.\" \/>\n<meta property=\"og:url\" content=\"https:\/\/www.carsondds.com\/es\/tecnologia-dental\/\" \/>\n<meta property=\"og:site_name\" content=\"Carson &amp; Carson, DDS\" \/>\n<meta property=\"article:publisher\" content=\"https:\/\/www.facebook.com\/ddscarson\/\" \/>\n<meta property=\"og:image\" content=\"https:\/\/www.carsondds.com\/wp-content\/uploads\/Dental-Technologies.jpg\" \/>\n\t<meta property=\"og:image:width\" content=\"650\" \/>\n\t<meta property=\"og:image:height\" content=\"317\" \/>\n\t<meta property=\"og:image:type\" content=\"image\/jpeg\" \/>\n<meta name=\"twitter:card\" content=\"summary_large_image\" \/>\n<meta name=\"twitter:site\" content=\"@carsondds\" \/>\n<meta name=\"twitter:label1\" content=\"Tiempo de lectura\" \/>\n\t<meta name=\"twitter:data1\" content=\"3 minutos\" \/>\n<script type=\"application\/ld+json\" class=\"yoast-schema-graph\">{\"@context\":\"https:\\\/\\\/schema.org\",\"@graph\":[{\"@type\":\"WebPage\",\"@id\":\"https:\\\/\\\/www.carsondds.com\\\/es\\\/tecnologia-dental\\\/\",\"url\":\"https:\\\/\\\/www.carsondds.com\\\/es\\\/tecnologia-dental\\\/\",\"name\":\"Tecnolog\u00eda dental - Carson &amp; Carson, DDS\",\"isPartOf\":{\"@id\":\"https:\\\/\\\/www.carsondds.com\\\/es\\\/#website\"},\"primaryImageOfPage\":{\"@id\":\"https:\\\/\\\/www.carsondds.com\\\/es\\\/tecnologia-dental\\\/#primaryimage\"},\"image\":{\"@id\":\"https:\\\/\\\/www.carsondds.com\\\/es\\\/tecnologia-dental\\\/#primaryimage\"},\"thumbnailUrl\":\"https:\\\/\\\/www.carsondds.com\\\/wp-content\\\/uploads\\\/Dental-Technologies.jpg\",\"datePublished\":\"2020-04-23T04:51:30+00:00\",\"description\":\"Comprueba lo que la tecnolog\u00eda dental moderna puede hacer por tu sonrisa. Inf\u00f3rmate sobre la tecnolog\u00eda dental de vanguardia utilizada en los consultorios dentales de Carson & Carson, DDS.\",\"breadcrumb\":{\"@id\":\"https:\\\/\\\/www.carsondds.com\\\/es\\\/tecnologia-dental\\\/#breadcrumb\"},\"inLanguage\":\"es\",\"potentialAction\":[{\"@type\":\"ReadAction\",\"target\":[\"https:\\\/\\\/www.carsondds.com\\\/es\\\/tecnologia-dental\\\/\"]}]},{\"@type\":\"ImageObject\",\"inLanguage\":\"es\",\"@id\":\"https:\\\/\\\/www.carsondds.com\\\/es\\\/tecnologia-dental\\\/#primaryimage\",\"url\":\"https:\\\/\\\/www.carsondds.com\\\/wp-content\\\/uploads\\\/Dental-Technologies.jpg\",\"contentUrl\":\"https:\\\/\\\/www.carsondds.com\\\/wp-content\\\/uploads\\\/Dental-Technologies.jpg\"},{\"@type\":\"BreadcrumbList\",\"@id\":\"https:\\\/\\\/www.carsondds.com\\\/es\\\/tecnologia-dental\\\/#breadcrumb\",\"itemListElement\":[{\"@type\":\"ListItem\",\"position\":1,\"name\":\"Home\",\"item\":\"https:\\\/\\\/www.carsondds.com\\\/es\\\/carson-carson-dds\\\/\"},{\"@type\":\"ListItem\",\"position\":2,\"name\":\"Tecnolog\u00eda dental\"}]},{\"@type\":\"WebSite\",\"@id\":\"https:\\\/\\\/www.carsondds.com\\\/es\\\/#website\",\"url\":\"https:\\\/\\\/www.carsondds.com\\\/es\\\/\",\"name\":\"Carson &amp; Carson, DDS\",\"description\":\"\",\"publisher\":{\"@id\":\"https:\\\/\\\/www.carsondds.com\\\/es\\\/#organization\"},\"potentialAction\":[{\"@type\":\"SearchAction\",\"target\":{\"@type\":\"EntryPoint\",\"urlTemplate\":\"https:\\\/\\\/www.carsondds.com\\\/es\\\/?s={search_term_string}\"},\"query-input\":{\"@type\":\"PropertyValueSpecification\",\"valueRequired\":true,\"valueName\":\"search_term_string\"}}],\"inLanguage\":\"es\"},{\"@type\":\"Organization\",\"@id\":\"https:\\\/\\\/www.carsondds.com\\\/es\\\/#organization\",\"name\":\"Carson & Carson DDS, Inc.\",\"url\":\"https:\\\/\\\/www.carsondds.com\\\/es\\\/\",\"logo\":{\"@type\":\"ImageObject\",\"inLanguage\":\"es\",\"@id\":\"https:\\\/\\\/www.carsondds.com\\\/es\\\/#\\\/schema\\\/logo\\\/image\\\/\",\"url\":\"https:\\\/\\\/www.carsondds.com\\\/wp-content\\\/uploads\\\/logo-icon.gif\",\"contentUrl\":\"https:\\\/\\\/www.carsondds.com\\\/wp-content\\\/uploads\\\/logo-icon.gif\",\"width\":51,\"height\":51,\"caption\":\"Carson & Carson DDS, Inc.\"},\"image\":{\"@id\":\"https:\\\/\\\/www.carsondds.com\\\/es\\\/#\\\/schema\\\/logo\\\/image\\\/\"},\"sameAs\":[\"https:\\\/\\\/www.facebook.com\\\/ddscarson\\\/\",\"https:\\\/\\\/x.com\\\/carsondds\",\"https:\\\/\\\/www.instagram.com\\\/carson_dentistry126\\\/\",\"https:\\\/\\\/www.youtube.com\\\/user\\\/DrCarson805\\\/\"]}]}<\/script>\n<!-- \/ Yoast SEO plugin. -->","yoast_head_json":{"title":"Tecnolog\u00eda dental - Carson &amp; Carson, DDS","description":"Comprueba lo que la tecnolog\u00eda dental moderna puede hacer por tu sonrisa. Inf\u00f3rmate sobre la tecnolog\u00eda dental de vanguardia utilizada en los consultorios dentales de Carson & Carson, DDS.","robots":{"index":"index","follow":"follow","max-snippet":"max-snippet:-1","max-image-preview":"max-image-preview:large","max-video-preview":"max-video-preview:-1"},"canonical":"https:\/\/www.carsondds.com\/es\/tecnologia-dental\/","og_locale":"es_ES","og_type":"article","og_title":"Tecnolog\u00eda dental - Carson &amp; Carson, DDS","og_description":"Comprueba lo que la tecnolog\u00eda dental moderna puede hacer por tu sonrisa. Inf\u00f3rmate sobre la tecnolog\u00eda dental de vanguardia utilizada en los consultorios dentales de Carson & Carson, DDS.","og_url":"https:\/\/www.carsondds.com\/es\/tecnologia-dental\/","og_site_name":"Carson &amp; Carson, DDS","article_publisher":"https:\/\/www.facebook.com\/ddscarson\/","og_image":[{"width":650,"height":317,"url":"https:\/\/www.carsondds.com\/wp-content\/uploads\/Dental-Technologies.jpg","type":"image\/jpeg"}],"twitter_card":"summary_large_image","twitter_site":"@carsondds","twitter_misc":{"Tiempo de lectura":"3 minutos"},"schema":{"@context":"https:\/\/schema.org","@graph":[{"@type":"WebPage","@id":"https:\/\/www.carsondds.com\/es\/tecnologia-dental\/","url":"https:\/\/www.carsondds.com\/es\/tecnologia-dental\/","name":"Tecnolog\u00eda dental - Carson &amp; Carson, DDS","isPartOf":{"@id":"https:\/\/www.carsondds.com\/es\/#website"},"primaryImageOfPage":{"@id":"https:\/\/www.carsondds.com\/es\/tecnologia-dental\/#primaryimage"},"image":{"@id":"https:\/\/www.carsondds.com\/es\/tecnologia-dental\/#primaryimage"},"thumbnailUrl":"https:\/\/www.carsondds.com\/wp-content\/uploads\/Dental-Technologies.jpg","datePublished":"2020-04-23T04:51:30+00:00","description":"Comprueba lo que la tecnolog\u00eda dental moderna puede hacer por tu sonrisa. Inf\u00f3rmate sobre la tecnolog\u00eda dental de vanguardia utilizada en los consultorios dentales de Carson & Carson, DDS.","breadcrumb":{"@id":"https:\/\/www.carsondds.com\/es\/tecnologia-dental\/#breadcrumb"},"inLanguage":"es","potentialAction":[{"@type":"ReadAction","target":["https:\/\/www.carsondds.com\/es\/tecnologia-dental\/"]}]},{"@type":"ImageObject","inLanguage":"es","@id":"https:\/\/www.carsondds.com\/es\/tecnologia-dental\/#primaryimage","url":"https:\/\/www.carsondds.com\/wp-content\/uploads\/Dental-Technologies.jpg","contentUrl":"https:\/\/www.carsondds.com\/wp-content\/uploads\/Dental-Technologies.jpg"},{"@type":"BreadcrumbList","@id":"https:\/\/www.carsondds.com\/es\/tecnologia-dental\/#breadcrumb","itemListElement":[{"@type":"ListItem","position":1,"name":"Home","item":"https:\/\/www.carsondds.com\/es\/carson-carson-dds\/"},{"@type":"ListItem","position":2,"name":"Tecnolog\u00eda dental"}]},{"@type":"WebSite","@id":"https:\/\/www.carsondds.com\/es\/#website","url":"https:\/\/www.carsondds.com\/es\/","name":"Carson &amp; Carson, DDS","description":"","publisher":{"@id":"https:\/\/www.carsondds.com\/es\/#organization"},"potentialAction":[{"@type":"SearchAction","target":{"@type":"EntryPoint","urlTemplate":"https:\/\/www.carsondds.com\/es\/?s={search_term_string}"},"query-input":{"@type":"PropertyValueSpecification","valueRequired":true,"valueName":"search_term_string"}}],"inLanguage":"es"},{"@type":"Organization","@id":"https:\/\/www.carsondds.com\/es\/#organization","name":"Carson & Carson DDS, Inc.","url":"https:\/\/www.carsondds.com\/es\/","logo":{"@type":"ImageObject","inLanguage":"es","@id":"https:\/\/www.carsondds.com\/es\/#\/schema\/logo\/image\/","url":"https:\/\/www.carsondds.com\/wp-content\/uploads\/logo-icon.gif","contentUrl":"https:\/\/www.carsondds.com\/wp-content\/uploads\/logo-icon.gif","width":51,"height":51,"caption":"Carson & Carson DDS, Inc."},"image":{"@id":"https:\/\/www.carsondds.com\/es\/#\/schema\/logo\/image\/"},"sameAs":["https:\/\/www.facebook.com\/ddscarson\/","https:\/\/x.com\/carsondds","https:\/\/www.instagram.com\/carson_dentistry126\/","https:\/\/www.youtube.com\/user\/DrCarson805\/"]}]}},"_links":{"self":[{"href":"https:\/\/www.carsondds.com\/es\/wp-json\/wp\/v2\/pages\/219496","targetHints":{"allow":["GET"]}}],"collection":[{"href":"https:\/\/www.carsondds.com\/es\/wp-json\/wp\/v2\/pages"}],"about":[{"href":"https:\/\/www.carsondds.com\/es\/wp-json\/wp\/v2\/types\/page"}],"author":[{"embeddable":true,"href":"https:\/\/www.carsondds.com\/es\/wp-json\/wp\/v2\/users\/2"}],"replies":[{"embeddable":true,"href":"https:\/\/www.carsondds.com\/es\/wp-json\/wp\/v2\/comments?post=219496"}],"version-history":[{"count":0,"href":"https:\/\/www.carsondds.com\/es\/wp-json\/wp\/v2\/pages\/219496\/revisions"}],"wp:attachment":[{"href":"https:\/\/www.carsondds.com\/es\/wp-json\/wp\/v2\/media?parent=219496"}],"curies":[{"name":"wp","href":"https:\/\/api.w.org\/{rel}","templated":true}]}}