{"id":219495,"date":"2020-07-29T14:15:19","date_gmt":"2020-07-29T21:15:19","guid":{"rendered":"https:\/\/www.carsondds.com\/servicios-dentales\/implantes-dentales\/miniimplantes-dentales\/"},"modified":"2020-07-29T14:15:19","modified_gmt":"2020-07-29T21:15:19","slug":"miniimplantes-dentales","status":"publish","type":"page","link":"https:\/\/www.carsondds.com\/es\/servicios-dentales\/implantes-dentales\/miniimplantes-dentales\/","title":{"rendered":"Miniimplantes dentales"},"content":{"rendered":"<div class=\"sc-9d62tr-0 sc-9d62tr-13 lmuBxC\">\n<div class=\"sc-9d62tr-17 bqvSXy\">\n<p><img loading=\"lazy\" decoding=\"async\" class=\"alignnone wp-image-217921 size-full\" title=\"Pr\u00f3tesis parciales y miniimplantes dentales\" src=\"https:\/\/www.carsondds.com\/wp-content\/uploads\/Mini-Dental-Implants.jpg\" alt=\"Miniimplantes dentales con pr\u00f3tesis parciales\" width=\"700\" height=\"358\" srcset=\"https:\/\/www.carsondds.com\/wp-content\/uploads\/Mini-Dental-Implants.jpg 700w, https:\/\/www.carsondds.com\/wp-content\/uploads\/Mini-Dental-Implants-480x245.jpg 480w\" sizes=\"(min-width: 0px) and (max-width: 480px) 480px, (min-width: 481px) 700px, 100vw\" \/><\/p>\n<p>En EE.UU., a unos 178 millones de personas les falta al menos un diente. Si eres uno de estos estadounidenses, la falta de dientes no s\u00f3lo puede hacerte sentir cohibido, sino que tambi\u00e9n puede causar molestias e incluso dolor. Afortunadamente, existen varias opciones dentales para que puedas recuperar la capacidad de sonre\u00edr, hablar y comer. Por ejemplo, los miniimplantes dentales son una soluci\u00f3n asequible que puede devolverte la sonrisa m\u00e1s r\u00e1pidamente que <a href=\"https:\/\/www.carsondds.com\/dental-services\/implantdentistry\/\">los implantes dentales<\/a> tradicionales. \u00bfTe interesa esta opci\u00f3n? Entonces sigue leyendo. En este art\u00edculo hablaremos de los miniimplantes dentales para que puedas ver si son adecuados para ti. <\/p>\n<h2>\u00bfQu\u00e9 son los miniimplantes dentales?<\/h2>\n<p>En general, los implantes dentales se utilizan para sustituir los dientes que faltan y las funciones que se pierden con ellos. Los implantes constan de varias partes: un poste, un pilar y una corona. Juntos, trabajan para proporcionarte un diente que no s\u00f3lo tiene el mismo aspecto que el original, sino que tambi\u00e9n funciona como \u00e9l. Un miniimplante dental funciona del mismo modo, pero es m\u00e1s peque\u00f1o. Suelen reservarse para personas con dientes peque\u00f1os o con dientes en espacios estrechos. Tambi\u00e9n pueden utilizarse para sustituir tus dientes frontales o premolares.  <\/p>\n<h2>Ventajas de los miniimplantes dentales<\/h2>\n<p>\u00bfCu\u00e1les son las ventajas de colocarse miniimplantes dentales? Para empezar, no necesitar\u00e1s una compleja cirug\u00eda de colgajo; esto significa que es menos invasiva. Tampoco necesitar\u00e1s injertos \u00f3seos. Como resultado, tendr\u00e1s un tiempo de cicatrizaci\u00f3n mucho m\u00e1s r\u00e1pido. Este tiempo de cicatrizaci\u00f3n m\u00e1s r\u00e1pido tambi\u00e9n viene acompa\u00f1ado de una mayor comodidad y conveniencia. Esto se debe a que los miniimplantes dentales pueden hacerse en una sola visita y la mayor\u00eda de la gente puede reanudar su alimentaci\u00f3n normal en pocas horas. Los pacientes tambi\u00e9n experimentan menos complicaciones. Adem\u00e1s, los miniimplantes dentales son muy asequibles.<\/p>\n<h2>Desventajas de los miniimplantes dentales<\/h2>\n<p>Por supuesto, nunca nada viene s\u00f3lo con ventajas. Los miniimplantes dentales no son una excepci\u00f3n, ya que tienen algunos inconvenientes. Para coloc\u00e1rtelos, necesitas una buena cantidad de hueso vertical, ya que los tornillos son largos. As\u00ed que las personas que hayan sufrido una p\u00e9rdida de hueso o simplemente tengan una longitud insuficiente para su mand\u00edbula, no podr\u00e1n colocarse miniimplantes dentales. Adem\u00e1s, como son m\u00e1s peque\u00f1os, necesitas m\u00e1s implantes que los normales. Esto es para proporcionar una mejor estabilizaci\u00f3n. Adem\u00e1s, si rechinas los dientes, puede que no seas un buen candidato. Esto puede causar un desgaste prematuro de tus implantes. <\/p>\n<h2>Coste de los miniimplantes dentales<\/h2>\n<p>En comparaci\u00f3n con el coste de los implantes normales, que puede empezar en torno a los 3.000 $, los miniimplantes dentales pueden ser mucho m\u00e1s asequibles. Dependiendo del tipo de implantes que te pongan, de los materiales utilizados en la corona y de si tienes o no cobertura <a href=\"https:\/\/www.carsondds.com\/dental-insurance\/\">del seguro dental<\/a>, pueden costarte entre 500 y 1.500 $.<\/p>\n<h2>Habla hoy con un dentista<\/h2>\n<p>Ahora ya tienes una idea de lo que son los miniimplantes dentales, as\u00ed como de sus ventajas, inconvenientes y coste. Si crees que pueden ser una opci\u00f3n para ti, lo siguiente es hablar con un dentista. Juntos podr\u00e9is averiguar si son la opci\u00f3n adecuada para ti. \u00bfQuieres hablar de los miniimplantes dentales con un dentista acreditado de Oxnard? Entonces <a href=\"https:\/\/www.carsondds.com\/contact-us\/\">solicita una cita<\/a> con nosotros. Nuestra consulta tambi\u00e9n est\u00e1 disponible 24 horas al d\u00eda, 7 d\u00edas a la semana, para urgencias.  <\/p>\n<\/div>\n<\/div>\n","protected":false},"excerpt":{"rendered":"<p>En EE.UU., a unos 178 millones de personas les falta al menos un diente. Si eres uno de estos estadounidenses, la falta de dientes no s\u00f3lo puede hacerte sentir cohibido, sino que tambi\u00e9n puede causar molestias e incluso dolor. Afortunadamente, existen varias opciones dentales para que puedas recuperar la capacidad de sonre\u00edr, hablar y comer. [&hellip;]<\/p>\n","protected":false},"author":2,"featured_media":0,"parent":219452,"menu_order":0,"comment_status":"closed","ping_status":"closed","template":"","meta":{"_et_pb_use_builder":"","_et_pb_old_content":"","_et_gb_content_width":"","footnotes":""},"class_list":["post-219495","page","type-page","status-publish","hentry"],"yoast_head":"<!-- This site is optimized with the Yoast SEO plugin v27.4 - https:\/\/yoast.com\/product\/yoast-seo-wordpress\/ -->\n<title>Miniimplantes dentales - Carson &amp; Carson, DDS<\/title>\n<meta name=\"description\" content=\"Inf\u00f3rmate sobre los pros, los contras y los costes de los miniimplantes dentales en la cl\u00ednica dental Carson &amp; Carson, DDS Oxnard.\" \/>\n<meta name=\"robots\" content=\"index, follow, max-snippet:-1, max-image-preview:large, max-video-preview:-1\" \/>\n<link rel=\"canonical\" href=\"https:\/\/www.carsondds.com\/es\/servicios-dentales\/implantes-dentales\/miniimplantes-dentales\/\" \/>\n<meta property=\"og:locale\" content=\"es_ES\" \/>\n<meta property=\"og:type\" content=\"article\" \/>\n<meta property=\"og:title\" content=\"Miniimplantes dentales - Carson &amp; Carson, DDS\" \/>\n<meta property=\"og:description\" content=\"Inf\u00f3rmate sobre los pros, los contras y los costes de los miniimplantes dentales en la cl\u00ednica dental Carson &amp; Carson, DDS Oxnard.\" \/>\n<meta property=\"og:url\" content=\"https:\/\/www.carsondds.com\/es\/servicios-dentales\/implantes-dentales\/miniimplantes-dentales\/\" \/>\n<meta property=\"og:site_name\" content=\"Carson &amp; Carson, DDS\" \/>\n<meta property=\"article:publisher\" content=\"https:\/\/www.facebook.com\/ddscarson\/\" \/>\n<meta property=\"og:image\" content=\"https:\/\/www.carsondds.com\/wp-content\/uploads\/Mini-Dental-Implants.jpg\" \/>\n\t<meta property=\"og:image:width\" content=\"700\" \/>\n\t<meta property=\"og:image:height\" content=\"358\" \/>\n\t<meta property=\"og:image:type\" content=\"image\/jpeg\" \/>\n<meta name=\"twitter:card\" content=\"summary_large_image\" \/>\n<meta name=\"twitter:site\" content=\"@carsondds\" \/>\n<meta name=\"twitter:label1\" content=\"Tiempo de lectura\" \/>\n\t<meta name=\"twitter:data1\" content=\"3 minutos\" \/>\n<script type=\"application\/ld+json\" class=\"yoast-schema-graph\">{\"@context\":\"https:\\\/\\\/schema.org\",\"@graph\":[{\"@type\":\"WebPage\",\"@id\":\"https:\\\/\\\/www.carsondds.com\\\/es\\\/servicios-dentales\\\/implantes-dentales\\\/miniimplantes-dentales\\\/\",\"url\":\"https:\\\/\\\/www.carsondds.com\\\/es\\\/servicios-dentales\\\/implantes-dentales\\\/miniimplantes-dentales\\\/\",\"name\":\"Miniimplantes dentales - Carson &amp; Carson, DDS\",\"isPartOf\":{\"@id\":\"https:\\\/\\\/www.carsondds.com\\\/es\\\/#website\"},\"primaryImageOfPage\":{\"@id\":\"https:\\\/\\\/www.carsondds.com\\\/es\\\/servicios-dentales\\\/implantes-dentales\\\/miniimplantes-dentales\\\/#primaryimage\"},\"image\":{\"@id\":\"https:\\\/\\\/www.carsondds.com\\\/es\\\/servicios-dentales\\\/implantes-dentales\\\/miniimplantes-dentales\\\/#primaryimage\"},\"thumbnailUrl\":\"https:\\\/\\\/www.carsondds.com\\\/wp-content\\\/uploads\\\/Mini-Dental-Implants.jpg\",\"datePublished\":\"2020-07-29T21:15:19+00:00\",\"description\":\"Inf\u00f3rmate sobre los pros, los contras y los costes de los miniimplantes dentales en la cl\u00ednica dental Carson & Carson, DDS Oxnard.\",\"breadcrumb\":{\"@id\":\"https:\\\/\\\/www.carsondds.com\\\/es\\\/servicios-dentales\\\/implantes-dentales\\\/miniimplantes-dentales\\\/#breadcrumb\"},\"inLanguage\":\"es\",\"potentialAction\":[{\"@type\":\"ReadAction\",\"target\":[\"https:\\\/\\\/www.carsondds.com\\\/es\\\/servicios-dentales\\\/implantes-dentales\\\/miniimplantes-dentales\\\/\"]}]},{\"@type\":\"ImageObject\",\"inLanguage\":\"es\",\"@id\":\"https:\\\/\\\/www.carsondds.com\\\/es\\\/servicios-dentales\\\/implantes-dentales\\\/miniimplantes-dentales\\\/#primaryimage\",\"url\":\"https:\\\/\\\/www.carsondds.com\\\/wp-content\\\/uploads\\\/Mini-Dental-Implants.jpg\",\"contentUrl\":\"https:\\\/\\\/www.carsondds.com\\\/wp-content\\\/uploads\\\/Mini-Dental-Implants.jpg\"},{\"@type\":\"BreadcrumbList\",\"@id\":\"https:\\\/\\\/www.carsondds.com\\\/es\\\/servicios-dentales\\\/implantes-dentales\\\/miniimplantes-dentales\\\/#breadcrumb\",\"itemListElement\":[{\"@type\":\"ListItem\",\"position\":1,\"name\":\"Home\",\"item\":\"https:\\\/\\\/www.carsondds.com\\\/es\\\/carson-carson-dds\\\/\"},{\"@type\":\"ListItem\",\"position\":2,\"name\":\"Servicios dentales\",\"item\":\"https:\\\/\\\/www.carsondds.com\\\/es\\\/servicios-dentales\\\/\"},{\"@type\":\"ListItem\",\"position\":3,\"name\":\"Implantes dentales\",\"item\":\"https:\\\/\\\/www.carsondds.com\\\/es\\\/servicios-dentales\\\/implantes-dentales\\\/\"},{\"@type\":\"ListItem\",\"position\":4,\"name\":\"Miniimplantes dentales\"}]},{\"@type\":\"WebSite\",\"@id\":\"https:\\\/\\\/www.carsondds.com\\\/es\\\/#website\",\"url\":\"https:\\\/\\\/www.carsondds.com\\\/es\\\/\",\"name\":\"Carson &amp; Carson, DDS\",\"description\":\"\",\"publisher\":{\"@id\":\"https:\\\/\\\/www.carsondds.com\\\/es\\\/#organization\"},\"potentialAction\":[{\"@type\":\"SearchAction\",\"target\":{\"@type\":\"EntryPoint\",\"urlTemplate\":\"https:\\\/\\\/www.carsondds.com\\\/es\\\/?s={search_term_string}\"},\"query-input\":{\"@type\":\"PropertyValueSpecification\",\"valueRequired\":true,\"valueName\":\"search_term_string\"}}],\"inLanguage\":\"es\"},{\"@type\":\"Organization\",\"@id\":\"https:\\\/\\\/www.carsondds.com\\\/es\\\/#organization\",\"name\":\"Carson & Carson DDS, Inc.\",\"url\":\"https:\\\/\\\/www.carsondds.com\\\/es\\\/\",\"logo\":{\"@type\":\"ImageObject\",\"inLanguage\":\"es\",\"@id\":\"https:\\\/\\\/www.carsondds.com\\\/es\\\/#\\\/schema\\\/logo\\\/image\\\/\",\"url\":\"https:\\\/\\\/www.carsondds.com\\\/wp-content\\\/uploads\\\/logo-icon.gif\",\"contentUrl\":\"https:\\\/\\\/www.carsondds.com\\\/wp-content\\\/uploads\\\/logo-icon.gif\",\"width\":51,\"height\":51,\"caption\":\"Carson & Carson DDS, Inc.\"},\"image\":{\"@id\":\"https:\\\/\\\/www.carsondds.com\\\/es\\\/#\\\/schema\\\/logo\\\/image\\\/\"},\"sameAs\":[\"https:\\\/\\\/www.facebook.com\\\/ddscarson\\\/\",\"https:\\\/\\\/x.com\\\/carsondds\",\"https:\\\/\\\/www.instagram.com\\\/carson_dentistry126\\\/\",\"https:\\\/\\\/www.youtube.com\\\/user\\\/DrCarson805\\\/\"]}]}<\/script>\n<!-- \/ Yoast SEO plugin. -->","yoast_head_json":{"title":"Miniimplantes dentales - Carson &amp; Carson, DDS","description":"Inf\u00f3rmate sobre los pros, los contras y los costes de los miniimplantes dentales en la cl\u00ednica dental Carson & Carson, DDS Oxnard.","robots":{"index":"index","follow":"follow","max-snippet":"max-snippet:-1","max-image-preview":"max-image-preview:large","max-video-preview":"max-video-preview:-1"},"canonical":"https:\/\/www.carsondds.com\/es\/servicios-dentales\/implantes-dentales\/miniimplantes-dentales\/","og_locale":"es_ES","og_type":"article","og_title":"Miniimplantes dentales - Carson &amp; Carson, DDS","og_description":"Inf\u00f3rmate sobre los pros, los contras y los costes de los miniimplantes dentales en la cl\u00ednica dental Carson & Carson, DDS Oxnard.","og_url":"https:\/\/www.carsondds.com\/es\/servicios-dentales\/implantes-dentales\/miniimplantes-dentales\/","og_site_name":"Carson &amp; Carson, DDS","article_publisher":"https:\/\/www.facebook.com\/ddscarson\/","og_image":[{"width":700,"height":358,"url":"https:\/\/www.carsondds.com\/wp-content\/uploads\/Mini-Dental-Implants.jpg","type":"image\/jpeg"}],"twitter_card":"summary_large_image","twitter_site":"@carsondds","twitter_misc":{"Tiempo de lectura":"3 minutos"},"schema":{"@context":"https:\/\/schema.org","@graph":[{"@type":"WebPage","@id":"https:\/\/www.carsondds.com\/es\/servicios-dentales\/implantes-dentales\/miniimplantes-dentales\/","url":"https:\/\/www.carsondds.com\/es\/servicios-dentales\/implantes-dentales\/miniimplantes-dentales\/","name":"Miniimplantes dentales - Carson &amp; Carson, DDS","isPartOf":{"@id":"https:\/\/www.carsondds.com\/es\/#website"},"primaryImageOfPage":{"@id":"https:\/\/www.carsondds.com\/es\/servicios-dentales\/implantes-dentales\/miniimplantes-dentales\/#primaryimage"},"image":{"@id":"https:\/\/www.carsondds.com\/es\/servicios-dentales\/implantes-dentales\/miniimplantes-dentales\/#primaryimage"},"thumbnailUrl":"https:\/\/www.carsondds.com\/wp-content\/uploads\/Mini-Dental-Implants.jpg","datePublished":"2020-07-29T21:15:19+00:00","description":"Inf\u00f3rmate sobre los pros, los contras y los costes de los miniimplantes dentales en la cl\u00ednica dental Carson & Carson, DDS Oxnard.","breadcrumb":{"@id":"https:\/\/www.carsondds.com\/es\/servicios-dentales\/implantes-dentales\/miniimplantes-dentales\/#breadcrumb"},"inLanguage":"es","potentialAction":[{"@type":"ReadAction","target":["https:\/\/www.carsondds.com\/es\/servicios-dentales\/implantes-dentales\/miniimplantes-dentales\/"]}]},{"@type":"ImageObject","inLanguage":"es","@id":"https:\/\/www.carsondds.com\/es\/servicios-dentales\/implantes-dentales\/miniimplantes-dentales\/#primaryimage","url":"https:\/\/www.carsondds.com\/wp-content\/uploads\/Mini-Dental-Implants.jpg","contentUrl":"https:\/\/www.carsondds.com\/wp-content\/uploads\/Mini-Dental-Implants.jpg"},{"@type":"BreadcrumbList","@id":"https:\/\/www.carsondds.com\/es\/servicios-dentales\/implantes-dentales\/miniimplantes-dentales\/#breadcrumb","itemListElement":[{"@type":"ListItem","position":1,"name":"Home","item":"https:\/\/www.carsondds.com\/es\/carson-carson-dds\/"},{"@type":"ListItem","position":2,"name":"Servicios dentales","item":"https:\/\/www.carsondds.com\/es\/servicios-dentales\/"},{"@type":"ListItem","position":3,"name":"Implantes dentales","item":"https:\/\/www.carsondds.com\/es\/servicios-dentales\/implantes-dentales\/"},{"@type":"ListItem","position":4,"name":"Miniimplantes dentales"}]},{"@type":"WebSite","@id":"https:\/\/www.carsondds.com\/es\/#website","url":"https:\/\/www.carsondds.com\/es\/","name":"Carson &amp; Carson, DDS","description":"","publisher":{"@id":"https:\/\/www.carsondds.com\/es\/#organization"},"potentialAction":[{"@type":"SearchAction","target":{"@type":"EntryPoint","urlTemplate":"https:\/\/www.carsondds.com\/es\/?s={search_term_string}"},"query-input":{"@type":"PropertyValueSpecification","valueRequired":true,"valueName":"search_term_string"}}],"inLanguage":"es"},{"@type":"Organization","@id":"https:\/\/www.carsondds.com\/es\/#organization","name":"Carson & Carson DDS, Inc.","url":"https:\/\/www.carsondds.com\/es\/","logo":{"@type":"ImageObject","inLanguage":"es","@id":"https:\/\/www.carsondds.com\/es\/#\/schema\/logo\/image\/","url":"https:\/\/www.carsondds.com\/wp-content\/uploads\/logo-icon.gif","contentUrl":"https:\/\/www.carsondds.com\/wp-content\/uploads\/logo-icon.gif","width":51,"height":51,"caption":"Carson & Carson DDS, Inc."},"image":{"@id":"https:\/\/www.carsondds.com\/es\/#\/schema\/logo\/image\/"},"sameAs":["https:\/\/www.facebook.com\/ddscarson\/","https:\/\/x.com\/carsondds","https:\/\/www.instagram.com\/carson_dentistry126\/","https:\/\/www.youtube.com\/user\/DrCarson805\/"]}]}},"_links":{"self":[{"href":"https:\/\/www.carsondds.com\/es\/wp-json\/wp\/v2\/pages\/219495","targetHints":{"allow":["GET"]}}],"collection":[{"href":"https:\/\/www.carsondds.com\/es\/wp-json\/wp\/v2\/pages"}],"about":[{"href":"https:\/\/www.carsondds.com\/es\/wp-json\/wp\/v2\/types\/page"}],"author":[{"embeddable":true,"href":"https:\/\/www.carsondds.com\/es\/wp-json\/wp\/v2\/users\/2"}],"replies":[{"embeddable":true,"href":"https:\/\/www.carsondds.com\/es\/wp-json\/wp\/v2\/comments?post=219495"}],"version-history":[{"count":0,"href":"https:\/\/www.carsondds.com\/es\/wp-json\/wp\/v2\/pages\/219495\/revisions"}],"up":[{"embeddable":true,"href":"https:\/\/www.carsondds.com\/es\/wp-json\/wp\/v2\/pages\/219452"}],"wp:attachment":[{"href":"https:\/\/www.carsondds.com\/es\/wp-json\/wp\/v2\/media?parent=219495"}],"curies":[{"name":"wp","href":"https:\/\/api.w.org\/{rel}","templated":true}]}}