{"id":219486,"date":"2020-03-11T16:09:17","date_gmt":"2020-03-11T23:09:17","guid":{"rendered":"https:\/\/www.carsondds.com\/servicios-dentales\/odontologia-preventiva\/casos-practicos-de-odontologia-preventiva\/"},"modified":"2020-03-11T16:09:17","modified_gmt":"2020-03-11T23:09:17","slug":"casos-practicos-de-odontologia-preventiva","status":"publish","type":"page","link":"https:\/\/www.carsondds.com\/es\/servicios-dentales\/odontologia-preventiva\/casos-practicos-de-odontologia-preventiva\/","title":{"rendered":"Casos pr\u00e1cticos de odontolog\u00eda preventiva"},"content":{"rendered":"<p><img loading=\"lazy\" decoding=\"async\" class=\"alignnone\" src=\"\/wp-content\/uploads\/pitandfissuresealants.jpg\" alt=\"Antes y despu\u00e9s Selladores de fosas y fisuras\" width=\"408\" height=\"600\"><br \/>\nEstos son ejemplos de selladores de fosas y fisuras. Los selladores reducen la probabilidad de caries en un 90% aproximadamente en la parte superior de los molares. Tambi\u00e9n recomiendo tratamientos con fl\u00faor para inhibir la caries interproximal. Visita nuestra p\u00e1gina de <a href=\"https:\/\/www.carsondds.com\/dental-services\/preventative\/\">odontolog\u00eda preventiva<\/a> para saber m\u00e1s sobre lo que un dentista experimentado puede hacer proactivamente por tu salud dental.  <\/p>\n","protected":false},"excerpt":{"rendered":"<p>Estos son ejemplos de selladores de fosas y fisuras. Los selladores reducen la probabilidad de caries en un 90% aproximadamente en la parte superior de los molares. Tambi\u00e9n recomiendo tratamientos con fl\u00faor para inhibir la caries interproximal. Visita nuestra p\u00e1gina de odontolog\u00eda preventiva para saber m\u00e1s sobre lo que un dentista experimentado puede hacer proactivamente [&hellip;]<\/p>\n","protected":false},"author":2,"featured_media":0,"parent":219454,"menu_order":0,"comment_status":"closed","ping_status":"closed","template":"","meta":{"_et_pb_use_builder":"","_et_pb_old_content":"","_et_gb_content_width":"","footnotes":""},"class_list":["post-219486","page","type-page","status-publish","hentry"],"yoast_head":"<!-- This site is optimized with the Yoast SEO plugin v27.5 - https:\/\/yoast.com\/product\/yoast-seo-wordpress\/ -->\n<title>Casos pr\u00e1cticos de odontolog\u00eda preventiva - Carson &amp; Carson, DDS<\/title>\n<meta name=\"description\" content=\"Consulta los casos pr\u00e1cticos de odontolog\u00eda preventiva realizados en las consultas dentales de Oxnard de Carson &amp; Carson, DDS. Obt\u00e9n m\u00e1s informaci\u00f3n sobre la atenci\u00f3n preventiva hoy mismo.\" \/>\n<meta name=\"robots\" content=\"index, follow, max-snippet:-1, max-image-preview:large, max-video-preview:-1\" \/>\n<link rel=\"canonical\" href=\"https:\/\/www.carsondds.com\/es\/servicios-dentales\/odontologia-preventiva\/casos-practicos-de-odontologia-preventiva\/\" \/>\n<meta property=\"og:locale\" content=\"es_ES\" \/>\n<meta property=\"og:type\" content=\"article\" \/>\n<meta property=\"og:title\" content=\"Casos pr\u00e1cticos de odontolog\u00eda preventiva - Carson &amp; Carson, DDS\" \/>\n<meta property=\"og:description\" content=\"Consulta los casos pr\u00e1cticos de odontolog\u00eda preventiva realizados en las consultas dentales de Oxnard de Carson &amp; Carson, DDS. Obt\u00e9n m\u00e1s informaci\u00f3n sobre la atenci\u00f3n preventiva hoy mismo.\" \/>\n<meta property=\"og:url\" content=\"https:\/\/www.carsondds.com\/es\/servicios-dentales\/odontologia-preventiva\/casos-practicos-de-odontologia-preventiva\/\" \/>\n<meta property=\"og:site_name\" content=\"Carson &amp; Carson, DDS\" \/>\n<meta property=\"article:publisher\" content=\"https:\/\/www.facebook.com\/ddscarson\/\" \/>\n<meta property=\"og:image\" content=\"https:\/\/www.carsondds.com\/wp-content\/uploads\/2.png\" \/>\n\t<meta property=\"og:image:width\" content=\"1700\" \/>\n\t<meta property=\"og:image:height\" content=\"785\" \/>\n\t<meta property=\"og:image:type\" content=\"image\/png\" \/>\n<meta name=\"twitter:card\" content=\"summary_large_image\" \/>\n<meta name=\"twitter:site\" content=\"@carsondds\" \/>\n<script type=\"application\/ld+json\" class=\"yoast-schema-graph\">{\"@context\":\"https:\\\/\\\/schema.org\",\"@graph\":[{\"@type\":\"WebPage\",\"@id\":\"https:\\\/\\\/www.carsondds.com\\\/es\\\/servicios-dentales\\\/odontologia-preventiva\\\/casos-practicos-de-odontologia-preventiva\\\/\",\"url\":\"https:\\\/\\\/www.carsondds.com\\\/es\\\/servicios-dentales\\\/odontologia-preventiva\\\/casos-practicos-de-odontologia-preventiva\\\/\",\"name\":\"Casos pr\u00e1cticos de odontolog\u00eda preventiva - Carson &amp; Carson, DDS\",\"isPartOf\":{\"@id\":\"https:\\\/\\\/www.carsondds.com\\\/es\\\/#website\"},\"datePublished\":\"2020-03-11T23:09:17+00:00\",\"description\":\"Consulta los casos pr\u00e1cticos de odontolog\u00eda preventiva realizados en las consultas dentales de Oxnard de Carson & Carson, DDS. Obt\u00e9n m\u00e1s informaci\u00f3n sobre la atenci\u00f3n preventiva hoy mismo.\",\"breadcrumb\":{\"@id\":\"https:\\\/\\\/www.carsondds.com\\\/es\\\/servicios-dentales\\\/odontologia-preventiva\\\/casos-practicos-de-odontologia-preventiva\\\/#breadcrumb\"},\"inLanguage\":\"es\",\"potentialAction\":[{\"@type\":\"ReadAction\",\"target\":[\"https:\\\/\\\/www.carsondds.com\\\/es\\\/servicios-dentales\\\/odontologia-preventiva\\\/casos-practicos-de-odontologia-preventiva\\\/\"]}]},{\"@type\":\"BreadcrumbList\",\"@id\":\"https:\\\/\\\/www.carsondds.com\\\/es\\\/servicios-dentales\\\/odontologia-preventiva\\\/casos-practicos-de-odontologia-preventiva\\\/#breadcrumb\",\"itemListElement\":[{\"@type\":\"ListItem\",\"position\":1,\"name\":\"Home\",\"item\":\"https:\\\/\\\/www.carsondds.com\\\/es\\\/carson-carson-dds\\\/\"},{\"@type\":\"ListItem\",\"position\":2,\"name\":\"Servicios dentales\",\"item\":\"https:\\\/\\\/www.carsondds.com\\\/es\\\/servicios-dentales\\\/\"},{\"@type\":\"ListItem\",\"position\":3,\"name\":\"Odontolog\u00eda preventiva\",\"item\":\"https:\\\/\\\/www.carsondds.com\\\/es\\\/servicios-dentales\\\/odontologia-preventiva\\\/\"},{\"@type\":\"ListItem\",\"position\":4,\"name\":\"Casos pr\u00e1cticos de odontolog\u00eda preventiva\"}]},{\"@type\":\"WebSite\",\"@id\":\"https:\\\/\\\/www.carsondds.com\\\/es\\\/#website\",\"url\":\"https:\\\/\\\/www.carsondds.com\\\/es\\\/\",\"name\":\"Carson &amp; Carson, DDS\",\"description\":\"\",\"publisher\":{\"@id\":\"https:\\\/\\\/www.carsondds.com\\\/es\\\/#organization\"},\"potentialAction\":[{\"@type\":\"SearchAction\",\"target\":{\"@type\":\"EntryPoint\",\"urlTemplate\":\"https:\\\/\\\/www.carsondds.com\\\/es\\\/?s={search_term_string}\"},\"query-input\":{\"@type\":\"PropertyValueSpecification\",\"valueRequired\":true,\"valueName\":\"search_term_string\"}}],\"inLanguage\":\"es\"},{\"@type\":\"Organization\",\"@id\":\"https:\\\/\\\/www.carsondds.com\\\/es\\\/#organization\",\"name\":\"Carson & Carson DDS, Inc.\",\"url\":\"https:\\\/\\\/www.carsondds.com\\\/es\\\/\",\"logo\":{\"@type\":\"ImageObject\",\"inLanguage\":\"es\",\"@id\":\"https:\\\/\\\/www.carsondds.com\\\/es\\\/#\\\/schema\\\/logo\\\/image\\\/\",\"url\":\"https:\\\/\\\/www.carsondds.com\\\/wp-content\\\/uploads\\\/logo-icon.gif\",\"contentUrl\":\"https:\\\/\\\/www.carsondds.com\\\/wp-content\\\/uploads\\\/logo-icon.gif\",\"width\":51,\"height\":51,\"caption\":\"Carson & Carson DDS, Inc.\"},\"image\":{\"@id\":\"https:\\\/\\\/www.carsondds.com\\\/es\\\/#\\\/schema\\\/logo\\\/image\\\/\"},\"sameAs\":[\"https:\\\/\\\/www.facebook.com\\\/ddscarson\\\/\",\"https:\\\/\\\/x.com\\\/carsondds\",\"https:\\\/\\\/www.instagram.com\\\/carson_dentistry126\\\/\",\"https:\\\/\\\/www.youtube.com\\\/user\\\/DrCarson805\\\/\"]}]}<\/script>\n<!-- \/ Yoast SEO plugin. -->","yoast_head_json":{"title":"Casos pr\u00e1cticos de odontolog\u00eda preventiva - Carson &amp; Carson, DDS","description":"Consulta los casos pr\u00e1cticos de odontolog\u00eda preventiva realizados en las consultas dentales de Oxnard de Carson & Carson, DDS. Obt\u00e9n m\u00e1s informaci\u00f3n sobre la atenci\u00f3n preventiva hoy mismo.","robots":{"index":"index","follow":"follow","max-snippet":"max-snippet:-1","max-image-preview":"max-image-preview:large","max-video-preview":"max-video-preview:-1"},"canonical":"https:\/\/www.carsondds.com\/es\/servicios-dentales\/odontologia-preventiva\/casos-practicos-de-odontologia-preventiva\/","og_locale":"es_ES","og_type":"article","og_title":"Casos pr\u00e1cticos de odontolog\u00eda preventiva - Carson &amp; Carson, DDS","og_description":"Consulta los casos pr\u00e1cticos de odontolog\u00eda preventiva realizados en las consultas dentales de Oxnard de Carson & Carson, DDS. Obt\u00e9n m\u00e1s informaci\u00f3n sobre la atenci\u00f3n preventiva hoy mismo.","og_url":"https:\/\/www.carsondds.com\/es\/servicios-dentales\/odontologia-preventiva\/casos-practicos-de-odontologia-preventiva\/","og_site_name":"Carson &amp; Carson, DDS","article_publisher":"https:\/\/www.facebook.com\/ddscarson\/","og_image":[{"width":1700,"height":785,"url":"https:\/\/www.carsondds.com\/wp-content\/uploads\/2.png","type":"image\/png"}],"twitter_card":"summary_large_image","twitter_site":"@carsondds","schema":{"@context":"https:\/\/schema.org","@graph":[{"@type":"WebPage","@id":"https:\/\/www.carsondds.com\/es\/servicios-dentales\/odontologia-preventiva\/casos-practicos-de-odontologia-preventiva\/","url":"https:\/\/www.carsondds.com\/es\/servicios-dentales\/odontologia-preventiva\/casos-practicos-de-odontologia-preventiva\/","name":"Casos pr\u00e1cticos de odontolog\u00eda preventiva - Carson &amp; Carson, DDS","isPartOf":{"@id":"https:\/\/www.carsondds.com\/es\/#website"},"datePublished":"2020-03-11T23:09:17+00:00","description":"Consulta los casos pr\u00e1cticos de odontolog\u00eda preventiva realizados en las consultas dentales de Oxnard de Carson & Carson, DDS. Obt\u00e9n m\u00e1s informaci\u00f3n sobre la atenci\u00f3n preventiva hoy mismo.","breadcrumb":{"@id":"https:\/\/www.carsondds.com\/es\/servicios-dentales\/odontologia-preventiva\/casos-practicos-de-odontologia-preventiva\/#breadcrumb"},"inLanguage":"es","potentialAction":[{"@type":"ReadAction","target":["https:\/\/www.carsondds.com\/es\/servicios-dentales\/odontologia-preventiva\/casos-practicos-de-odontologia-preventiva\/"]}]},{"@type":"BreadcrumbList","@id":"https:\/\/www.carsondds.com\/es\/servicios-dentales\/odontologia-preventiva\/casos-practicos-de-odontologia-preventiva\/#breadcrumb","itemListElement":[{"@type":"ListItem","position":1,"name":"Home","item":"https:\/\/www.carsondds.com\/es\/carson-carson-dds\/"},{"@type":"ListItem","position":2,"name":"Servicios dentales","item":"https:\/\/www.carsondds.com\/es\/servicios-dentales\/"},{"@type":"ListItem","position":3,"name":"Odontolog\u00eda preventiva","item":"https:\/\/www.carsondds.com\/es\/servicios-dentales\/odontologia-preventiva\/"},{"@type":"ListItem","position":4,"name":"Casos pr\u00e1cticos de odontolog\u00eda preventiva"}]},{"@type":"WebSite","@id":"https:\/\/www.carsondds.com\/es\/#website","url":"https:\/\/www.carsondds.com\/es\/","name":"Carson &amp; Carson, DDS","description":"","publisher":{"@id":"https:\/\/www.carsondds.com\/es\/#organization"},"potentialAction":[{"@type":"SearchAction","target":{"@type":"EntryPoint","urlTemplate":"https:\/\/www.carsondds.com\/es\/?s={search_term_string}"},"query-input":{"@type":"PropertyValueSpecification","valueRequired":true,"valueName":"search_term_string"}}],"inLanguage":"es"},{"@type":"Organization","@id":"https:\/\/www.carsondds.com\/es\/#organization","name":"Carson & Carson DDS, Inc.","url":"https:\/\/www.carsondds.com\/es\/","logo":{"@type":"ImageObject","inLanguage":"es","@id":"https:\/\/www.carsondds.com\/es\/#\/schema\/logo\/image\/","url":"https:\/\/www.carsondds.com\/wp-content\/uploads\/logo-icon.gif","contentUrl":"https:\/\/www.carsondds.com\/wp-content\/uploads\/logo-icon.gif","width":51,"height":51,"caption":"Carson & Carson DDS, Inc."},"image":{"@id":"https:\/\/www.carsondds.com\/es\/#\/schema\/logo\/image\/"},"sameAs":["https:\/\/www.facebook.com\/ddscarson\/","https:\/\/x.com\/carsondds","https:\/\/www.instagram.com\/carson_dentistry126\/","https:\/\/www.youtube.com\/user\/DrCarson805\/"]}]}},"_links":{"self":[{"href":"https:\/\/www.carsondds.com\/es\/wp-json\/wp\/v2\/pages\/219486","targetHints":{"allow":["GET"]}}],"collection":[{"href":"https:\/\/www.carsondds.com\/es\/wp-json\/wp\/v2\/pages"}],"about":[{"href":"https:\/\/www.carsondds.com\/es\/wp-json\/wp\/v2\/types\/page"}],"author":[{"embeddable":true,"href":"https:\/\/www.carsondds.com\/es\/wp-json\/wp\/v2\/users\/2"}],"replies":[{"embeddable":true,"href":"https:\/\/www.carsondds.com\/es\/wp-json\/wp\/v2\/comments?post=219486"}],"version-history":[{"count":0,"href":"https:\/\/www.carsondds.com\/es\/wp-json\/wp\/v2\/pages\/219486\/revisions"}],"up":[{"embeddable":true,"href":"https:\/\/www.carsondds.com\/es\/wp-json\/wp\/v2\/pages\/219454"}],"wp:attachment":[{"href":"https:\/\/www.carsondds.com\/es\/wp-json\/wp\/v2\/media?parent=219486"}],"curies":[{"name":"wp","href":"https:\/\/api.w.org\/{rel}","templated":true}]}}