{"id":219458,"date":"2019-02-14T23:31:55","date_gmt":"2019-02-15T07:31:55","guid":{"rendered":"https:\/\/www.carsondds.com\/servicios-dentales\/odontologia-bajo-sedacion\/casos-practicos-de-odontologia-bajo-sedacion\/"},"modified":"2019-02-14T23:31:55","modified_gmt":"2019-02-15T07:31:55","slug":"casos-practicos-de-odontologia-bajo-sedacion","status":"publish","type":"page","link":"https:\/\/www.carsondds.com\/es\/servicios-dentales\/odontologia-bajo-sedacion\/casos-practicos-de-odontologia-bajo-sedacion\/","title":{"rendered":"Casos pr\u00e1cticos de odontolog\u00eda bajo sedaci\u00f3n"},"content":{"rendered":"<h2>Odontolog\u00eda bajo sedaci\u00f3n Caso pr\u00e1ctico 1<\/h2>\n<p>Para someterse a <a href=\"https:\/\/www.carsondds.com\/dental-services\/ivsedation\/\">una sedaci\u00f3n IM o IV<\/a> en nuestra cl\u00ednica dental de Oxnard, los pacientes o sus padres, si son menores de edad, deben rellenar un cuestionario y un formulario sanitarios detallados. Se comprueba y registra la tensi\u00f3n arterial y el pulso del paciente antes, durante y despu\u00e9s del tratamiento. <\/p>\n<p><img loading=\"lazy\" decoding=\"async\" class=\"alignnone size-full wp-image-507\" src=\"https:\/\/www.carsondds.com\/wp-content\/uploads\/IVpulse.jpg\" alt=\"Pasos del procedimiento est\u00e1ndar en la Sedaci\u00f3n IV\/IM\" width=\"600\" height=\"600\" srcset=\"https:\/\/www.carsondds.com\/wp-content\/uploads\/IVpulse.jpg 600w, https:\/\/www.carsondds.com\/wp-content\/uploads\/IVpulse-150x150.jpg 150w, https:\/\/www.carsondds.com\/wp-content\/uploads\/IVpulse-300x300.jpg 300w\" sizes=\"(max-width: 600px) 100vw, 600px\" \/><\/p>\n<p>Esta es una configuraci\u00f3n t\u00edpica de sedaci\u00f3n IV\/IM en nuestra cl\u00ednica dental de Oxnard. La anestesia general se administra lentamente y las constantes vitales se controlan durante todo el proceso. <\/p>\n<a class=\"scss3b-button scss3b-button-adobe\" href=\"https:\/\/www.carsondds.com\/contact-us\/\">Contacta con nosotros<\/a>\n<p>&nbsp;<\/p>\n","protected":false},"excerpt":{"rendered":"<p>Odontolog\u00eda bajo sedaci\u00f3n Caso pr\u00e1ctico 1 Para someterse a una sedaci\u00f3n IM o IV en nuestra cl\u00ednica dental de Oxnard, los pacientes o sus padres, si son menores de edad, deben rellenar un cuestionario y un formulario sanitarios detallados. Se comprueba y registra la tensi\u00f3n arterial y el pulso del paciente antes, durante y despu\u00e9s [&hellip;]<\/p>\n","protected":false},"author":2,"featured_media":0,"parent":219411,"menu_order":0,"comment_status":"closed","ping_status":"closed","template":"","meta":{"_et_pb_use_builder":"","_et_pb_old_content":"","_et_gb_content_width":"","footnotes":""},"class_list":["post-219458","page","type-page","status-publish","hentry"],"yoast_head":"<!-- This site is optimized with the Yoast SEO plugin v27.4 - https:\/\/yoast.com\/product\/yoast-seo-wordpress\/ -->\n<title>Casos pr\u00e1cticos de odontolog\u00eda bajo sedaci\u00f3n - Carson &amp; Carson, DDS<\/title>\n<meta name=\"description\" content=\"Consulta los casos pr\u00e1cticos de odontolog\u00eda bajo sedaci\u00f3n del dentista de Oxnard Carson &amp; Carson, DDS. Duerme durante el tratamiento dental con la odontolog\u00eda bajo sedaci\u00f3n disponible hoy mismo.\" \/>\n<meta name=\"robots\" content=\"index, follow, max-snippet:-1, max-image-preview:large, max-video-preview:-1\" \/>\n<link rel=\"canonical\" href=\"https:\/\/www.carsondds.com\/es\/servicios-dentales\/odontologia-bajo-sedacion\/casos-practicos-de-odontologia-bajo-sedacion\/\" \/>\n<meta property=\"og:locale\" content=\"es_ES\" \/>\n<meta property=\"og:type\" content=\"article\" \/>\n<meta property=\"og:title\" content=\"Casos pr\u00e1cticos de odontolog\u00eda bajo sedaci\u00f3n - Carson &amp; Carson, DDS\" \/>\n<meta property=\"og:description\" content=\"Consulta los casos pr\u00e1cticos de odontolog\u00eda bajo sedaci\u00f3n del dentista de Oxnard Carson &amp; Carson, DDS. Duerme durante el tratamiento dental con la odontolog\u00eda bajo sedaci\u00f3n disponible hoy mismo.\" \/>\n<meta property=\"og:url\" content=\"https:\/\/www.carsondds.com\/es\/servicios-dentales\/odontologia-bajo-sedacion\/casos-practicos-de-odontologia-bajo-sedacion\/\" \/>\n<meta property=\"og:site_name\" content=\"Carson &amp; Carson, DDS\" \/>\n<meta property=\"article:publisher\" content=\"https:\/\/www.facebook.com\/ddscarson\/\" \/>\n<meta property=\"og:image\" content=\"https:\/\/www.carsondds.com\/wp-content\/uploads\/IVpulse.jpg\" \/>\n\t<meta property=\"og:image:width\" content=\"600\" \/>\n\t<meta property=\"og:image:height\" content=\"600\" \/>\n\t<meta property=\"og:image:type\" content=\"image\/jpeg\" \/>\n<meta name=\"twitter:card\" content=\"summary_large_image\" \/>\n<meta name=\"twitter:site\" content=\"@carsondds\" \/>\n<meta name=\"twitter:label1\" content=\"Tiempo de lectura\" \/>\n\t<meta name=\"twitter:data1\" content=\"1 minuto\" \/>\n<script type=\"application\/ld+json\" class=\"yoast-schema-graph\">{\"@context\":\"https:\\\/\\\/schema.org\",\"@graph\":[{\"@type\":\"WebPage\",\"@id\":\"https:\\\/\\\/www.carsondds.com\\\/es\\\/servicios-dentales\\\/odontologia-bajo-sedacion\\\/casos-practicos-de-odontologia-bajo-sedacion\\\/\",\"url\":\"https:\\\/\\\/www.carsondds.com\\\/es\\\/servicios-dentales\\\/odontologia-bajo-sedacion\\\/casos-practicos-de-odontologia-bajo-sedacion\\\/\",\"name\":\"Casos pr\u00e1cticos de odontolog\u00eda bajo sedaci\u00f3n - Carson &amp; Carson, DDS\",\"isPartOf\":{\"@id\":\"https:\\\/\\\/www.carsondds.com\\\/es\\\/#website\"},\"primaryImageOfPage\":{\"@id\":\"https:\\\/\\\/www.carsondds.com\\\/es\\\/servicios-dentales\\\/odontologia-bajo-sedacion\\\/casos-practicos-de-odontologia-bajo-sedacion\\\/#primaryimage\"},\"image\":{\"@id\":\"https:\\\/\\\/www.carsondds.com\\\/es\\\/servicios-dentales\\\/odontologia-bajo-sedacion\\\/casos-practicos-de-odontologia-bajo-sedacion\\\/#primaryimage\"},\"thumbnailUrl\":\"https:\\\/\\\/www.carsondds.com\\\/wp-content\\\/uploads\\\/IVpulse.jpg\",\"datePublished\":\"2019-02-15T07:31:55+00:00\",\"description\":\"Consulta los casos pr\u00e1cticos de odontolog\u00eda bajo sedaci\u00f3n del dentista de Oxnard Carson & Carson, DDS. Duerme durante el tratamiento dental con la odontolog\u00eda bajo sedaci\u00f3n disponible hoy mismo.\",\"breadcrumb\":{\"@id\":\"https:\\\/\\\/www.carsondds.com\\\/es\\\/servicios-dentales\\\/odontologia-bajo-sedacion\\\/casos-practicos-de-odontologia-bajo-sedacion\\\/#breadcrumb\"},\"inLanguage\":\"es\",\"potentialAction\":[{\"@type\":\"ReadAction\",\"target\":[\"https:\\\/\\\/www.carsondds.com\\\/es\\\/servicios-dentales\\\/odontologia-bajo-sedacion\\\/casos-practicos-de-odontologia-bajo-sedacion\\\/\"]}]},{\"@type\":\"ImageObject\",\"inLanguage\":\"es\",\"@id\":\"https:\\\/\\\/www.carsondds.com\\\/es\\\/servicios-dentales\\\/odontologia-bajo-sedacion\\\/casos-practicos-de-odontologia-bajo-sedacion\\\/#primaryimage\",\"url\":\"https:\\\/\\\/www.carsondds.com\\\/wp-content\\\/uploads\\\/IVpulse.jpg\",\"contentUrl\":\"https:\\\/\\\/www.carsondds.com\\\/wp-content\\\/uploads\\\/IVpulse.jpg\"},{\"@type\":\"BreadcrumbList\",\"@id\":\"https:\\\/\\\/www.carsondds.com\\\/es\\\/servicios-dentales\\\/odontologia-bajo-sedacion\\\/casos-practicos-de-odontologia-bajo-sedacion\\\/#breadcrumb\",\"itemListElement\":[{\"@type\":\"ListItem\",\"position\":1,\"name\":\"Home\",\"item\":\"https:\\\/\\\/www.carsondds.com\\\/es\\\/carson-carson-dds\\\/\"},{\"@type\":\"ListItem\",\"position\":2,\"name\":\"Servicios dentales\",\"item\":\"https:\\\/\\\/www.carsondds.com\\\/es\\\/servicios-dentales\\\/\"},{\"@type\":\"ListItem\",\"position\":3,\"name\":\"Odontolog\u00eda bajo sedaci\u00f3n\",\"item\":\"https:\\\/\\\/www.carsondds.com\\\/es\\\/servicios-dentales\\\/odontologia-bajo-sedacion\\\/\"},{\"@type\":\"ListItem\",\"position\":4,\"name\":\"Casos pr\u00e1cticos de odontolog\u00eda bajo sedaci\u00f3n\"}]},{\"@type\":\"WebSite\",\"@id\":\"https:\\\/\\\/www.carsondds.com\\\/es\\\/#website\",\"url\":\"https:\\\/\\\/www.carsondds.com\\\/es\\\/\",\"name\":\"Carson &amp; Carson, DDS\",\"description\":\"\",\"publisher\":{\"@id\":\"https:\\\/\\\/www.carsondds.com\\\/es\\\/#organization\"},\"potentialAction\":[{\"@type\":\"SearchAction\",\"target\":{\"@type\":\"EntryPoint\",\"urlTemplate\":\"https:\\\/\\\/www.carsondds.com\\\/es\\\/?s={search_term_string}\"},\"query-input\":{\"@type\":\"PropertyValueSpecification\",\"valueRequired\":true,\"valueName\":\"search_term_string\"}}],\"inLanguage\":\"es\"},{\"@type\":\"Organization\",\"@id\":\"https:\\\/\\\/www.carsondds.com\\\/es\\\/#organization\",\"name\":\"Carson & Carson DDS, Inc.\",\"url\":\"https:\\\/\\\/www.carsondds.com\\\/es\\\/\",\"logo\":{\"@type\":\"ImageObject\",\"inLanguage\":\"es\",\"@id\":\"https:\\\/\\\/www.carsondds.com\\\/es\\\/#\\\/schema\\\/logo\\\/image\\\/\",\"url\":\"https:\\\/\\\/www.carsondds.com\\\/wp-content\\\/uploads\\\/logo-icon.gif\",\"contentUrl\":\"https:\\\/\\\/www.carsondds.com\\\/wp-content\\\/uploads\\\/logo-icon.gif\",\"width\":51,\"height\":51,\"caption\":\"Carson & Carson DDS, Inc.\"},\"image\":{\"@id\":\"https:\\\/\\\/www.carsondds.com\\\/es\\\/#\\\/schema\\\/logo\\\/image\\\/\"},\"sameAs\":[\"https:\\\/\\\/www.facebook.com\\\/ddscarson\\\/\",\"https:\\\/\\\/x.com\\\/carsondds\",\"https:\\\/\\\/www.instagram.com\\\/carson_dentistry126\\\/\",\"https:\\\/\\\/www.youtube.com\\\/user\\\/DrCarson805\\\/\"]}]}<\/script>\n<!-- \/ Yoast SEO plugin. -->","yoast_head_json":{"title":"Casos pr\u00e1cticos de odontolog\u00eda bajo sedaci\u00f3n - Carson &amp; Carson, DDS","description":"Consulta los casos pr\u00e1cticos de odontolog\u00eda bajo sedaci\u00f3n del dentista de Oxnard Carson & Carson, DDS. Duerme durante el tratamiento dental con la odontolog\u00eda bajo sedaci\u00f3n disponible hoy mismo.","robots":{"index":"index","follow":"follow","max-snippet":"max-snippet:-1","max-image-preview":"max-image-preview:large","max-video-preview":"max-video-preview:-1"},"canonical":"https:\/\/www.carsondds.com\/es\/servicios-dentales\/odontologia-bajo-sedacion\/casos-practicos-de-odontologia-bajo-sedacion\/","og_locale":"es_ES","og_type":"article","og_title":"Casos pr\u00e1cticos de odontolog\u00eda bajo sedaci\u00f3n - Carson &amp; Carson, DDS","og_description":"Consulta los casos pr\u00e1cticos de odontolog\u00eda bajo sedaci\u00f3n del dentista de Oxnard Carson & Carson, DDS. Duerme durante el tratamiento dental con la odontolog\u00eda bajo sedaci\u00f3n disponible hoy mismo.","og_url":"https:\/\/www.carsondds.com\/es\/servicios-dentales\/odontologia-bajo-sedacion\/casos-practicos-de-odontologia-bajo-sedacion\/","og_site_name":"Carson &amp; Carson, DDS","article_publisher":"https:\/\/www.facebook.com\/ddscarson\/","og_image":[{"width":600,"height":600,"url":"https:\/\/www.carsondds.com\/wp-content\/uploads\/IVpulse.jpg","type":"image\/jpeg"}],"twitter_card":"summary_large_image","twitter_site":"@carsondds","twitter_misc":{"Tiempo de lectura":"1 minuto"},"schema":{"@context":"https:\/\/schema.org","@graph":[{"@type":"WebPage","@id":"https:\/\/www.carsondds.com\/es\/servicios-dentales\/odontologia-bajo-sedacion\/casos-practicos-de-odontologia-bajo-sedacion\/","url":"https:\/\/www.carsondds.com\/es\/servicios-dentales\/odontologia-bajo-sedacion\/casos-practicos-de-odontologia-bajo-sedacion\/","name":"Casos pr\u00e1cticos de odontolog\u00eda bajo sedaci\u00f3n - Carson &amp; Carson, DDS","isPartOf":{"@id":"https:\/\/www.carsondds.com\/es\/#website"},"primaryImageOfPage":{"@id":"https:\/\/www.carsondds.com\/es\/servicios-dentales\/odontologia-bajo-sedacion\/casos-practicos-de-odontologia-bajo-sedacion\/#primaryimage"},"image":{"@id":"https:\/\/www.carsondds.com\/es\/servicios-dentales\/odontologia-bajo-sedacion\/casos-practicos-de-odontologia-bajo-sedacion\/#primaryimage"},"thumbnailUrl":"https:\/\/www.carsondds.com\/wp-content\/uploads\/IVpulse.jpg","datePublished":"2019-02-15T07:31:55+00:00","description":"Consulta los casos pr\u00e1cticos de odontolog\u00eda bajo sedaci\u00f3n del dentista de Oxnard Carson & Carson, DDS. Duerme durante el tratamiento dental con la odontolog\u00eda bajo sedaci\u00f3n disponible hoy mismo.","breadcrumb":{"@id":"https:\/\/www.carsondds.com\/es\/servicios-dentales\/odontologia-bajo-sedacion\/casos-practicos-de-odontologia-bajo-sedacion\/#breadcrumb"},"inLanguage":"es","potentialAction":[{"@type":"ReadAction","target":["https:\/\/www.carsondds.com\/es\/servicios-dentales\/odontologia-bajo-sedacion\/casos-practicos-de-odontologia-bajo-sedacion\/"]}]},{"@type":"ImageObject","inLanguage":"es","@id":"https:\/\/www.carsondds.com\/es\/servicios-dentales\/odontologia-bajo-sedacion\/casos-practicos-de-odontologia-bajo-sedacion\/#primaryimage","url":"https:\/\/www.carsondds.com\/wp-content\/uploads\/IVpulse.jpg","contentUrl":"https:\/\/www.carsondds.com\/wp-content\/uploads\/IVpulse.jpg"},{"@type":"BreadcrumbList","@id":"https:\/\/www.carsondds.com\/es\/servicios-dentales\/odontologia-bajo-sedacion\/casos-practicos-de-odontologia-bajo-sedacion\/#breadcrumb","itemListElement":[{"@type":"ListItem","position":1,"name":"Home","item":"https:\/\/www.carsondds.com\/es\/carson-carson-dds\/"},{"@type":"ListItem","position":2,"name":"Servicios dentales","item":"https:\/\/www.carsondds.com\/es\/servicios-dentales\/"},{"@type":"ListItem","position":3,"name":"Odontolog\u00eda bajo sedaci\u00f3n","item":"https:\/\/www.carsondds.com\/es\/servicios-dentales\/odontologia-bajo-sedacion\/"},{"@type":"ListItem","position":4,"name":"Casos pr\u00e1cticos de odontolog\u00eda bajo sedaci\u00f3n"}]},{"@type":"WebSite","@id":"https:\/\/www.carsondds.com\/es\/#website","url":"https:\/\/www.carsondds.com\/es\/","name":"Carson &amp; Carson, DDS","description":"","publisher":{"@id":"https:\/\/www.carsondds.com\/es\/#organization"},"potentialAction":[{"@type":"SearchAction","target":{"@type":"EntryPoint","urlTemplate":"https:\/\/www.carsondds.com\/es\/?s={search_term_string}"},"query-input":{"@type":"PropertyValueSpecification","valueRequired":true,"valueName":"search_term_string"}}],"inLanguage":"es"},{"@type":"Organization","@id":"https:\/\/www.carsondds.com\/es\/#organization","name":"Carson & Carson DDS, Inc.","url":"https:\/\/www.carsondds.com\/es\/","logo":{"@type":"ImageObject","inLanguage":"es","@id":"https:\/\/www.carsondds.com\/es\/#\/schema\/logo\/image\/","url":"https:\/\/www.carsondds.com\/wp-content\/uploads\/logo-icon.gif","contentUrl":"https:\/\/www.carsondds.com\/wp-content\/uploads\/logo-icon.gif","width":51,"height":51,"caption":"Carson & Carson DDS, Inc."},"image":{"@id":"https:\/\/www.carsondds.com\/es\/#\/schema\/logo\/image\/"},"sameAs":["https:\/\/www.facebook.com\/ddscarson\/","https:\/\/x.com\/carsondds","https:\/\/www.instagram.com\/carson_dentistry126\/","https:\/\/www.youtube.com\/user\/DrCarson805\/"]}]}},"_links":{"self":[{"href":"https:\/\/www.carsondds.com\/es\/wp-json\/wp\/v2\/pages\/219458","targetHints":{"allow":["GET"]}}],"collection":[{"href":"https:\/\/www.carsondds.com\/es\/wp-json\/wp\/v2\/pages"}],"about":[{"href":"https:\/\/www.carsondds.com\/es\/wp-json\/wp\/v2\/types\/page"}],"author":[{"embeddable":true,"href":"https:\/\/www.carsondds.com\/es\/wp-json\/wp\/v2\/users\/2"}],"replies":[{"embeddable":true,"href":"https:\/\/www.carsondds.com\/es\/wp-json\/wp\/v2\/comments?post=219458"}],"version-history":[{"count":0,"href":"https:\/\/www.carsondds.com\/es\/wp-json\/wp\/v2\/pages\/219458\/revisions"}],"up":[{"embeddable":true,"href":"https:\/\/www.carsondds.com\/es\/wp-json\/wp\/v2\/pages\/219411"}],"wp:attachment":[{"href":"https:\/\/www.carsondds.com\/es\/wp-json\/wp\/v2\/media?parent=219458"}],"curies":[{"name":"wp","href":"https:\/\/api.w.org\/{rel}","templated":true}]}}