{"id":219440,"date":"2018-01-25T00:37:41","date_gmt":"2018-01-25T08:37:41","guid":{"rendered":"https:\/\/www.carsondds.com\/dentista-delta\/"},"modified":"2024-12-27T14:29:32","modified_gmt":"2024-12-27T22:29:32","slug":"dentista-delta","status":"publish","type":"page","link":"https:\/\/www.carsondds.com\/es\/seguro-dental\/dentista-delta\/","title":{"rendered":"Dentista Delta"},"content":{"rendered":"<h2>Seguro Dental Delta Aceptado en Carson &amp; Carson, DDS<\/h2>\n<p>Delta Dental es actualmente el mayor proveedor de seguros dentales en todo Estados Unidos. En Carson &amp; Carson, DDS, nos enorgullece decir que somos dentistas delta y que, gracias a ello, podemos ofrecer atenci\u00f3n dental de calidad a un mayor n\u00famero de personas. Aceptamos <em>muchas<\/em> formas de seguro dental. Para m\u00e1s informaci\u00f3n, o para ver una lista completa de los seguros aceptados, visita nuestra p\u00e1gina de <a href=\"https:\/\/www.carsondds.com\/dental-insurance\/\">seguros dentales <\/a>o mira la imagen de abajo.   <\/p>\n<a class=\"scss3b-button scss3b-button-adobe\" href=\"https:\/\/www.carsondds.com\/contact-us\/\">Concertar una cita<\/a>\n<p><img loading=\"lazy\" decoding=\"async\" class=\"alignnone wp-image-1717 size-large\" src=\"https:\/\/www.carsondds.com\/wp-content\/uploads\/Insurance-Logos-1-1024x306.jpg\" alt=\"Logos de los seguros dentales aceptados en Carson &amp; Carson, DDS\" width=\"1024\" height=\"306\" srcset=\"https:\/\/www.carsondds.com\/wp-content\/uploads\/Insurance-Logos-1-1024x306.jpg 1024w, https:\/\/www.carsondds.com\/wp-content\/uploads\/Insurance-Logos-1-300x90.jpg 300w, https:\/\/www.carsondds.com\/wp-content\/uploads\/Insurance-Logos-1.jpg 1307w\" sizes=\"(max-width: 1024px) 100vw, 1024px\" \/><\/p>\n<p>&nbsp;<\/p>\n<h2>Financiaci\u00f3n Care Credit disponible en Carson &amp; Carson, DDS<\/h2>\n<p>Si pagar los cuidados dentales te supone un problema, \u00a1tenemos una soluci\u00f3n f\u00e1cil para ti! Adem\u00e1s de aceptar la mayor\u00eda de los proveedores de seguros dentales m\u00e1s conocidos, tambi\u00e9n ofrecemos <strong>financiaci\u00f3n a trav\u00e9s de Care Credit<\/strong>. Care Credit ofrece un plan de financiaci\u00f3n al 0% de inter\u00e9s cuando se paga antes de que finalice la fecha promocional. Estos planes de financiaci\u00f3n van acompa\u00f1ados de un sencillo proceso de solicitud a trav\u00e9s <a href=\"https:\/\/www.carecredit.com\/apply\/confirm.html?encm=UjMLMgdlUzYAPARgVWFZMAU_VTYFa1hpUTICOwRtAzc\">del navegador web<\/a> o por tel\u00e9fono llamando <a href=\"tel:+18008599975\">al 1-800-859-9975<\/a>. Las ventajas de utilizar un plan de financiaci\u00f3n Care Credit pueden incluir: una r\u00e1pida decisi\u00f3n sobre la solicitud en s\u00f3lo unos minutos, sin penalizaci\u00f3n por pago anticipado, tipos de inter\u00e9s fijos a partir del 0%, sin pago inicial, plazos de hasta 5 a\u00f1os de duraci\u00f3n, primer pago a pagar 1-2 meses despu\u00e9s del tratamiento.    <\/p>\n<h2>Maximiza tu cobertura con un dentista Delta<\/h2>\n<p><img loading=\"lazy\" decoding=\"async\" class=\"alignright size-full wp-image-1722\" src=\"https:\/\/www.carsondds.com\/wp-content\/uploads\/Delta.jpg\" alt=\"Carson &amp; Carson, DDS es un Dentista Delta en Oxnard, California.\" width=\"231\" height=\"153\">En Carson &amp; Carson, DDS nos encanta el seguro dental Delta porque cubre a la mayor\u00eda de los pacientes y es una de las compa\u00f1\u00edas de seguros con las que es m\u00e1s f\u00e1cil tratar a la hora de tramitar las reclamaciones. Los seguros dentales como Delta te permiten obtener la atenci\u00f3n dental que necesitas a costes m\u00e1s asequibles. Delta tiene una de las mayores redes de proveedores dentales, con m\u00e1s de 145.000 dentistas Delta y m\u00e1s de 292.000 consultorios. Atiende a m\u00e1s de 62 millones de estadounidenses, lo que supone casi el 20% de toda la poblaci\u00f3n de Estados Unidos. Es uno de los \u00fanicos proveedores de seguros dentales con un \u00edndice de precisi\u00f3n superior al 99% en la tramitaci\u00f3n de reclamaciones. Tener un seguro dental en general tiene numerosas ventajas, pero visitar a un dentista delta puede permitirte maximizar tu inversi\u00f3n en una sonrisa m\u00e1s brillante. Delta Dental ofrece planes de seguro dental PPO, HMO y tradicionales. Los PPO y los planes de seguro dental tradicionales suelen cubrir el 80% del coste de los cuidados dentales preventivos y de diagn\u00f3stico, y cerca del 50% del coste de los servicios dentales est\u00e9ticos, como coronas o implantes.     <\/p>\n<h2>Atenci\u00f3n dental de calidad a bajo coste en Carson &amp; Carson, DDS<\/h2>\n<p>Somos un Dentista Delta en Oxnard, California que proporciona atenci\u00f3n dental de calidad al Condado de Ventura desde 1970. P\u00f3ngase en contacto con nosotros hoy en <a href=\"tel:+18059830717\">(805)-983-0717<\/a> para programar una cita con un dentista Delta con m\u00e1s de 45 a\u00f1os de experiencia en Oxnard, California &#8211; <a href=\"https:\/\/www.carsondds.com\/\">Carson &amp; Carson, DDS<\/a>. Tenemos <a href=\"https:\/\/www.carsondds.com\/dentist\/\">2 oficinas convenientemente ubicadas<\/a> en <a href=\"https:\/\/www.carsondds.com\/dentist\/oxnard\/\">Oxnard<\/a> y <a href=\"https:\/\/www.carsondds.com\/dentist\/camarillo\/\">Camarillo<\/a>, y usted puede encontrar <a href=\"https:\/\/www.carsondds.com\/directions\/\">direcciones a nuestras ubicaciones de la pr\u00e1ctica aqu\u00ed<\/a>. Obt\u00e9n la atenci\u00f3n dental de calidad que te mereces a una fracci\u00f3n del coste con un plan de seguro Delta Dental que aceptamos en Carson &amp; Carson, DDS.   <\/p>\n<a class=\"scss3b-button scss3b-button-adobe\" href=\"https:\/\/www.carsondds.com\/contact-us\/\">Pide cita hoy<\/a>\n<p>&nbsp;<\/p>\n<p>&nbsp;<\/p>\n<p>&nbsp;<\/p>\n<p>&nbsp;<\/p>\n<p>&nbsp;<\/p>\n<p>&nbsp;<\/p>\n","protected":false},"excerpt":{"rendered":"<p>Seguro Dental Delta Aceptado en Carson &amp; Carson, DDS Delta Dental es actualmente el mayor proveedor de seguros dentales en todo Estados Unidos. En Carson &amp; Carson, DDS, nos enorgullece decir que somos dentistas delta y que, gracias a ello, podemos ofrecer atenci\u00f3n dental de calidad a un mayor n\u00famero de personas. Aceptamos muchas formas [&hellip;]<\/p>\n","protected":false},"author":2,"featured_media":0,"parent":219443,"menu_order":0,"comment_status":"closed","ping_status":"closed","template":"","meta":{"_et_pb_use_builder":"","_et_pb_old_content":"","_et_gb_content_width":"","footnotes":""},"class_list":["post-219440","page","type-page","status-publish","hentry"],"yoast_head":"<!-- This site is optimized with the Yoast SEO plugin v27.5 - https:\/\/yoast.com\/product\/yoast-seo-wordpress\/ -->\n<title>Dentista Delta asequible en Oxnard, California - Carson &amp; Carson, DDS<\/title>\n<meta name=\"description\" content=\"\u00a1Somos dentistas del delta desde hace m\u00e1s de 40 a\u00f1os! Obt\u00e9n atenci\u00f3n dental de calidad a bajo coste en Carson &amp; Carson, DDS en Oxnard, California. Aceptamos muchos proveedores de seguros dentales. Coronas asequibles, implantes, puentes Invisalign, tomograf\u00edas computarizadas dentales, Odontolog\u00eda Familiar Adulta y Pedi\u00e1trica en Oxnard dentista Carson &amp; Carson, DDS.\" \/>\n<meta name=\"robots\" content=\"index, follow, max-snippet:-1, max-image-preview:large, max-video-preview:-1\" \/>\n<link rel=\"canonical\" href=\"https:\/\/www.carsondds.com\/es\/seguro-dental\/dentista-delta\/\" \/>\n<meta property=\"og:locale\" content=\"es_ES\" \/>\n<meta property=\"og:type\" content=\"article\" \/>\n<meta property=\"og:title\" content=\"Dentista Delta asequible en Oxnard, California - Carson &amp; Carson, DDS\" \/>\n<meta property=\"og:description\" content=\"\u00a1Somos dentistas del delta desde hace m\u00e1s de 40 a\u00f1os! Obt\u00e9n atenci\u00f3n dental de calidad a bajo coste en Carson &amp; Carson, DDS en Oxnard, California. Aceptamos muchos proveedores de seguros dentales. Coronas asequibles, implantes, puentes Invisalign, tomograf\u00edas computarizadas dentales, Odontolog\u00eda Familiar Adulta y Pedi\u00e1trica en Oxnard dentista Carson &amp; Carson, DDS.\" \/>\n<meta property=\"og:url\" content=\"https:\/\/www.carsondds.com\/es\/seguro-dental\/dentista-delta\/\" \/>\n<meta property=\"og:site_name\" content=\"Carson &amp; Carson, DDS\" \/>\n<meta property=\"article:publisher\" content=\"https:\/\/www.facebook.com\/ddscarson\/\" \/>\n<meta property=\"article:modified_time\" content=\"2024-12-27T22:29:32+00:00\" \/>\n<meta property=\"og:image\" content=\"https:\/\/www.carsondds.com\/wp-content\/uploads\/Insurance-Logos-1.jpg\" \/>\n\t<meta property=\"og:image:width\" content=\"1307\" \/>\n\t<meta property=\"og:image:height\" content=\"390\" \/>\n\t<meta property=\"og:image:type\" content=\"image\/jpeg\" \/>\n<meta name=\"twitter:card\" content=\"summary_large_image\" \/>\n<meta name=\"twitter:site\" content=\"@carsondds\" \/>\n<meta name=\"twitter:label1\" content=\"Tiempo de lectura\" \/>\n\t<meta name=\"twitter:data1\" content=\"3 minutos\" \/>\n<script type=\"application\/ld+json\" class=\"yoast-schema-graph\">{\"@context\":\"https:\\\/\\\/schema.org\",\"@graph\":[{\"@type\":\"WebPage\",\"@id\":\"https:\\\/\\\/www.carsondds.com\\\/es\\\/seguro-dental\\\/dentista-delta\\\/\",\"url\":\"https:\\\/\\\/www.carsondds.com\\\/es\\\/seguro-dental\\\/dentista-delta\\\/\",\"name\":\"Dentista Delta asequible en Oxnard, California - Carson & Carson, DDS\",\"isPartOf\":{\"@id\":\"https:\\\/\\\/www.carsondds.com\\\/es\\\/#website\"},\"primaryImageOfPage\":{\"@id\":\"https:\\\/\\\/www.carsondds.com\\\/es\\\/seguro-dental\\\/dentista-delta\\\/#primaryimage\"},\"image\":{\"@id\":\"https:\\\/\\\/www.carsondds.com\\\/es\\\/seguro-dental\\\/dentista-delta\\\/#primaryimage\"},\"thumbnailUrl\":\"https:\\\/\\\/www.carsondds.com\\\/wp-content\\\/uploads\\\/Insurance-Logos-1-1024x306.jpg\",\"datePublished\":\"2018-01-25T08:37:41+00:00\",\"dateModified\":\"2024-12-27T22:29:32+00:00\",\"description\":\"\u00a1Somos dentistas del delta desde hace m\u00e1s de 40 a\u00f1os! Obt\u00e9n atenci\u00f3n dental de calidad a bajo coste en Carson & Carson, DDS en Oxnard, California. Aceptamos muchos proveedores de seguros dentales. Coronas asequibles, implantes, puentes Invisalign, tomograf\u00edas computarizadas dentales, Odontolog\u00eda Familiar Adulta y Pedi\u00e1trica en Oxnard dentista Carson & Carson, DDS.\",\"breadcrumb\":{\"@id\":\"https:\\\/\\\/www.carsondds.com\\\/es\\\/seguro-dental\\\/dentista-delta\\\/#breadcrumb\"},\"inLanguage\":\"es\",\"potentialAction\":[{\"@type\":\"ReadAction\",\"target\":[\"https:\\\/\\\/www.carsondds.com\\\/es\\\/seguro-dental\\\/dentista-delta\\\/\"]}]},{\"@type\":\"ImageObject\",\"inLanguage\":\"es\",\"@id\":\"https:\\\/\\\/www.carsondds.com\\\/es\\\/seguro-dental\\\/dentista-delta\\\/#primaryimage\",\"url\":\"https:\\\/\\\/www.carsondds.com\\\/wp-content\\\/uploads\\\/Insurance-Logos-1-1024x306.jpg\",\"contentUrl\":\"https:\\\/\\\/www.carsondds.com\\\/wp-content\\\/uploads\\\/Insurance-Logos-1-1024x306.jpg\"},{\"@type\":\"BreadcrumbList\",\"@id\":\"https:\\\/\\\/www.carsondds.com\\\/es\\\/seguro-dental\\\/dentista-delta\\\/#breadcrumb\",\"itemListElement\":[{\"@type\":\"ListItem\",\"position\":1,\"name\":\"Home\",\"item\":\"https:\\\/\\\/www.carsondds.com\\\/es\\\/carson-carson-dds\\\/\"},{\"@type\":\"ListItem\",\"position\":2,\"name\":\"Seguro dental\",\"item\":\"https:\\\/\\\/www.carsondds.com\\\/es\\\/seguro-dental\\\/\"},{\"@type\":\"ListItem\",\"position\":3,\"name\":\"Dentista Delta\"}]},{\"@type\":\"WebSite\",\"@id\":\"https:\\\/\\\/www.carsondds.com\\\/es\\\/#website\",\"url\":\"https:\\\/\\\/www.carsondds.com\\\/es\\\/\",\"name\":\"Carson &amp; Carson, DDS\",\"description\":\"\",\"publisher\":{\"@id\":\"https:\\\/\\\/www.carsondds.com\\\/es\\\/#organization\"},\"potentialAction\":[{\"@type\":\"SearchAction\",\"target\":{\"@type\":\"EntryPoint\",\"urlTemplate\":\"https:\\\/\\\/www.carsondds.com\\\/es\\\/?s={search_term_string}\"},\"query-input\":{\"@type\":\"PropertyValueSpecification\",\"valueRequired\":true,\"valueName\":\"search_term_string\"}}],\"inLanguage\":\"es\"},{\"@type\":\"Organization\",\"@id\":\"https:\\\/\\\/www.carsondds.com\\\/es\\\/#organization\",\"name\":\"Carson & Carson DDS, Inc.\",\"url\":\"https:\\\/\\\/www.carsondds.com\\\/es\\\/\",\"logo\":{\"@type\":\"ImageObject\",\"inLanguage\":\"es\",\"@id\":\"https:\\\/\\\/www.carsondds.com\\\/es\\\/#\\\/schema\\\/logo\\\/image\\\/\",\"url\":\"https:\\\/\\\/www.carsondds.com\\\/wp-content\\\/uploads\\\/logo-icon.gif\",\"contentUrl\":\"https:\\\/\\\/www.carsondds.com\\\/wp-content\\\/uploads\\\/logo-icon.gif\",\"width\":51,\"height\":51,\"caption\":\"Carson & Carson DDS, Inc.\"},\"image\":{\"@id\":\"https:\\\/\\\/www.carsondds.com\\\/es\\\/#\\\/schema\\\/logo\\\/image\\\/\"},\"sameAs\":[\"https:\\\/\\\/www.facebook.com\\\/ddscarson\\\/\",\"https:\\\/\\\/x.com\\\/carsondds\",\"https:\\\/\\\/www.instagram.com\\\/carson_dentistry126\\\/\",\"https:\\\/\\\/www.youtube.com\\\/user\\\/DrCarson805\\\/\"]}]}<\/script>\n<!-- \/ Yoast SEO plugin. -->","yoast_head_json":{"title":"Dentista Delta asequible en Oxnard, California - Carson & Carson, DDS","description":"\u00a1Somos dentistas del delta desde hace m\u00e1s de 40 a\u00f1os! Obt\u00e9n atenci\u00f3n dental de calidad a bajo coste en Carson & Carson, DDS en Oxnard, California. Aceptamos muchos proveedores de seguros dentales. Coronas asequibles, implantes, puentes Invisalign, tomograf\u00edas computarizadas dentales, Odontolog\u00eda Familiar Adulta y Pedi\u00e1trica en Oxnard dentista Carson & Carson, DDS.","robots":{"index":"index","follow":"follow","max-snippet":"max-snippet:-1","max-image-preview":"max-image-preview:large","max-video-preview":"max-video-preview:-1"},"canonical":"https:\/\/www.carsondds.com\/es\/seguro-dental\/dentista-delta\/","og_locale":"es_ES","og_type":"article","og_title":"Dentista Delta asequible en Oxnard, California - Carson & Carson, DDS","og_description":"\u00a1Somos dentistas del delta desde hace m\u00e1s de 40 a\u00f1os! Obt\u00e9n atenci\u00f3n dental de calidad a bajo coste en Carson & Carson, DDS en Oxnard, California. Aceptamos muchos proveedores de seguros dentales. Coronas asequibles, implantes, puentes Invisalign, tomograf\u00edas computarizadas dentales, Odontolog\u00eda Familiar Adulta y Pedi\u00e1trica en Oxnard dentista Carson & Carson, DDS.","og_url":"https:\/\/www.carsondds.com\/es\/seguro-dental\/dentista-delta\/","og_site_name":"Carson &amp; Carson, DDS","article_publisher":"https:\/\/www.facebook.com\/ddscarson\/","article_modified_time":"2024-12-27T22:29:32+00:00","og_image":[{"width":1307,"height":390,"url":"https:\/\/www.carsondds.com\/wp-content\/uploads\/Insurance-Logos-1.jpg","type":"image\/jpeg"}],"twitter_card":"summary_large_image","twitter_site":"@carsondds","twitter_misc":{"Tiempo de lectura":"3 minutos"},"schema":{"@context":"https:\/\/schema.org","@graph":[{"@type":"WebPage","@id":"https:\/\/www.carsondds.com\/es\/seguro-dental\/dentista-delta\/","url":"https:\/\/www.carsondds.com\/es\/seguro-dental\/dentista-delta\/","name":"Dentista Delta asequible en Oxnard, California - Carson & Carson, DDS","isPartOf":{"@id":"https:\/\/www.carsondds.com\/es\/#website"},"primaryImageOfPage":{"@id":"https:\/\/www.carsondds.com\/es\/seguro-dental\/dentista-delta\/#primaryimage"},"image":{"@id":"https:\/\/www.carsondds.com\/es\/seguro-dental\/dentista-delta\/#primaryimage"},"thumbnailUrl":"https:\/\/www.carsondds.com\/wp-content\/uploads\/Insurance-Logos-1-1024x306.jpg","datePublished":"2018-01-25T08:37:41+00:00","dateModified":"2024-12-27T22:29:32+00:00","description":"\u00a1Somos dentistas del delta desde hace m\u00e1s de 40 a\u00f1os! Obt\u00e9n atenci\u00f3n dental de calidad a bajo coste en Carson & Carson, DDS en Oxnard, California. Aceptamos muchos proveedores de seguros dentales. Coronas asequibles, implantes, puentes Invisalign, tomograf\u00edas computarizadas dentales, Odontolog\u00eda Familiar Adulta y Pedi\u00e1trica en Oxnard dentista Carson & Carson, DDS.","breadcrumb":{"@id":"https:\/\/www.carsondds.com\/es\/seguro-dental\/dentista-delta\/#breadcrumb"},"inLanguage":"es","potentialAction":[{"@type":"ReadAction","target":["https:\/\/www.carsondds.com\/es\/seguro-dental\/dentista-delta\/"]}]},{"@type":"ImageObject","inLanguage":"es","@id":"https:\/\/www.carsondds.com\/es\/seguro-dental\/dentista-delta\/#primaryimage","url":"https:\/\/www.carsondds.com\/wp-content\/uploads\/Insurance-Logos-1-1024x306.jpg","contentUrl":"https:\/\/www.carsondds.com\/wp-content\/uploads\/Insurance-Logos-1-1024x306.jpg"},{"@type":"BreadcrumbList","@id":"https:\/\/www.carsondds.com\/es\/seguro-dental\/dentista-delta\/#breadcrumb","itemListElement":[{"@type":"ListItem","position":1,"name":"Home","item":"https:\/\/www.carsondds.com\/es\/carson-carson-dds\/"},{"@type":"ListItem","position":2,"name":"Seguro dental","item":"https:\/\/www.carsondds.com\/es\/seguro-dental\/"},{"@type":"ListItem","position":3,"name":"Dentista Delta"}]},{"@type":"WebSite","@id":"https:\/\/www.carsondds.com\/es\/#website","url":"https:\/\/www.carsondds.com\/es\/","name":"Carson &amp; Carson, DDS","description":"","publisher":{"@id":"https:\/\/www.carsondds.com\/es\/#organization"},"potentialAction":[{"@type":"SearchAction","target":{"@type":"EntryPoint","urlTemplate":"https:\/\/www.carsondds.com\/es\/?s={search_term_string}"},"query-input":{"@type":"PropertyValueSpecification","valueRequired":true,"valueName":"search_term_string"}}],"inLanguage":"es"},{"@type":"Organization","@id":"https:\/\/www.carsondds.com\/es\/#organization","name":"Carson & Carson DDS, Inc.","url":"https:\/\/www.carsondds.com\/es\/","logo":{"@type":"ImageObject","inLanguage":"es","@id":"https:\/\/www.carsondds.com\/es\/#\/schema\/logo\/image\/","url":"https:\/\/www.carsondds.com\/wp-content\/uploads\/logo-icon.gif","contentUrl":"https:\/\/www.carsondds.com\/wp-content\/uploads\/logo-icon.gif","width":51,"height":51,"caption":"Carson & Carson DDS, Inc."},"image":{"@id":"https:\/\/www.carsondds.com\/es\/#\/schema\/logo\/image\/"},"sameAs":["https:\/\/www.facebook.com\/ddscarson\/","https:\/\/x.com\/carsondds","https:\/\/www.instagram.com\/carson_dentistry126\/","https:\/\/www.youtube.com\/user\/DrCarson805\/"]}]}},"_links":{"self":[{"href":"https:\/\/www.carsondds.com\/es\/wp-json\/wp\/v2\/pages\/219440","targetHints":{"allow":["GET"]}}],"collection":[{"href":"https:\/\/www.carsondds.com\/es\/wp-json\/wp\/v2\/pages"}],"about":[{"href":"https:\/\/www.carsondds.com\/es\/wp-json\/wp\/v2\/types\/page"}],"author":[{"embeddable":true,"href":"https:\/\/www.carsondds.com\/es\/wp-json\/wp\/v2\/users\/2"}],"replies":[{"embeddable":true,"href":"https:\/\/www.carsondds.com\/es\/wp-json\/wp\/v2\/comments?post=219440"}],"version-history":[{"count":1,"href":"https:\/\/www.carsondds.com\/es\/wp-json\/wp\/v2\/pages\/219440\/revisions"}],"predecessor-version":[{"id":219444,"href":"https:\/\/www.carsondds.com\/es\/wp-json\/wp\/v2\/pages\/219440\/revisions\/219444"}],"up":[{"embeddable":true,"href":"https:\/\/www.carsondds.com\/es\/wp-json\/wp\/v2\/pages\/219443"}],"wp:attachment":[{"href":"https:\/\/www.carsondds.com\/es\/wp-json\/wp\/v2\/media?parent=219440"}],"curies":[{"name":"wp","href":"https:\/\/api.w.org\/{rel}","templated":true}]}}