{"id":219413,"date":"2017-04-18T16:18:57","date_gmt":"2017-04-18T23:18:57","guid":{"rendered":"https:\/\/www.carsondds.com\/formulario-de-contacto\/"},"modified":"2017-04-18T16:18:57","modified_gmt":"2017-04-18T23:18:57","slug":"formulario-de-contacto","status":"publish","type":"page","link":"https:\/\/www.carsondds.com\/es\/formulario-de-contacto\/","title":{"rendered":"Formulario de contacto"},"content":{"rendered":"<p>Solicita una Cita Dental o Llama a nuestro personal dental. Disponibilidad 24\/7 para <a href=\"https:\/\/www.carsondds.com\/dental-services\/emergency-dentist\/\">tratamiento dental de emergencia<\/a> y citas para el mismo d\u00eda disponibles en Carson &amp; Carson, DDS en Oxnard, California. <\/p>\n<div class=\"frm_forms  with_frm_style frm_style_formidable-style\" id=\"frm_form_7_container\" >\n<form enctype=\"multipart\/form-data\" method=\"post\" class=\"frm-show-form  frm_pro_form \" id=\"form_dlp9ll\" >\n<div class=\"frm_form_fields \">\n<fieldset>\n\r\n<div class=\"frm_fields_container\">\n<input type=\"hidden\" name=\"frm_action\" value=\"create\" \/>\n<input type=\"hidden\" name=\"form_id\" value=\"7\" \/>\n<input type=\"hidden\" name=\"frm_hide_fields_7\" id=\"frm_hide_fields_7\" value=\"\" \/>\n<input type=\"hidden\" name=\"form_key\" value=\"dlp9ll\" \/>\n<input type=\"hidden\" name=\"item_meta[0]\" value=\"\" \/>\n<input type=\"hidden\" id=\"frm_submit_entry_7\" name=\"frm_submit_entry_7\" value=\"89c909a50f\" \/><input type=\"hidden\" name=\"_wp_http_referer\" value=\"\/es\/wp-json\/wp\/v2\/pages\/219413\" \/><div id=\"frm_field_92_container\" class=\"frm_form_field form-field  frm_required_field frm_top_container frm_left_half\">\r\n    <label for=\"field_vodp3d\" class=\"frm_primary_label\">Name\r\n        <span class=\"frm_required\">*<\/span>\r\n    <\/label>\r\n    <input  type=\"text\" id=\"field_vodp3d\" name=\"item_meta[92]\" value=\"\"  maxlength=\"35\" data-reqmsg=\"Name cannot be blank.\" aria-required=\"true\" data-invmsg=\"Name is invalid\" aria-invalid=\"false\"   \/>\r\n    \r\n    \r\n<\/div>\n<div id=\"frm_field_94_container\" class=\"frm_form_field form-field  frm_required_field frm_top_container frm_full\">\r\n    <label for=\"field_uhhby2\" class=\"frm_primary_label\">Email\r\n        <span class=\"frm_required\">*<\/span>\r\n    <\/label>\r\n    <input type=\"email\" id=\"field_uhhby2\" name=\"item_meta[94]\" value=\"\"  style=\"width:50px\" maxlength=\"50\" data-reqmsg=\"Email cannot be blank.\" aria-required=\"true\" data-invmsg=\"Please enter a valid email address\" class=\"auto_width\" aria-invalid=\"false\"  \/>\r\n    \r\n    \r\n<\/div>\n<div id=\"frm_field_95_container\" class=\"frm_form_field form-field  frm_required_field frm_top_container\">\r\n    <label for=\"field_phonenumver\" class=\"frm_primary_label\">Phone Number\r\n        <span class=\"frm_required\">*<\/span>\r\n    <\/label>\r\n    <input type=\"tel\" id=\"field_phonenumver\" name=\"item_meta[95]\" value=\"\"  maxlength=\"25\" data-reqmsg=\"Phone Number cannot be blank.\" aria-required=\"true\" data-invmsg=\"Phone Number is invalid\" aria-invalid=\"false\" pattern=\"((\\+\\d{1,3}(-|.| )?\\(?\\d\\)?(-| |.)?\\d{1,5})|(\\(?\\d{2,6}\\)?))(-|.| )?(\\d{3,4})(-|.| )?(\\d{4})(( x| ext)\\d{1,5}){0,1}$\"  \/>\r\n    \r\n    \r\n<\/div>\n<div id=\"frm_field_96_container\" class=\"frm_form_field form-field  frm_required_field frm_top_container frm_full\">\r\n    <label for=\"field_auw265\" class=\"frm_primary_label\">Questions \/ Comments \/ Setup an Appointment\r\n        <span class=\"frm_required\">*<\/span>\r\n    <\/label>\r\n    <textarea name=\"item_meta[96]\" id=\"field_auw265\" rows=\"5\"  data-reqmsg=\"Questions \/ Comments \/ Setup an Appointment cannot be blank.\" aria-required=\"true\" data-invmsg=\"Questions \/ Comments \/ Setup an Appointment no es v\u00e1lido\" aria-invalid=\"false\"  ><\/textarea>\r\n    \r\n    \r\n<\/div>\n<div id=\"frm_field_97_container\" class=\"frm_form_field form-field  frm_none_container\">\r\n    <label for=\"g-recaptcha-response\" class=\"frm_primary_label\">Captcha\r\n        <span class=\"frm_required\"><\/span>\r\n    <\/label>\r\n    <div  id=\"field_s4ztkg\" class=\"g-recaptcha\" data-sitekey=\"6LcffD8cAAAAAHtZTSGpcFsqQkzQs7--Tcd5NCFM\" data-size=\"invisible\" data-theme=\"light\" data-callback=\"frmAfterRecaptcha\"><\/div>\r\n    \r\n    \r\n<\/div>\n\t<input type=\"hidden\" name=\"item_key\" value=\"\" \/>\n\t\t\t<div id=\"frm_field_116_container\">\n\t\t\t<label for=\"field_v9y80\" >\n\t\t\t\tSi eres humano, deja este campo en blanco.\t\t\t<\/label>\n\t\t\t<input  id=\"field_v9y80\" type=\"text\" class=\"frm_form_field form-field frm_verify\" name=\"item_meta[116]\" value=\"\"  \/>\n\t\t<\/div>\n\t\t<input name=\"frm_state\" type=\"hidden\" value=\"NSssU\/bObRB9\/ANLdk6s282epRh\/gJbY94vDQMVKvEfMna3Z7wmR54NC\/3sN4Xdh\" \/><div class=\"frm_submit\">\r\n\r\n<input type=\"submit\" value=\"Submit Form\"  class=\"frm_final_submit\" formnovalidate=\"formnovalidate\" \/>\r\n<img decoding=\"async\" class=\"frm_ajax_loading\" src=\"https:\/\/www.carsondds.com\/wp-content\/plugins\/formidable\/images\/ajax_loader.gif\" alt=\"Sending\"\/>\r\n\r\n<\/div><\/div>\n<\/fieldset>\n<\/div>\n\n<\/form>\n<\/div>\n\n","protected":false},"excerpt":{"rendered":"<p>Solicita una Cita Dental o Llama a nuestro personal dental. Disponibilidad 24\/7 para tratamiento dental de emergencia y citas para el mismo d\u00eda disponibles en Carson &amp; Carson, DDS en Oxnard, California.<\/p>\n","protected":false},"author":2,"featured_media":0,"parent":0,"menu_order":0,"comment_status":"closed","ping_status":"closed","template":"","meta":{"_et_pb_use_builder":"","_et_pb_old_content":"","_et_gb_content_width":"","footnotes":""},"class_list":["post-219413","page","type-page","status-publish","hentry"],"yoast_head":"<!-- This site is optimized with the Yoast SEO plugin v27.5 - https:\/\/yoast.com\/product\/yoast-seo-wordpress\/ -->\n<title>Solicitar una cita dental o volver a llamar - Carson &amp; Carson, DDS<\/title>\n<meta name=\"description\" content=\"Haga una cita con Carson y Carson, DDS hoy (805) 983-0717. Disponibilidad 24\/7 para tratamientos dentales de urgencia y citas para el mismo d\u00eda disponibles. Obt\u00e9n atenci\u00f3n asequible de un dentista de Oxnard con m\u00e1s de 45 a\u00f1os de experiencia en Carson &amp; Carson, DDS.\" \/>\n<meta name=\"robots\" content=\"index, follow, max-snippet:-1, max-image-preview:large, max-video-preview:-1\" \/>\n<link rel=\"canonical\" href=\"https:\/\/www.carsondds.com\/es\/formulario-de-contacto\/\" \/>\n<meta property=\"og:locale\" content=\"es_ES\" \/>\n<meta property=\"og:type\" content=\"article\" \/>\n<meta property=\"og:title\" content=\"Solicitar una cita dental o volver a llamar - Carson &amp; Carson, DDS\" \/>\n<meta property=\"og:description\" content=\"Haga una cita con Carson y Carson, DDS hoy (805) 983-0717. Disponibilidad 24\/7 para tratamientos dentales de urgencia y citas para el mismo d\u00eda disponibles. Obt\u00e9n atenci\u00f3n asequible de un dentista de Oxnard con m\u00e1s de 45 a\u00f1os de experiencia en Carson &amp; Carson, DDS.\" \/>\n<meta property=\"og:url\" content=\"https:\/\/www.carsondds.com\/es\/formulario-de-contacto\/\" \/>\n<meta property=\"og:site_name\" content=\"Carson &amp; Carson, DDS\" \/>\n<meta property=\"article:publisher\" content=\"https:\/\/www.facebook.com\/ddscarson\/\" \/>\n<meta property=\"og:image\" content=\"https:\/\/www.carsondds.com\/wp-content\/uploads\/2.png\" \/>\n\t<meta property=\"og:image:width\" content=\"1700\" \/>\n\t<meta property=\"og:image:height\" content=\"785\" \/>\n\t<meta property=\"og:image:type\" content=\"image\/png\" \/>\n<meta name=\"twitter:card\" content=\"summary_large_image\" \/>\n<meta name=\"twitter:site\" content=\"@carsondds\" \/>\n<script type=\"application\/ld+json\" class=\"yoast-schema-graph\">{\"@context\":\"https:\\\/\\\/schema.org\",\"@graph\":[{\"@type\":\"WebPage\",\"@id\":\"https:\\\/\\\/www.carsondds.com\\\/es\\\/formulario-de-contacto\\\/\",\"url\":\"https:\\\/\\\/www.carsondds.com\\\/es\\\/formulario-de-contacto\\\/\",\"name\":\"Solicitar una cita dental o volver a llamar - Carson & Carson, DDS\",\"isPartOf\":{\"@id\":\"https:\\\/\\\/www.carsondds.com\\\/es\\\/#website\"},\"datePublished\":\"2017-04-18T23:18:57+00:00\",\"description\":\"Haga una cita con Carson y Carson, DDS hoy (805) 983-0717. Disponibilidad 24\\\/7 para tratamientos dentales de urgencia y citas para el mismo d\u00eda disponibles. Obt\u00e9n atenci\u00f3n asequible de un dentista de Oxnard con m\u00e1s de 45 a\u00f1os de experiencia en Carson & Carson, DDS.\",\"breadcrumb\":{\"@id\":\"https:\\\/\\\/www.carsondds.com\\\/es\\\/formulario-de-contacto\\\/#breadcrumb\"},\"inLanguage\":\"es\",\"potentialAction\":[{\"@type\":\"ReadAction\",\"target\":[\"https:\\\/\\\/www.carsondds.com\\\/es\\\/formulario-de-contacto\\\/\"]}]},{\"@type\":\"BreadcrumbList\",\"@id\":\"https:\\\/\\\/www.carsondds.com\\\/es\\\/formulario-de-contacto\\\/#breadcrumb\",\"itemListElement\":[{\"@type\":\"ListItem\",\"position\":1,\"name\":\"Home\",\"item\":\"https:\\\/\\\/www.carsondds.com\\\/es\\\/carson-carson-dds\\\/\"},{\"@type\":\"ListItem\",\"position\":2,\"name\":\"Formulario de contacto\"}]},{\"@type\":\"WebSite\",\"@id\":\"https:\\\/\\\/www.carsondds.com\\\/es\\\/#website\",\"url\":\"https:\\\/\\\/www.carsondds.com\\\/es\\\/\",\"name\":\"Carson &amp; Carson, DDS\",\"description\":\"\",\"publisher\":{\"@id\":\"https:\\\/\\\/www.carsondds.com\\\/es\\\/#organization\"},\"potentialAction\":[{\"@type\":\"SearchAction\",\"target\":{\"@type\":\"EntryPoint\",\"urlTemplate\":\"https:\\\/\\\/www.carsondds.com\\\/es\\\/?s={search_term_string}\"},\"query-input\":{\"@type\":\"PropertyValueSpecification\",\"valueRequired\":true,\"valueName\":\"search_term_string\"}}],\"inLanguage\":\"es\"},{\"@type\":\"Organization\",\"@id\":\"https:\\\/\\\/www.carsondds.com\\\/es\\\/#organization\",\"name\":\"Carson & Carson DDS, Inc.\",\"url\":\"https:\\\/\\\/www.carsondds.com\\\/es\\\/\",\"logo\":{\"@type\":\"ImageObject\",\"inLanguage\":\"es\",\"@id\":\"https:\\\/\\\/www.carsondds.com\\\/es\\\/#\\\/schema\\\/logo\\\/image\\\/\",\"url\":\"https:\\\/\\\/www.carsondds.com\\\/wp-content\\\/uploads\\\/logo-icon.gif\",\"contentUrl\":\"https:\\\/\\\/www.carsondds.com\\\/wp-content\\\/uploads\\\/logo-icon.gif\",\"width\":51,\"height\":51,\"caption\":\"Carson & Carson DDS, Inc.\"},\"image\":{\"@id\":\"https:\\\/\\\/www.carsondds.com\\\/es\\\/#\\\/schema\\\/logo\\\/image\\\/\"},\"sameAs\":[\"https:\\\/\\\/www.facebook.com\\\/ddscarson\\\/\",\"https:\\\/\\\/x.com\\\/carsondds\",\"https:\\\/\\\/www.instagram.com\\\/carson_dentistry126\\\/\",\"https:\\\/\\\/www.youtube.com\\\/user\\\/DrCarson805\\\/\"]}]}<\/script>\n<!-- \/ Yoast SEO plugin. -->","yoast_head_json":{"title":"Solicitar una cita dental o volver a llamar - Carson & Carson, DDS","description":"Haga una cita con Carson y Carson, DDS hoy (805) 983-0717. Disponibilidad 24\/7 para tratamientos dentales de urgencia y citas para el mismo d\u00eda disponibles. Obt\u00e9n atenci\u00f3n asequible de un dentista de Oxnard con m\u00e1s de 45 a\u00f1os de experiencia en Carson & Carson, DDS.","robots":{"index":"index","follow":"follow","max-snippet":"max-snippet:-1","max-image-preview":"max-image-preview:large","max-video-preview":"max-video-preview:-1"},"canonical":"https:\/\/www.carsondds.com\/es\/formulario-de-contacto\/","og_locale":"es_ES","og_type":"article","og_title":"Solicitar una cita dental o volver a llamar - Carson & Carson, DDS","og_description":"Haga una cita con Carson y Carson, DDS hoy (805) 983-0717. Disponibilidad 24\/7 para tratamientos dentales de urgencia y citas para el mismo d\u00eda disponibles. Obt\u00e9n atenci\u00f3n asequible de un dentista de Oxnard con m\u00e1s de 45 a\u00f1os de experiencia en Carson & Carson, DDS.","og_url":"https:\/\/www.carsondds.com\/es\/formulario-de-contacto\/","og_site_name":"Carson &amp; Carson, DDS","article_publisher":"https:\/\/www.facebook.com\/ddscarson\/","og_image":[{"width":1700,"height":785,"url":"https:\/\/www.carsondds.com\/wp-content\/uploads\/2.png","type":"image\/png"}],"twitter_card":"summary_large_image","twitter_site":"@carsondds","schema":{"@context":"https:\/\/schema.org","@graph":[{"@type":"WebPage","@id":"https:\/\/www.carsondds.com\/es\/formulario-de-contacto\/","url":"https:\/\/www.carsondds.com\/es\/formulario-de-contacto\/","name":"Solicitar una cita dental o volver a llamar - Carson & Carson, DDS","isPartOf":{"@id":"https:\/\/www.carsondds.com\/es\/#website"},"datePublished":"2017-04-18T23:18:57+00:00","description":"Haga una cita con Carson y Carson, DDS hoy (805) 983-0717. Disponibilidad 24\/7 para tratamientos dentales de urgencia y citas para el mismo d\u00eda disponibles. Obt\u00e9n atenci\u00f3n asequible de un dentista de Oxnard con m\u00e1s de 45 a\u00f1os de experiencia en Carson & Carson, DDS.","breadcrumb":{"@id":"https:\/\/www.carsondds.com\/es\/formulario-de-contacto\/#breadcrumb"},"inLanguage":"es","potentialAction":[{"@type":"ReadAction","target":["https:\/\/www.carsondds.com\/es\/formulario-de-contacto\/"]}]},{"@type":"BreadcrumbList","@id":"https:\/\/www.carsondds.com\/es\/formulario-de-contacto\/#breadcrumb","itemListElement":[{"@type":"ListItem","position":1,"name":"Home","item":"https:\/\/www.carsondds.com\/es\/carson-carson-dds\/"},{"@type":"ListItem","position":2,"name":"Formulario de contacto"}]},{"@type":"WebSite","@id":"https:\/\/www.carsondds.com\/es\/#website","url":"https:\/\/www.carsondds.com\/es\/","name":"Carson &amp; Carson, DDS","description":"","publisher":{"@id":"https:\/\/www.carsondds.com\/es\/#organization"},"potentialAction":[{"@type":"SearchAction","target":{"@type":"EntryPoint","urlTemplate":"https:\/\/www.carsondds.com\/es\/?s={search_term_string}"},"query-input":{"@type":"PropertyValueSpecification","valueRequired":true,"valueName":"search_term_string"}}],"inLanguage":"es"},{"@type":"Organization","@id":"https:\/\/www.carsondds.com\/es\/#organization","name":"Carson & Carson DDS, Inc.","url":"https:\/\/www.carsondds.com\/es\/","logo":{"@type":"ImageObject","inLanguage":"es","@id":"https:\/\/www.carsondds.com\/es\/#\/schema\/logo\/image\/","url":"https:\/\/www.carsondds.com\/wp-content\/uploads\/logo-icon.gif","contentUrl":"https:\/\/www.carsondds.com\/wp-content\/uploads\/logo-icon.gif","width":51,"height":51,"caption":"Carson & Carson DDS, Inc."},"image":{"@id":"https:\/\/www.carsondds.com\/es\/#\/schema\/logo\/image\/"},"sameAs":["https:\/\/www.facebook.com\/ddscarson\/","https:\/\/x.com\/carsondds","https:\/\/www.instagram.com\/carson_dentistry126\/","https:\/\/www.youtube.com\/user\/DrCarson805\/"]}]}},"_links":{"self":[{"href":"https:\/\/www.carsondds.com\/es\/wp-json\/wp\/v2\/pages\/219413","targetHints":{"allow":["GET"]}}],"collection":[{"href":"https:\/\/www.carsondds.com\/es\/wp-json\/wp\/v2\/pages"}],"about":[{"href":"https:\/\/www.carsondds.com\/es\/wp-json\/wp\/v2\/types\/page"}],"author":[{"embeddable":true,"href":"https:\/\/www.carsondds.com\/es\/wp-json\/wp\/v2\/users\/2"}],"replies":[{"embeddable":true,"href":"https:\/\/www.carsondds.com\/es\/wp-json\/wp\/v2\/comments?post=219413"}],"version-history":[{"count":0,"href":"https:\/\/www.carsondds.com\/es\/wp-json\/wp\/v2\/pages\/219413\/revisions"}],"wp:attachment":[{"href":"https:\/\/www.carsondds.com\/es\/wp-json\/wp\/v2\/media?parent=219413"}],"curies":[{"name":"wp","href":"https:\/\/api.w.org\/{rel}","templated":true}]}}