{"id":219405,"date":"2016-01-09T21:35:36","date_gmt":"2016-01-10T05:35:36","guid":{"rendered":"https:\/\/www.carsondds.com\/como-llegar-a-la-clinica-dental\/"},"modified":"2016-01-09T21:35:36","modified_gmt":"2016-01-10T05:35:36","slug":"como-llegar-a-la-clinica-dental","status":"publish","type":"page","link":"https:\/\/www.carsondds.com\/es\/como-llegar-a-la-clinica-dental\/","title":{"rendered":"C\u00f3mo llegar a la cl\u00ednica dental"},"content":{"rendered":"<p>Nuestros consultorios dentales est\u00e1n convenientemente situados en Oxnard y Camarillo y ofrecen multitud de servicios dentales a los residentes del condado de Ventura. Puedes ponerte en contacto con nosotros o concertar una cita llamando al <a href=\"tel:+18059830717\">(805)-983-0717<\/a>. <\/p>\n<h2>Localidad #1 &#8211; Oxnard &#8211; Carson &amp; Carson, DDS<\/h2>\n<p><iframe loading=\"lazy\" style=\"border: 0;\" title=\"C\u00f3mo llegar a la sede de Oxnard de Carson &amp; Carson DDS\" src=\"https:\/\/www.google.com\/maps\/embed?pb=!1m18!1m12!1m3!1d3299.6183102569175!2d-119.18001298255612!3d34.2072275!2m3!1f0!2f0!3f0!3m2!1i1024!2i768!4f13.1!3m3!1m2!1s0x80e84c2e3ae43155%3A0xdd2f3c62832756b6!2sCarson+%26+Carson+DDS!5e0!3m2!1sen!2sus!4v1459827325065\" width=\"600\" height=\"450\" frameborder=\"0\" allowfullscreen=\"allowfullscreen\"><\/iframe><\/p>\n<p><strong>Carson &amp; Carson DDS<\/strong><br \/>\n126 W. Deodar Ave.<br \/>\nOxnard, CA 93030<br \/>\n(Entre Oxnard Blvd. y la calle A) <a href=\"tel:1-805-983-0717\">1-805-983-0717<\/a> &#8211; <i>Servicio de Atenci\u00f3n de Urgencias 24\/7<\/i><\/p>\n<a class=\"scss3b-button scss3b-button-adobe\" href=\"https:\/\/www.carsondds.com\/contact-us\/\">Contacta con nosotros<\/a>\n<h2>C\u00f3mo llegar a Carson &amp; Carson, DDS &#8211; Oficina de Oxnard<\/h2>\n<p><img loading=\"lazy\" decoding=\"async\" class=\"alignnone wp-image-586 size-full\" src=\"https:\/\/www.carsondds.com\/wp-content\/uploads\/office.jpg\" alt=\"Caracter\u00edsticos toldos azules de la oficina de Carson &amp; Carson DDS en Oxnard\" width=\"600\" height=\"277\" srcset=\"https:\/\/www.carsondds.com\/wp-content\/uploads\/office.jpg 600w, https:\/\/www.carsondds.com\/wp-content\/uploads\/office-300x139.jpg 300w\" sizes=\"(max-width: 600px) 100vw, 600px\" \/><\/p>\n<h3>En direcci\u00f3n norte por la US-101<\/h3>\n<p>Dir\u00edgete al norte por la US-101. Toma la salida 62A\/E. Vineyard Avenue. Gira a la izquierda en E. Vineyard Avenue. Gira a la izquierda en N. Oxnard Boulevard (Pacific Coast Highway). Gira a la derecha en Palm Drive. Gira a la derecha en N. A Street. Gira a la derecha en Deodar Avenue. El edificio de oficinas est\u00e1 a la derecha con toldos azules. Gira a la derecha para entrar en el aparcamiento desde Deodar Avenue. La entrada a nuestro aparcamiento se encuentra en Deodar Avenue y est\u00e1 entre nuestro edificio de oficinas y el Victoria Spa (edificio amarillo junto al nuestro).          <\/p>\n<h3>En direcci\u00f3n sur por la US-101<\/h3>\n<p>Dir\u00edgete al sur por la US-101. Toma la salida 62B\/N. Oxnard Boulevard (Autopista de la Costa del Pac\u00edfico). Gira a la derecha en Palm Drive. Gira a la derecha en N. A Street. Gira a la derecha en Deodar Avenue. El edificio de oficinas est\u00e1 a la derecha con toldos azules. Gira a la derecha para entrar en el aparcamiento desde Deodar Avenue. La entrada al aparcamiento se encuentra justo antes de nuestro edificio y justo despu\u00e9s del Victoria Spa (edificio amarillo junto al nuestro).        <\/p>\n<h3>En direcci\u00f3n norte por el Bulevar Oxnard (Autopista de la Costa del Pac\u00edfico)<\/h3>\n<p>Dir\u00edgete al norte por Oxnard Boulevard. Gira a la izquierda en W.<sup>1st<\/sup> Street. Gira a la derecha en la calle N. A. Gira a la derecha en Deodar Avenue. Nuestro edificio de oficinas est\u00e1 a la derecha con los toldos azules. La entrada al aparcamiento est\u00e1 justo al sur de nuestro edificio y se encuentra justo despu\u00e9s del Balneario Victoria (edificio amarillo junto al nuestro).     <\/p>\n<h3>45 a\u00f1os de excelente servicio dental en el condado de Ventura &#8211; Carson &amp; Carson DDS<\/h3>\n<p>Nuestra espaciosa consulta dental consta de una sala de juegos donde los ni\u00f1os pueden divertirse, nueve quir\u00f3fanos de alta tecnolog\u00eda y una c\u00f3moda zona de recepci\u00f3n digna de la realeza. Concilia el sue\u00f1o en tu cita con nuestras opciones <a href=\"https:\/\/www.carsondds.com\/dental-services\/ivsedation\/\">de Odontolog\u00eda bajo Sedaci\u00f3n<\/a>, ya que tanto el Dr. Leroy Carson como el Dr. Derek Carson est\u00e1n autorizados y certificados por la Junta de Examinadores Dentales del Estado de California. Visita Carson &amp; Carson DDS para la consulta dental con la tecnolog\u00eda de rayos X digital m\u00e1s avanzada. Durante m\u00e1s de 10 a\u00f1os, nuestras radiograf\u00edas se han capturado con incre\u00edble precisi\u00f3n, ya que mapeamos las superficies de tus dientes y enc\u00edas con im\u00e1genes digitales en lugar de moldes. Nuestro consultorio de Oxnard es uno de los m\u00e1s bonitos del condado de Ventura. Tanto si vienes de Oxnard, Thousand Oaks, Ojai, Santa Paula, Lake Casitas o del propio Ventura, Carson y Carson DDS es el consultorio dental local para ti. Hemos estado ayudando a las personas del condado de Ventura durante m\u00e1s de 4 d\u00e9cadas y tenemos la experiencia para ayudarte a crear la sonrisa de gran aspecto que te mereces por una fracci\u00f3n del coste. <\/p>\n<h2>Localizaci\u00f3n n\u00ba 2 &#8211; Camarillo &#8211; Carson &amp; Carson, DDS &#8211; Oficina de Camarillo (Spanish Hills Dentistry)<\/h2>\n<p><iframe loading=\"lazy\" style=\"border: 0;\" title=\"C\u00f3mo llegar al consultorio dental de Camarillo\" src=\"https:\/\/www.google.com\/maps\/embed?pb=!1m18!1m12!1m3!1d3299.066944554842!2d-119.07100038384225!3d34.221309016247055!2m3!1f0!2f0!3f0!3m2!1i1024!2i768!4f13.1!3m3!1m2!1s0x80e849f4a354503f%3A0x8e0396addd2cdddf!2sSpanish+Hills+Dentistry!5e0!3m2!1sen!2sus!4v1459827224067\" width=\"600\" height=\"450\" frameborder=\"0\" allowfullscreen=\"allowfullscreen\"><\/iframe><\/p>\n<p><strong>Spanish Hills Dentistry<\/strong><br \/>\n70 Daily Dr.<br \/>\nCamarillo, CA 93010<\/p>\n<p><a href=\"tel:1-805-987-171\">1-805-987-1711<\/a><\/p>\n<a class=\"scss3b-button scss3b-button-adobe\" href=\"https:\/\/www.carsondds.com\/contact-us\/\">Concertar una cita<\/a>\n<h2>C\u00f3mo llegar a Carson &amp; Carson, DDS &#8211; Oficina de Camarillo (Spanish Hills Dentistry)<\/h2>\n<h3>En direcci\u00f3n sur por la US-101<\/h3>\n<p>Dir\u00edgete al sur por la US-101. Toma la salida 55\/Las Posas Road. Gira a la izquierda en Las Posas Road manteni\u00e9ndote en el carril derecho al pasar por encima de la autopista. Gira a la derecha en E. Daily Drive justo despu\u00e9s de la gasolinera Chevron. Gira inmediatamente a la derecha en el primer aparcamiento de E. Daily Drive. Nuestra oficina est\u00e1 situada entre Best in Show Realty y Too Good To Be Healthy.     <\/p>\n<h3>En direcci\u00f3n norte por la US-101<\/h3>\n<p>Dir\u00edgete al norte por la US-101. Toma la salida 55\/Las Posas Road. Gira a la derecha en Las Posas Road. Gira a la derecha en E. Daily Drive en el sem\u00e1foro justo despu\u00e9s de la gasolinera Chevron. Nuestra oficina &#8211; The Spanish Hills Dentistry &#8211; est\u00e1 situada en el primer aparcamiento a la derecha en E. Daily Drive entre la oficina Best in Show Realty y Too Good To Be Healthy.    <\/p>\n<h3>Dentistas de Camarillo con m\u00e1s de 4 D\u00e9cadas de Experiencia &#8211; Spanish Hills Dentistry<\/h3>\n<p>Al servicio de todas las zonas del condado de Ventura, nuestra oficina de Camarillo est\u00e1 convenientemente situada en E. Daily Avenue, justo al lado de la autopista US-101 que atraviesa el coraz\u00f3n de California. Nuestra oficina de Camarillo est\u00e1 a un corto trayecto en coche de la mayor parte del condado de Ventura, incluidos: Oxnard, Camarillo, Ventura, Thousand Oaks, Newbury Park, Moorpark, Simi Valley, Ojai, Santa Paula, La Conchita y Port Hueneme. Nuestras consultas est\u00e1n informatizadas desde hace m\u00e1s de 20 a\u00f1os y est\u00e1n equipadas con tecnolog\u00eda de Rayos X de \u00faltima generaci\u00f3n que puede capturar digitalmente la forma de tus enc\u00edas y dientes sin necesidad de moldes ni masilla. Desde coronas dentales hasta blanqueamiento dental, encuentra el plan que mejor se adapte a tus necesidades dentales entre nuestra amplia variedad de servicios ofrecidos en nuestra consulta de Spanish Hills Dentistry Camarillo. Mereces confiar en tu sonrisa y en los dentistas que te atienden. Elige la distinguida cl\u00ednica dental que lleva m\u00e1s de 45 a\u00f1os al servicio del condado de Ventura: Carson &amp; Carson DDS. <\/p>\n<a class=\"scss3b-button scss3b-button-adobe\" href=\"https:\/\/www.carsondds.com\/contact-us\/\">Pide una cita<\/a>\n<h2>Servicios dentales ofrecidos en nuestras sedes<\/h2>\n<table class=\"aligncenter\" style=\"height: 300px;\" role=\"presentation\" width=\"740\">\n<tbody>\n<tr>\n<td style=\"width: 288px;\">\n<ul>\n<li><a href=\"https:\/\/www.carsondds.com\/dental-services\/adultdentistry\/\">Odontolog\u00eda para adultos<\/a><\/li>\n<li><a href=\"https:\/\/www.carsondds.com\/dental-services\/common-dental-problems\/attrition\/\">Atrici\u00f3n, erosi\u00f3n y fracturas<\/a><\/li>\n<li><a href=\"https:\/\/www.carsondds.com\/dental-services\/cosmeticdentistry\/\">Odontolog\u00eda est\u00e9tica<\/a><\/li>\n<li><a href=\"https:\/\/www.carsondds.com\/dental-services\/bridges\/\">Puentes dentales<\/a><\/li>\n<li><a href=\"https:\/\/www.carsondds.com\/dental-services\/preventative\/dental-cleaning\/\">Limpieza dental<\/a><\/li>\n<li><a href=\"https:\/\/www.carsondds.com\/dental-services\/ct-scan-digital-radiography\/\">TAC dental y radiograf\u00eda digital<\/a><\/li>\n<li><a href=\"https:\/\/www.carsondds.com\/dental-services\/dental-crowns\/\">Coronas dentales<\/a><\/li>\n<li><a href=\"https:\/\/www.carsondds.com\/dental-services\/implantdentistry\/\">Implantes dentales<\/a><\/li>\n<\/ul>\n<p>&nbsp;<\/td>\n<td style=\"width: 191px;\">\n<ul>\n<li><a href=\"https:\/\/www.carsondds.com\/dental-services\/infections\/\">Infecciones dentales<\/a><\/li>\n<li><a href=\"https:\/\/www.carsondds.com\/dental-services\/veneers\/\">Carillas dentales<\/a><\/li>\n<li><a href=\"https:\/\/www.carsondds.com\/dental-services\/dentures\/\">Dentaduras postizas<\/a><\/li>\n<li><a href=\"https:\/\/www.carsondds.com\/dental-services\/emergency-dentist\/\">Odontolog\u00eda de urgencia<\/a><\/li>\n<li><a href=\"https:\/\/www.carsondds.com\/dental-services\/family-dentistry\/\">Odontolog\u00eda familiar<\/a><\/li>\n<li><a href=\"https:\/\/www.carsondds.com\/dental-services\/invisalign\/\">Invisalign<\/a><\/li>\n<li><a href=\"https:\/\/www.carsondds.com\/dental-services\/ivsedation\/\">Sedaci\u00f3n IV\/IM Odontolog\u00eda<\/a><\/li>\n<li><a href=\"https:\/\/www.carsondds.com\/dental-services\/oralsurgery\/\">Cirug\u00eda oral<\/a><\/li>\n<\/ul>\n<p>&nbsp;<\/td>\n<td style=\"width: 254px;\">\n<ul>\n<li><a href=\"https:\/\/www.carsondds.com\/dental-services\/orthodontics-braces\/\">Ortodoncia y aparatos<\/a><\/li>\n<li><a href=\"https:\/\/www.carsondds.com\/dental-services\/partial-denture\/\">Dentaduras parciales<\/a><\/li>\n<li><a href=\"https:\/\/www.carsondds.com\/dental-services\/pediatric\/\">Odontopediatr\u00eda<\/a><\/li>\n<li><a href=\"https:\/\/www.carsondds.com\/dental-services\/preventative\/\">Odontolog\u00eda preventiva<\/a><\/li>\n<li><a href=\"https:\/\/www.carsondds.com\/dental-services\/rootcanals\/\">Endodoncia y endodoncias<\/a><\/li>\n<li><a href=\"https:\/\/www.carsondds.com\/dental-services\/teethwhitening\/\">Blanqueamiento dental<\/a><\/li>\n<li><a href=\"https:\/\/www.carsondds.com\/dental-services\/toothextraction\/\">Extracciones dentales &#8211; Extracci\u00f3n de dientes<\/a><\/li>\n<li><a href=\"https:\/\/www.carsondds.com\/dental-services\/wisdom-tooth-removal\/\">Extracci\u00f3n de las muelas del juicio<\/a><\/li>\n<\/ul>\n<p>&nbsp;<\/td>\n<\/tr>\n<\/tbody>\n<\/table>\n<p>&nbsp;<\/p>\n<p>Visita nuestra p\u00e1gina de <a href=\"https:\/\/www.carsondds.com\/dentist\/\">oficinas<\/a> para encontrar una cerca de ti en el condado de Ventura.<\/p>\n<h3 style=\"text-align: left;\">Ubicaciones de las cl\u00ednicas dentales<\/h3>\n<ul>\n<li style=\"text-align: left;\"><a href=\"https:\/\/www.carsondds.com\/dentist\/camarillo\/\">Dentista Camarillo<\/a><\/li>\n<li style=\"text-align: left;\"><a href=\"https:\/\/www.carsondds.com\/dentist\/oxnard\/\">Dentista Oxnard<\/a><\/li>\n<li style=\"text-align: left;\"><a href=\"https:\/\/www.carsondds.com\/dentist\/ventura\/\">Dentista Ventura<\/a><\/li>\n<li style=\"text-align: left;\"><a href=\"https:\/\/www.carsondds.com\/dentist\/port-hueneme\/\">Dentista Port Hueneme<\/a><\/li>\n<li style=\"text-align: left;\"><a href=\"https:\/\/www.carsondds.com\/dentist\/santa-paula\/\">Dentista Santa Paula<\/a><\/li>\n<li style=\"text-align: left;\"><a href=\"https:\/\/www.carsondds.com\/dentist\/thousand-oaks\/\">Dentista Thousand Oaks<\/a><\/li>\n<li style=\"text-align: left;\"><a href=\"https:\/\/www.carsondds.com\/dentist\/agoura-hills\/\">Dentista Agoura Hills<\/a><\/li>\n<li style=\"text-align: left;\"><a href=\"https:\/\/www.carsondds.com\/dentist\/carpinteria\/\">Dentista Carpinter\u00eda<\/a><\/li>\n<li style=\"text-align: left;\"><a href=\"https:\/\/www.carsondds.com\/dentist\/malibu\/\">Dentista Malib\u00fa<\/a><\/li>\n<li style=\"text-align: left;\"><a href=\"https:\/\/www.carsondds.com\/dentist\/simi-valley\/\">Dentista Simi Valley<\/a><\/li>\n<li style=\"text-align: left;\"><a href=\"https:\/\/www.carsondds.com\/dentist\/westlake-village\/\">Dentista Westlake Village<\/a><\/li>\n<li style=\"text-align: left;\"><a href=\"https:\/\/www.carsondds.com\/dentist\/santa-barbara\/\">Dentista Santa Barbara<\/a><\/li>\n<li style=\"text-align: left;\"><a href=\"https:\/\/www.carsondds.com\/dentist\/los-angeles\/\">Dentista Los Angeles<\/a><\/li>\n<li style=\"text-align: left;\"><a href=\"https:\/\/www.carsondds.com\/dentist\/southern-california\/\">Dentista del sur de California<\/a><\/li>\n<\/ul>\n<p>&nbsp;<\/p>\n","protected":false},"excerpt":{"rendered":"<p>Nuestros consultorios dentales est\u00e1n convenientemente situados en Oxnard y Camarillo y ofrecen multitud de servicios dentales a los residentes del condado de Ventura. Puedes ponerte en contacto con nosotros o concertar una cita llamando al (805)-983-0717. Localidad #1 &#8211; Oxnard &#8211; Carson &amp; Carson, DDS Carson &amp; Carson DDS 126 W. Deodar Ave. Oxnard, CA [&hellip;]<\/p>\n","protected":false},"author":2,"featured_media":0,"parent":0,"menu_order":0,"comment_status":"closed","ping_status":"closed","template":"","meta":{"_et_pb_use_builder":"","_et_pb_old_content":"","_et_gb_content_width":"","footnotes":""},"class_list":["post-219405","page","type-page","status-publish","hentry"],"yoast_head":"<!-- This site is optimized with the Yoast SEO plugin v27.4 - https:\/\/yoast.com\/product\/yoast-seo-wordpress\/ -->\n<title>Indicaciones para llegar a nuestra cl\u00ednica dental de Oxnard - Carson &amp; Carson, DDS<\/title>\n<meta name=\"description\" content=\"C\u00f3mo llegar a Carson y Carson DDS oficina dental ubicada en Oxnard y Camarillo, California en el \u00e1rea del Condado de Ventura. Tenemos 2 oficinas convenientemente situadas que son f\u00e1ciles de encontrar tanto desde la direcci\u00f3n norte como desde la direcci\u00f3n sur en la US-101. \u00a1Obtenga atenci\u00f3n dental asequible de un dentista con 45 a\u00f1os de experiencia hoy!\" \/>\n<meta name=\"robots\" content=\"index, follow, max-snippet:-1, max-image-preview:large, max-video-preview:-1\" \/>\n<link rel=\"canonical\" href=\"https:\/\/www.carsondds.com\/es\/como-llegar-a-la-clinica-dental\/\" \/>\n<meta property=\"og:locale\" content=\"es_ES\" \/>\n<meta property=\"og:type\" content=\"article\" \/>\n<meta property=\"og:title\" content=\"Indicaciones para llegar a nuestra cl\u00ednica dental de Oxnard - Carson &amp; Carson, DDS\" \/>\n<meta property=\"og:description\" content=\"C\u00f3mo llegar a Carson y Carson DDS oficina dental ubicada en Oxnard y Camarillo, California en el \u00e1rea del Condado de Ventura. Tenemos 2 oficinas convenientemente situadas que son f\u00e1ciles de encontrar tanto desde la direcci\u00f3n norte como desde la direcci\u00f3n sur en la US-101. \u00a1Obtenga atenci\u00f3n dental asequible de un dentista con 45 a\u00f1os de experiencia hoy!\" \/>\n<meta property=\"og:url\" content=\"https:\/\/www.carsondds.com\/es\/como-llegar-a-la-clinica-dental\/\" \/>\n<meta property=\"og:site_name\" content=\"Carson &amp; Carson, DDS\" \/>\n<meta property=\"article:publisher\" content=\"https:\/\/www.facebook.com\/ddscarson\/\" \/>\n<meta property=\"og:image\" content=\"https:\/\/www.carsondds.com\/wp-content\/uploads\/office.jpg\" \/>\n\t<meta property=\"og:image:width\" content=\"600\" \/>\n\t<meta property=\"og:image:height\" content=\"277\" \/>\n\t<meta property=\"og:image:type\" content=\"image\/jpeg\" \/>\n<meta name=\"twitter:card\" content=\"summary_large_image\" \/>\n<meta name=\"twitter:site\" content=\"@carsondds\" \/>\n<meta name=\"twitter:label1\" content=\"Tiempo de lectura\" \/>\n\t<meta name=\"twitter:data1\" content=\"6 minutos\" \/>\n<script type=\"application\/ld+json\" class=\"yoast-schema-graph\">{\"@context\":\"https:\\\/\\\/schema.org\",\"@graph\":[{\"@type\":\"WebPage\",\"@id\":\"https:\\\/\\\/www.carsondds.com\\\/es\\\/como-llegar-a-la-clinica-dental\\\/\",\"url\":\"https:\\\/\\\/www.carsondds.com\\\/es\\\/como-llegar-a-la-clinica-dental\\\/\",\"name\":\"Indicaciones para llegar a nuestra cl\u00ednica dental de Oxnard - Carson & Carson, DDS\",\"isPartOf\":{\"@id\":\"https:\\\/\\\/www.carsondds.com\\\/es\\\/#website\"},\"primaryImageOfPage\":{\"@id\":\"https:\\\/\\\/www.carsondds.com\\\/es\\\/como-llegar-a-la-clinica-dental\\\/#primaryimage\"},\"image\":{\"@id\":\"https:\\\/\\\/www.carsondds.com\\\/es\\\/como-llegar-a-la-clinica-dental\\\/#primaryimage\"},\"thumbnailUrl\":\"https:\\\/\\\/www.carsondds.com\\\/wp-content\\\/uploads\\\/office.jpg\",\"datePublished\":\"2016-01-10T05:35:36+00:00\",\"description\":\"C\u00f3mo llegar a Carson y Carson DDS oficina dental ubicada en Oxnard y Camarillo, California en el \u00e1rea del Condado de Ventura. Tenemos 2 oficinas convenientemente situadas que son f\u00e1ciles de encontrar tanto desde la direcci\u00f3n norte como desde la direcci\u00f3n sur en la US-101. \u00a1Obtenga atenci\u00f3n dental asequible de un dentista con 45 a\u00f1os de experiencia hoy!\",\"breadcrumb\":{\"@id\":\"https:\\\/\\\/www.carsondds.com\\\/es\\\/como-llegar-a-la-clinica-dental\\\/#breadcrumb\"},\"inLanguage\":\"es\",\"potentialAction\":[{\"@type\":\"ReadAction\",\"target\":[\"https:\\\/\\\/www.carsondds.com\\\/es\\\/como-llegar-a-la-clinica-dental\\\/\"]}]},{\"@type\":\"ImageObject\",\"inLanguage\":\"es\",\"@id\":\"https:\\\/\\\/www.carsondds.com\\\/es\\\/como-llegar-a-la-clinica-dental\\\/#primaryimage\",\"url\":\"https:\\\/\\\/www.carsondds.com\\\/wp-content\\\/uploads\\\/office.jpg\",\"contentUrl\":\"https:\\\/\\\/www.carsondds.com\\\/wp-content\\\/uploads\\\/office.jpg\"},{\"@type\":\"BreadcrumbList\",\"@id\":\"https:\\\/\\\/www.carsondds.com\\\/es\\\/como-llegar-a-la-clinica-dental\\\/#breadcrumb\",\"itemListElement\":[{\"@type\":\"ListItem\",\"position\":1,\"name\":\"Home\",\"item\":\"https:\\\/\\\/www.carsondds.com\\\/es\\\/carson-carson-dds\\\/\"},{\"@type\":\"ListItem\",\"position\":2,\"name\":\"C\u00f3mo llegar a la cl\u00ednica dental\"}]},{\"@type\":\"WebSite\",\"@id\":\"https:\\\/\\\/www.carsondds.com\\\/es\\\/#website\",\"url\":\"https:\\\/\\\/www.carsondds.com\\\/es\\\/\",\"name\":\"Carson &amp; Carson, DDS\",\"description\":\"\",\"publisher\":{\"@id\":\"https:\\\/\\\/www.carsondds.com\\\/es\\\/#organization\"},\"potentialAction\":[{\"@type\":\"SearchAction\",\"target\":{\"@type\":\"EntryPoint\",\"urlTemplate\":\"https:\\\/\\\/www.carsondds.com\\\/es\\\/?s={search_term_string}\"},\"query-input\":{\"@type\":\"PropertyValueSpecification\",\"valueRequired\":true,\"valueName\":\"search_term_string\"}}],\"inLanguage\":\"es\"},{\"@type\":\"Organization\",\"@id\":\"https:\\\/\\\/www.carsondds.com\\\/es\\\/#organization\",\"name\":\"Carson & Carson DDS, Inc.\",\"url\":\"https:\\\/\\\/www.carsondds.com\\\/es\\\/\",\"logo\":{\"@type\":\"ImageObject\",\"inLanguage\":\"es\",\"@id\":\"https:\\\/\\\/www.carsondds.com\\\/es\\\/#\\\/schema\\\/logo\\\/image\\\/\",\"url\":\"https:\\\/\\\/www.carsondds.com\\\/wp-content\\\/uploads\\\/logo-icon.gif\",\"contentUrl\":\"https:\\\/\\\/www.carsondds.com\\\/wp-content\\\/uploads\\\/logo-icon.gif\",\"width\":51,\"height\":51,\"caption\":\"Carson & Carson DDS, Inc.\"},\"image\":{\"@id\":\"https:\\\/\\\/www.carsondds.com\\\/es\\\/#\\\/schema\\\/logo\\\/image\\\/\"},\"sameAs\":[\"https:\\\/\\\/www.facebook.com\\\/ddscarson\\\/\",\"https:\\\/\\\/x.com\\\/carsondds\",\"https:\\\/\\\/www.instagram.com\\\/carson_dentistry126\\\/\",\"https:\\\/\\\/www.youtube.com\\\/user\\\/DrCarson805\\\/\"]}]}<\/script>\n<!-- \/ Yoast SEO plugin. -->","yoast_head_json":{"title":"Indicaciones para llegar a nuestra cl\u00ednica dental de Oxnard - Carson & Carson, DDS","description":"C\u00f3mo llegar a Carson y Carson DDS oficina dental ubicada en Oxnard y Camarillo, California en el \u00e1rea del Condado de Ventura. Tenemos 2 oficinas convenientemente situadas que son f\u00e1ciles de encontrar tanto desde la direcci\u00f3n norte como desde la direcci\u00f3n sur en la US-101. \u00a1Obtenga atenci\u00f3n dental asequible de un dentista con 45 a\u00f1os de experiencia hoy!","robots":{"index":"index","follow":"follow","max-snippet":"max-snippet:-1","max-image-preview":"max-image-preview:large","max-video-preview":"max-video-preview:-1"},"canonical":"https:\/\/www.carsondds.com\/es\/como-llegar-a-la-clinica-dental\/","og_locale":"es_ES","og_type":"article","og_title":"Indicaciones para llegar a nuestra cl\u00ednica dental de Oxnard - Carson & Carson, DDS","og_description":"C\u00f3mo llegar a Carson y Carson DDS oficina dental ubicada en Oxnard y Camarillo, California en el \u00e1rea del Condado de Ventura. Tenemos 2 oficinas convenientemente situadas que son f\u00e1ciles de encontrar tanto desde la direcci\u00f3n norte como desde la direcci\u00f3n sur en la US-101. \u00a1Obtenga atenci\u00f3n dental asequible de un dentista con 45 a\u00f1os de experiencia hoy!","og_url":"https:\/\/www.carsondds.com\/es\/como-llegar-a-la-clinica-dental\/","og_site_name":"Carson &amp; Carson, DDS","article_publisher":"https:\/\/www.facebook.com\/ddscarson\/","og_image":[{"width":600,"height":277,"url":"https:\/\/www.carsondds.com\/wp-content\/uploads\/office.jpg","type":"image\/jpeg"}],"twitter_card":"summary_large_image","twitter_site":"@carsondds","twitter_misc":{"Tiempo de lectura":"6 minutos"},"schema":{"@context":"https:\/\/schema.org","@graph":[{"@type":"WebPage","@id":"https:\/\/www.carsondds.com\/es\/como-llegar-a-la-clinica-dental\/","url":"https:\/\/www.carsondds.com\/es\/como-llegar-a-la-clinica-dental\/","name":"Indicaciones para llegar a nuestra cl\u00ednica dental de Oxnard - Carson & Carson, DDS","isPartOf":{"@id":"https:\/\/www.carsondds.com\/es\/#website"},"primaryImageOfPage":{"@id":"https:\/\/www.carsondds.com\/es\/como-llegar-a-la-clinica-dental\/#primaryimage"},"image":{"@id":"https:\/\/www.carsondds.com\/es\/como-llegar-a-la-clinica-dental\/#primaryimage"},"thumbnailUrl":"https:\/\/www.carsondds.com\/wp-content\/uploads\/office.jpg","datePublished":"2016-01-10T05:35:36+00:00","description":"C\u00f3mo llegar a Carson y Carson DDS oficina dental ubicada en Oxnard y Camarillo, California en el \u00e1rea del Condado de Ventura. Tenemos 2 oficinas convenientemente situadas que son f\u00e1ciles de encontrar tanto desde la direcci\u00f3n norte como desde la direcci\u00f3n sur en la US-101. \u00a1Obtenga atenci\u00f3n dental asequible de un dentista con 45 a\u00f1os de experiencia hoy!","breadcrumb":{"@id":"https:\/\/www.carsondds.com\/es\/como-llegar-a-la-clinica-dental\/#breadcrumb"},"inLanguage":"es","potentialAction":[{"@type":"ReadAction","target":["https:\/\/www.carsondds.com\/es\/como-llegar-a-la-clinica-dental\/"]}]},{"@type":"ImageObject","inLanguage":"es","@id":"https:\/\/www.carsondds.com\/es\/como-llegar-a-la-clinica-dental\/#primaryimage","url":"https:\/\/www.carsondds.com\/wp-content\/uploads\/office.jpg","contentUrl":"https:\/\/www.carsondds.com\/wp-content\/uploads\/office.jpg"},{"@type":"BreadcrumbList","@id":"https:\/\/www.carsondds.com\/es\/como-llegar-a-la-clinica-dental\/#breadcrumb","itemListElement":[{"@type":"ListItem","position":1,"name":"Home","item":"https:\/\/www.carsondds.com\/es\/carson-carson-dds\/"},{"@type":"ListItem","position":2,"name":"C\u00f3mo llegar a la cl\u00ednica dental"}]},{"@type":"WebSite","@id":"https:\/\/www.carsondds.com\/es\/#website","url":"https:\/\/www.carsondds.com\/es\/","name":"Carson &amp; Carson, DDS","description":"","publisher":{"@id":"https:\/\/www.carsondds.com\/es\/#organization"},"potentialAction":[{"@type":"SearchAction","target":{"@type":"EntryPoint","urlTemplate":"https:\/\/www.carsondds.com\/es\/?s={search_term_string}"},"query-input":{"@type":"PropertyValueSpecification","valueRequired":true,"valueName":"search_term_string"}}],"inLanguage":"es"},{"@type":"Organization","@id":"https:\/\/www.carsondds.com\/es\/#organization","name":"Carson & Carson DDS, Inc.","url":"https:\/\/www.carsondds.com\/es\/","logo":{"@type":"ImageObject","inLanguage":"es","@id":"https:\/\/www.carsondds.com\/es\/#\/schema\/logo\/image\/","url":"https:\/\/www.carsondds.com\/wp-content\/uploads\/logo-icon.gif","contentUrl":"https:\/\/www.carsondds.com\/wp-content\/uploads\/logo-icon.gif","width":51,"height":51,"caption":"Carson & Carson DDS, Inc."},"image":{"@id":"https:\/\/www.carsondds.com\/es\/#\/schema\/logo\/image\/"},"sameAs":["https:\/\/www.facebook.com\/ddscarson\/","https:\/\/x.com\/carsondds","https:\/\/www.instagram.com\/carson_dentistry126\/","https:\/\/www.youtube.com\/user\/DrCarson805\/"]}]}},"_links":{"self":[{"href":"https:\/\/www.carsondds.com\/es\/wp-json\/wp\/v2\/pages\/219405","targetHints":{"allow":["GET"]}}],"collection":[{"href":"https:\/\/www.carsondds.com\/es\/wp-json\/wp\/v2\/pages"}],"about":[{"href":"https:\/\/www.carsondds.com\/es\/wp-json\/wp\/v2\/types\/page"}],"author":[{"embeddable":true,"href":"https:\/\/www.carsondds.com\/es\/wp-json\/wp\/v2\/users\/2"}],"replies":[{"embeddable":true,"href":"https:\/\/www.carsondds.com\/es\/wp-json\/wp\/v2\/comments?post=219405"}],"version-history":[{"count":0,"href":"https:\/\/www.carsondds.com\/es\/wp-json\/wp\/v2\/pages\/219405\/revisions"}],"wp:attachment":[{"href":"https:\/\/www.carsondds.com\/es\/wp-json\/wp\/v2\/media?parent=219405"}],"curies":[{"name":"wp","href":"https:\/\/api.w.org\/{rel}","templated":true}]}}