{"id":219404,"date":"2016-01-09T21:34:45","date_gmt":"2016-01-10T05:34:45","guid":{"rendered":"https:\/\/www.carsondds.com\/personal-dental-oxnard\/"},"modified":"2016-01-09T21:34:45","modified_gmt":"2016-01-10T05:34:45","slug":"personal-dental-oxnard","status":"publish","type":"page","link":"https:\/\/www.carsondds.com\/es\/personal-dental-oxnard\/","title":{"rendered":"Personal Dental Oxnard"},"content":{"rendered":"<p><img loading=\"lazy\" decoding=\"async\" class=\"aligncenter size-full wp-image-217781\" src=\"https:\/\/www.carsondds.com\/wp-content\/uploads\/Oxnard-Dental-Staff-Front-Fountain.jpg\" alt=\"Personal dental de Oxnard delante de la fuente del consultorio\" width=\"700\" height=\"323\" srcset=\"https:\/\/www.carsondds.com\/wp-content\/uploads\/Oxnard-Dental-Staff-Front-Fountain.jpg 700w, https:\/\/www.carsondds.com\/wp-content\/uploads\/Oxnard-Dental-Staff-Front-Fountain-480x221.jpg 480w\" sizes=\"(min-width: 0px) and (max-width: 480px) 480px, (min-width: 481px) 700px, 100vw\" \/><\/p>\n<p>En un compromiso con nuestros pacientes, todos los miembros de nuestro personal dental son higienistas y asistentes dentales altamente cualificados y certificados. Apoyamos la formaci\u00f3n continua de nuestro personal y la actualizaci\u00f3n de nuestra tecnolog\u00eda dental. S\u00f3lo a trav\u00e9s de la actualizaci\u00f3n podemos asegurar que estamos proporcionando la mejor atenci\u00f3n dental para nuestros pacientes. En Carson &amp; Carson DDS, nuestros dentistas est\u00e1n disponibles las 24 horas del d\u00eda para tratar cualquier <a href=\"https:\/\/www.carsondds.com\/dental-services\/emergency-dentist\/\">urgencia dental<\/a> que no ponga en peligro la vida del paciente. Ll\u00e1manos hoy mismo para concertar una cita con el <a href=\"https:\/\/www.carsondds.com\/dentist\/oxnard\/\">dentista de Oxnard<\/a> con m\u00e1s de 45 a\u00f1os de experiencia <a href=\"tel:1-805-983-0717\">(805) 983-0717<\/a>. Muchos de los miembros de nuestro personal dental llevan trabajando con nosotros desde 1970 y han seguido ampliando sus conocimientos en el campo de la odontolog\u00eda. Somos uno de los pocos <a href=\"https:\/\/www.carsondds.com\/office\/oxnard-dentistry\/\">consultorios dentales de<\/a> Oxnard que llevan abiertos m\u00e1s de 4 d\u00e9cadas en la zona de Oxnard, y estamos orgullosos de poder ayudar a las familias de Oxnard y del condado de Ventura a conseguir sonrisas m\u00e1s brillantes cada d\u00eda. Nuestro personal dental tiene una amplia experiencia en muchos campos de la odontolog\u00eda que van desde <a href=\"https:\/\/www.carsondds.com\/dental-services\/pediatric\/\">pedi\u00e1trica<\/a> a <a href=\"https:\/\/www.carsondds.com\/dental-services\/cosmeticdentistry\/\">la odontolog\u00eda cosm\u00e9tica<\/a>. Tenemos 2 <a href=\"https:\/\/www.carsondds.com\/dentist\/\">oficinas<\/a>, una en <a href=\"https:\/\/www.carsondds.com\/dentist\/oxnard\/\">Oxnard<\/a> y la otra en <a href=\"https:\/\/www.carsondds.com\/dentist\/camarillo\/\">Camarillo<\/a>, que se pueden encontrar f\u00e1cilmente en google maps o en nuestra p\u00e1gina de <a href=\"https:\/\/www.carsondds.com\/directions\/\">direcciones<\/a>. Nuestros dentistas, higienistas dentales y asistentes dentales se dedican a proporcionar a usted ya su familia con la m\u00e1s alta calidad posible de la atenci\u00f3n dental. Contamos con un t\u00e9cnico de laboratorio interno para fabricar <a href=\"https:\/\/www.carsondds.com\/dental-services\/dentures\/\">pr\u00f3tesis<\/a> y <a href=\"https:\/\/www.carsondds.com\/dental-services\/dental-crowns\/\">coronas<\/a> in situ, y nuestros consultorios dentales est\u00e1n equipados con la <a href=\"https:\/\/www.carsondds.com\/dental-services\/ct-scan-digital-radiography\/\">tecnolog\u00eda<\/a> m\u00e1s avanzada <a href=\"https:\/\/www.carsondds.com\/dental-services\/ct-scan-digital-radiography\/\">de radiograf\u00eda digital y tomograf\u00eda computarizada<\/a> para que podamos tomar las medidas m\u00e1s exactas y ofrecerte un plan de tratamiento preciso.    <\/p>\n<p>  Tanto el <a href=\"https:\/\/www.carsondds.com\/history\/drderekcarson\/\">Dr.<\/a> <a href=\"https:\/\/www.carsondds.com\/history\/drleroycarson\/\">Leroy Carson<\/a> como el <a href=\"https:\/\/www.carsondds.com\/history\/drderekcarson\/\">Dr. Derek Carson<\/a> son licenciados en <a href=\"https:\/\/www.carsondds.com\/dental-services\/ivsedation\/\">Sedaci\u00f3n IV\/IM<\/a> con miles de horas de experiencia, lo que te permite la opci\u00f3n de dormir durante toda tu cita dental. No dudes en leer uno de nuestros muchos <a href=\"https:\/\/www.carsondds.com\/dentist-reviews\/\">comentarios<\/a> o ll\u00e1manos hoy mismo a Carson &amp; Carson, DDS <a href=\"tel:18059830717\">(805)-983-0717<\/a>.<\/p>\n<h2>Dentistas de Carson &amp; Carson, DDS<\/h2>\n<p>Para ver el historial de nuestros dentistas, haz clic en su nombre a continuaci\u00f3n:<\/p>\n<ul>\n<li><a href=\"https:\/\/www.carsondds.com\/history\/drleroycarson\/\">Dr. LeRoy Carson<\/a><\/li>\n<li><a href=\"https:\/\/www.carsondds.com\/history\/drderekcarson\/\">Dr. Derek Carson<\/a><\/li>\n<li><a href=\"https:\/\/www.carsondds.com\/history\/dr-michael-acasio\/\">Dr. Michael Acasio<\/a><\/li>\n<li><a href=\"https:\/\/www.carsondds.com\/history\/beverly-m-carson\/\">Beverly M. Carson &#8211; RDA<\/a><\/li>\n<\/ul>\n<p>&nbsp;<\/p>\n<a class=\"scss3b-button scss3b-button-adobe\" href=\"https:\/\/www.carsondds.com\/contact-us\/\">Contacta con nosotros<\/a>\n<h2>Carson &amp; Carson, DDS &#8211; Servicios dentales y consultorios en Oxnard y el condado de Ventura<\/h2>\n<h3 style=\"text-align: left;\">Servicios dentales<\/h3>\n<ul>\n<li><a href=\"https:\/\/www.carsondds.com\/dental-services\/adultdentistry\/\">Odontolog\u00eda para adultos<\/a><\/li>\n<li><a href=\"https:\/\/www.carsondds.com\/dental-services\/common-dental-problems\/attrition\/\">Atrici\u00f3n, erosi\u00f3n y fracturas<\/a><\/li>\n<li><a href=\"https:\/\/www.carsondds.com\/dental-services\/cosmeticdentistry\/\">Odontolog\u00eda est\u00e9tica<\/a><\/li>\n<li><a href=\"https:\/\/www.carsondds.com\/dental-services\/bridges\/\">Puentes dentales<\/a><\/li>\n<li><a href=\"https:\/\/www.carsondds.com\/dental-services\/ct-scan-digital-radiography\/\">TAC dental y radiograf\u00eda digital<\/a><\/li>\n<li><a href=\"https:\/\/www.carsondds.com\/dental-services\/dental-crowns\/\">Coronas dentales<\/a><\/li>\n<li><a href=\"https:\/\/www.carsondds.com\/dental-services\/implantdentistry\/\">Implantes dentales<\/a><\/li>\n<li style=\"text-align: left;\"><a href=\"https:\/\/www.carsondds.com\/dental-services\/infections\/\">Infecciones dentales<\/a><\/li>\n<li style=\"text-align: left;\"><a href=\"https:\/\/www.carsondds.com\/dental-services\/veneers\/\">Carillas dentales<\/a><\/li>\n<li style=\"text-align: left;\"><a href=\"https:\/\/www.carsondds.com\/dental-services\/dentures\/\">Dentaduras postizas<\/a><\/li>\n<li style=\"text-align: left;\"><a href=\"https:\/\/www.carsondds.com\/dental-services\/emergency-dentist\/\">Odontolog\u00eda de urgencia<\/a><\/li>\n<li style=\"text-align: left;\"><a href=\"https:\/\/www.carsondds.com\/dental-services\/family-dentistry\/\">Odontolog\u00eda familiar<\/a><\/li>\n<li style=\"text-align: left;\"><a href=\"https:\/\/www.carsondds.com\/dental-services\/ivsedation\/\">Sedaci\u00f3n IV\/IM Odontolog\u00eda<\/a><\/li>\n<li style=\"text-align: left;\"><a href=\"https:\/\/www.carsondds.com\/dental-services\/oralsurgery\/\">Cirug\u00eda oral<\/a><\/li>\n<li><a href=\"https:\/\/www.carsondds.com\/dental-services\/orthodontics-braces\/\">Ortodoncia y aparatos<\/a><\/li>\n<li><a href=\"https:\/\/www.carsondds.com\/dental-services\/partial-denture\/\">Dentaduras parciales<\/a><\/li>\n<li><a href=\"https:\/\/www.carsondds.com\/dental-services\/pediatric\/\">Odontopediatr\u00eda<\/a><\/li>\n<li><a href=\"https:\/\/www.carsondds.com\/dental-services\/preventative\/\">Odontolog\u00eda preventiva<\/a><\/li>\n<li><a href=\"https:\/\/www.carsondds.com\/dental-services\/rootcanals\/\">Endodoncia y endodoncias<\/a><\/li>\n<li><a href=\"https:\/\/www.carsondds.com\/dental-services\/teethwhitening\/\">Blanqueamiento dental<\/a><\/li>\n<li><a href=\"https:\/\/www.carsondds.com\/dental-services\/toothextraction\/\">Extracciones dentales &#8211; Extracci\u00f3n de dientes<\/a><\/li>\n<\/ul>\n<h3 style=\"text-align: left;\">Ubicaciones de las cl\u00ednicas dentales<\/h3>\n<ul>\n<li style=\"text-align: left;\"><a href=\"https:\/\/www.carsondds.com\/dentist\/camarillo\/\">Dentista Camarillo<\/a><\/li>\n<li style=\"text-align: left;\"><a href=\"https:\/\/www.carsondds.com\/dentist\/oxnard\/\">Dentista Oxnard<\/a><\/li>\n<li style=\"text-align: left;\"><a href=\"https:\/\/www.carsondds.com\/dentist\/ventura\/\">Dentista Ventura<\/a><\/li>\n<li style=\"text-align: left;\"><a href=\"https:\/\/www.carsondds.com\/dentist\/port-hueneme\/\">Dentista Port Hueneme<\/a><\/li>\n<li style=\"text-align: left;\"><a href=\"https:\/\/www.carsondds.com\/dentist\/santa-paula\/\">Dentista Santa Paula<\/a><\/li>\n<li style=\"text-align: left;\"><a href=\"https:\/\/www.carsondds.com\/dentist\/thousand-oaks\/\">Dentista Thousand Oaks<\/a><\/li>\n<li style=\"text-align: left;\"><a href=\"https:\/\/www.carsondds.com\/dentist\/agoura-hills\/\">Dentista Agoura Hills<\/a><\/li>\n<li style=\"text-align: left;\"><a href=\"https:\/\/www.carsondds.com\/dentist\/carpinteria\/\">Dentista Carpinter\u00eda<\/a><\/li>\n<li style=\"text-align: left;\"><a href=\"https:\/\/www.carsondds.com\/dentist\/malibu\/\">Dentista Malib\u00fa<\/a><\/li>\n<li style=\"text-align: left;\"><a href=\"https:\/\/www.carsondds.com\/dentist\/simi-valley\/\">Dentista Simi Valley<\/a><\/li>\n<li style=\"text-align: left;\"><a href=\"https:\/\/www.carsondds.com\/dentist\/westlake-village\/\">Dentista Westlake Village<\/a><\/li>\n<li style=\"text-align: left;\"><a href=\"https:\/\/www.carsondds.com\/dentist\/santa-barbara\/\">Dentista Santa Barbara<\/a><\/li>\n<li style=\"text-align: left;\"><a href=\"https:\/\/www.carsondds.com\/dentist\/los-angeles\/\">Dentista Los Angeles<\/a><\/li>\n<li style=\"text-align: left;\"><a href=\"https:\/\/www.carsondds.com\/dentist\/southern-california\/\">Dentista del sur de California<\/a><\/li>\n<\/ul>\n<p><a class=\"scss3b-button scss3b-button-adobe\" href=\"https:\/\/www.carsondds.com\/contact-us\/\">Pide una cita<\/a><br \/>\nCitas disponibles de lunes a viernes y s\u00e1bados alternos.<\/p>\n","protected":false},"excerpt":{"rendered":"<p>En un compromiso con nuestros pacientes, todos los miembros de nuestro personal dental son higienistas y asistentes dentales altamente cualificados y certificados. Apoyamos la formaci\u00f3n continua de nuestro personal y la actualizaci\u00f3n de nuestra tecnolog\u00eda dental. S\u00f3lo a trav\u00e9s de la actualizaci\u00f3n podemos asegurar que estamos proporcionando la mejor atenci\u00f3n dental para nuestros pacientes. En [&hellip;]<\/p>\n","protected":false},"author":2,"featured_media":0,"parent":0,"menu_order":0,"comment_status":"closed","ping_status":"closed","template":"","meta":{"_et_pb_use_builder":"","_et_pb_old_content":"","_et_gb_content_width":"","footnotes":""},"class_list":["post-219404","page","type-page","status-publish","hentry"],"yoast_head":"<!-- This site is optimized with the Yoast SEO plugin v27.3 - https:\/\/yoast.com\/product\/yoast-seo-wordpress\/ -->\n<title>Personal Dental Oxnard - 24\/7 Disponibilidad de Emergencia - Carson y Carson, DDS<\/title>\n<meta name=\"description\" content=\"En compromiso con nuestros pacientes, todos los miembros del personal dental de Carson &amp; Carson, DDS son higienistas o asistentes dentales altamente cualificados y formados. Atenci\u00f3n de calidad a precios asequibles. Ll\u00e1manos hoy mismo a Carson &amp; Carson, DDS para recibir un tratamiento dental experto del dentista de Oxnard con m\u00e1s de 45 a\u00f1os de experiencia. (805) 983-0717\" \/>\n<meta name=\"robots\" content=\"index, follow, max-snippet:-1, max-image-preview:large, max-video-preview:-1\" \/>\n<link rel=\"canonical\" href=\"https:\/\/www.carsondds.com\/es\/personal-dental-oxnard\/\" \/>\n<meta property=\"og:locale\" content=\"es_ES\" \/>\n<meta property=\"og:type\" content=\"article\" \/>\n<meta property=\"og:title\" content=\"Personal Dental Oxnard - 24\/7 Disponibilidad de Emergencia - Carson y Carson, DDS\" \/>\n<meta property=\"og:description\" content=\"En compromiso con nuestros pacientes, todos los miembros del personal dental de Carson &amp; Carson, DDS son higienistas o asistentes dentales altamente cualificados y formados. Atenci\u00f3n de calidad a precios asequibles. Ll\u00e1manos hoy mismo a Carson &amp; Carson, DDS para recibir un tratamiento dental experto del dentista de Oxnard con m\u00e1s de 45 a\u00f1os de experiencia. (805) 983-0717\" \/>\n<meta property=\"og:url\" content=\"https:\/\/www.carsondds.com\/es\/personal-dental-oxnard\/\" \/>\n<meta property=\"og:site_name\" content=\"Carson &amp; Carson, DDS\" \/>\n<meta property=\"article:publisher\" content=\"https:\/\/www.facebook.com\/ddscarson\/\" \/>\n<meta property=\"og:image\" content=\"https:\/\/www.carsondds.com\/wp-content\/uploads\/Oxnard-Dental-Staff-Front-Fountain.jpg\" \/>\n\t<meta property=\"og:image:width\" content=\"700\" \/>\n\t<meta property=\"og:image:height\" content=\"323\" \/>\n\t<meta property=\"og:image:type\" content=\"image\/jpeg\" \/>\n<meta name=\"twitter:card\" content=\"summary_large_image\" \/>\n<meta name=\"twitter:site\" content=\"@carsondds\" \/>\n<meta name=\"twitter:label1\" content=\"Tiempo de lectura\" \/>\n\t<meta name=\"twitter:data1\" content=\"3 minutos\" \/>\n<script type=\"application\/ld+json\" class=\"yoast-schema-graph\">{\"@context\":\"https:\\\/\\\/schema.org\",\"@graph\":[{\"@type\":\"WebPage\",\"@id\":\"https:\\\/\\\/www.carsondds.com\\\/es\\\/personal-dental-oxnard\\\/\",\"url\":\"https:\\\/\\\/www.carsondds.com\\\/es\\\/personal-dental-oxnard\\\/\",\"name\":\"Personal Dental Oxnard - 24\\\/7 Disponibilidad de Emergencia - Carson y Carson, DDS\",\"isPartOf\":{\"@id\":\"https:\\\/\\\/www.carsondds.com\\\/es\\\/#website\"},\"primaryImageOfPage\":{\"@id\":\"https:\\\/\\\/www.carsondds.com\\\/es\\\/personal-dental-oxnard\\\/#primaryimage\"},\"image\":{\"@id\":\"https:\\\/\\\/www.carsondds.com\\\/es\\\/personal-dental-oxnard\\\/#primaryimage\"},\"thumbnailUrl\":\"https:\\\/\\\/www.carsondds.com\\\/wp-content\\\/uploads\\\/Oxnard-Dental-Staff-Front-Fountain.jpg\",\"datePublished\":\"2016-01-10T05:34:45+00:00\",\"description\":\"En compromiso con nuestros pacientes, todos los miembros del personal dental de Carson & Carson, DDS son higienistas o asistentes dentales altamente cualificados y formados. Atenci\u00f3n de calidad a precios asequibles. Ll\u00e1manos hoy mismo a Carson & Carson, DDS para recibir un tratamiento dental experto del dentista de Oxnard con m\u00e1s de 45 a\u00f1os de experiencia. (805) 983-0717\",\"breadcrumb\":{\"@id\":\"https:\\\/\\\/www.carsondds.com\\\/es\\\/personal-dental-oxnard\\\/#breadcrumb\"},\"inLanguage\":\"es\",\"potentialAction\":[{\"@type\":\"ReadAction\",\"target\":[\"https:\\\/\\\/www.carsondds.com\\\/es\\\/personal-dental-oxnard\\\/\"]}]},{\"@type\":\"ImageObject\",\"inLanguage\":\"es\",\"@id\":\"https:\\\/\\\/www.carsondds.com\\\/es\\\/personal-dental-oxnard\\\/#primaryimage\",\"url\":\"https:\\\/\\\/www.carsondds.com\\\/wp-content\\\/uploads\\\/Oxnard-Dental-Staff-Front-Fountain.jpg\",\"contentUrl\":\"https:\\\/\\\/www.carsondds.com\\\/wp-content\\\/uploads\\\/Oxnard-Dental-Staff-Front-Fountain.jpg\"},{\"@type\":\"BreadcrumbList\",\"@id\":\"https:\\\/\\\/www.carsondds.com\\\/es\\\/personal-dental-oxnard\\\/#breadcrumb\",\"itemListElement\":[{\"@type\":\"ListItem\",\"position\":1,\"name\":\"Home\",\"item\":\"https:\\\/\\\/www.carsondds.com\\\/es\\\/carson-carson-dds\\\/\"},{\"@type\":\"ListItem\",\"position\":2,\"name\":\"Personal Dental Oxnard\"}]},{\"@type\":\"WebSite\",\"@id\":\"https:\\\/\\\/www.carsondds.com\\\/es\\\/#website\",\"url\":\"https:\\\/\\\/www.carsondds.com\\\/es\\\/\",\"name\":\"Carson &amp; Carson, DDS\",\"description\":\"\",\"publisher\":{\"@id\":\"https:\\\/\\\/www.carsondds.com\\\/es\\\/#organization\"},\"potentialAction\":[{\"@type\":\"SearchAction\",\"target\":{\"@type\":\"EntryPoint\",\"urlTemplate\":\"https:\\\/\\\/www.carsondds.com\\\/es\\\/?s={search_term_string}\"},\"query-input\":{\"@type\":\"PropertyValueSpecification\",\"valueRequired\":true,\"valueName\":\"search_term_string\"}}],\"inLanguage\":\"es\"},{\"@type\":\"Organization\",\"@id\":\"https:\\\/\\\/www.carsondds.com\\\/es\\\/#organization\",\"name\":\"Carson & Carson DDS, Inc.\",\"url\":\"https:\\\/\\\/www.carsondds.com\\\/es\\\/\",\"logo\":{\"@type\":\"ImageObject\",\"inLanguage\":\"es\",\"@id\":\"https:\\\/\\\/www.carsondds.com\\\/es\\\/#\\\/schema\\\/logo\\\/image\\\/\",\"url\":\"https:\\\/\\\/www.carsondds.com\\\/wp-content\\\/uploads\\\/logo-icon.gif\",\"contentUrl\":\"https:\\\/\\\/www.carsondds.com\\\/wp-content\\\/uploads\\\/logo-icon.gif\",\"width\":51,\"height\":51,\"caption\":\"Carson & Carson DDS, Inc.\"},\"image\":{\"@id\":\"https:\\\/\\\/www.carsondds.com\\\/es\\\/#\\\/schema\\\/logo\\\/image\\\/\"},\"sameAs\":[\"https:\\\/\\\/www.facebook.com\\\/ddscarson\\\/\",\"https:\\\/\\\/x.com\\\/carsondds\",\"https:\\\/\\\/www.instagram.com\\\/carson_dentistry126\\\/\",\"https:\\\/\\\/www.youtube.com\\\/user\\\/DrCarson805\\\/\"]}]}<\/script>\n<!-- \/ Yoast SEO plugin. -->","yoast_head_json":{"title":"Personal Dental Oxnard - 24\/7 Disponibilidad de Emergencia - Carson y Carson, DDS","description":"En compromiso con nuestros pacientes, todos los miembros del personal dental de Carson & Carson, DDS son higienistas o asistentes dentales altamente cualificados y formados. Atenci\u00f3n de calidad a precios asequibles. Ll\u00e1manos hoy mismo a Carson & Carson, DDS para recibir un tratamiento dental experto del dentista de Oxnard con m\u00e1s de 45 a\u00f1os de experiencia. (805) 983-0717","robots":{"index":"index","follow":"follow","max-snippet":"max-snippet:-1","max-image-preview":"max-image-preview:large","max-video-preview":"max-video-preview:-1"},"canonical":"https:\/\/www.carsondds.com\/es\/personal-dental-oxnard\/","og_locale":"es_ES","og_type":"article","og_title":"Personal Dental Oxnard - 24\/7 Disponibilidad de Emergencia - Carson y Carson, DDS","og_description":"En compromiso con nuestros pacientes, todos los miembros del personal dental de Carson & Carson, DDS son higienistas o asistentes dentales altamente cualificados y formados. Atenci\u00f3n de calidad a precios asequibles. Ll\u00e1manos hoy mismo a Carson & Carson, DDS para recibir un tratamiento dental experto del dentista de Oxnard con m\u00e1s de 45 a\u00f1os de experiencia. (805) 983-0717","og_url":"https:\/\/www.carsondds.com\/es\/personal-dental-oxnard\/","og_site_name":"Carson &amp; Carson, DDS","article_publisher":"https:\/\/www.facebook.com\/ddscarson\/","og_image":[{"width":700,"height":323,"url":"https:\/\/www.carsondds.com\/wp-content\/uploads\/Oxnard-Dental-Staff-Front-Fountain.jpg","type":"image\/jpeg"}],"twitter_card":"summary_large_image","twitter_site":"@carsondds","twitter_misc":{"Tiempo de lectura":"3 minutos"},"schema":{"@context":"https:\/\/schema.org","@graph":[{"@type":"WebPage","@id":"https:\/\/www.carsondds.com\/es\/personal-dental-oxnard\/","url":"https:\/\/www.carsondds.com\/es\/personal-dental-oxnard\/","name":"Personal Dental Oxnard - 24\/7 Disponibilidad de Emergencia - Carson y Carson, DDS","isPartOf":{"@id":"https:\/\/www.carsondds.com\/es\/#website"},"primaryImageOfPage":{"@id":"https:\/\/www.carsondds.com\/es\/personal-dental-oxnard\/#primaryimage"},"image":{"@id":"https:\/\/www.carsondds.com\/es\/personal-dental-oxnard\/#primaryimage"},"thumbnailUrl":"https:\/\/www.carsondds.com\/wp-content\/uploads\/Oxnard-Dental-Staff-Front-Fountain.jpg","datePublished":"2016-01-10T05:34:45+00:00","description":"En compromiso con nuestros pacientes, todos los miembros del personal dental de Carson & Carson, DDS son higienistas o asistentes dentales altamente cualificados y formados. Atenci\u00f3n de calidad a precios asequibles. Ll\u00e1manos hoy mismo a Carson & Carson, DDS para recibir un tratamiento dental experto del dentista de Oxnard con m\u00e1s de 45 a\u00f1os de experiencia. (805) 983-0717","breadcrumb":{"@id":"https:\/\/www.carsondds.com\/es\/personal-dental-oxnard\/#breadcrumb"},"inLanguage":"es","potentialAction":[{"@type":"ReadAction","target":["https:\/\/www.carsondds.com\/es\/personal-dental-oxnard\/"]}]},{"@type":"ImageObject","inLanguage":"es","@id":"https:\/\/www.carsondds.com\/es\/personal-dental-oxnard\/#primaryimage","url":"https:\/\/www.carsondds.com\/wp-content\/uploads\/Oxnard-Dental-Staff-Front-Fountain.jpg","contentUrl":"https:\/\/www.carsondds.com\/wp-content\/uploads\/Oxnard-Dental-Staff-Front-Fountain.jpg"},{"@type":"BreadcrumbList","@id":"https:\/\/www.carsondds.com\/es\/personal-dental-oxnard\/#breadcrumb","itemListElement":[{"@type":"ListItem","position":1,"name":"Home","item":"https:\/\/www.carsondds.com\/es\/carson-carson-dds\/"},{"@type":"ListItem","position":2,"name":"Personal Dental Oxnard"}]},{"@type":"WebSite","@id":"https:\/\/www.carsondds.com\/es\/#website","url":"https:\/\/www.carsondds.com\/es\/","name":"Carson &amp; Carson, DDS","description":"","publisher":{"@id":"https:\/\/www.carsondds.com\/es\/#organization"},"potentialAction":[{"@type":"SearchAction","target":{"@type":"EntryPoint","urlTemplate":"https:\/\/www.carsondds.com\/es\/?s={search_term_string}"},"query-input":{"@type":"PropertyValueSpecification","valueRequired":true,"valueName":"search_term_string"}}],"inLanguage":"es"},{"@type":"Organization","@id":"https:\/\/www.carsondds.com\/es\/#organization","name":"Carson & Carson DDS, Inc.","url":"https:\/\/www.carsondds.com\/es\/","logo":{"@type":"ImageObject","inLanguage":"es","@id":"https:\/\/www.carsondds.com\/es\/#\/schema\/logo\/image\/","url":"https:\/\/www.carsondds.com\/wp-content\/uploads\/logo-icon.gif","contentUrl":"https:\/\/www.carsondds.com\/wp-content\/uploads\/logo-icon.gif","width":51,"height":51,"caption":"Carson & Carson DDS, Inc."},"image":{"@id":"https:\/\/www.carsondds.com\/es\/#\/schema\/logo\/image\/"},"sameAs":["https:\/\/www.facebook.com\/ddscarson\/","https:\/\/x.com\/carsondds","https:\/\/www.instagram.com\/carson_dentistry126\/","https:\/\/www.youtube.com\/user\/DrCarson805\/"]}]}},"_links":{"self":[{"href":"https:\/\/www.carsondds.com\/es\/wp-json\/wp\/v2\/pages\/219404","targetHints":{"allow":["GET"]}}],"collection":[{"href":"https:\/\/www.carsondds.com\/es\/wp-json\/wp\/v2\/pages"}],"about":[{"href":"https:\/\/www.carsondds.com\/es\/wp-json\/wp\/v2\/types\/page"}],"author":[{"embeddable":true,"href":"https:\/\/www.carsondds.com\/es\/wp-json\/wp\/v2\/users\/2"}],"replies":[{"embeddable":true,"href":"https:\/\/www.carsondds.com\/es\/wp-json\/wp\/v2\/comments?post=219404"}],"version-history":[{"count":0,"href":"https:\/\/www.carsondds.com\/es\/wp-json\/wp\/v2\/pages\/219404\/revisions"}],"wp:attachment":[{"href":"https:\/\/www.carsondds.com\/es\/wp-json\/wp\/v2\/media?parent=219404"}],"curies":[{"name":"wp","href":"https:\/\/api.w.org\/{rel}","templated":true}]}}