{"id":219401,"date":"2016-01-15T17:29:30","date_gmt":"2016-01-16T01:29:30","guid":{"rendered":"https:\/\/www.carsondds.com\/historia-dental-en-carsondds\/historia-dental-del-dr-leroy-carson\/"},"modified":"2016-01-15T17:29:30","modified_gmt":"2016-01-16T01:29:30","slug":"historia-dental-del-dr-leroy-carson","status":"publish","type":"page","link":"https:\/\/www.carsondds.com\/es\/historia-dental-en-carsondds\/historia-dental-del-dr-leroy-carson\/","title":{"rendered":"Historia dental del Dr. LeRoy Carson"},"content":{"rendered":"<p><img loading=\"lazy\" decoding=\"async\" class=\"size-full wp-image-899 alignnone\" src=\"https:\/\/www.carsondds.com\/wp-content\/uploads\/Backerphoto-carson.dent-54.jpg\" alt=\"Dres. Leroy y Beverly Carson. Dentistas de Oxnard\" width=\"210\" height=\"316\" srcset=\"https:\/\/www.carsondds.com\/wp-content\/uploads\/Backerphoto-carson.dent-54.jpg 210w, https:\/\/www.carsondds.com\/wp-content\/uploads\/Backerphoto-carson.dent-54-199x300.jpg 199w\" sizes=\"(max-width: 210px) 100vw, 210px\" \/><\/p>\n<h2>Licencias y premios<\/h2>\n<ul>\n<li><a title=\"\" href=\"\/wp-content\/uploads\/stats.jpg\" target=\"_blank\" rel=\"noopener noreferrer\" data-rel=\"lightbox-image-0\" data-rl_title=\"\" data-rl_caption=\"\">Puntuaciones de los ex\u00e1menes dentales (se abre en una ventana nueva)<\/a><\/li>\n<li><a title=\"\" href=\"\/wp-content\/uploads\/scholar.jpg\" target=\"_blank\" rel=\"noopener noreferrer\" data-rel=\"lightbox-image-1\" data-rl_title=\"\" data-rl_caption=\"\">Becario (se abre en una ventana nueva)<\/a><\/li>\n<li><a title=\"\" href=\"\/wp-content\/uploads\/cumlaude.jpg\" target=\"_blank\" rel=\"noopener noreferrer\" data-rel=\"lightbox-image-2\" data-rl_title=\"\" data-rl_caption=\"\">Cum Laude (se abre en una ventana nueva)<\/a><\/li>\n<li><a href=\"https:\/\/www.carsondds.com\/wp-content\/uploads\/Leroy-Carson-Air-Force-Active-Duty.jpg\" target=\"_blank\" rel=\"noopener noreferrer\" data-rel=\"lightbox-image-3\" data-rl_title=\"\" data-rl_caption=\"\" title=\"\">Ej\u00e9rcito del Aire (se abre en una ventana nueva)<\/a><\/li>\n<li><a title=\"\" href=\"\/wp-content\/uploads\/IVeval.jpg\" target=\"_blank\" rel=\"noopener noreferrer\" data-rel=\"lightbox-image-4\" data-rl_title=\"\" data-rl_caption=\"\">Evaluaci\u00f3n IV\/IM (se abre en una ventana nueva)<\/a><\/li>\n<li><a title=\"\" href=\"\/wp-content\/uploads\/IVPermit.jpg\" target=\"_blank\" rel=\"noopener noreferrer\" data-rel=\"lightbox-image-5\" data-rl_title=\"\" data-rl_caption=\"\">Permiso IV\/IM (se abre en una ventana nueva)<\/a><\/li>\n<li><a title=\"\" href=\"\/wp-content\/uploads\/stwire.jpg\" target=\"_blank\" rel=\"noopener noreferrer\" data-rel=\"lightbox-image-6\" data-rl_title=\"\" data-rl_caption=\"\">Licencia de cable recto (se abre en una ventana nueva)<\/a><\/li>\n<li><a title=\"\" href=\"\/wp-content\/uploads\/governor.jpg\" target=\"_blank\" rel=\"noopener noreferrer\" data-rel=\"lightbox-image-7\" data-rl_title=\"\" data-rl_caption=\"\">Premio del Gobierno (se abre en una ventana nueva)<\/a><\/li>\n<\/ul>\n<h2>Cl\u00ednica dental privada<\/h2>\n<ul>\n<li><a href=\"https:\/\/www.carsondds.com\/office\/oxnard-dentistry\/\">Odontolog\u00eda<\/a> general, pedi\u00e1trica y <a href=\"https:\/\/www.carsondds.com\/office\/oxnard-dentistry\/\">de<\/a> adultos <a href=\"https:\/\/www.carsondds.com\/office\/oxnard-dentistry\/\">en Oxnard<\/a>, especializada en el uso de la sedaci\u00f3n amn\u00e9sica del sue\u00f1o IM\/IV para ni\u00f1os y adultos con fobia extrema a los dientes.<\/li>\n<li>Problemas de conducta, minusval\u00eda, ni\u00f1os preescolares poco cooperativos y beb\u00e9s. Llevo ejerciendo y proporcionando grandes sonrisas en Oxnard, California, desde 1970 hasta la actualidad. <\/li>\n<\/ul>\n<p style=\"text-align: right;\"><a class=\"scss3b-button scss3b-button-adobe\" href=\"https:\/\/www.carsondds.com\/contact-us\/\">Pide una cita<\/a><\/p>\n<h3>Odontolog\u00eda para adultos<\/h3>\n<ul>\n<li><a href=\"https:\/\/www.carsondds.com\/dental-services\/cosmeticdentistry\/\">Odontolog\u00eda Cosm\u00e9tica y General<\/a> &#8211; Carillas de porcelana, coronas (fundas), empastes.<\/li>\n<li><a href=\"https:\/\/www.carsondds.com\/dental-services\/implantdentistry\/\">Cirug\u00eda de implantes<\/a> &#8211; Sustituci\u00f3n completa de dientes perdidos o extra\u00eddos.<\/li>\n<li><a href=\"https:\/\/www.carsondds.com\/dental-services\/oralsurgery\/\">Cirug\u00eda oral<\/a> &#8211; Extracciones quir\u00fargicas y extirpaci\u00f3n de c\u00e1nceres orales<\/li>\n<li><a href=\"https:\/\/www.carsondds.com\/dental-services\/rootcanals\/\">Endodoncia (endodoncias) y cirug\u00eda apical<\/a><\/li>\n<li>Selladores<\/li>\n<li><a href=\"https:\/\/www.carsondds.com\/dental-services\/orthodontics-braces\/\">Ortodoncia e Invisalign<\/a> (enderezar los dientes sin aparatos)<\/li>\n<li><a href=\"https:\/\/www.carsondds.com\/dental-services\/teethwhitening\/\">Blanqueamiento dental<\/a><\/li>\n<li><a href=\"https:\/\/www.carsondds.com\/dental-services\/dental-crowns\/\">Coronas<\/a>, <a href=\"https:\/\/www.carsondds.com\/dental-services\/bridges\/\">puentes<\/a> y <a href=\"https:\/\/www.carsondds.com\/dental-services\/dentures\/\">dentaduras postizas<\/a><\/li>\n<li><a href=\"https:\/\/www.carsondds.com\/dental-services\/emergency-dentist\/\"><strong>Atenci\u00f3n dental de urgencia aguda<\/strong><\/a><\/li>\n<\/ul>\n<h3>Odontopediatr\u00eda<\/h3>\n<ul>\n<li>Caries del biber\u00f3n &#8211; corregidas con tapones del color del diente<\/li>\n<li>Selladores<\/li>\n<li><a href=\"https:\/\/www.carsondds.com\/dental-services\/common-dental-problems\/cavities-tooth-decay\/\">Rellenos<\/a><\/li>\n<li><a href=\"https:\/\/www.carsondds.com\/dental-services\/oralsurgery\/\">Cirug\u00eda<\/a><\/li>\n<li><a href=\"https:\/\/www.carsondds.com\/dental-services\/orthodontics-braces\/\">Aparatos ortop\u00e9dicos<\/a><\/li>\n<li><a href=\"https:\/\/www.carsondds.com\/dental-services\/invisalign\/\">Invisalign<\/a><\/li>\n<li>Sedaci\u00f3n Amn\u00e9sica I.M. &#8211; Para ni\u00f1os miedosos. Ausencia total de recuerdos. (\u00a1Sin memoria!)  <\/li>\n<li><a href=\"https:\/\/www.carsondds.com\/dental-services\/ivsedation\/\">Sedaci\u00f3n I.V. del Sue\u00f1o<\/a><\/li>\n<li>De ni\u00f1os a adolescentes<\/li>\n<li><a href=\"https:\/\/www.carsondds.com\/dental-services\/pediatric\/\"><strong>Atenci\u00f3n dental pedi\u00e1trica<\/strong><\/a><\/li>\n<\/ul>\n<h2>Educaci\u00f3n<\/h2>\n<h3>Subgraduado:<\/h3>\n<ul>\n<li>Universidad de California, Los \u00c1ngeles, (UCLA) 1962 a 1965.<\/li>\n<\/ul>\n<h3>Graduado<\/h3>\n<ul>\n<li>Facultad de Odontolog\u00eda, graduada en la promoci\u00f3n de 1970 en la UCLA, incluyendo una formaci\u00f3n de un a\u00f1o, un d\u00eda a la semana, en la Cl\u00ednica Infantil Marion Davies para discapacitados.<\/li>\n<\/ul>\n<h3>Postgrado<\/h3>\n<ul>\n<li>Cuerpo Dental de las Fuerzas A\u00e9reas de los Estados Unidos, servicio activo como capit\u00e1n de 1970 a 1972, formaci\u00f3n en odontolog\u00eda hospitalaria con pr\u00e1cticas rotativas.<\/li>\n<li>Alambre Recto Cl\u00ednico en Ortodoncia 1977-1979.<\/li>\n<li>Grupo de estudio de Ortopedia y Ortodoncia Dental del Condado de Orange de 1981 a 1983.<\/li>\n<li>Grupo de estudio de implantes de la USC 1975-1977 bajo la direcci\u00f3n del Dr. Leo Ward.<\/li>\n<li>Programa de sedaci\u00f3n intravenosa de la USC 1995.<\/li>\n<li>Grupos de estudio de la Sociedad Dental del Condado de Santa B\u00e1rbara-Ventura que asisten de 1988 a la actualidad-Grupo de estudio de implantes, periodoncia de 1984 a 1985.<\/li>\n<li>Formaci\u00f3n continua, aproximadamente hasta 2000 horas en total lista de cursos disponible previa solicitud.<\/li>\n<\/ul>\n<h2>Juntas nacionales y estatales<\/h2>\n<ul>\n<li>Licencia de California para ejercer la odontolog\u00eda n\u00ba 21353. 1970. <\/li>\n<li>Licencia de California para sedaci\u00f3n intravenosa n\u00ba 300. 1995. <\/li>\n<li>Juntas Nacionales de Examinadores Dentales 1970.<\/li>\n<li>Examen de la Junta del Estado de California de evaluador de sedaci\u00f3n intravenosa en consultorio 1995.<\/li>\n<\/ul>\n<h2>Organizaciones Profesionales<\/h2>\n<ul>\n<li>Asociaci\u00f3n Dental Americana.<\/li>\n<li>Asociaci\u00f3n Americana de Ortodoncia.<\/li>\n<li>Academia Americana de Odontolog\u00eda de Implantes.<\/li>\n<li>Omicron Kappa Upsilon.<\/li>\n<li>Asociaci\u00f3n Dental del Condado de Ventura.<\/li>\n<li>Sociedad de Anestesistas Dentales de California<\/li>\n<\/ul>\n<h2>Honores dentales y otros<\/h2>\n<ul>\n<li>Beca Regent 1967 concedida al estudiante mejor clasificado al final del primer a\u00f1o.<\/li>\n<li>Licenciada Cum Laude 1970 UCLA.<\/li>\n<li>Ingres\u00f3 en Omicron Kappa Upsilon en 1970. Los cinco mejores estudiantes graduados. <\/li>\n<li>Premio de la Beca Mosby 1970.<\/li>\n<\/ul>\n<p>\u00bfTienes alguna pregunta para el Dr. Carson? \u00bfQuieres concertar una cita? Rellena nuestro formulario de contacto.  <\/p>\n<div class=\"frm_forms  with_frm_style frm_style_formidable-style\" id=\"frm_form_7_container\" >\n<form enctype=\"multipart\/form-data\" method=\"post\" class=\"frm-show-form  frm_pro_form \" id=\"form_dlp9ll\" >\n<div class=\"frm_form_fields \">\n<fieldset>\n\r\n<div class=\"frm_fields_container\">\n<input type=\"hidden\" name=\"frm_action\" value=\"create\" \/>\n<input type=\"hidden\" name=\"form_id\" value=\"7\" \/>\n<input type=\"hidden\" name=\"frm_hide_fields_7\" id=\"frm_hide_fields_7\" value=\"\" \/>\n<input type=\"hidden\" name=\"form_key\" value=\"dlp9ll\" \/>\n<input type=\"hidden\" name=\"item_meta[0]\" value=\"\" \/>\n<input type=\"hidden\" id=\"frm_submit_entry_7\" name=\"frm_submit_entry_7\" value=\"6bc87299d0\" \/><input type=\"hidden\" name=\"_wp_http_referer\" value=\"\/es\/wp-json\/wp\/v2\/pages\/219401\" \/><div id=\"frm_field_92_container\" class=\"frm_form_field form-field  frm_required_field frm_top_container frm_left_half\">\r\n    <label for=\"field_vodp3d\" class=\"frm_primary_label\">Name\r\n        <span class=\"frm_required\">*<\/span>\r\n    <\/label>\r\n    <input  type=\"text\" id=\"field_vodp3d\" name=\"item_meta[92]\" value=\"\"  maxlength=\"35\" data-reqmsg=\"Name cannot be blank.\" aria-required=\"true\" data-invmsg=\"Name is invalid\" aria-invalid=\"false\"   \/>\r\n    \r\n    \r\n<\/div>\n<div id=\"frm_field_94_container\" class=\"frm_form_field form-field  frm_required_field frm_top_container frm_full\">\r\n    <label for=\"field_uhhby2\" class=\"frm_primary_label\">Email\r\n        <span class=\"frm_required\">*<\/span>\r\n    <\/label>\r\n    <input type=\"email\" id=\"field_uhhby2\" name=\"item_meta[94]\" value=\"\"  style=\"width:50px\" maxlength=\"50\" data-reqmsg=\"Email cannot be blank.\" aria-required=\"true\" data-invmsg=\"Please enter a valid email address\" class=\"auto_width\" aria-invalid=\"false\"  \/>\r\n    \r\n    \r\n<\/div>\n<div id=\"frm_field_95_container\" class=\"frm_form_field form-field  frm_required_field frm_top_container\">\r\n    <label for=\"field_phonenumver\" class=\"frm_primary_label\">Phone Number\r\n        <span class=\"frm_required\">*<\/span>\r\n    <\/label>\r\n    <input type=\"tel\" id=\"field_phonenumver\" name=\"item_meta[95]\" value=\"\"  maxlength=\"25\" data-reqmsg=\"Phone Number cannot be blank.\" aria-required=\"true\" data-invmsg=\"Phone Number is invalid\" aria-invalid=\"false\" pattern=\"((\\+\\d{1,3}(-|.| )?\\(?\\d\\)?(-| |.)?\\d{1,5})|(\\(?\\d{2,6}\\)?))(-|.| )?(\\d{3,4})(-|.| )?(\\d{4})(( x| ext)\\d{1,5}){0,1}$\"  \/>\r\n    \r\n    \r\n<\/div>\n<div id=\"frm_field_96_container\" class=\"frm_form_field form-field  frm_required_field frm_top_container frm_full\">\r\n    <label for=\"field_auw265\" class=\"frm_primary_label\">Questions \/ Comments \/ Setup an Appointment\r\n        <span class=\"frm_required\">*<\/span>\r\n    <\/label>\r\n    <textarea name=\"item_meta[96]\" id=\"field_auw265\" rows=\"5\"  data-reqmsg=\"Questions \/ Comments \/ Setup an Appointment cannot be blank.\" aria-required=\"true\" data-invmsg=\"Questions \/ Comments \/ Setup an Appointment no es v\u00e1lido\" aria-invalid=\"false\"  ><\/textarea>\r\n    \r\n    \r\n<\/div>\n<div id=\"frm_field_97_container\" class=\"frm_form_field form-field  frm_none_container\">\r\n    <label for=\"g-recaptcha-response\" class=\"frm_primary_label\">Captcha\r\n        <span class=\"frm_required\"><\/span>\r\n    <\/label>\r\n    <div  id=\"field_s4ztkg\" class=\"g-recaptcha\" data-sitekey=\"6LcffD8cAAAAAHtZTSGpcFsqQkzQs7--Tcd5NCFM\" data-size=\"invisible\" data-theme=\"light\" data-callback=\"frmAfterRecaptcha\"><\/div>\r\n    \r\n    \r\n<\/div>\n\t<input type=\"hidden\" name=\"item_key\" value=\"\" \/>\n\t\t\t<div id=\"frm_field_116_container\">\n\t\t\t<label for=\"field_abb8q\" >\n\t\t\t\tSi eres humano, deja este campo en blanco.\t\t\t<\/label>\n\t\t\t<input  id=\"field_abb8q\" type=\"text\" class=\"frm_form_field form-field frm_verify\" name=\"item_meta[116]\" value=\"\"  \/>\n\t\t<\/div>\n\t\t<input name=\"frm_state\" type=\"hidden\" value=\"NSssU\/bObRB9\/ANLdk6s260qMAcBysN6peNjA+dSLSLMna3Z7wmR54NC\/3sN4Xdh\" \/><div class=\"frm_submit\">\r\n\r\n<input type=\"submit\" value=\"Submit Form\"  class=\"frm_final_submit\" formnovalidate=\"formnovalidate\" \/>\r\n<img decoding=\"async\" class=\"frm_ajax_loading\" src=\"https:\/\/www.carsondds.com\/wp-content\/plugins\/formidable\/images\/ajax_loader.gif\" alt=\"Sending\"\/>\r\n\r\n<\/div><\/div>\n<\/fieldset>\n<\/div>\n\n<\/form>\n<\/div>\n\n","protected":false},"excerpt":{"rendered":"<p>Licencias y premios Puntuaciones de los ex\u00e1menes dentales (se abre en una ventana nueva) Becario (se abre en una ventana nueva) Cum Laude (se abre en una ventana nueva) Ej\u00e9rcito del Aire (se abre en una ventana nueva) Evaluaci\u00f3n IV\/IM (se abre en una ventana nueva) Permiso IV\/IM (se abre en una ventana nueva) Licencia [&hellip;]<\/p>\n","protected":false},"author":2,"featured_media":0,"parent":219395,"menu_order":2,"comment_status":"closed","ping_status":"closed","template":"","meta":{"_et_pb_use_builder":"","_et_pb_old_content":"","_et_gb_content_width":"","footnotes":""},"class_list":["post-219401","page","type-page","status-publish","hentry"],"yoast_head":"<!-- This site is optimized with the Yoast SEO plugin v27.4 - https:\/\/yoast.com\/product\/yoast-seo-wordpress\/ -->\n<title>Historia dental del Dr. LeRoy Carson - CarsonDDS.com<\/title>\n<meta name=\"description\" content=\"El Dr. Carson es un experimentado dentista general pedi\u00e1trico y de adultos, especializado en el uso de sedaci\u00f3n IM e IV para ni\u00f1os y adultos con fobia extrema a los dientes.\" \/>\n<meta name=\"robots\" content=\"index, follow, max-snippet:-1, max-image-preview:large, max-video-preview:-1\" \/>\n<link rel=\"canonical\" href=\"https:\/\/www.carsondds.com\/es\/historia-dental-en-carsondds\/historia-dental-del-dr-leroy-carson\/\" \/>\n<meta property=\"og:locale\" content=\"es_ES\" \/>\n<meta property=\"og:type\" content=\"article\" \/>\n<meta property=\"og:title\" content=\"Historia dental del Dr. LeRoy Carson - CarsonDDS.com\" \/>\n<meta property=\"og:description\" content=\"El Dr. Carson es un experimentado dentista general pedi\u00e1trico y de adultos, especializado en el uso de sedaci\u00f3n IM e IV para ni\u00f1os y adultos con fobia extrema a los dientes.\" \/>\n<meta property=\"og:url\" content=\"https:\/\/www.carsondds.com\/es\/historia-dental-en-carsondds\/historia-dental-del-dr-leroy-carson\/\" \/>\n<meta property=\"og:site_name\" content=\"Carson &amp; Carson, DDS\" \/>\n<meta property=\"article:publisher\" content=\"https:\/\/www.facebook.com\/ddscarson\/\" \/>\n<meta property=\"og:image\" content=\"https:\/\/www.carsondds.com\/wp-content\/uploads\/Backerphoto-carson.dent-54.jpg\" \/>\n\t<meta property=\"og:image:width\" content=\"210\" \/>\n\t<meta property=\"og:image:height\" content=\"316\" \/>\n\t<meta property=\"og:image:type\" content=\"image\/jpeg\" \/>\n<meta name=\"twitter:card\" content=\"summary_large_image\" \/>\n<meta name=\"twitter:site\" content=\"@carsondds\" \/>\n<meta name=\"twitter:label1\" content=\"Tiempo de lectura\" \/>\n\t<meta name=\"twitter:data1\" content=\"3 minutos\" \/>\n<script type=\"application\/ld+json\" class=\"yoast-schema-graph\">{\"@context\":\"https:\\\/\\\/schema.org\",\"@graph\":[{\"@type\":\"WebPage\",\"@id\":\"https:\\\/\\\/www.carsondds.com\\\/es\\\/historia-dental-en-carsondds\\\/historia-dental-del-dr-leroy-carson\\\/\",\"url\":\"https:\\\/\\\/www.carsondds.com\\\/es\\\/historia-dental-en-carsondds\\\/historia-dental-del-dr-leroy-carson\\\/\",\"name\":\"Historia dental del Dr. LeRoy Carson - CarsonDDS.com\",\"isPartOf\":{\"@id\":\"https:\\\/\\\/www.carsondds.com\\\/es\\\/#website\"},\"primaryImageOfPage\":{\"@id\":\"https:\\\/\\\/www.carsondds.com\\\/es\\\/historia-dental-en-carsondds\\\/historia-dental-del-dr-leroy-carson\\\/#primaryimage\"},\"image\":{\"@id\":\"https:\\\/\\\/www.carsondds.com\\\/es\\\/historia-dental-en-carsondds\\\/historia-dental-del-dr-leroy-carson\\\/#primaryimage\"},\"thumbnailUrl\":\"https:\\\/\\\/www.carsondds.com\\\/wp-content\\\/uploads\\\/Backerphoto-carson.dent-54.jpg\",\"datePublished\":\"2016-01-16T01:29:30+00:00\",\"description\":\"El Dr. Carson es un experimentado dentista general pedi\u00e1trico y de adultos, especializado en el uso de sedaci\u00f3n IM e IV para ni\u00f1os y adultos con fobia extrema a los dientes.\",\"breadcrumb\":{\"@id\":\"https:\\\/\\\/www.carsondds.com\\\/es\\\/historia-dental-en-carsondds\\\/historia-dental-del-dr-leroy-carson\\\/#breadcrumb\"},\"inLanguage\":\"es\",\"potentialAction\":[{\"@type\":\"ReadAction\",\"target\":[\"https:\\\/\\\/www.carsondds.com\\\/es\\\/historia-dental-en-carsondds\\\/historia-dental-del-dr-leroy-carson\\\/\"]}]},{\"@type\":\"ImageObject\",\"inLanguage\":\"es\",\"@id\":\"https:\\\/\\\/www.carsondds.com\\\/es\\\/historia-dental-en-carsondds\\\/historia-dental-del-dr-leroy-carson\\\/#primaryimage\",\"url\":\"https:\\\/\\\/www.carsondds.com\\\/wp-content\\\/uploads\\\/Backerphoto-carson.dent-54.jpg\",\"contentUrl\":\"https:\\\/\\\/www.carsondds.com\\\/wp-content\\\/uploads\\\/Backerphoto-carson.dent-54.jpg\"},{\"@type\":\"BreadcrumbList\",\"@id\":\"https:\\\/\\\/www.carsondds.com\\\/es\\\/historia-dental-en-carsondds\\\/historia-dental-del-dr-leroy-carson\\\/#breadcrumb\",\"itemListElement\":[{\"@type\":\"ListItem\",\"position\":1,\"name\":\"Home\",\"item\":\"https:\\\/\\\/www.carsondds.com\\\/es\\\/carson-carson-dds\\\/\"},{\"@type\":\"ListItem\",\"position\":2,\"name\":\"Historia Dental en CarsonDDS\",\"item\":\"https:\\\/\\\/www.carsondds.com\\\/es\\\/historia-dental-en-carsondds\\\/\"},{\"@type\":\"ListItem\",\"position\":3,\"name\":\"Historia dental del Dr. LeRoy Carson\"}]},{\"@type\":\"WebSite\",\"@id\":\"https:\\\/\\\/www.carsondds.com\\\/es\\\/#website\",\"url\":\"https:\\\/\\\/www.carsondds.com\\\/es\\\/\",\"name\":\"Carson &amp; Carson, DDS\",\"description\":\"\",\"publisher\":{\"@id\":\"https:\\\/\\\/www.carsondds.com\\\/es\\\/#organization\"},\"potentialAction\":[{\"@type\":\"SearchAction\",\"target\":{\"@type\":\"EntryPoint\",\"urlTemplate\":\"https:\\\/\\\/www.carsondds.com\\\/es\\\/?s={search_term_string}\"},\"query-input\":{\"@type\":\"PropertyValueSpecification\",\"valueRequired\":true,\"valueName\":\"search_term_string\"}}],\"inLanguage\":\"es\"},{\"@type\":\"Organization\",\"@id\":\"https:\\\/\\\/www.carsondds.com\\\/es\\\/#organization\",\"name\":\"Carson & Carson DDS, Inc.\",\"url\":\"https:\\\/\\\/www.carsondds.com\\\/es\\\/\",\"logo\":{\"@type\":\"ImageObject\",\"inLanguage\":\"es\",\"@id\":\"https:\\\/\\\/www.carsondds.com\\\/es\\\/#\\\/schema\\\/logo\\\/image\\\/\",\"url\":\"https:\\\/\\\/www.carsondds.com\\\/wp-content\\\/uploads\\\/logo-icon.gif\",\"contentUrl\":\"https:\\\/\\\/www.carsondds.com\\\/wp-content\\\/uploads\\\/logo-icon.gif\",\"width\":51,\"height\":51,\"caption\":\"Carson & Carson DDS, Inc.\"},\"image\":{\"@id\":\"https:\\\/\\\/www.carsondds.com\\\/es\\\/#\\\/schema\\\/logo\\\/image\\\/\"},\"sameAs\":[\"https:\\\/\\\/www.facebook.com\\\/ddscarson\\\/\",\"https:\\\/\\\/x.com\\\/carsondds\",\"https:\\\/\\\/www.instagram.com\\\/carson_dentistry126\\\/\",\"https:\\\/\\\/www.youtube.com\\\/user\\\/DrCarson805\\\/\"]}]}<\/script>\n<!-- \/ Yoast SEO plugin. -->","yoast_head_json":{"title":"Historia dental del Dr. LeRoy Carson - CarsonDDS.com","description":"El Dr. Carson es un experimentado dentista general pedi\u00e1trico y de adultos, especializado en el uso de sedaci\u00f3n IM e IV para ni\u00f1os y adultos con fobia extrema a los dientes.","robots":{"index":"index","follow":"follow","max-snippet":"max-snippet:-1","max-image-preview":"max-image-preview:large","max-video-preview":"max-video-preview:-1"},"canonical":"https:\/\/www.carsondds.com\/es\/historia-dental-en-carsondds\/historia-dental-del-dr-leroy-carson\/","og_locale":"es_ES","og_type":"article","og_title":"Historia dental del Dr. LeRoy Carson - CarsonDDS.com","og_description":"El Dr. Carson es un experimentado dentista general pedi\u00e1trico y de adultos, especializado en el uso de sedaci\u00f3n IM e IV para ni\u00f1os y adultos con fobia extrema a los dientes.","og_url":"https:\/\/www.carsondds.com\/es\/historia-dental-en-carsondds\/historia-dental-del-dr-leroy-carson\/","og_site_name":"Carson &amp; Carson, DDS","article_publisher":"https:\/\/www.facebook.com\/ddscarson\/","og_image":[{"width":210,"height":316,"url":"https:\/\/www.carsondds.com\/wp-content\/uploads\/Backerphoto-carson.dent-54.jpg","type":"image\/jpeg"}],"twitter_card":"summary_large_image","twitter_site":"@carsondds","twitter_misc":{"Tiempo de lectura":"3 minutos"},"schema":{"@context":"https:\/\/schema.org","@graph":[{"@type":"WebPage","@id":"https:\/\/www.carsondds.com\/es\/historia-dental-en-carsondds\/historia-dental-del-dr-leroy-carson\/","url":"https:\/\/www.carsondds.com\/es\/historia-dental-en-carsondds\/historia-dental-del-dr-leroy-carson\/","name":"Historia dental del Dr. LeRoy Carson - CarsonDDS.com","isPartOf":{"@id":"https:\/\/www.carsondds.com\/es\/#website"},"primaryImageOfPage":{"@id":"https:\/\/www.carsondds.com\/es\/historia-dental-en-carsondds\/historia-dental-del-dr-leroy-carson\/#primaryimage"},"image":{"@id":"https:\/\/www.carsondds.com\/es\/historia-dental-en-carsondds\/historia-dental-del-dr-leroy-carson\/#primaryimage"},"thumbnailUrl":"https:\/\/www.carsondds.com\/wp-content\/uploads\/Backerphoto-carson.dent-54.jpg","datePublished":"2016-01-16T01:29:30+00:00","description":"El Dr. Carson es un experimentado dentista general pedi\u00e1trico y de adultos, especializado en el uso de sedaci\u00f3n IM e IV para ni\u00f1os y adultos con fobia extrema a los dientes.","breadcrumb":{"@id":"https:\/\/www.carsondds.com\/es\/historia-dental-en-carsondds\/historia-dental-del-dr-leroy-carson\/#breadcrumb"},"inLanguage":"es","potentialAction":[{"@type":"ReadAction","target":["https:\/\/www.carsondds.com\/es\/historia-dental-en-carsondds\/historia-dental-del-dr-leroy-carson\/"]}]},{"@type":"ImageObject","inLanguage":"es","@id":"https:\/\/www.carsondds.com\/es\/historia-dental-en-carsondds\/historia-dental-del-dr-leroy-carson\/#primaryimage","url":"https:\/\/www.carsondds.com\/wp-content\/uploads\/Backerphoto-carson.dent-54.jpg","contentUrl":"https:\/\/www.carsondds.com\/wp-content\/uploads\/Backerphoto-carson.dent-54.jpg"},{"@type":"BreadcrumbList","@id":"https:\/\/www.carsondds.com\/es\/historia-dental-en-carsondds\/historia-dental-del-dr-leroy-carson\/#breadcrumb","itemListElement":[{"@type":"ListItem","position":1,"name":"Home","item":"https:\/\/www.carsondds.com\/es\/carson-carson-dds\/"},{"@type":"ListItem","position":2,"name":"Historia Dental en CarsonDDS","item":"https:\/\/www.carsondds.com\/es\/historia-dental-en-carsondds\/"},{"@type":"ListItem","position":3,"name":"Historia dental del Dr. LeRoy Carson"}]},{"@type":"WebSite","@id":"https:\/\/www.carsondds.com\/es\/#website","url":"https:\/\/www.carsondds.com\/es\/","name":"Carson &amp; Carson, DDS","description":"","publisher":{"@id":"https:\/\/www.carsondds.com\/es\/#organization"},"potentialAction":[{"@type":"SearchAction","target":{"@type":"EntryPoint","urlTemplate":"https:\/\/www.carsondds.com\/es\/?s={search_term_string}"},"query-input":{"@type":"PropertyValueSpecification","valueRequired":true,"valueName":"search_term_string"}}],"inLanguage":"es"},{"@type":"Organization","@id":"https:\/\/www.carsondds.com\/es\/#organization","name":"Carson & Carson DDS, Inc.","url":"https:\/\/www.carsondds.com\/es\/","logo":{"@type":"ImageObject","inLanguage":"es","@id":"https:\/\/www.carsondds.com\/es\/#\/schema\/logo\/image\/","url":"https:\/\/www.carsondds.com\/wp-content\/uploads\/logo-icon.gif","contentUrl":"https:\/\/www.carsondds.com\/wp-content\/uploads\/logo-icon.gif","width":51,"height":51,"caption":"Carson & Carson DDS, Inc."},"image":{"@id":"https:\/\/www.carsondds.com\/es\/#\/schema\/logo\/image\/"},"sameAs":["https:\/\/www.facebook.com\/ddscarson\/","https:\/\/x.com\/carsondds","https:\/\/www.instagram.com\/carson_dentistry126\/","https:\/\/www.youtube.com\/user\/DrCarson805\/"]}]}},"_links":{"self":[{"href":"https:\/\/www.carsondds.com\/es\/wp-json\/wp\/v2\/pages\/219401","targetHints":{"allow":["GET"]}}],"collection":[{"href":"https:\/\/www.carsondds.com\/es\/wp-json\/wp\/v2\/pages"}],"about":[{"href":"https:\/\/www.carsondds.com\/es\/wp-json\/wp\/v2\/types\/page"}],"author":[{"embeddable":true,"href":"https:\/\/www.carsondds.com\/es\/wp-json\/wp\/v2\/users\/2"}],"replies":[{"embeddable":true,"href":"https:\/\/www.carsondds.com\/es\/wp-json\/wp\/v2\/comments?post=219401"}],"version-history":[{"count":0,"href":"https:\/\/www.carsondds.com\/es\/wp-json\/wp\/v2\/pages\/219401\/revisions"}],"up":[{"embeddable":true,"href":"https:\/\/www.carsondds.com\/es\/wp-json\/wp\/v2\/pages\/219395"}],"wp:attachment":[{"href":"https:\/\/www.carsondds.com\/es\/wp-json\/wp\/v2\/media?parent=219401"}],"curies":[{"name":"wp","href":"https:\/\/api.w.org\/{rel}","templated":true}]}}