{"id":219389,"date":"2016-03-09T03:46:48","date_gmt":"2016-03-09T11:46:48","guid":{"rendered":"https:\/\/www.carsondds.com\/beverly-m-carson-rda\/"},"modified":"2024-12-27T14:28:55","modified_gmt":"2024-12-27T22:28:55","slug":"beverly-m-carson-rda","status":"publish","type":"page","link":"https:\/\/www.carsondds.com\/es\/historia-dental-en-carsondds\/beverly-m-carson-rda\/","title":{"rendered":"Beverly M. Carson &#8211; (RDA)"},"content":{"rendered":"<p><img loading=\"lazy\" decoding=\"async\" class=\"native alignright\" src=\"\/wp-content\/uploads\/AnimDentisty.gif\" alt=\"Historial dental gif de Beverly Carson\" width=\"60\" height=\"84\" border=\"0\"><img decoding=\"async\" title=\"Beverly M Carson\" src=\"\/wp-content\/uploads\/beverly-web.jpg\" alt=\"Bev Carson\"><\/p>\n<p>He trabajado al lado de mi marido como Directora de Oficina durante m\u00e1s de 45 a\u00f1os, desde 1970. Juntos, hemos disfrutado ayudando a los ciudadanos del condado de Ventura a tratar sus problemas dentales de una forma cuidadosa y asequible. Hemos tratado a pacientes de todas las edades, desde <a href=\"https:\/\/www.carsondds.com\/dental-services\/pediatric\/\">beb\u00e9s<\/a> de apenas unas horas hasta <a href=\"https:\/\/www.carsondds.com\/dental-services\/adultdentistry\/\">ancianos<\/a>. Nuestro objetivo es que la visita de cada persona a nuestras consultas sea una experiencia agradable y sin dolor que haga brillar su sonrisa para toda la vida. Somos realmente una consulta familiar ahora que nuestro hijo, el Dr. Derek Carson, tambi\u00e9n trabaja con nosotros como profesional de la odontolog\u00eda. Ll\u00e1manos hoy a Carson &amp; Carson, DDS para recibir atenci\u00f3n dental asequible y de alta calidad del dentista de Oxnard con m\u00e1s de 45 a\u00f1os de experiencia <a href=\"tel:18059830717\">(805) 983-0717<\/a>.<\/p>\n<p>En Carson &amp; Carson DDS, tu seguridad y comodidad son siempre nuestra prioridad. Desde nuestra apertura en 1970, nuestro personal dental ha seguido aumentando sus conocimientos y su pasi\u00f3n por la odontolog\u00eda, lo que nos permite ofrecerte la atenci\u00f3n dental de mayor calidad que se puede encontrar en Oxnard y el condado de Ventura. Nuestros consultorios de Oxnard y Camarillo est\u00e1n preparados para atender cualquier <a href=\"https:\/\/www.carsondds.com\/dental-services\/emergency-dentist\/\">urgencia dental<\/a> y puedes ponerte en contacto con nuestro dentista de 24 horas en cualquier momento del d\u00eda llamando al <a href=\"tel:18059830717\">(805) 983-0717<\/a>. Nuestros dos dentistas, el <a href=\"https:\/\/www.carsondds.com\/history\/drleroycarson\/\">Dr. Leroy Carson<\/a> y el <a href=\"https:\/\/www.carsondds.com\/history\/drderekcarson\/\">Dr. Derek Carson<\/a>, est\u00e1n certificados en <a href=\"https:\/\/www.carsondds.com\/dental-services\/ivsedation\/\">Sedaci\u00f3n IV<\/a>, lo que te da la opci\u00f3n de dormir durante tu tratamiento dental.<\/p>\n<p>Puedes consultar nuestra <a href=\"https:\/\/www.carsondds.com\/dentist-reviews\/\">p\u00e1gina de opiniones aqu\u00ed<\/a>. Seg\u00fan nuestros antiguos pacientes, \u00a1somos uno de los mejores establecimientos dentales de todo el condado de Ventura!<\/p>\n<p>\u00bfTe gustar\u00eda concertar una cita con Beverly y los expertos dentistas de Carson &amp; Carson, DDS? Rellena nuestro formulario de contacto o ll\u00e1manos al <a href=\"tel:18059830717\">(805) 983-0717<\/a> para concertar una cita hoy mismo.<\/p>\n<div class=\"frm_forms  with_frm_style frm_style_formidable-style\" id=\"frm_form_7_container\" >\n<form enctype=\"multipart\/form-data\" method=\"post\" class=\"frm-show-form  frm_pro_form \" id=\"form_dlp9ll\" >\n<div class=\"frm_form_fields \">\n<fieldset>\n\r\n<div class=\"frm_fields_container\">\n<input type=\"hidden\" name=\"frm_action\" value=\"create\" \/>\n<input type=\"hidden\" name=\"form_id\" value=\"7\" \/>\n<input type=\"hidden\" name=\"frm_hide_fields_7\" id=\"frm_hide_fields_7\" value=\"\" \/>\n<input type=\"hidden\" name=\"form_key\" value=\"dlp9ll\" \/>\n<input type=\"hidden\" name=\"item_meta[0]\" value=\"\" \/>\n<input type=\"hidden\" id=\"frm_submit_entry_7\" name=\"frm_submit_entry_7\" value=\"89c9c22872\" \/><input type=\"hidden\" name=\"_wp_http_referer\" value=\"\/es\/wp-json\/wp\/v2\/pages\/219389\" \/><div id=\"frm_field_92_container\" class=\"frm_form_field form-field  frm_required_field frm_top_container frm_left_half\">\r\n    <label for=\"field_vodp3d\" class=\"frm_primary_label\">Name\r\n        <span class=\"frm_required\">*<\/span>\r\n    <\/label>\r\n    <input  type=\"text\" id=\"field_vodp3d\" name=\"item_meta[92]\" value=\"\"  maxlength=\"35\" data-reqmsg=\"Name cannot be blank.\" aria-required=\"true\" data-invmsg=\"Name is invalid\" aria-invalid=\"false\"   \/>\r\n    \r\n    \r\n<\/div>\n<div id=\"frm_field_94_container\" class=\"frm_form_field form-field  frm_required_field frm_top_container frm_full\">\r\n    <label for=\"field_uhhby2\" class=\"frm_primary_label\">Email\r\n        <span class=\"frm_required\">*<\/span>\r\n    <\/label>\r\n    <input type=\"email\" id=\"field_uhhby2\" name=\"item_meta[94]\" value=\"\"  style=\"width:50px\" maxlength=\"50\" data-reqmsg=\"Email cannot be blank.\" aria-required=\"true\" data-invmsg=\"Please enter a valid email address\" class=\"auto_width\" aria-invalid=\"false\"  \/>\r\n    \r\n    \r\n<\/div>\n<div id=\"frm_field_95_container\" class=\"frm_form_field form-field  frm_required_field frm_top_container\">\r\n    <label for=\"field_phonenumver\" class=\"frm_primary_label\">Phone Number\r\n        <span class=\"frm_required\">*<\/span>\r\n    <\/label>\r\n    <input type=\"tel\" id=\"field_phonenumver\" name=\"item_meta[95]\" value=\"\"  maxlength=\"25\" data-reqmsg=\"Phone Number cannot be blank.\" aria-required=\"true\" data-invmsg=\"Phone Number is invalid\" aria-invalid=\"false\" pattern=\"((\\+\\d{1,3}(-|.| )?\\(?\\d\\)?(-| |.)?\\d{1,5})|(\\(?\\d{2,6}\\)?))(-|.| )?(\\d{3,4})(-|.| )?(\\d{4})(( x| ext)\\d{1,5}){0,1}$\"  \/>\r\n    \r\n    \r\n<\/div>\n<div id=\"frm_field_96_container\" class=\"frm_form_field form-field  frm_required_field frm_top_container frm_full\">\r\n    <label for=\"field_auw265\" class=\"frm_primary_label\">Questions \/ Comments \/ Setup an Appointment\r\n        <span class=\"frm_required\">*<\/span>\r\n    <\/label>\r\n    <textarea name=\"item_meta[96]\" id=\"field_auw265\" rows=\"5\"  data-reqmsg=\"Questions \/ Comments \/ Setup an Appointment cannot be blank.\" aria-required=\"true\" data-invmsg=\"Questions \/ Comments \/ Setup an Appointment no es v\u00e1lido\" aria-invalid=\"false\"  ><\/textarea>\r\n    \r\n    \r\n<\/div>\n<div id=\"frm_field_97_container\" class=\"frm_form_field form-field  frm_none_container\">\r\n    <label for=\"g-recaptcha-response\" class=\"frm_primary_label\">Captcha\r\n        <span class=\"frm_required\"><\/span>\r\n    <\/label>\r\n    <div  id=\"field_s4ztkg\" class=\"g-recaptcha\" data-sitekey=\"6LcffD8cAAAAAHtZTSGpcFsqQkzQs7--Tcd5NCFM\" data-size=\"invisible\" data-theme=\"light\" data-callback=\"frmAfterRecaptcha\"><\/div>\r\n    \r\n    \r\n<\/div>\n\t<input type=\"hidden\" name=\"item_key\" value=\"\" \/>\n\t\t\t<div id=\"frm_field_116_container\">\n\t\t\t<label for=\"field_md53z\" >\n\t\t\t\tSi eres humano, deja este campo en blanco.\t\t\t<\/label>\n\t\t\t<input  id=\"field_md53z\" type=\"text\" class=\"frm_form_field form-field frm_verify\" name=\"item_meta[116]\" value=\"\"  \/>\n\t\t<\/div>\n\t\t<input name=\"frm_state\" type=\"hidden\" value=\"NSssU\/bObRB9\/ANLdk6s23nRvvaMIcVDQxZtk6gqDjjMna3Z7wmR54NC\/3sN4Xdh\" \/><div class=\"frm_submit\">\r\n\r\n<input type=\"submit\" value=\"Submit Form\"  class=\"frm_final_submit\" formnovalidate=\"formnovalidate\" \/>\r\n<img decoding=\"async\" class=\"frm_ajax_loading\" src=\"https:\/\/www.carsondds.com\/wp-content\/plugins\/formidable\/images\/ajax_loader.gif\" alt=\"Sending\"\/>\r\n\r\n<\/div><\/div>\n<\/fieldset>\n<\/div>\n\n<\/form>\n<\/div>\n\n","protected":false},"excerpt":{"rendered":"<p>He trabajado al lado de mi marido como Directora de Oficina durante m\u00e1s de 45 a\u00f1os, desde 1970. Juntos, hemos disfrutado ayudando a los ciudadanos del condado de Ventura a tratar sus problemas dentales de una forma cuidadosa y asequible. Hemos tratado a pacientes de todas las edades, desde beb\u00e9s de apenas unas horas hasta [&hellip;]<\/p>\n","protected":false},"author":2,"featured_media":0,"parent":219395,"menu_order":3,"comment_status":"closed","ping_status":"closed","template":"","meta":{"_et_pb_use_builder":"","_et_pb_old_content":"","_et_gb_content_width":"","footnotes":""},"class_list":["post-219389","page","type-page","status-publish","hentry"],"yoast_head":"<!-- This site is optimized with the Yoast SEO plugin v27.4 - https:\/\/yoast.com\/product\/yoast-seo-wordpress\/ -->\n<title>Beverly M. Carson - RDA - Oxnard, CA - CarsonDDS.com<\/title>\n<meta name=\"description\" content=\"Informaci\u00f3n sobre Beverly M Carson, RDA y directora de oficina en Carson &amp; Carson, DDS Inc. en Oxnard, California. Beverly M Carson ha sido la asistente dental del dentista de Oxnard, el Dr. Leroy Carson, durante m\u00e1s de 45 a\u00f1os.\" \/>\n<meta name=\"robots\" content=\"index, follow, max-snippet:-1, max-image-preview:large, max-video-preview:-1\" \/>\n<link rel=\"canonical\" href=\"https:\/\/www.carsondds.com\/es\/historia-dental-en-carsondds\/beverly-m-carson-rda\/\" \/>\n<meta property=\"og:locale\" content=\"es_ES\" \/>\n<meta property=\"og:type\" content=\"article\" \/>\n<meta property=\"og:title\" content=\"Beverly M. Carson - RDA - Oxnard, CA - CarsonDDS.com\" \/>\n<meta property=\"og:description\" content=\"Informaci\u00f3n sobre Beverly M Carson, RDA y directora de oficina en Carson &amp; Carson, DDS Inc. en Oxnard, California. Beverly M Carson ha sido la asistente dental del dentista de Oxnard, el Dr. Leroy Carson, durante m\u00e1s de 45 a\u00f1os.\" \/>\n<meta property=\"og:url\" content=\"https:\/\/www.carsondds.com\/es\/historia-dental-en-carsondds\/beverly-m-carson-rda\/\" \/>\n<meta property=\"og:site_name\" content=\"Carson &amp; Carson, DDS\" \/>\n<meta property=\"article:publisher\" content=\"https:\/\/www.facebook.com\/ddscarson\/\" \/>\n<meta property=\"article:modified_time\" content=\"2024-12-27T22:28:55+00:00\" \/>\n<meta property=\"og:image\" content=\"https:\/\/www.carsondds.com\/wp-content\/uploads\/2.png\" \/>\n\t<meta property=\"og:image:width\" content=\"1700\" \/>\n\t<meta property=\"og:image:height\" content=\"785\" \/>\n\t<meta property=\"og:image:type\" content=\"image\/png\" \/>\n<meta name=\"twitter:card\" content=\"summary_large_image\" \/>\n<meta name=\"twitter:site\" content=\"@carsondds\" \/>\n<meta name=\"twitter:label1\" content=\"Tiempo de lectura\" \/>\n\t<meta name=\"twitter:data1\" content=\"2 minutos\" \/>\n<script type=\"application\/ld+json\" class=\"yoast-schema-graph\">{\"@context\":\"https:\\\/\\\/schema.org\",\"@graph\":[{\"@type\":\"WebPage\",\"@id\":\"https:\\\/\\\/www.carsondds.com\\\/es\\\/historia-dental-en-carsondds\\\/beverly-m-carson-rda\\\/\",\"url\":\"https:\\\/\\\/www.carsondds.com\\\/es\\\/historia-dental-en-carsondds\\\/beverly-m-carson-rda\\\/\",\"name\":\"Beverly M. Carson - RDA - Oxnard, CA - CarsonDDS.com\",\"isPartOf\":{\"@id\":\"https:\\\/\\\/www.carsondds.com\\\/es\\\/#website\"},\"datePublished\":\"2016-03-09T11:46:48+00:00\",\"dateModified\":\"2024-12-27T22:28:55+00:00\",\"description\":\"Informaci\u00f3n sobre Beverly M Carson, RDA y directora de oficina en Carson & Carson, DDS Inc. en Oxnard, California. Beverly M Carson ha sido la asistente dental del dentista de Oxnard, el Dr. Leroy Carson, durante m\u00e1s de 45 a\u00f1os.\",\"breadcrumb\":{\"@id\":\"https:\\\/\\\/www.carsondds.com\\\/es\\\/historia-dental-en-carsondds\\\/beverly-m-carson-rda\\\/#breadcrumb\"},\"inLanguage\":\"es\",\"potentialAction\":[{\"@type\":\"ReadAction\",\"target\":[\"https:\\\/\\\/www.carsondds.com\\\/es\\\/historia-dental-en-carsondds\\\/beverly-m-carson-rda\\\/\"]}]},{\"@type\":\"BreadcrumbList\",\"@id\":\"https:\\\/\\\/www.carsondds.com\\\/es\\\/historia-dental-en-carsondds\\\/beverly-m-carson-rda\\\/#breadcrumb\",\"itemListElement\":[{\"@type\":\"ListItem\",\"position\":1,\"name\":\"Home\",\"item\":\"https:\\\/\\\/www.carsondds.com\\\/es\\\/carson-carson-dds\\\/\"},{\"@type\":\"ListItem\",\"position\":2,\"name\":\"Historia Dental en CarsonDDS\",\"item\":\"https:\\\/\\\/www.carsondds.com\\\/es\\\/historia-dental-en-carsondds\\\/\"},{\"@type\":\"ListItem\",\"position\":3,\"name\":\"Beverly M. Carson &#8211; (RDA)\"}]},{\"@type\":\"WebSite\",\"@id\":\"https:\\\/\\\/www.carsondds.com\\\/es\\\/#website\",\"url\":\"https:\\\/\\\/www.carsondds.com\\\/es\\\/\",\"name\":\"Carson &amp; Carson, DDS\",\"description\":\"\",\"publisher\":{\"@id\":\"https:\\\/\\\/www.carsondds.com\\\/es\\\/#organization\"},\"potentialAction\":[{\"@type\":\"SearchAction\",\"target\":{\"@type\":\"EntryPoint\",\"urlTemplate\":\"https:\\\/\\\/www.carsondds.com\\\/es\\\/?s={search_term_string}\"},\"query-input\":{\"@type\":\"PropertyValueSpecification\",\"valueRequired\":true,\"valueName\":\"search_term_string\"}}],\"inLanguage\":\"es\"},{\"@type\":\"Organization\",\"@id\":\"https:\\\/\\\/www.carsondds.com\\\/es\\\/#organization\",\"name\":\"Carson & Carson DDS, Inc.\",\"url\":\"https:\\\/\\\/www.carsondds.com\\\/es\\\/\",\"logo\":{\"@type\":\"ImageObject\",\"inLanguage\":\"es\",\"@id\":\"https:\\\/\\\/www.carsondds.com\\\/es\\\/#\\\/schema\\\/logo\\\/image\\\/\",\"url\":\"https:\\\/\\\/www.carsondds.com\\\/wp-content\\\/uploads\\\/logo-icon.gif\",\"contentUrl\":\"https:\\\/\\\/www.carsondds.com\\\/wp-content\\\/uploads\\\/logo-icon.gif\",\"width\":51,\"height\":51,\"caption\":\"Carson & Carson DDS, Inc.\"},\"image\":{\"@id\":\"https:\\\/\\\/www.carsondds.com\\\/es\\\/#\\\/schema\\\/logo\\\/image\\\/\"},\"sameAs\":[\"https:\\\/\\\/www.facebook.com\\\/ddscarson\\\/\",\"https:\\\/\\\/x.com\\\/carsondds\",\"https:\\\/\\\/www.instagram.com\\\/carson_dentistry126\\\/\",\"https:\\\/\\\/www.youtube.com\\\/user\\\/DrCarson805\\\/\"]}]}<\/script>\n<!-- \/ Yoast SEO plugin. -->","yoast_head_json":{"title":"Beverly M. Carson - RDA - Oxnard, CA - CarsonDDS.com","description":"Informaci\u00f3n sobre Beverly M Carson, RDA y directora de oficina en Carson & Carson, DDS Inc. en Oxnard, California. Beverly M Carson ha sido la asistente dental del dentista de Oxnard, el Dr. Leroy Carson, durante m\u00e1s de 45 a\u00f1os.","robots":{"index":"index","follow":"follow","max-snippet":"max-snippet:-1","max-image-preview":"max-image-preview:large","max-video-preview":"max-video-preview:-1"},"canonical":"https:\/\/www.carsondds.com\/es\/historia-dental-en-carsondds\/beverly-m-carson-rda\/","og_locale":"es_ES","og_type":"article","og_title":"Beverly M. Carson - RDA - Oxnard, CA - CarsonDDS.com","og_description":"Informaci\u00f3n sobre Beverly M Carson, RDA y directora de oficina en Carson & Carson, DDS Inc. en Oxnard, California. Beverly M Carson ha sido la asistente dental del dentista de Oxnard, el Dr. Leroy Carson, durante m\u00e1s de 45 a\u00f1os.","og_url":"https:\/\/www.carsondds.com\/es\/historia-dental-en-carsondds\/beverly-m-carson-rda\/","og_site_name":"Carson &amp; Carson, DDS","article_publisher":"https:\/\/www.facebook.com\/ddscarson\/","article_modified_time":"2024-12-27T22:28:55+00:00","og_image":[{"width":1700,"height":785,"url":"https:\/\/www.carsondds.com\/wp-content\/uploads\/2.png","type":"image\/png"}],"twitter_card":"summary_large_image","twitter_site":"@carsondds","twitter_misc":{"Tiempo de lectura":"2 minutos"},"schema":{"@context":"https:\/\/schema.org","@graph":[{"@type":"WebPage","@id":"https:\/\/www.carsondds.com\/es\/historia-dental-en-carsondds\/beverly-m-carson-rda\/","url":"https:\/\/www.carsondds.com\/es\/historia-dental-en-carsondds\/beverly-m-carson-rda\/","name":"Beverly M. Carson - RDA - Oxnard, CA - CarsonDDS.com","isPartOf":{"@id":"https:\/\/www.carsondds.com\/es\/#website"},"datePublished":"2016-03-09T11:46:48+00:00","dateModified":"2024-12-27T22:28:55+00:00","description":"Informaci\u00f3n sobre Beverly M Carson, RDA y directora de oficina en Carson & Carson, DDS Inc. en Oxnard, California. Beverly M Carson ha sido la asistente dental del dentista de Oxnard, el Dr. Leroy Carson, durante m\u00e1s de 45 a\u00f1os.","breadcrumb":{"@id":"https:\/\/www.carsondds.com\/es\/historia-dental-en-carsondds\/beverly-m-carson-rda\/#breadcrumb"},"inLanguage":"es","potentialAction":[{"@type":"ReadAction","target":["https:\/\/www.carsondds.com\/es\/historia-dental-en-carsondds\/beverly-m-carson-rda\/"]}]},{"@type":"BreadcrumbList","@id":"https:\/\/www.carsondds.com\/es\/historia-dental-en-carsondds\/beverly-m-carson-rda\/#breadcrumb","itemListElement":[{"@type":"ListItem","position":1,"name":"Home","item":"https:\/\/www.carsondds.com\/es\/carson-carson-dds\/"},{"@type":"ListItem","position":2,"name":"Historia Dental en CarsonDDS","item":"https:\/\/www.carsondds.com\/es\/historia-dental-en-carsondds\/"},{"@type":"ListItem","position":3,"name":"Beverly M. Carson &#8211; (RDA)"}]},{"@type":"WebSite","@id":"https:\/\/www.carsondds.com\/es\/#website","url":"https:\/\/www.carsondds.com\/es\/","name":"Carson &amp; Carson, DDS","description":"","publisher":{"@id":"https:\/\/www.carsondds.com\/es\/#organization"},"potentialAction":[{"@type":"SearchAction","target":{"@type":"EntryPoint","urlTemplate":"https:\/\/www.carsondds.com\/es\/?s={search_term_string}"},"query-input":{"@type":"PropertyValueSpecification","valueRequired":true,"valueName":"search_term_string"}}],"inLanguage":"es"},{"@type":"Organization","@id":"https:\/\/www.carsondds.com\/es\/#organization","name":"Carson & Carson DDS, Inc.","url":"https:\/\/www.carsondds.com\/es\/","logo":{"@type":"ImageObject","inLanguage":"es","@id":"https:\/\/www.carsondds.com\/es\/#\/schema\/logo\/image\/","url":"https:\/\/www.carsondds.com\/wp-content\/uploads\/logo-icon.gif","contentUrl":"https:\/\/www.carsondds.com\/wp-content\/uploads\/logo-icon.gif","width":51,"height":51,"caption":"Carson & Carson DDS, Inc."},"image":{"@id":"https:\/\/www.carsondds.com\/es\/#\/schema\/logo\/image\/"},"sameAs":["https:\/\/www.facebook.com\/ddscarson\/","https:\/\/x.com\/carsondds","https:\/\/www.instagram.com\/carson_dentistry126\/","https:\/\/www.youtube.com\/user\/DrCarson805\/"]}]}},"_links":{"self":[{"href":"https:\/\/www.carsondds.com\/es\/wp-json\/wp\/v2\/pages\/219389","targetHints":{"allow":["GET"]}}],"collection":[{"href":"https:\/\/www.carsondds.com\/es\/wp-json\/wp\/v2\/pages"}],"about":[{"href":"https:\/\/www.carsondds.com\/es\/wp-json\/wp\/v2\/types\/page"}],"author":[{"embeddable":true,"href":"https:\/\/www.carsondds.com\/es\/wp-json\/wp\/v2\/users\/2"}],"replies":[{"embeddable":true,"href":"https:\/\/www.carsondds.com\/es\/wp-json\/wp\/v2\/comments?post=219389"}],"version-history":[{"count":1,"href":"https:\/\/www.carsondds.com\/es\/wp-json\/wp\/v2\/pages\/219389\/revisions"}],"predecessor-version":[{"id":219396,"href":"https:\/\/www.carsondds.com\/es\/wp-json\/wp\/v2\/pages\/219389\/revisions\/219396"}],"up":[{"embeddable":true,"href":"https:\/\/www.carsondds.com\/es\/wp-json\/wp\/v2\/pages\/219395"}],"wp:attachment":[{"href":"https:\/\/www.carsondds.com\/es\/wp-json\/wp\/v2\/media?parent=219389"}],"curies":[{"name":"wp","href":"https:\/\/api.w.org\/{rel}","templated":true}]}}